{"id":196,"date":"2017-10-26T23:39:42","date_gmt":"2017-10-26T23:39:42","guid":{"rendered":"http:\/\/www2.unifap.br\/pedagogia-santana\/?page_id=196"},"modified":"2023-09-18T18:07:40","modified_gmt":"2023-09-18T18:07:40","slug":"coo","status":"publish","type":"page","link":"https:\/\/www2.unifap.br\/pedagogia-santana\/coo\/","title":{"rendered":"COORDENA\u00c7\u00c3O"},"content":{"rendered":"<p style=\"text-align: center\">A coordena\u00e7\u00e3o do curso de Licenciatura em Pedagogia funciona na&nbsp;sala 02&nbsp;do bloco A &#8211; Campus Santana.<\/p>\n<p style=\"text-align: center\">O atendimento ao p\u00fablico acontece nos per\u00edodos vespertino e noturno, de segunda \u00e0 sexta-feira.<\/p>\n<p>&nbsp;<\/p>\n<p><strong>Coordenador: <\/strong>Prof. Ms. K\u00e1ssio Leal Vilhena &#8211; Portaria n. 0321\/2022<\/p>\n<p><strong>Vice-Coordenadora:<\/strong> Profa. Cl\u00edcia Coelho -Portaria n. 1866\/2021 &#8211; UNIFAP<\/p>\n<p><strong>E-mail:<\/strong> pedagogia.santana@unifap.br<\/p>\n<p><strong>Endere\u00e7o:<\/strong>&nbsp;Universidade Federal do Amap\u00e1 \u2013 UNIFAP (CCLP\/CSTN), Campus Santana, situado na Rodovia Duca Serra, 1233 &#8211; Bairro Fonte Nova, Santana\/AP CEP 68.925-000.<\/p>\n<p><strong>Fone:<\/strong> (96) 4009-5150<\/p>\n<p>&nbsp;<\/p>\n<p><a href=\"http:\/\/www2.unifap.br\/pedagogia-santana\/files\/2017\/10\/LOGO-PEDAGOGIA-e1475502812699.png\"><img fetchpriority=\"high\" decoding=\"async\" class=\"alignnone size-medium wp-image-307 aligncenter\" src=\"http:\/\/www2.unifap.br\/pedagogia-santana\/files\/2017\/10\/LOGO-PEDAGOGIA-e1475502812699-300x264.png\" alt=\"LOGO-PEDAGOGIA-e1475502812699\" width=\"300\" height=\"264\" srcset=\"https:\/\/www2.unifap.br\/pedagogia-santana\/files\/2017\/10\/LOGO-PEDAGOGIA-e1475502812699-300x264.png 300w, https:\/\/www2.unifap.br\/pedagogia-santana\/files\/2017\/10\/LOGO-PEDAGOGIA-e1475502812699-1024x903.png 1024w, https:\/\/www2.unifap.br\/pedagogia-santana\/files\/2017\/10\/LOGO-PEDAGOGIA-e1475502812699.png 1300w\" sizes=\"(max-width: 300px) 100vw, 300px\" \/><\/a><\/p>\n","protected":false},"excerpt":{"rendered":"<p>A coordena\u00e7\u00e3o do curso de Licenciatura em Pedagogia funciona na&nbsp;sala 02&nbsp;do bloco A &#8211; Campus Santana. O atendimento ao p\u00fablico acontece nos per\u00edodos vespertino e noturno, de segunda \u00e0 sexta-feira. &nbsp; Coordenador: Prof. Ms. K\u00e1ssio Leal Vilhena &#8211; Portaria n.&hellip; <\/p>\n<p><a href=\"https:\/\/www2.unifap.br\/pedagogia-santana\/coo\/\" class=\"readmore-button\">Continue Reading<\/a><\/p>\n","protected":false},"author":923,"featured_media":0,"parent":0,"menu_order":2,"comment_status":"open","ping_status":"open","template":"","meta":{"inline_featured_image":false,"ngg_post_thumbnail":0,"footnotes":""},"class_list":["post-196","page","type-page","status-publish","hentry"],"_links":{"self":[{"href":"https:\/\/www2.unifap.br\/pedagogia-santana\/wp-json\/wp\/v2\/pages\/196","targetHints":{"allow":["GET"]}}],"collection":[{"href":"https:\/\/www2.unifap.br\/pedagogia-santana\/wp-json\/wp\/v2\/pages"}],"about":[{"href":"https:\/\/www2.unifap.br\/pedagogia-santana\/wp-json\/wp\/v2\/types\/page"}],"author":[{"embeddable":true,"href":"https:\/\/www2.unifap.br\/pedagogia-santana\/wp-json\/wp\/v2\/users\/923"}],"replies":[{"embeddable":true,"href":"https:\/\/www2.unifap.br\/pedagogia-santana\/wp-json\/wp\/v2\/comments?post=196"}],"version-history":[{"count":18,"href":"https:\/\/www2.unifap.br\/pedagogia-santana\/wp-json\/wp\/v2\/pages\/196\/revisions"}],"predecessor-version":[{"id":1144,"href":"https:\/\/www2.unifap.br\/pedagogia-santana\/wp-json\/wp\/v2\/pages\/196\/revisions\/1144"}],"wp:attachment":[{"href":"https:\/\/www2.unifap.br\/pedagogia-santana\/wp-json\/wp\/v2\/media?parent=196"}],"curies":[{"name":"wp","href":"https:\/\/api.w.org\/{rel}","templated":true}]}}