{"id":21,"date":"2016-10-03T16:32:45","date_gmt":"2016-10-03T16:32:45","guid":{"rendered":"http:\/\/www2.unifap.br\/pedagogia-santana\/?page_id=21"},"modified":"2021-04-18T20:43:14","modified_gmt":"2021-04-18T20:43:14","slug":"regulamento-do-curso","status":"publish","type":"page","link":"https:\/\/www2.unifap.br\/pedagogia-santana\/regulamento-do-curso\/","title":{"rendered":"REGULAMENTOS DO CURSO"},"content":{"rendered":"<p><strong>Resolu\u00e7\u00e3o Cria\u00e7\u00e3o Curso:<\/strong>&nbsp;<a href=\"http:\/\/www2.unifap.br\/pedagogia-santana\/files\/2019\/12\/Resolu\u00e7\u00e3o-n\u00ba-046-2013-Normatiza\u00e7\u00e3o-dos-Campi-Santana-e-Mazag\u00e3o.pdf\">Resolu\u00e7\u00e3o-n\u00ba-046-2013-Normatiza\u00e7\u00e3o-dos-Campi-Santana-e-Mazag\u00e3o<\/a><\/p>\n<p><strong>Resolu\u00e7\u00e3o 2015:<\/strong>&nbsp;<a href=\"http:\/\/www2.unifap.br\/pedagogia-santana\/files\/2019\/12\/Resolucao-n-21-2019-Aprova-o-PPC-de-Pedagogia-Campus-Santana.pdf\">Resolucao-n-21-2019-Aprova-o-PPC-de-Pedagogia-Campus-Santana<\/a><\/p>\n<p><strong>PPC 2015 em PDF:<\/strong>&nbsp;<a href=\"http:\/\/www2.unifap.br\/pedagogia-santana\/files\/2016\/10\/PPC-PED-Santana-com-ement\u00e1rio.pdf\">PPC PED Santana com ement\u00e1rio<\/a><\/p>\n<p><strong>Resolu\u00e7\u00e3o 2019:<\/strong>&nbsp;<a href=\"http:\/\/www2.unifap.br\/pedagogia-santana\/files\/2019\/12\/Resolu\u00e7\u00e3o-n\u00ba-31-2019-PPC_Pedagogia-Santana_Reformulado.pdf\">Resolu\u00e7\u00e3o n\u00ba 31-2019 PPC_Pedagogia-Santana_Reformulado<\/a><\/p>\n<p><strong>PPC 2019 em PDF:<\/strong>&nbsp;<a href=\"http:\/\/www2.unifap.br\/pedagogia-santana\/files\/2019\/12\/PPC_DE_PEDAGOGIA_STN__FINAL.pdf\">PPC_DE_PEDAGOGIA_STN__FINAL<\/a><\/p>\n<p><strong>REGIMENTO GERAL DA UNIFAP: <a href=\"http:\/\/www2.unifap.br\/pedagogia-santana\/files\/2021\/04\/Regimento-Geral-Unifap.pdf\">Regimento Geral Unifap<\/a><\/strong><\/p>\n<p>&nbsp;<\/p>\n","protected":false},"excerpt":{"rendered":"<p>Resolu\u00e7\u00e3o Cria\u00e7\u00e3o Curso:&nbsp;Resolu\u00e7\u00e3o-n\u00ba-046-2013-Normatiza\u00e7\u00e3o-dos-Campi-Santana-e-Mazag\u00e3o Resolu\u00e7\u00e3o 2015:&nbsp;Resolucao-n-21-2019-Aprova-o-PPC-de-Pedagogia-Campus-Santana PPC 2015 em PDF:&nbsp;PPC PED Santana com ement\u00e1rio Resolu\u00e7\u00e3o 2019:&nbsp;Resolu\u00e7\u00e3o n\u00ba 31-2019 PPC_Pedagogia-Santana_Reformulado PPC 2019 em PDF:&nbsp;PPC_DE_PEDAGOGIA_STN__FINAL REGIMENTO GERAL DA UNIFAP: Regimento Geral Unifap &nbsp;<\/p>\n","protected":false},"author":923,"featured_media":0,"parent":0,"menu_order":5,"comment_status":"open","ping_status":"closed","template":"","meta":{"inline_featured_image":false,"ngg_post_thumbnail":0,"footnotes":""},"class_list":["post-21","page","type-page","status-publish","hentry"],"_links":{"self":[{"href":"https:\/\/www2.unifap.br\/pedagogia-santana\/wp-json\/wp\/v2\/pages\/21","targetHints":{"allow":["GET"]}}],"collection":[{"href":"https:\/\/www2.unifap.br\/pedagogia-santana\/wp-json\/wp\/v2\/pages"}],"about":[{"href":"https:\/\/www2.unifap.br\/pedagogia-santana\/wp-json\/wp\/v2\/types\/page"}],"author":[{"embeddable":true,"href":"https:\/\/www2.unifap.br\/pedagogia-santana\/wp-json\/wp\/v2\/users\/923"}],"replies":[{"embeddable":true,"href":"https:\/\/www2.unifap.br\/pedagogia-santana\/wp-json\/wp\/v2\/comments?post=21"}],"version-history":[{"count":19,"href":"https:\/\/www2.unifap.br\/pedagogia-santana\/wp-json\/wp\/v2\/pages\/21\/revisions"}],"predecessor-version":[{"id":607,"href":"https:\/\/www2.unifap.br\/pedagogia-santana\/wp-json\/wp\/v2\/pages\/21\/revisions\/607"}],"wp:attachment":[{"href":"https:\/\/www2.unifap.br\/pedagogia-santana\/wp-json\/wp\/v2\/media?parent=21"}],"curies":[{"name":"wp","href":"https:\/\/api.w.org\/{rel}","templated":true}]}}