{"id":228,"date":"2017-11-09T21:43:50","date_gmt":"2017-11-09T21:43:50","guid":{"rendered":"http:\/\/www2.unifap.br\/pedagogia-santana\/?page_id=228"},"modified":"2023-03-16T13:17:47","modified_gmt":"2023-03-16T13:17:47","slug":"cafe-pedagogico-perspectiva-empreendedora","status":"publish","type":"page","link":"https:\/\/www2.unifap.br\/pedagogia-santana\/projetos-de-extensao\/cafe-pedagogico-perspectiva-empreendedora\/","title":{"rendered":"CAF\u00c9 PEDAG\u00d3GICO"},"content":{"rendered":"<p style=\"text-align: center\"><a href=\"http:\/\/www2.unifap.br\/pedagogia-santana\/files\/2018\/12\/Caf\u00e9-Victor.jpg\"><img fetchpriority=\"high\" decoding=\"async\" class=\"alignnone size-medium wp-image-355\" src=\"http:\/\/www2.unifap.br\/pedagogia-santana\/files\/2018\/12\/Caf\u00e9-Victor-300x171.jpg\" alt=\"Caf\u00e9 Victor\" width=\"300\" height=\"171\" srcset=\"https:\/\/www2.unifap.br\/pedagogia-santana\/files\/2018\/12\/Caf\u00e9-Victor-300x171.jpg 300w, https:\/\/www2.unifap.br\/pedagogia-santana\/files\/2018\/12\/Caf\u00e9-Victor.jpg 960w\" sizes=\"(max-width: 300px) 100vw, 300px\" \/><\/a><\/p>\n<p style=\"text-align: center\">_______________________________________________<\/p>\n<p style=\"text-align: center\"><a href=\"http:\/\/www2.unifap.br\/pedagogia-santana\/files\/2017\/11\/IMG-20171109-WA0001.jpg\"><img decoding=\"async\" class=\"alignnone size-medium wp-image-226\" src=\"http:\/\/www2.unifap.br\/pedagogia-santana\/files\/2017\/11\/IMG-20171109-WA0001-300x165.jpg\" alt=\"IMG-20171109-WA0001\" width=\"300\" height=\"165\" srcset=\"https:\/\/www2.unifap.br\/pedagogia-santana\/files\/2017\/11\/IMG-20171109-WA0001-300x165.jpg 300w, https:\/\/www2.unifap.br\/pedagogia-santana\/files\/2017\/11\/IMG-20171109-WA0001.jpg 750w\" sizes=\"(max-width: 300px) 100vw, 300px\" \/><\/a><\/p>\n<p style=\"text-align: center\">_______________________________________________<\/p>\n<p style=\"text-align: center\"><a href=\"http:\/\/www2.unifap.br\/pedagogia-santana\/files\/2017\/11\/Desmistificando-TCC.jpg\"><img decoding=\"async\" class=\"alignnone size-full wp-image-316\" src=\"http:\/\/www2.unifap.br\/pedagogia-santana\/files\/2017\/11\/Desmistificando-TCC.jpg\" alt=\"Desmistificando TCC\" width=\"300\" height=\"225\"><\/a><\/p>\n<p style=\"text-align: center\">_______________________________________________<\/p>\n<p style=\"text-align: center\"><a href=\"http:\/\/www2.unifap.br\/pedagogia-santana\/files\/2017\/11\/Roda-de-conversa.jpg\"><img loading=\"lazy\" decoding=\"async\" class=\"alignnone size-medium wp-image-318\" src=\"http:\/\/www2.unifap.br\/pedagogia-santana\/files\/2017\/11\/Roda-de-conversa-211x300.jpg\" alt=\"Roda de conversa\" width=\"211\" height=\"300\" srcset=\"https:\/\/www2.unifap.br\/pedagogia-santana\/files\/2017\/11\/Roda-de-conversa-211x300.jpg 211w, https:\/\/www2.unifap.br\/pedagogia-santana\/files\/2017\/11\/Roda-de-conversa.jpg 678w\" sizes=\"(max-width: 211px) 100vw, 211px\" \/><\/a><\/p>\n<p style=\"text-align: center\">&nbsp;_______________________________________________<\/p>\n<p style=\"text-align: center\"><a href=\"http:\/\/www2.unifap.br\/pedagogia-santana\/files\/2017\/11\/Orienta\u00e7\u00e3o-para-trabalho-acad\u00eamico.jpg\"><img loading=\"lazy\" decoding=\"async\" class=\"alignnone size-medium wp-image-319\" src=\"http:\/\/www2.unifap.br\/pedagogia-santana\/files\/2017\/11\/Orienta\u00e7\u00e3o-para-trabalho-acad\u00eamico-300x225.jpg\" alt=\"Orienta\u00e7\u00e3o para trabalho acad\u00eamico\" width=\"300\" height=\"225\" srcset=\"https:\/\/www2.unifap.br\/pedagogia-santana\/files\/2017\/11\/Orienta\u00e7\u00e3o-para-trabalho-acad\u00eamico-300x225.jpg 300w, https:\/\/www2.unifap.br\/pedagogia-santana\/files\/2017\/11\/Orienta\u00e7\u00e3o-para-trabalho-acad\u00eamico.jpg 960w\" sizes=\"(max-width: 300px) 100vw, 300px\" \/><\/a><\/p>\n<p style=\"text-align: center\">&nbsp;_______________________________________________<\/p>\n<p style=\"text-align: left\"><a href=\"http:\/\/www2.unifap.br\/pedagogia-santana\/files\/2017\/11\/caf\u00e9-paulo-freire.jpg\"><img loading=\"lazy\" decoding=\"async\" class=\"alignnone size-medium wp-image-321 aligncenter\" src=\"http:\/\/www2.unifap.br\/pedagogia-santana\/files\/2017\/11\/caf\u00e9-paulo-freire-300x207.jpg\" alt=\"caf\u00e9 paulo freire\" width=\"300\" height=\"207\" srcset=\"https:\/\/www2.unifap.br\/pedagogia-santana\/files\/2017\/11\/caf\u00e9-paulo-freire-300x207.jpg 300w, https:\/\/www2.unifap.br\/pedagogia-santana\/files\/2017\/11\/caf\u00e9-paulo-freire.jpg 720w\" sizes=\"(max-width: 300px) 100vw, 300px\" \/><\/a><\/p>\n<p style=\"text-align: center\">&nbsp;_______________________________________________<\/p>\n<p style=\"text-align: left\"><a href=\"http:\/\/www2.unifap.br\/pedagogia-santana\/files\/2017\/11\/2\u00ba-Caf\u00e9-pedag\u00f3gico-300x211.jpg\"><img loading=\"lazy\" decoding=\"async\" class=\"alignnone size-full wp-image-330 aligncenter\" src=\"http:\/\/www2.unifap.br\/pedagogia-santana\/files\/2017\/11\/2\u00ba-Caf\u00e9-pedag\u00f3gico-300x211.jpg\" alt=\"2\u00ba-Caf\u00e9-pedag\u00f3gico--300x211\" width=\"300\" height=\"211\" srcset=\"https:\/\/www2.unifap.br\/pedagogia-santana\/files\/2017\/11\/2\u00ba-Caf\u00e9-pedag\u00f3gico-300x211.jpg 300w, https:\/\/www2.unifap.br\/pedagogia-santana\/files\/2017\/11\/2\u00ba-Caf\u00e9-pedag\u00f3gico-300x211-250x175.jpg 250w\" sizes=\"(max-width: 300px) 100vw, 300px\" \/><\/a><\/p>\n","protected":false},"excerpt":{"rendered":"<p>_______________________________________________ _______________________________________________ _______________________________________________ &nbsp;_______________________________________________ &nbsp;_______________________________________________ &nbsp;_______________________________________________<\/p>\n","protected":false},"author":923,"featured_media":0,"parent":93,"menu_order":0,"comment_status":"open","ping_status":"open","template":"","meta":{"inline_featured_image":false,"ngg_post_thumbnail":0,"footnotes":""},"class_list":["post-228","page","type-page","status-publish","hentry"],"_links":{"self":[{"href":"https:\/\/www2.unifap.br\/pedagogia-santana\/wp-json\/wp\/v2\/pages\/228","targetHints":{"allow":["GET"]}}],"collection":[{"href":"https:\/\/www2.unifap.br\/pedagogia-santana\/wp-json\/wp\/v2\/pages"}],"about":[{"href":"https:\/\/www2.unifap.br\/pedagogia-santana\/wp-json\/wp\/v2\/types\/page"}],"author":[{"embeddable":true,"href":"https:\/\/www2.unifap.br\/pedagogia-santana\/wp-json\/wp\/v2\/users\/923"}],"replies":[{"embeddable":true,"href":"https:\/\/www2.unifap.br\/pedagogia-santana\/wp-json\/wp\/v2\/comments?post=228"}],"version-history":[{"count":8,"href":"https:\/\/www2.unifap.br\/pedagogia-santana\/wp-json\/wp\/v2\/pages\/228\/revisions"}],"predecessor-version":[{"id":1006,"href":"https:\/\/www2.unifap.br\/pedagogia-santana\/wp-json\/wp\/v2\/pages\/228\/revisions\/1006"}],"up":[{"embeddable":true,"href":"https:\/\/www2.unifap.br\/pedagogia-santana\/wp-json\/wp\/v2\/pages\/93"}],"wp:attachment":[{"href":"https:\/\/www2.unifap.br\/pedagogia-santana\/wp-json\/wp\/v2\/media?parent=228"}],"curies":[{"name":"wp","href":"https:\/\/api.w.org\/{rel}","templated":true}]}}