{"id":314,"date":"2018-12-06T18:36:46","date_gmt":"2018-12-06T18:36:46","guid":{"rendered":"http:\/\/www2.unifap.br\/pedagogia-santana\/?page_id=314"},"modified":"2023-09-17T23:38:14","modified_gmt":"2023-09-17T23:38:14","slug":"calendario-academico","status":"publish","type":"page","link":"https:\/\/www2.unifap.br\/pedagogia-santana\/discente\/calendario-academico\/","title":{"rendered":"CALEND\u00c1RIO ACAD\u00caMICO"},"content":{"rendered":"<p><a href=\"http:\/\/www2.unifap.br\/pedagogia-santana\/files\/2021\/04\/Calend\u00e1rio-Acad\u00eamico-2020.pdf\">Calend\u00e1rio Acad\u00eamico 2020<\/a><\/p>\n<p><a href=\"http:\/\/www2.unifap.br\/pedagogia-santana\/files\/2018\/12\/Calend\u00e1rio-Acad\u00eamico-2019.pdf\">Calend\u00e1rio Acad\u00eamico 2019<\/a><\/p>\n<p><a href=\"http:\/\/www2.unifap.br\/pedagogia-santana\/files\/2018\/12\/Calend\u00e1rio-Acad\u00eamico-2018.pdf\">Calend\u00e1rio Acad\u00eamico 2018<\/a><\/p>\n","protected":false},"excerpt":{"rendered":"<p>Calend\u00e1rio Acad\u00eamico 2020 Calend\u00e1rio Acad\u00eamico 2019 Calend\u00e1rio Acad\u00eamico 2018<\/p>\n","protected":false},"author":3725,"featured_media":0,"parent":275,"menu_order":0,"comment_status":"open","ping_status":"open","template":"","meta":{"inline_featured_image":false,"ngg_post_thumbnail":0,"footnotes":""},"class_list":["post-314","page","type-page","status-publish","hentry"],"_links":{"self":[{"href":"https:\/\/www2.unifap.br\/pedagogia-santana\/wp-json\/wp\/v2\/pages\/314","targetHints":{"allow":["GET"]}}],"collection":[{"href":"https:\/\/www2.unifap.br\/pedagogia-santana\/wp-json\/wp\/v2\/pages"}],"about":[{"href":"https:\/\/www2.unifap.br\/pedagogia-santana\/wp-json\/wp\/v2\/types\/page"}],"author":[{"embeddable":true,"href":"https:\/\/www2.unifap.br\/pedagogia-santana\/wp-json\/wp\/v2\/users\/3725"}],"replies":[{"embeddable":true,"href":"https:\/\/www2.unifap.br\/pedagogia-santana\/wp-json\/wp\/v2\/comments?post=314"}],"version-history":[{"count":5,"href":"https:\/\/www2.unifap.br\/pedagogia-santana\/wp-json\/wp\/v2\/pages\/314\/revisions"}],"predecessor-version":[{"id":1137,"href":"https:\/\/www2.unifap.br\/pedagogia-santana\/wp-json\/wp\/v2\/pages\/314\/revisions\/1137"}],"up":[{"embeddable":true,"href":"https:\/\/www2.unifap.br\/pedagogia-santana\/wp-json\/wp\/v2\/pages\/275"}],"wp:attachment":[{"href":"https:\/\/www2.unifap.br\/pedagogia-santana\/wp-json\/wp\/v2\/media?parent=314"}],"curies":[{"name":"wp","href":"https:\/\/api.w.org\/{rel}","templated":true}]}}