{"id":332,"date":"2018-12-06T19:02:51","date_gmt":"2018-12-06T19:02:51","guid":{"rendered":"http:\/\/www2.unifap.br\/pedagogia-santana\/?page_id=332"},"modified":"2021-04-18T20:35:31","modified_gmt":"2021-04-18T20:35:31","slug":"trabalho-de-conclusao-de-curso-tcc","status":"publish","type":"page","link":"https:\/\/www2.unifap.br\/pedagogia-santana\/trabalho-de-conclusao-de-curso-tcc\/","title":{"rendered":"TRABALHO DE CONCLUS\u00c3O DE CURSO &#8211; TCC"},"content":{"rendered":"<p>O TCC \u00e9 resultado do processo de investiga\u00e7\u00e3o cient\u00edfica desenvolvido pelos acad\u00eamicos, dentro das linhas de pesquisa definidas pelo Colegiado de Pedagogia, tendo em vista o aprofundamento de determinada tem\u00e1tica voltada \u00e0 \u00e1rea de atua\u00e7\u00e3o do Curso.<\/p>\n<p>A Comiss\u00e3o de Trabalho de Conclus\u00e3o de Curso &#8211; TCC, do Curso de Pedagogia do Campus Santana, autorizado pela&nbsp;PORTARIA N\u00ba 1975\/2017<\/p>\n<p>Link: <a href=\"http:\/\/www2.unifap.br\/pedagogia-santana\/files\/2019\/12\/Portaria-TCC.pdf\">Portaria TCC<\/a><\/p>\n<p>Link: <a href=\"http:\/\/www2.unifap.br\/pedagogia-santana\/files\/2021\/04\/Portaria-TCC-2021.pdf\">Portaria TCC 2021<\/a><\/p>\n<p>&nbsp;<\/p>\n<p>Regulamento:&nbsp;<a href=\"http:\/\/www2.unifap.br\/pedagogia-santana\/files\/2019\/12\/MANUAL-DE-TCC-PEDAGOGIA.pdf\">MANUAL DE TCC &#8211; PEDAGOGIA<\/a><\/p>\n<p>Ficha Acompanhamento:&nbsp;<a href=\"http:\/\/www2.unifap.br\/pedagogia-santana\/files\/2019\/12\/FICHA-DE-ACOMPANHAMENTO-DE-ORIENTA\u00c7\u00c3O-DE-TCC.pdf\">FICHA DE ACOMPANHAMENTO DE ORIENTA\u00c7\u00c3O DE TCC<\/a><\/p>\n<p>&nbsp;<\/p>\n<table border=\"1\" cellspacing=\"0\" cellpadding=\"0\" align=\"left\">\n<tbody>\n<tr>\n<td valign=\"top\" width=\"321\">Nome<\/td>\n<td valign=\"top\" width=\"151\">Titulo<\/td>\n<\/tr>\n<tr>\n<td valign=\"top\" width=\"321\">CHRISTIANO RICARDO DOS SANTOS<\/td>\n<td valign=\"top\" width=\"151\">Presidente<\/td>\n<\/tr>\n<tr>\n<td valign=\"top\" width=\"321\">MARIA DO CARMO LOBATO DA SILVA<\/td>\n<td valign=\"top\" width=\"151\">Integrante<\/td>\n<\/tr>\n<tr>\n<td valign=\"top\" width=\"321\">ALBERT ALAN DE SOUSA CORDEIRO<\/td>\n<td valign=\"top\" width=\"151\">Integrante<\/td>\n<\/tr>\n<tr>\n<td valign=\"top\" width=\"321\">&nbsp;<\/td>\n<td valign=\"top\" width=\"151\">&nbsp;<\/td>\n<\/tr>\n<\/tbody>\n<\/table>\n<p>&nbsp;<\/p>\n","protected":false},"excerpt":{"rendered":"<p>O TCC \u00e9 resultado do processo de investiga\u00e7\u00e3o cient\u00edfica desenvolvido pelos acad\u00eamicos, dentro das linhas de pesquisa definidas pelo Colegiado de Pedagogia, tendo em vista o aprofundamento de determinada tem\u00e1tica voltada \u00e0 \u00e1rea de atua\u00e7\u00e3o do Curso. A Comiss\u00e3o de&hellip; <\/p>\n<p><a href=\"https:\/\/www2.unifap.br\/pedagogia-santana\/trabalho-de-conclusao-de-curso-tcc\/\" class=\"readmore-button\">Continue Reading<\/a><\/p>\n","protected":false},"author":3725,"featured_media":0,"parent":0,"menu_order":7,"comment_status":"open","ping_status":"open","template":"","meta":{"inline_featured_image":false,"ngg_post_thumbnail":0,"footnotes":""},"class_list":["post-332","page","type-page","status-publish","hentry"],"_links":{"self":[{"href":"https:\/\/www2.unifap.br\/pedagogia-santana\/wp-json\/wp\/v2\/pages\/332","targetHints":{"allow":["GET"]}}],"collection":[{"href":"https:\/\/www2.unifap.br\/pedagogia-santana\/wp-json\/wp\/v2\/pages"}],"about":[{"href":"https:\/\/www2.unifap.br\/pedagogia-santana\/wp-json\/wp\/v2\/types\/page"}],"author":[{"embeddable":true,"href":"https:\/\/www2.unifap.br\/pedagogia-santana\/wp-json\/wp\/v2\/users\/3725"}],"replies":[{"embeddable":true,"href":"https:\/\/www2.unifap.br\/pedagogia-santana\/wp-json\/wp\/v2\/comments?post=332"}],"version-history":[{"count":12,"href":"https:\/\/www2.unifap.br\/pedagogia-santana\/wp-json\/wp\/v2\/pages\/332\/revisions"}],"predecessor-version":[{"id":604,"href":"https:\/\/www2.unifap.br\/pedagogia-santana\/wp-json\/wp\/v2\/pages\/332\/revisions\/604"}],"wp:attachment":[{"href":"https:\/\/www2.unifap.br\/pedagogia-santana\/wp-json\/wp\/v2\/media?parent=332"}],"curies":[{"name":"wp","href":"https:\/\/api.w.org\/{rel}","templated":true}]}}