{"id":348,"date":"2018-12-06T19:19:39","date_gmt":"2018-12-06T19:19:39","guid":{"rendered":"http:\/\/www2.unifap.br\/pedagogia-santana\/?page_id=348"},"modified":"2019-12-13T21:09:31","modified_gmt":"2019-12-13T21:09:31","slug":"estagio-supervisionado","status":"publish","type":"page","link":"https:\/\/www2.unifap.br\/pedagogia-santana\/estagio-supervisionado\/","title":{"rendered":"EST\u00c1GIO SUPERVISIONADO"},"content":{"rendered":"<p>O Est\u00e1gio Curricular Supervisionado constitui-se em disciplina obrigat\u00f3ria, cujo objetivo \u00e9 o de proporcionar \u2015uma rela\u00e7\u00e3o pedag\u00f3gica entre algu\u00e9m que j\u00e1 \u00e9 um profissional reconhecido em um ambiente institucional de trabalho e um aluno estagi\u00e1rio.<\/p>\n<p>O Est\u00e1gio \u00e9 concebido como um dos eixos articuladores da dimens\u00e3o te\u00f3rico-pr\u00e1tica do processo formativo do pedagogo e vem estruturado em <strong>Est\u00e1gio Curricular Supervisionado I com 135 horas<\/strong> para doc\u00eancia em educa\u00e7\u00e3o infantil, <strong>Est\u00e1gio Curricular Supervisionado II com 135 horas<\/strong> para doc\u00eancia nos anos iniciais do ensino fundamental I e <strong>Est\u00e1gio Curricular Supervisionado III com 135 horas<\/strong> para atua\u00e7\u00e3o em Coordena\u00e7\u00e3o e Gest\u00e3o, totalizando <strong>405<\/strong> horas sempre com base nas especificidades do itiner\u00e1rio previsto para o Curso de Pedagogia.<\/p>\n<p>A Comiss\u00e3o de Est\u00e1gios Supervisionados, do curso de Pedagogia, Campus Santana, conforme a&nbsp;PORTARIA N\u00ba 1974\/2017<\/p>\n<p>Acesse Regulamento:&nbsp;<a href=\"http:\/\/www2.unifap.br\/pedagogia-santana\/files\/2019\/12\/REGULAMENTO-DO-EST\u00c1GIO-SUPERVISIONADO-DO-CURSO-DE-PEDAGOGIA.pdf\">REGULAMENTO DO EST\u00c1GIO SUPERVISIONADO DO CURSO DE PEDAGOGIA<\/a><\/p>\n<p>&nbsp;<\/p>\n<table border=\"1\" cellspacing=\"0\" cellpadding=\"0\" align=\"left\">\n<tbody>\n<tr>\n<td valign=\"top\" width=\"321\">Nome<\/td>\n<td valign=\"top\" width=\"151\">Titulo<\/td>\n<\/tr>\n<tr>\n<td valign=\"top\" width=\"321\">CARLOS ADRIANO DIAS DA COSTA<\/td>\n<td valign=\"top\" width=\"151\">Presidente<\/td>\n<\/tr>\n<tr>\n<td valign=\"top\" width=\"321\">CHRISTIANO RICARDO DOS SANTOS<\/td>\n<td valign=\"top\" width=\"151\">Integrante<\/td>\n<\/tr>\n<tr>\n<td valign=\"top\" width=\"321\">RAIMUNDO ERUNDINO SANTOS DINIZ<\/td>\n<td valign=\"top\" width=\"151\">Integrante<\/td>\n<\/tr>\n<tr>\n<td valign=\"top\" width=\"321\">&nbsp;<\/td>\n<td valign=\"top\" width=\"151\">&nbsp;<\/td>\n<\/tr>\n<\/tbody>\n<\/table>\n<p>&nbsp;<\/p>\n","protected":false},"excerpt":{"rendered":"<p>O Est\u00e1gio Curricular Supervisionado constitui-se em disciplina obrigat\u00f3ria, cujo objetivo \u00e9 o de proporcionar \u2015uma rela\u00e7\u00e3o pedag\u00f3gica entre algu\u00e9m que j\u00e1 \u00e9 um profissional reconhecido em um ambiente institucional de trabalho e um aluno estagi\u00e1rio. O Est\u00e1gio \u00e9 concebido como&hellip; <\/p>\n<p><a href=\"https:\/\/www2.unifap.br\/pedagogia-santana\/estagio-supervisionado\/\" class=\"readmore-button\">Continue Reading<\/a><\/p>\n","protected":false},"author":3725,"featured_media":0,"parent":0,"menu_order":8,"comment_status":"open","ping_status":"open","template":"","meta":{"inline_featured_image":false,"ngg_post_thumbnail":0,"footnotes":""},"class_list":["post-348","page","type-page","status-publish","hentry"],"_links":{"self":[{"href":"https:\/\/www2.unifap.br\/pedagogia-santana\/wp-json\/wp\/v2\/pages\/348","targetHints":{"allow":["GET"]}}],"collection":[{"href":"https:\/\/www2.unifap.br\/pedagogia-santana\/wp-json\/wp\/v2\/pages"}],"about":[{"href":"https:\/\/www2.unifap.br\/pedagogia-santana\/wp-json\/wp\/v2\/types\/page"}],"author":[{"embeddable":true,"href":"https:\/\/www2.unifap.br\/pedagogia-santana\/wp-json\/wp\/v2\/users\/3725"}],"replies":[{"embeddable":true,"href":"https:\/\/www2.unifap.br\/pedagogia-santana\/wp-json\/wp\/v2\/comments?post=348"}],"version-history":[{"count":7,"href":"https:\/\/www2.unifap.br\/pedagogia-santana\/wp-json\/wp\/v2\/pages\/348\/revisions"}],"predecessor-version":[{"id":584,"href":"https:\/\/www2.unifap.br\/pedagogia-santana\/wp-json\/wp\/v2\/pages\/348\/revisions\/584"}],"wp:attachment":[{"href":"https:\/\/www2.unifap.br\/pedagogia-santana\/wp-json\/wp\/v2\/media?parent=348"}],"curies":[{"name":"wp","href":"https:\/\/api.w.org\/{rel}","templated":true}]}}