{"id":41,"date":"2026-02-18T21:19:51","date_gmt":"2026-02-18T21:19:51","guid":{"rendered":"http:\/\/www2.unifap.br\/pedagogia-santana\/?page_id=41"},"modified":"2026-02-20T16:33:06","modified_gmt":"2026-02-20T16:33:06","slug":"docentes","status":"publish","type":"page","link":"https:\/\/www2.unifap.br\/pedagogia-santana\/docentes\/","title":{"rendered":"DOCENTES"},"content":{"rendered":"<p><strong>Albert Alan de Sousa Cordeiro<\/strong><\/p>\n<table>\n<tbody>\n<tr>\n<td><strong>Informa\u00e7\u00e3o<\/strong><\/td>\n<td width=\"589\"><strong>Dados<\/strong><\/td>\n<\/tr>\n<tr>\n<td><strong>Titula\u00e7\u00e3o<\/strong><\/td>\n<td width=\"589\">Doutor<\/td>\n<\/tr>\n<tr>\n<td><strong>\u00c1rea de atua\u00e7\u00e3o<\/strong><\/td>\n<td width=\"589\">Did\u00e1tica; decolonialidade e educa\u00e7\u00e3o; processos educativos n\u00e3o escolares; pedagogias culturais; pedagogias decoloniais; educa\u00e7\u00e3o intercultural; culturas populares na escola e temas correlatos.<\/td>\n<\/tr>\n<tr>\n<td><strong>Curr\u00edculo Lattes<\/strong><\/td>\n<td width=\"589\"><a href=\"http:\/\/lattes.cnpq.br\/2998938777880689\">http:\/\/lattes.cnpq.br\/2998938777880689<\/a><\/td>\n<\/tr>\n<\/tbody>\n<\/table>\n<p>&nbsp;<\/p>\n<p><strong>Alcil\u00e9a Maria Ferreira Rocha<\/strong><\/p>\n<table>\n<tbody>\n<tr>\n<td><strong>Informa\u00e7\u00e3o<\/strong><\/td>\n<td width=\"589\"><strong>Dados<\/strong><\/td>\n<\/tr>\n<tr>\n<td><strong>Titula\u00e7\u00e3o<\/strong><\/td>\n<td width=\"589\">Mestra<\/td>\n<\/tr>\n<tr>\n<td><strong>\u00c1rea de atua\u00e7\u00e3o<\/strong><\/td>\n<td width=\"589\">Antropologia; Metodologia de Ensino; Educa\u00e7\u00e3o do Campo; Movimentos Populares.<\/td>\n<\/tr>\n<tr>\n<td><strong>Curr\u00edculo Lattes<\/strong><\/td>\n<td width=\"589\"><a href=\"http:\/\/lattes.cnpq.br\/3037546333213687\">http:\/\/lattes.cnpq.br\/3037546333213687<\/a><\/td>\n<\/tr>\n<\/tbody>\n<\/table>\n<p>&nbsp;<\/p>\n<p><strong>Carlos Adriano Dias da Costa<\/strong><\/p>\n<table>\n<tbody>\n<tr>\n<td><strong>Informa\u00e7\u00e3o<\/strong><\/td>\n<td width=\"589\"><strong>Dados<\/strong><\/td>\n<\/tr>\n<tr>\n<td><strong>Titula\u00e7\u00e3o<\/strong><\/td>\n<td width=\"589\">Mestre<\/td>\n<\/tr>\n<tr>\n<td><strong>\u00c1rea de atua\u00e7\u00e3o<\/strong><\/td>\n<td width=\"589\">Pol\u00edtica P\u00fablicas Educacionais (POLEB); Gest\u00e3o Educacional; Educa\u00e7\u00e3o Infantil; Educa\u00e7\u00e3o, Culturas e Diversidades.<\/td>\n<\/tr>\n<tr>\n<td><strong>Curr\u00edculo Lattes<\/strong><\/td>\n<td width=\"589\"><a href=\"http:\/\/lattes.cnpq.br\/5041176332918558\">http:\/\/lattes.cnpq.br\/5041176332918558<\/a><\/td>\n<\/tr>\n<\/tbody>\n<\/table>\n<p>&nbsp;<\/p>\n<p><strong>Carlos Jos\u00e9 Trindade da Rocha<\/strong><\/p>\n<table>\n<tbody>\n<tr>\n<td><strong>Informa\u00e7\u00e3o<\/strong><\/td>\n<td width=\"589\"><strong>Dados<\/strong><\/td>\n<\/tr>\n<tr>\n<td><strong>Titula\u00e7\u00e3o<\/strong><\/td>\n<td width=\"589\">Doutor<\/td>\n<\/tr>\n<tr>\n<td><strong>\u00c1rea de atua\u00e7\u00e3o<\/strong><\/td>\n<td width=\"589\">Educa\u00e7\u00e3o, Ensino e Pedagogia, forma\u00e7\u00e3o inicial e desenvolvimento profissional docente, ensino por investiga\u00e7\u00e3o, temas interdisciplinares; etno-saberes e tecnologias sociais.<\/td>\n<\/tr>\n<tr>\n<td><strong>Curr\u00edculo Lattes<\/strong><\/td>\n<td width=\"589\"><a href=\"http:\/\/lattes.cnpq.br\/7815926450187234\">http:\/\/lattes.cnpq.br\/7815926450187234<\/a><\/td>\n<\/tr>\n<\/tbody>\n<\/table>\n<p>&nbsp;<\/p>\n<p><strong>Cl\u00edcia Tatiana Alberto Coelho<\/strong><\/p>\n<table>\n<tbody>\n<tr>\n<td><strong>Informa\u00e7\u00e3o<\/strong><\/td>\n<td width=\"589\"><strong>Dados<\/strong><\/td>\n<\/tr>\n<tr>\n<td><strong>Titula\u00e7\u00e3o<\/strong><\/td>\n<td width=\"589\">Doutora<\/td>\n<\/tr>\n<tr>\n<td><strong>\u00c1rea de atua\u00e7\u00e3o<\/strong><\/td>\n<td width=\"589\">Arte Educa\u00e7\u00e3o; Ensino de Artes; Arte e Cultura Visual na Amaz\u00f4nia amapaense; Educa\u00e7\u00e3o para Rela\u00e7\u00f5es \u00c9tnico-raciais; Educa\u00e7\u00e3o Intercultural na Amaz\u00f4nia amapaense.<\/td>\n<\/tr>\n<tr>\n<td><strong>Curr\u00edculo Lattes<\/strong><\/td>\n<td width=\"589\"><a href=\"http:\/\/lattes.cnpq.br\/3496785836621417\">http:\/\/lattes.cnpq.br\/3496785836621417<\/a><\/td>\n<\/tr>\n<\/tbody>\n<\/table>\n<p>&nbsp;<\/p>\n<p><strong>Eliane Leal Vasquez<\/strong><\/p>\n<table>\n<tbody>\n<tr>\n<td><strong>Informa\u00e7\u00e3o<\/strong><\/td>\n<td width=\"589\"><strong>Dados<\/strong><\/td>\n<\/tr>\n<tr>\n<td><strong>Titula\u00e7\u00e3o<\/strong><\/td>\n<td width=\"589\">Doutora<\/td>\n<\/tr>\n<tr>\n<td><strong>\u00c1rea de atua\u00e7\u00e3o<\/strong><\/td>\n<td width=\"589\">Hist\u00f3ria da ci\u00eancia no Brasil, com foco em ci\u00eancia penitenci\u00e1ria e educa\u00e7\u00e3o penitenci\u00e1ria; Educa\u00e7\u00e3o Matem\u00e1tica; e Ensino de Hist\u00f3ria. Expertise em pesquisa: Hist\u00f3ria da Ci\u00eancia Penitenci\u00e1ria no Brasil Imp\u00e9rio (1854-1889); Hist\u00f3ria da ci\u00eancia e educa\u00e7\u00e3o penitenci\u00e1ria; Hist\u00f3ria da Educa\u00e7\u00e3o Penitenci\u00e1ria e Pr\u00e1tica de Leitura; Pol\u00edtica educacional e educa\u00e7\u00e3o penitenci\u00e1ria amapaense; Ensino de Matem\u00e1tica; e Ensino de Hist\u00f3ria.<\/td>\n<\/tr>\n<tr>\n<td><strong>Curr\u00edculo Lattes<\/strong><\/td>\n<td width=\"589\"><a href=\"http:\/\/lattes.cnpq.br\/2391390992585658\">http:\/\/lattes.cnpq.br\/2391390992585658<\/a><\/td>\n<\/tr>\n<\/tbody>\n<\/table>\n<p>&nbsp;<\/p>\n<p><strong>Francisco Orinaldo Pinto Santiago<\/strong><\/p>\n<table>\n<tbody>\n<tr>\n<td><strong>Informa\u00e7\u00e3o<\/strong><\/td>\n<td width=\"589\"><strong>Dados<\/strong><\/td>\n<\/tr>\n<tr>\n<td><strong>Titula\u00e7\u00e3o<\/strong><\/td>\n<td width=\"589\">Doutor<\/td>\n<\/tr>\n<tr>\n<td><strong>\u00c1rea de atua\u00e7\u00e3o<\/strong><\/td>\n<td width=\"589\">Curr\u00edculo; Avalia\u00e7\u00e3o; Planejamento Educacional.<\/td>\n<\/tr>\n<tr>\n<td><strong>Curr\u00edculo Lattes<\/strong><\/td>\n<td width=\"589\"><a href=\"http:\/\/lattes.cnpq.br\/7766144208336337\">http:\/\/lattes.cnpq.br\/7766144208336337<\/a><\/td>\n<\/tr>\n<\/tbody>\n<\/table>\n<p>&nbsp;<\/p>\n<p><strong>Hanna Tamires Gomes Corr\u00eaa Le\u00e3o Teixeira<\/strong><\/p>\n<table>\n<tbody>\n<tr>\n<td><strong>Informa\u00e7\u00e3o<\/strong><\/td>\n<td width=\"589\"><strong>Dados<\/strong><\/td>\n<\/tr>\n<tr>\n<td><strong>Titula\u00e7\u00e3o<\/strong><\/td>\n<td width=\"589\">Doutora<\/td>\n<\/tr>\n<tr>\n<td><strong>\u00c1rea de atua\u00e7\u00e3o<\/strong><\/td>\n<td width=\"589\">Pensamento educacional de Paulo Freire; forma\u00e7\u00e3o de professores; educa\u00e7\u00e3o popular; sexualidade; preven\u00e7\u00e3o \u00e0 viol\u00eancia contra crian\u00e7as e Filosofia com Crian\u00e7as.<\/td>\n<\/tr>\n<tr>\n<td><strong>Curr\u00edculo Lattes<\/strong><\/td>\n<td width=\"589\"><a href=\"http:\/\/lattes.cnpq.br\/5449622712911087\">http:\/\/lattes.cnpq.br\/5449622712911087<\/a><\/td>\n<\/tr>\n<\/tbody>\n<\/table>\n<p>&nbsp;<\/p>\n<p><strong>Judenilson Teixeira Amador<\/strong><\/p>\n<table>\n<tbody>\n<tr>\n<td><strong>Informa\u00e7\u00e3o<\/strong><\/td>\n<td width=\"589\"><strong>Dados<\/strong><\/td>\n<\/tr>\n<tr>\n<td><strong>Titula\u00e7\u00e3o<\/strong><\/td>\n<td width=\"589\">Doutor<\/td>\n<\/tr>\n<tr>\n<td><strong>\u00c1rea de atua\u00e7\u00e3o<\/strong><\/td>\n<td width=\"589\">Educa\u00e7\u00e3o, com \u00eanfase em Pol\u00edtica e Legisla\u00e7\u00e3o Educacional; Forma\u00e7\u00e3o Continuada de Professores; Planejamento, Curr\u00edculo, Avalia\u00e7\u00e3o e Gest\u00e3o Escolar.<\/td>\n<\/tr>\n<tr>\n<td><strong>Curr\u00edculo Lattes<\/strong><\/td>\n<td width=\"589\"><a href=\"http:\/\/lattes.cnpq.br\/8127517745000469\">http:\/\/lattes.cnpq.br\/8127517745000469<\/a><\/td>\n<\/tr>\n<\/tbody>\n<\/table>\n<p>&nbsp;<\/p>\n<p><strong>K\u00e1ssio Leal Vilhena<\/strong><\/p>\n<table>\n<tbody>\n<tr>\n<td><strong>Informa\u00e7\u00e3o<\/strong><\/td>\n<td width=\"589\"><strong>Dados<\/strong><\/td>\n<\/tr>\n<tr>\n<td><strong>Titula\u00e7\u00e3o<\/strong><\/td>\n<td width=\"589\">Mestre (doutorado em andamento)<\/td>\n<\/tr>\n<tr>\n<td><strong>\u00c1rea de atua\u00e7\u00e3o<\/strong><\/td>\n<td width=\"589\">Sociologia da Educa\u00e7\u00e3o e Hist\u00f3ria, com foco na Amaz\u00f4nia, atuando principalmente nos seguintes temas: Educa\u00e7\u00e3o, Religi\u00e3o, Pol\u00edtica, Trabalho, Movimentos Sociais e Catolicismo.<\/td>\n<\/tr>\n<tr>\n<td><strong>Curr\u00edculo Lattes<\/strong><\/td>\n<td width=\"589\"><a href=\"http:\/\/lattes.cnpq.br\/3902486576221702\">http:\/\/lattes.cnpq.br\/3902486576221702<\/a><\/td>\n<\/tr>\n<\/tbody>\n<\/table>\n<p>&nbsp;<\/p>\n<p><strong>Maria do Carmo Lobato da Silva<\/strong><\/p>\n<table>\n<tbody>\n<tr>\n<td><strong>Informa\u00e7\u00e3o<\/strong><\/td>\n<td width=\"589\"><strong>Dados<\/strong><\/td>\n<\/tr>\n<tr>\n<td><strong>Titula\u00e7\u00e3o<\/strong><\/td>\n<td width=\"589\">Doutora<\/td>\n<\/tr>\n<tr>\n<td><strong>\u00c1rea de atua\u00e7\u00e3o<\/strong><\/td>\n<td width=\"589\">Educa\u00e7\u00e3o com \u00eanfase na Educa\u00e7\u00e3o Especial e Inclusiva. Realiza pesquisa nas linhas que discutem 1) Forma\u00e7\u00e3o de Recursos Humanos em Educa\u00e7\u00e3o Especial, 2) aprendizagem e desenvolvimento de estudantes com defici\u00eancia nas Escolas da Amaz\u00f4nia Amapaense; 3) Pol\u00edticas de Educa\u00e7\u00e3o Especial e inclusiva.<\/td>\n<\/tr>\n<tr>\n<td><strong>Curr\u00edculo Lattes<\/strong><\/td>\n<td width=\"589\"><a href=\"http:\/\/lattes.cnpq.br\/3475922880632267\">http:\/\/lattes.cnpq.br\/3475922880632267<\/a><\/td>\n<\/tr>\n<\/tbody>\n<\/table>\n<p>&nbsp;<\/p>\n<p><strong>Miquelly Pastana Tito Sanches<\/strong><\/p>\n<table>\n<tbody>\n<tr>\n<td><strong>Informa\u00e7\u00e3o<\/strong><\/td>\n<td width=\"589\"><strong>Dados<\/strong><\/td>\n<\/tr>\n<tr>\n<td><strong>Titula\u00e7\u00e3o<\/strong><\/td>\n<td width=\"589\">Mestra<\/td>\n<\/tr>\n<tr>\n<td><strong>\u00c1rea de atua\u00e7\u00e3o<\/strong><\/td>\n<td width=\"589\">Rela\u00e7\u00f5es de g\u00eanero, maternidade, crian\u00e7as em situa\u00e7\u00e3o de orfandade, literatura Infantil, oralidade, leitura e escrita, com foco na Educa\u00e7\u00e3o B\u00e1sica (Educa\u00e7\u00e3o Infantil e Anos Iniciais do Ensino Fundamental) e no Ensino Superior, no contexto da Amaz\u00f4nia amapaense.<\/td>\n<\/tr>\n<tr>\n<td><strong>Curr\u00edculo Lattes<\/strong><\/td>\n<td width=\"589\"><a href=\"http:\/\/lattes.cnpq.br\/1578118284847723\">http:\/\/lattes.cnpq.br\/1578118284847723<\/a><\/td>\n<\/tr>\n<\/tbody>\n<\/table>\n<p>&nbsp;<\/p>\n<p><strong>Myriam Regina Zapaterra Mendes<\/strong><\/p>\n<table>\n<tbody>\n<tr>\n<td><strong>Informa\u00e7\u00e3o<\/strong><\/td>\n<td width=\"585\"><strong>Dados<\/strong><\/td>\n<\/tr>\n<tr>\n<td><strong>Titula\u00e7\u00e3o<\/strong><\/td>\n<td width=\"585\">Doutora<\/td>\n<\/tr>\n<tr>\n<td><strong>\u00c1rea de atua\u00e7\u00e3o<\/strong><\/td>\n<td width=\"585\">Educa\u00e7\u00e3o Superior; Forma\u00e7\u00e3o Inicial de Professores Ind\u00edgenas no Estado do Amap\u00e1; Ensino Intercultural e Tem\u00e1tica Sa\u00fade; Forma\u00e7\u00e3o Inicial de Pedagogos no Brasil e Tem\u00e1tica Ind\u00edgena.<\/td>\n<\/tr>\n<tr>\n<td><strong>Curr\u00edculo Lattes<\/strong><\/td>\n<td width=\"585\"><a href=\"http:\/\/lattes.cnpq.br\/5633013437811955\">http:\/\/lattes.cnpq.br\/5633013437811955<\/a><\/td>\n<\/tr>\n<\/tbody>\n<\/table>\n<p>&nbsp;<\/p>\n<p><strong>Sandra de Sousa Duarte<\/strong><\/p>\n<table>\n<tbody>\n<tr>\n<td><strong>Informa\u00e7\u00e3o<\/strong><\/td>\n<td width=\"589\"><strong>Dados<\/strong><\/td>\n<\/tr>\n<tr>\n<td><strong>Titula\u00e7\u00e3o<\/strong><\/td>\n<td width=\"589\">Mestra<\/td>\n<\/tr>\n<tr>\n<td><strong>\u00c1rea de atua\u00e7\u00e3o<\/strong><\/td>\n<td width=\"589\">Ci\u00eancias da Educa\u00e7\u00e3o.<\/td>\n<\/tr>\n<tr>\n<td><strong>Curr\u00edculo Lattes<\/strong><\/td>\n<td width=\"589\"><a href=\"http:\/\/lattes.cnpq.br\/8043830275187912\">http:\/\/lattes.cnpq.br\/8043830275187912<\/a><\/td>\n<\/tr>\n<\/tbody>\n<\/table>\n<p>&nbsp;<\/p>\n<p><strong>Wollacy Esquerdo Lima<\/strong><\/p>\n<table>\n<tbody>\n<tr>\n<td><strong>Informa\u00e7\u00e3o<\/strong><\/td>\n<td width=\"589\"><strong>Dados<\/strong><\/td>\n<\/tr>\n<tr>\n<td><strong>Titula\u00e7\u00e3o<\/strong><\/td>\n<td width=\"589\">Mestre (doutorado em andamento)<\/td>\n<\/tr>\n<tr>\n<td><strong>\u00c1rea de atua\u00e7\u00e3o<\/strong><\/td>\n<td width=\"589\">Enfrentamento a LGBTQIA+fobia na escola, Viol\u00eancia e seus efeitos psicol\u00f3gicos. Foi coordenador de cursos superiores e avaliador Ad Hoc do Sistema de Avalia\u00e7\u00e3o da Educa\u00e7\u00e3o Superior. Neuropsicopedagogo, graduado em Pedagogia e Matem\u00e1tica.<\/td>\n<\/tr>\n<tr>\n<td><strong>Curr\u00edculo Lattes<\/strong><\/td>\n<td width=\"589\"><a href=\"http:\/\/lattes.cnpq.br\/0884617480368281\">http:\/\/lattes.cnpq.br\/0884617480368281<\/a><\/td>\n<\/tr>\n<\/tbody>\n<\/table>\n<p>&nbsp;<\/p>\n","protected":false},"excerpt":{"rendered":"<p>Albert Alan de Sousa Cordeiro Informa\u00e7\u00e3o Dados Titula\u00e7\u00e3o Doutor \u00c1rea de atua\u00e7\u00e3o Did\u00e1tica; decolonialidade e educa\u00e7\u00e3o; processos educativos n\u00e3o escolares; pedagogias culturais; pedagogias decoloniais; educa\u00e7\u00e3o intercultural; culturas populares na escola e temas correlatos. Curr\u00edculo Lattes http:\/\/lattes.cnpq.br\/2998938777880689 &nbsp; Alcil\u00e9a Maria Ferreira&hellip; <\/p>\n<p><a href=\"https:\/\/www2.unifap.br\/pedagogia-santana\/docentes\/\" class=\"readmore-button\">Continue Reading<\/a><\/p>\n","protected":false},"author":923,"featured_media":0,"parent":0,"menu_order":4,"comment_status":"open","ping_status":"closed","template":"","meta":{"inline_featured_image":false,"ngg_post_thumbnail":0,"footnotes":""},"class_list":["post-41","page","type-page","status-publish","hentry"],"_links":{"self":[{"href":"https:\/\/www2.unifap.br\/pedagogia-santana\/wp-json\/wp\/v2\/pages\/41","targetHints":{"allow":["GET"]}}],"collection":[{"href":"https:\/\/www2.unifap.br\/pedagogia-santana\/wp-json\/wp\/v2\/pages"}],"about":[{"href":"https:\/\/www2.unifap.br\/pedagogia-santana\/wp-json\/wp\/v2\/types\/page"}],"author":[{"embeddable":true,"href":"https:\/\/www2.unifap.br\/pedagogia-santana\/wp-json\/wp\/v2\/users\/923"}],"replies":[{"embeddable":true,"href":"https:\/\/www2.unifap.br\/pedagogia-santana\/wp-json\/wp\/v2\/comments?post=41"}],"version-history":[{"count":28,"href":"https:\/\/www2.unifap.br\/pedagogia-santana\/wp-json\/wp\/v2\/pages\/41\/revisions"}],"predecessor-version":[{"id":1618,"href":"https:\/\/www2.unifap.br\/pedagogia-santana\/wp-json\/wp\/v2\/pages\/41\/revisions\/1618"}],"wp:attachment":[{"href":"https:\/\/www2.unifap.br\/pedagogia-santana\/wp-json\/wp\/v2\/media?parent=41"}],"curies":[{"name":"wp","href":"https:\/\/api.w.org\/{rel}","templated":true}]}}