{"id":512,"date":"2019-12-13T16:23:32","date_gmt":"2019-12-13T16:23:32","guid":{"rendered":"http:\/\/www2.unifap.br\/pedagogia-santana\/?page_id=512"},"modified":"2019-12-13T21:05:26","modified_gmt":"2019-12-13T21:05:26","slug":"pratica-pedagogica","status":"publish","type":"page","link":"https:\/\/www2.unifap.br\/pedagogia-santana\/pratica-pedagogica\/","title":{"rendered":"PR\u00c1TICA PEDAG\u00d3GICA"},"content":{"rendered":"<p style=\"text-align: left\">A Pr\u00e1tica Pedag\u00f3gica \u00e9 um componente curricular obrigat\u00f3rio do Curso de Licenciatura em Pedagogia \u2013 Campus Santana, da Universidade Federal do Amap\u00e1 (UNIFAP), designando-se como o conjunto de atividades formativas que proporcionam experi\u00eancias de aplica\u00e7\u00e3o de conhecimentos ou de desenvolvimento de procedimentos pr\u00f3prios do trabalho pedag\u00f3gico, seja ele de natureza t\u00e9cnica ou docente, desenvolvido em espa\u00e7os escolares e n\u00e3o-escolares, com carga-hor\u00e1ria de <strong>405<\/strong> horas.&nbsp;<\/p>\n<p><strong>Link Portaria:<\/strong>&nbsp;<em><a href=\"http:\/\/www2.unifap.br\/pedagogia-santana\/files\/2019\/12\/Portaria-Comiss\u00e3o-Pr\u00e1tica-Pedag\u00f3gica.pdf\">Portaria Comiss\u00e3o Pr\u00e1tica Pedag\u00f3gica<\/a><\/em><\/p>\n<p><strong>Regulamento:&nbsp;&nbsp;<\/strong><em><a href=\"http:\/\/www2.unifap.br\/pedagogia-santana\/files\/2019\/12\/Regulamento-de-Pr\u00e1tica-Pedag\u00f3gica-1.pdf\">Regulamento de Pr\u00e1tica Pedag\u00f3gica<\/a><\/em><\/p>\n","protected":false},"excerpt":{"rendered":"<p>A Pr\u00e1tica Pedag\u00f3gica \u00e9 um componente curricular obrigat\u00f3rio do Curso de Licenciatura em Pedagogia \u2013 Campus Santana, da Universidade Federal do Amap\u00e1 (UNIFAP), designando-se como o conjunto de atividades formativas que proporcionam experi\u00eancias de aplica\u00e7\u00e3o de conhecimentos ou de desenvolvimento&hellip; <\/p>\n<p><a href=\"https:\/\/www2.unifap.br\/pedagogia-santana\/pratica-pedagogica\/\" class=\"readmore-button\">Continue Reading<\/a><\/p>\n","protected":false},"author":3855,"featured_media":0,"parent":0,"menu_order":0,"comment_status":"closed","ping_status":"closed","template":"","meta":{"inline_featured_image":false,"ngg_post_thumbnail":0,"footnotes":""},"class_list":["post-512","page","type-page","status-publish","hentry"],"_links":{"self":[{"href":"https:\/\/www2.unifap.br\/pedagogia-santana\/wp-json\/wp\/v2\/pages\/512","targetHints":{"allow":["GET"]}}],"collection":[{"href":"https:\/\/www2.unifap.br\/pedagogia-santana\/wp-json\/wp\/v2\/pages"}],"about":[{"href":"https:\/\/www2.unifap.br\/pedagogia-santana\/wp-json\/wp\/v2\/types\/page"}],"author":[{"embeddable":true,"href":"https:\/\/www2.unifap.br\/pedagogia-santana\/wp-json\/wp\/v2\/users\/3855"}],"replies":[{"embeddable":true,"href":"https:\/\/www2.unifap.br\/pedagogia-santana\/wp-json\/wp\/v2\/comments?post=512"}],"version-history":[{"count":8,"href":"https:\/\/www2.unifap.br\/pedagogia-santana\/wp-json\/wp\/v2\/pages\/512\/revisions"}],"predecessor-version":[{"id":583,"href":"https:\/\/www2.unifap.br\/pedagogia-santana\/wp-json\/wp\/v2\/pages\/512\/revisions\/583"}],"wp:attachment":[{"href":"https:\/\/www2.unifap.br\/pedagogia-santana\/wp-json\/wp\/v2\/media?parent=512"}],"curies":[{"name":"wp","href":"https:\/\/api.w.org\/{rel}","templated":true}]}}