{"id":83,"date":"2016-10-14T22:11:21","date_gmt":"2016-10-14T22:11:21","guid":{"rendered":"http:\/\/www2.unifap.br\/pedagogia-santana\/?page_id=83"},"modified":"2018-12-06T17:35:45","modified_gmt":"2018-12-06T17:35:45","slug":"atividades-de-pesquisa","status":"publish","type":"page","link":"https:\/\/www2.unifap.br\/pedagogia-santana\/atividades-de-pesquisa\/","title":{"rendered":"ATIVIDADES DE PESQUISA"},"content":{"rendered":"<p><a href=\"http:\/\/dgp.cnpq.br\/dgp\/espelhogrupo\/0940627203785115\">GRUPO DE ESTUDO E PESQUISA INTERDISCIPLINAR EM EDUCA\u00c7\u00c3O E SABERES DA AMAZ\u00d4NIA AMAPAENSE (GEPIESA)<\/a><\/p>\n<p><a href=\"http:\/\/www2.unifap.br\/pedagogia-santana\/files\/2016\/10\/IMG-20160614-WA0010.jpg\"><img fetchpriority=\"high\" decoding=\"async\" class=\"alignnone size-medium wp-image-87\" alt=\"IMG-20160614-WA0010\" src=\"http:\/\/www2.unifap.br\/pedagogia-santana\/files\/2016\/10\/IMG-20160614-WA0010-300x185.jpg\" width=\"300\" height=\"185\" srcset=\"https:\/\/www2.unifap.br\/pedagogia-santana\/files\/2016\/10\/IMG-20160614-WA0010-300x185.jpg 300w, https:\/\/www2.unifap.br\/pedagogia-santana\/files\/2016\/10\/IMG-20160614-WA0010-1024x632.jpg 1024w, https:\/\/www2.unifap.br\/pedagogia-santana\/files\/2016\/10\/IMG-20160614-WA0010.jpg 1280w\" sizes=\"(max-width: 300px) 100vw, 300px\" \/><\/a><a href=\"http:\/\/www2.unifap.br\/pedagogia-santana\/files\/2016\/10\/IMG-20160614-WA0009.jpg\"><img decoding=\"async\" class=\"alignnone size-medium wp-image-86\" alt=\"IMG-20160614-WA0009\" src=\"http:\/\/www2.unifap.br\/pedagogia-santana\/files\/2016\/10\/IMG-20160614-WA0009-300x225.jpg\" width=\"300\" height=\"225\" srcset=\"https:\/\/www2.unifap.br\/pedagogia-santana\/files\/2016\/10\/IMG-20160614-WA0009-300x225.jpg 300w, https:\/\/www2.unifap.br\/pedagogia-santana\/files\/2016\/10\/IMG-20160614-WA0009-1024x768.jpg 1024w, https:\/\/www2.unifap.br\/pedagogia-santana\/files\/2016\/10\/IMG-20160614-WA0009.jpg 1280w\" sizes=\"(max-width: 300px) 100vw, 300px\" \/><\/a><\/p>\n<p>Lan\u00e7amento do GEPIESA.<\/p>\n<p><a href=\"http:\/\/www2.unifap.br\/pedagogia-santana\/files\/2016\/10\/20160901_210911.jpg\"><img decoding=\"async\" class=\"alignnone size-medium wp-image-85\" alt=\"20160901_210911\" src=\"http:\/\/www2.unifap.br\/pedagogia-santana\/files\/2016\/10\/20160901_210911-300x225.jpg\" width=\"300\" height=\"225\" srcset=\"https:\/\/www2.unifap.br\/pedagogia-santana\/files\/2016\/10\/20160901_210911-300x225.jpg 300w, https:\/\/www2.unifap.br\/pedagogia-santana\/files\/2016\/10\/20160901_210911-1024x768.jpg 1024w\" sizes=\"(max-width: 300px) 100vw, 300px\" \/><\/a><a href=\"http:\/\/www2.unifap.br\/pedagogia-santana\/files\/2016\/10\/20160901_200335.jpg\"><img loading=\"lazy\" decoding=\"async\" class=\"alignnone size-medium wp-image-89\" alt=\"20160901_200335\" src=\"http:\/\/www2.unifap.br\/pedagogia-santana\/files\/2016\/10\/20160901_200335-300x225.jpg\" width=\"300\" height=\"225\" srcset=\"https:\/\/www2.unifap.br\/pedagogia-santana\/files\/2016\/10\/20160901_200335-300x225.jpg 300w, https:\/\/www2.unifap.br\/pedagogia-santana\/files\/2016\/10\/20160901_200335-1024x768.jpg 1024w\" sizes=\"(max-width: 300px) 100vw, 300px\" \/><\/a><\/p>\n<p>Roda de conversa: Pesquisa interdisciplinar em educa\u00e7\u00e3o &#8211; Desafios e perspectiva.<\/p>\n<p>&nbsp;<\/p>\n<p>GRUPOS PARCEIROS:<\/p>\n<p><a href=\"http:\/\/dgp.cnpq.br\/dgp\/espelhogrupo\/7386798032784413\">GRUPO DE PESQUISA EM ENSINO DE ARTES VISUAIS<\/a><\/p>\n<p><a href=\"http:\/\/dgp.cnpq.br\/dgp\/espelhogrupo\/7270216924689542\">REDE EDUCA\u00c7\u00c3O INCLUSIVA NA AMAZ\u00d4NIA<\/a><\/p>\n<p><a href=\"http:\/\/dgp.cnpq.br\/dgp\/espelhogrupo\/1120211031393706\">DISCURSO, IDENTIDADES E FRONTEIRAS<\/a><\/p>\n","protected":false},"excerpt":{"rendered":"<p>GRUPO DE ESTUDO E PESQUISA INTERDISCIPLINAR EM EDUCA\u00c7\u00c3O E SABERES DA AMAZ\u00d4NIA AMAPAENSE (GEPIESA) Lan\u00e7amento do GEPIESA. Roda de conversa: Pesquisa interdisciplinar em educa\u00e7\u00e3o &#8211; Desafios e perspectiva. &nbsp; GRUPOS PARCEIROS: GRUPO DE PESQUISA EM ENSINO DE ARTES VISUAIS REDE&hellip; <\/p>\n<p><a href=\"https:\/\/www2.unifap.br\/pedagogia-santana\/atividades-de-pesquisa\/\" class=\"readmore-button\">Continue Reading<\/a><\/p>\n","protected":false},"author":923,"featured_media":0,"parent":0,"menu_order":6,"comment_status":"open","ping_status":"closed","template":"","meta":{"inline_featured_image":false,"ngg_post_thumbnail":0,"footnotes":""},"class_list":["post-83","page","type-page","status-publish","hentry"],"_links":{"self":[{"href":"https:\/\/www2.unifap.br\/pedagogia-santana\/wp-json\/wp\/v2\/pages\/83","targetHints":{"allow":["GET"]}}],"collection":[{"href":"https:\/\/www2.unifap.br\/pedagogia-santana\/wp-json\/wp\/v2\/pages"}],"about":[{"href":"https:\/\/www2.unifap.br\/pedagogia-santana\/wp-json\/wp\/v2\/types\/page"}],"author":[{"embeddable":true,"href":"https:\/\/www2.unifap.br\/pedagogia-santana\/wp-json\/wp\/v2\/users\/923"}],"replies":[{"embeddable":true,"href":"https:\/\/www2.unifap.br\/pedagogia-santana\/wp-json\/wp\/v2\/comments?post=83"}],"version-history":[{"count":6,"href":"https:\/\/www2.unifap.br\/pedagogia-santana\/wp-json\/wp\/v2\/pages\/83\/revisions"}],"predecessor-version":[{"id":162,"href":"https:\/\/www2.unifap.br\/pedagogia-santana\/wp-json\/wp\/v2\/pages\/83\/revisions\/162"}],"wp:attachment":[{"href":"https:\/\/www2.unifap.br\/pedagogia-santana\/wp-json\/wp\/v2\/media?parent=83"}],"curies":[{"name":"wp","href":"https:\/\/api.w.org\/{rel}","templated":true}]}}