{"id":839,"date":"2022-09-26T23:36:45","date_gmt":"2022-09-26T23:36:45","guid":{"rendered":"https:\/\/www2.unifap.br\/pedagogia-santana\/?page_id=839"},"modified":"2024-01-12T22:11:47","modified_gmt":"2024-01-12T22:11:47","slug":"modelos-de-documentos-e-formularios","status":"publish","type":"page","link":"https:\/\/www2.unifap.br\/pedagogia-santana\/modelos-de-documentos-e-formularios\/","title":{"rendered":"MODELOS DE DOCUMENTOS E FORMUL\u00c1RIOS"},"content":{"rendered":"<p><strong>Acesse os links em nova guia:<\/strong><\/p>\n<p>1- <a href=\"http:\/\/www2.unifap.br\/pedagogia-santana\/files\/2023\/09\/Formulario-para-requerimento.docx\">Formul\u00e1rio para requerimento<\/a><\/p>\n<p>2- <a href=\"http:\/\/www2.unifap.br\/pedagogia-santana\/files\/2022\/09\/Orientacoes-para-a-solicitacao-de-equivalencia-credito-aproveitamento-de-componente-curricular.pdf\">Orienta\u00e7\u00f5es para a solicita\u00e7\u00e3o de equival\u00eancia cr\u00e9dito aproveitamento de componente curricular<\/a><\/p>\n<p>3- <a href=\"http:\/\/www2.unifap.br\/pedagogia-santana\/files\/2023\/09\/Formulario-para-solicitacao-de-equivalencia-credito-aproveitamento-de-componente-curricular.docx\">Formul\u00e1rio para solicita\u00e7\u00e3o de equival\u00eancia-credito-aproveitamento de componente curricular<\/a><\/p>\n<p>4- <a href=\"http:\/\/www2.unifap.br\/pedagogia-santana\/files\/2022\/09\/Atestado-de-Equivalencia-de-componente-curricular_UNIFAP.docx\">Programa \/ Atestado de Equival\u00eancia de componente curricular &#8211; UNIFAP<\/a><\/p>\n<p>5- <a href=\"http:\/\/www2.unifap.br\/pedagogia-santana\/files\/2022\/09\/Modelo-Declaracao-de-matricula.doc\">Modelo de declara\u00e7\u00e3o de matr\u00edcula 1<\/a><\/p>\n<p>6- <a href=\"http:\/\/www2.unifap.br\/pedagogia-santana\/files\/2024\/01\/Modelo-de-declaracao-de-matricula-2.doc\">Modelo de declara\u00e7\u00e3o de matr\u00edcula 2<\/a><\/p>\n<p>7- <a href=\"http:\/\/www2.unifap.br\/pedagogia-santana\/files\/2022\/09\/Formulario-para-declaracao-de-monitoria.doc\">Formul\u00e1rio para declara\u00e7\u00e3o de monitoria<\/a><\/p>\n<p>8- <a href=\"http:\/\/www2.unifap.br\/pedagogia-santana\/files\/2023\/09\/Declaracao-de-Representacao-de-Turma.doc\">Declara\u00e7\u00e3o de Representa\u00e7\u00e3o de Turma<\/a><\/p>\n<p>9- <a href=\"http:\/\/www2.unifap.br\/pedagogia-santana\/files\/2022\/10\/Orientacoes-para-solicitacao-de-colacao-de-grau.pdf\">Orienta\u00e7\u00f5es gerais para solicita\u00e7\u00e3o de cola\u00e7\u00e3o de grau<\/a><\/p>\n<p>10- <a href=\"http:\/\/www2.unifap.br\/pedagogia-santana\/files\/2022\/11\/Planilha-de-Atividades-Complementares_Word.docx\">Planilha-de-Atividades-Complementares-Word<\/a><\/p>\n<p>11- <a href=\"http:\/\/www2.unifap.br\/pedagogia-santana\/files\/2022\/11\/Planilha-de-Atividades-Complementares_PDF.pdf\">Planilha-de-Atividades-Complementares-PDF<\/a><\/p>\n<p>12- <a href=\"http:\/\/www2.unifap.br\/pedagogia-santana\/files\/2022\/11\/Planilha-de-Atividades-Complementares-Excel.xlsx\">Planilha de Atividades Complementares-Excel<\/a><\/p>\n<p>13- <a href=\"http:\/\/www2.unifap.br\/pedagogia-santana\/files\/2023\/12\/Guia-de-entrega-de-Trabalhos-de-Conclusao-de-Curso.pdf\">Guia de entrega de Trabalhos de Conclus\u00e3o de Curso (gradua\u00e7\u00e3o e p\u00f3s-gradua\u00e7\u00e3o) para inclus\u00e3o no Reposit\u00f3rio Institucional &#8211; RIUNIFAP<\/a><\/p>\n<p>14- <a href=\"http:\/\/www2.unifap.br\/pedagogia-santana\/files\/2024\/01\/Formulario-para-declaracao-de-provavel-colacao-de-grau.doc\">Formul\u00e1rio para declara\u00e7\u00e3o de prov\u00e1vel cola\u00e7\u00e3o de grau<\/a><\/p>\n<p>15- <a href=\"http:\/\/www2.unifap.br\/pedagogia-santana\/files\/2024\/01\/Declaracao-de-revisao-do-TCC-apos-banca-de-defesa.doc\">Declara\u00e7\u00e3o de revis\u00e3o do TCC ap\u00f3s banca de defesa<\/a><\/p>\n<p>16- <a href=\"http:\/\/www2.unifap.br\/pedagogia-santana\/files\/2023\/09\/Termo-de-aceite-de-orientacao-de-TCC.docx\">Termo de aceite de orienta\u00e7\u00e3o de TCC<\/a><\/p>\n","protected":false},"excerpt":{"rendered":"<p>Acesse os links em nova guia: 1- Formul\u00e1rio para requerimento 2- Orienta\u00e7\u00f5es para a solicita\u00e7\u00e3o de equival\u00eancia cr\u00e9dito aproveitamento de componente curricular 3- Formul\u00e1rio para solicita\u00e7\u00e3o de equival\u00eancia-credito-aproveitamento de componente curricular 4- Programa \/ Atestado de Equival\u00eancia de componente curricular&hellip; <\/p>\n<p><a href=\"https:\/\/www2.unifap.br\/pedagogia-santana\/modelos-de-documentos-e-formularios\/\" class=\"readmore-button\">Continue Reading<\/a><\/p>\n","protected":false},"author":841,"featured_media":0,"parent":0,"menu_order":0,"comment_status":"closed","ping_status":"closed","template":"","meta":{"inline_featured_image":false,"ngg_post_thumbnail":0,"footnotes":""},"class_list":["post-839","page","type-page","status-publish","hentry"],"_links":{"self":[{"href":"https:\/\/www2.unifap.br\/pedagogia-santana\/wp-json\/wp\/v2\/pages\/839","targetHints":{"allow":["GET"]}}],"collection":[{"href":"https:\/\/www2.unifap.br\/pedagogia-santana\/wp-json\/wp\/v2\/pages"}],"about":[{"href":"https:\/\/www2.unifap.br\/pedagogia-santana\/wp-json\/wp\/v2\/types\/page"}],"author":[{"embeddable":true,"href":"https:\/\/www2.unifap.br\/pedagogia-santana\/wp-json\/wp\/v2\/users\/841"}],"replies":[{"embeddable":true,"href":"https:\/\/www2.unifap.br\/pedagogia-santana\/wp-json\/wp\/v2\/comments?post=839"}],"version-history":[{"count":18,"href":"https:\/\/www2.unifap.br\/pedagogia-santana\/wp-json\/wp\/v2\/pages\/839\/revisions"}],"predecessor-version":[{"id":1242,"href":"https:\/\/www2.unifap.br\/pedagogia-santana\/wp-json\/wp\/v2\/pages\/839\/revisions\/1242"}],"wp:attachment":[{"href":"https:\/\/www2.unifap.br\/pedagogia-santana\/wp-json\/wp\/v2\/media?parent=839"}],"curies":[{"name":"wp","href":"https:\/\/api.w.org\/{rel}","templated":true}]}}