{"id":926,"date":"2023-01-18T18:53:21","date_gmt":"2023-01-18T18:53:21","guid":{"rendered":"https:\/\/www2.unifap.br\/pedagogia-santana\/?page_id=926"},"modified":"2023-02-17T23:21:55","modified_gmt":"2023-02-17T23:21:55","slug":"programas-residencia-pedagogica-e-pibid-2022-2024","status":"publish","type":"page","link":"https:\/\/www2.unifap.br\/pedagogia-santana\/programas-residencia-pedagogica-e-pibid-2022-2024\/","title":{"rendered":"PROGRAMAS: PIBID E RESID\u00caNCIA PEDAG\u00d3GICA 2022-2024"},"content":{"rendered":"<h2><img fetchpriority=\"high\" decoding=\"async\" class=\"aligncenter\" src=\"https:\/\/proeg.ufam.edu.br\/images\/PIBID2.png\" alt=\"PROEG divulga Edital para vagas no Programa de Resid\u00eancia ...\" width=\"347\" height=\"197\"><\/h2>\n<h3 class=\"documentFirstHeading\"><strong>Pibid &#8211; Programa Institucional de Bolsa de Inicia\u00e7\u00e3o \u00e0 Doc\u00eancia<\/strong><\/h3>\n<p>O Programa Institucional de Bolsa de Inicia\u00e7\u00e3o \u00e0 Doc\u00eancia (PIBID) \u00e9 uma iniciativa que integra a Pol\u00edtica Nacional de Forma\u00e7\u00e3o de Professores do Minist\u00e9rio da Educa\u00e7\u00e3o e tem por finalidade fomentar a inicia\u00e7\u00e3o \u00e0 doc\u00eancia, contribuindo para o aperfei\u00e7oamento da forma\u00e7\u00e3o de docentes em n\u00edvel superior e para a melhoria de qualidade da educa\u00e7\u00e3o b\u00e1sica p\u00fablica brasileira.<\/p>\n<p>O PIBID tem por finalidade proporcionar a inser\u00e7\u00e3o no cotidiano das escolas p\u00fablicas de educa\u00e7\u00e3o b\u00e1sica para os discentes da primeira metade dos cursos de licenciatura, contribuindo para o aperfei\u00e7oamento da forma\u00e7\u00e3o de docentes em n\u00edvel superior.<\/p>\n<p>Para o desenvolvimento dos projetos institucionais de inicia\u00e7\u00e3o \u00e0 doc\u00eancia, o programa concede bolsas aos licenciandos, aos professores das escolas da rede p\u00fablica de educa\u00e7\u00e3o b\u00e1sica e aos professores das Institui\u00e7\u00f5es de Ensino Superior (IES).<\/p>\n<p><strong>Objetivos do Programa<\/strong><\/p>\n<p>S\u00e3o objetivos do Programa Institucional de Bolsa de Inicia\u00e7\u00e3o \u00e0 Doc\u00eancia:<\/p>\n<p>I &#8211; incentivar a forma\u00e7\u00e3o de docentes em n\u00edvel superior para a educa\u00e7\u00e3o b\u00e1sica;<br \/>\nII &#8211; contribuir para a valoriza\u00e7\u00e3o do magist\u00e9rio;<br \/>\nIII &#8211; elevar a qualidade da forma\u00e7\u00e3o inicial de professores nos cursos de licenciatura, promovendo a integra\u00e7\u00e3o entre educa\u00e7\u00e3o superior e educa\u00e7\u00e3o b\u00e1sica;<br \/>\nIV &#8211; inserir os licenciandos no cotidiano de escolas da rede p\u00fablica de educa\u00e7\u00e3o, proporcionando-lhes oportunidades de cria\u00e7\u00e3o e participa\u00e7\u00e3o em experi\u00eancias metodol\u00f3gicas, tecnol\u00f3gicas e pr\u00e1ticas docentes de car\u00e1ter inovador e interdisciplinar que busquem a supera\u00e7\u00e3o de problemas identificados no processo de ensino-aprendizagem;<br \/>\nV &#8211; incentivar escolas p\u00fablicas de educa\u00e7\u00e3o b\u00e1sica, mobilizando seus professores como coformadores dos futuros docentes e tornando-as protagonistas nos processos de forma\u00e7\u00e3o inicial para o magist\u00e9rio;<br \/>\nVI &#8211; contribuir para a articula\u00e7\u00e3o entre teoria e pr\u00e1tica necess\u00e1rias \u00e0 forma\u00e7\u00e3o dos docentes, elevando a qualidade das a\u00e7\u00f5es acad\u00eamicas nos cursos de licenciatura.<\/p>\n<p><strong>Modalidades de bolsa<\/strong><\/p>\n<p><b>1) Bolsista de inicia\u00e7\u00e3o \u00e0 doc\u00eancia:<\/b>&nbsp;o aluno regularmente matriculado em curso de licenciatura que integra o projeto institucional da institui\u00e7\u00e3o de educa\u00e7\u00e3o superior, com dedica\u00e7\u00e3o de carga hor\u00e1ria m\u00ednima de trinta horas mensais ao PIBID. Valor da bolsa: R$ 400,00 (quatrocentos reais).<\/p>\n<p><b>2) Professor supervisor:<\/b>&nbsp;o docente da escola de educa\u00e7\u00e3o b\u00e1sica das redes p\u00fablicas de ensino que integra o projeto institucional, respons\u00e1vel por acompanhar e supervisionar as atividades dos bolsistas de inicia\u00e7\u00e3o \u00e0 doc\u00eancia. Valor da bolsa: R$ 765,00 (setecentos e sessenta e cinco reais).<\/p>\n<p><b>4) Coordenador de \u00e1rea:<\/b>&nbsp;o professor da institui\u00e7\u00e3o de educa\u00e7\u00e3o superior respons\u00e1vel pelas seguintes atividades: a) planejamento, organiza\u00e7\u00e3o e execu\u00e7\u00e3o das atividades de inicia\u00e7\u00e3o \u00e0 doc\u00eancia em sua \u00e1rea de atua\u00e7\u00e3o acad\u00eamica; b) acompanhamento, orienta\u00e7\u00e3o e avalia\u00e7\u00e3o dos bolsistas estudantes de licenciatura; e c) articula\u00e7\u00e3o e di\u00e1logo com as escolas p\u00fablicas nas quais os bolsistas exer\u00e7am suas atividades. Valor da bolsa: R$ 1.400,00 (um mil e quatrocentos reais).<\/p>\n<p><b>3) Coordenador institucional:<\/b>&nbsp;o professor de institui\u00e7\u00e3o de educa\u00e7\u00e3o superior respons\u00e1vel perante a CAPES por garantir e acompanhar o planejamento, a organiza\u00e7\u00e3o e a execu\u00e7\u00e3o das atividades de inicia\u00e7\u00e3o \u00e0 doc\u00eancia previstas no projeto de sua institui\u00e7\u00e3o, zelando por sua unidade e qualidade. Valor da bolsa: R$ 1.500,00 (um mil e quinhentos reais).<\/p>\n<p>As bolsas s\u00e3o pagas pela CAPES diretamente aos bolsistas, por meio de cr\u00e9dito banc\u00e1rio.&nbsp;&nbsp;<\/p>\n<p>E-mail institucional:&nbsp;<a class=\"external-link\" title=\"\" href=\"http:\/\/pibid@capes.gov.br\/\" target=\"_blank\" rel=\"noopener\" data-tippreview-enabled=\"false\" data-tippreview-image=\"\" data-tippreview-title=\"\">pibid@capes.gov.br<\/a><\/p>\n<h3>&nbsp;<\/h3>\n<h3 class=\"documentFirstHeading\" style=\"text-align: left\"><strong>Programa de Resid\u00eancia Pedag\u00f3gica<\/strong><\/h3>\n<p style=\"text-align: left\"><strong>O Programa<\/strong><\/p>\n<p style=\"text-align: left\">O Programa de Resid\u00eancia Pedag\u00f3gica&nbsp;\u00e9 um programa da Coordena\u00e7\u00e3o de Aperfei\u00e7oamento de Pessoal de N\u00edvel Superior &#8211; CAPES, que tem por finalidade fomentar projetos institucionais de resid\u00eancia pedag\u00f3gica implementados por Institui\u00e7\u00f5es de Ensino Superior, contribuindo para o aperfei\u00e7oamento da forma\u00e7\u00e3o inicial de professores da educa\u00e7\u00e3o b\u00e1sica nos cursos de licenciatura.<\/p>\n<p style=\"text-align: left\"><strong>Objetivos<\/strong><\/p>\n<ol style=\"text-align: left\">\n<li>Fortalecer e aprofundar a forma\u00e7\u00e3o te\u00f3rico-pr\u00e1tica de estudantes de cursos de licenciatura;<\/li>\n<li>Contribuir para a constru\u00e7\u00e3o da identidade profissional docente dos licenciandos;<\/li>\n<li>Estabelecer corresponsabilidade entre IES, redes de ensino e escolas na forma\u00e7\u00e3o inicial de professores;<\/li>\n<li>Valorizar a experi\u00eancia dos professores da educa\u00e7\u00e3o b\u00e1sica na prepara\u00e7\u00e3o dos licenciandos para a sua futura atua\u00e7\u00e3o profissional;<\/li>\n<li>Induzir a pesquisa colaborativa e a produ\u00e7\u00e3o acad\u00eamica com base nas experi\u00eancias vivenciadas em sala de aula.<\/li>\n<\/ol>\n<p style=\"text-align: left\"><strong>Como funciona<\/strong><\/p>\n<ul style=\"text-align: left\">\n<li>Os projetos institucionais a serem apoiados pela CAPES no \u00e2mbito do PRP ser\u00e3o selecionados por meio de editais, os quais estabelecer\u00e3o os requisitos e os procedimentos atinentes \u00e0 participa\u00e7\u00e3o das IES interessadas.<\/li>\n<li>O projeto institucional deve ser desenvolvido pela IES de maneira articulada com as redes de ensino e com as escolas p\u00fablicas de educa\u00e7\u00e3o b\u00e1sica, contemplando diferentes aspectos e dimens\u00f5es da resid\u00eancia pedag\u00f3gica.<\/li>\n<li>O PRP ser\u00e1 desenvolvido em regime de colabora\u00e7\u00e3o entre a Uni\u00e3o, os estados, os munic\u00edpios e o Distrito Federal e as IES selecionadas, formalizado por meio de Acordo de Coopera\u00e7\u00e3o T\u00e9cnica &#8211; ACT firmado entre a CAPES e cada IES participante, bem como pela ades\u00e3o ao PRP pelas redes de ensino mediante habilita\u00e7\u00e3o de suas unidades escolares para participarem como escolas-campo.<\/li>\n<\/ul>\n<p style=\"text-align: left\"><strong>Modalidades de bolsa<\/strong><\/p>\n<p style=\"text-align: left\">No Programa de Resid\u00eancia Pedag\u00f3gica ser\u00e3o concedidas as seguintes modalidades de bolsa:<\/p>\n<ol style=\"text-align: left\">\n<li>Residente: para discentes com matr\u00edcula ativa em curso de licenciatura que tenham cursado o m\u00ednimo de 50% do curso ou que estejam cursando a partir do 5\u00ba per\u00edodo, no valor de R$400,00 (quatrocentos reais);<\/li>\n<li>Coordenador Institucional: para o docente da IES, respons\u00e1vel pela execu\u00e7\u00e3o do projeto institucional de Resid\u00eancia Pedag\u00f3gica, no valor de R$ 1.500,00 (mil e quinhentos reais);<\/li>\n<li>Docente Orientador: para docente da IES respons\u00e1vel por planejar e orientar as atividades dos residentes de seu n\u00facleo de resid\u00eancia pedag\u00f3gica, no valor R$1.400,00 (mil e quatrocentos reais);<\/li>\n<li>Preceptor: para professor da escola de educa\u00e7\u00e3o b\u00e1sica respons\u00e1vel por acompanhar e orientar os residentes nas atividades desenvolvidas na escola-campo, no valor de R$ 765,00 (setecentos e sessenta e cinco reais).<\/li>\n<\/ol>\n<p style=\"text-align: left\"><strong>Contato<\/strong><\/p>\n<p style=\"text-align: left\">&nbsp;Mais informa\u00e7\u00f5es poder\u00e3o ser obtidas pelo e-mail:&nbsp;<a href=\"mailto:rp@capes.gov.br\" target=\"_blank\" rel=\"noopener\">rp@capes.gov.br<\/a>&nbsp;<\/p>\n<p class=\"documentFirstHeading\"><a href=\"http:\/\/www2.unifap.br\/pedagogia-santana\/files\/2023\/02\/RESIDENCIA-PEDAGOGICA-PEDAGOGIA-SANTANA-1.png\"><img decoding=\"async\" class=\"aligncenter size-medium wp-image-951\" src=\"http:\/\/www2.unifap.br\/pedagogia-santana\/files\/2023\/02\/RESIDENCIA-PEDAGOGICA-PEDAGOGIA-SANTANA-1-300x169.png\" alt=\"\" width=\"300\" height=\"169\" srcset=\"https:\/\/www2.unifap.br\/pedagogia-santana\/files\/2023\/02\/RESIDENCIA-PEDAGOGICA-PEDAGOGIA-SANTANA-1-300x169.png 300w, https:\/\/www2.unifap.br\/pedagogia-santana\/files\/2023\/02\/RESIDENCIA-PEDAGOGICA-PEDAGOGIA-SANTANA-1-1024x576.png 1024w, https:\/\/www2.unifap.br\/pedagogia-santana\/files\/2023\/02\/RESIDENCIA-PEDAGOGICA-PEDAGOGIA-SANTANA-1-768x432.png 768w, https:\/\/www2.unifap.br\/pedagogia-santana\/files\/2023\/02\/RESIDENCIA-PEDAGOGICA-PEDAGOGIA-SANTANA-1-1536x864.png 1536w, https:\/\/www2.unifap.br\/pedagogia-santana\/files\/2023\/02\/RESIDENCIA-PEDAGOGICA-PEDAGOGIA-SANTANA-1.png 1920w\" sizes=\"(max-width: 300px) 100vw, 300px\" \/><\/a><\/p>\n","protected":false},"excerpt":{"rendered":"<p>Pibid &#8211; Programa Institucional de Bolsa de Inicia\u00e7\u00e3o \u00e0 Doc\u00eancia O Programa Institucional de Bolsa de Inicia\u00e7\u00e3o \u00e0 Doc\u00eancia (PIBID) \u00e9 uma iniciativa que integra a Pol\u00edtica Nacional de Forma\u00e7\u00e3o de Professores do Minist\u00e9rio da Educa\u00e7\u00e3o e tem por finalidade&hellip; <\/p>\n<p><a href=\"https:\/\/www2.unifap.br\/pedagogia-santana\/programas-residencia-pedagogica-e-pibid-2022-2024\/\" class=\"readmore-button\">Continue Reading<\/a><\/p>\n","protected":false},"author":841,"featured_media":0,"parent":0,"menu_order":0,"comment_status":"closed","ping_status":"closed","template":"","meta":{"inline_featured_image":false,"ngg_post_thumbnail":0,"footnotes":""},"class_list":["post-926","page","type-page","status-publish","hentry"],"_links":{"self":[{"href":"https:\/\/www2.unifap.br\/pedagogia-santana\/wp-json\/wp\/v2\/pages\/926","targetHints":{"allow":["GET"]}}],"collection":[{"href":"https:\/\/www2.unifap.br\/pedagogia-santana\/wp-json\/wp\/v2\/pages"}],"about":[{"href":"https:\/\/www2.unifap.br\/pedagogia-santana\/wp-json\/wp\/v2\/types\/page"}],"author":[{"embeddable":true,"href":"https:\/\/www2.unifap.br\/pedagogia-santana\/wp-json\/wp\/v2\/users\/841"}],"replies":[{"embeddable":true,"href":"https:\/\/www2.unifap.br\/pedagogia-santana\/wp-json\/wp\/v2\/comments?post=926"}],"version-history":[{"count":4,"href":"https:\/\/www2.unifap.br\/pedagogia-santana\/wp-json\/wp\/v2\/pages\/926\/revisions"}],"predecessor-version":[{"id":953,"href":"https:\/\/www2.unifap.br\/pedagogia-santana\/wp-json\/wp\/v2\/pages\/926\/revisions\/953"}],"wp:attachment":[{"href":"https:\/\/www2.unifap.br\/pedagogia-santana\/wp-json\/wp\/v2\/media?parent=926"}],"curies":[{"name":"wp","href":"https:\/\/api.w.org\/{rel}","templated":true}]}}