{"id":93,"date":"2016-10-17T15:14:38","date_gmt":"2016-10-17T15:14:38","guid":{"rendered":"http:\/\/www2.unifap.br\/pedagogia-santana\/?page_id=93"},"modified":"2021-09-23T14:18:16","modified_gmt":"2021-09-23T14:18:16","slug":"projetos-de-extensao","status":"publish","type":"page","link":"https:\/\/www2.unifap.br\/pedagogia-santana\/projetos-de-extensao\/","title":{"rendered":"PROJETOS DE EXTENS\u00c3O"},"content":{"rendered":"<p><strong>PROJETO DE EXTENS\u00c3O \u2013<\/strong> MOVIMENTE-SE<\/p>\n<p><strong>Coordena\u00e7\u00e3o: <\/strong>K\u00e1ssio Leal Vilhena.<\/p>\n<p><strong>Colaboradores\/docentes<\/strong>: Alcil\u00e9a Maria Ferreira Rocha, Carlos Adriano Dias da Costa, Maria Lobato do Carmo da Silva, Raimundo Erundino Santos Diniz.<\/p>\n<p><strong>Colaboradora\/bolsista:<\/strong> Elane Pereira Santana.<\/p>\n<p>A regi\u00e3o amaz\u00f4nica possui, historicamente, caracter\u00edsticas peculiares que aproximaram a educa\u00e7\u00e3o, movimentos sociais e religi\u00f5es, potencializando uma teia de comunica\u00e7\u00e3o, saberes e aprendizagens entre seus agentes (influenciando na sociedade amapaense em diversos aspectos, por exemplo: na pol\u00edtica). Discutir sobre essa tem\u00e1tica faz-se necess\u00e1rio para uma compreens\u00e3o da realidade local, bem como aproximar da universidade os mais variados tipos de institui\u00e7\u00f5es e grupos sociais.<\/p>\n<p>Desta forma, o projeto visa discutir a rela\u00e7\u00e3o entre <strong>Educa\u00e7\u00e3o, Movimentos Sociais e Religi\u00e3o<\/strong>, valorizando os saberes e as aprendizagens nos m\u00faltiplos espa\u00e7os. E tem por objetivos: verificar as influ\u00eancias das institui\u00e7\u00f5es na conscientiza\u00e7\u00e3o e atua\u00e7\u00e3o social da popula\u00e7\u00e3o local; compreender os tipos de forma\u00e7\u00f5es, saberes e aprendizagens intr\u00ednsecos ao processo; promover intera\u00e7\u00e3o entre a universidade, movimentos socais e religi\u00f5es.<\/p>\n<p>O processo de ensino e aprendizagem dos discentes vinculados ao projeto destaca-se como extremamente salutar, pois ampliar\u00e3o as formas de perceber a Educa\u00e7\u00e3o (especialmente nos espa\u00e7os das institui\u00e7\u00f5es religiosas e movimentos sociais). E, neste cen\u00e1rio, podemos indicar debates e aproxima\u00e7\u00f5es entre os membros do projeto e outras institui\u00e7\u00f5es sociais, demonstrando um retorno ao curso de gradua\u00e7\u00e3o e docentes da UNIFAP.<\/p>\n<p>_______________________________________________________<\/p>\n<p>&nbsp;<\/p>\n<p><a href=\"http:\/\/www2.unifap.br\/pedagogia-santana\/files\/2021\/09\/maria.jpg\"><img fetchpriority=\"high\" decoding=\"async\" class=\"alignnone size-medium wp-image-688\" src=\"http:\/\/www2.unifap.br\/pedagogia-santana\/files\/2021\/09\/maria-300x185.jpg\" alt=\"\" width=\"300\" height=\"185\" srcset=\"https:\/\/www2.unifap.br\/pedagogia-santana\/files\/2021\/09\/maria-300x185.jpg 300w, https:\/\/www2.unifap.br\/pedagogia-santana\/files\/2021\/09\/maria-768x474.jpg 768w, https:\/\/www2.unifap.br\/pedagogia-santana\/files\/2021\/09\/maria.jpg 866w\" sizes=\"(max-width: 300px) 100vw, 300px\" \/><\/a><\/p>\n<p style=\"text-align: left\">&nbsp;Projeto de extens\u00e3o:<strong> FORMA\u00c7\u00c3O CONTINUADA DE EQUIPES ESCOLARES <\/strong><br \/>\n<strong>NA PERSPECTIVA DA CULTURA INCLUSIVA E COLABORATIVA NAS <\/strong><br \/>\n<strong>ESCOLAS DA AMAZ\u00d4NIA AMAPAENSE<\/strong><br \/>\nREGISTRO\/UNIFAP\/ CCLP\/CSTN: PJ021-2021<\/p>\n<p style=\"text-align: left\"><strong>LINHA DE PESQUISA<\/strong>: Educa\u00e7\u00e3o Especial, Forma\u00e7\u00e3o continuada de professores e<br \/>\nprofissionais da escola e forma\u00e7\u00e3o inicial de professores.<\/p>\n<p style=\"text-align: left\"><strong>P\u00daBLICO-ALVO DAS A\u00c7\u00d5ES<\/strong>: Licenciandos de cursos de gradua\u00e7\u00e3o do campus<br \/>\nSantana; Gestor escolar, Coordenadores pedag\u00f3gicos e professores da classe comum e<br \/>\neduca\u00e7\u00e3o especial que atuam em Escolas p\u00fablicas de ensino regular do contexto da<br \/>\nAmaz\u00f4nia Amapaense.<\/p>\n<p style=\"text-align: left\"><strong>Resumo<\/strong>: O trabalho colaborativo no contexto escolar, como um dos princ\u00edpios para<br \/>\nconstitui\u00e7\u00e3o de uma cultura inclusiva, tem sido destacado na \u00e1rea da Educa\u00e7\u00e3o Especial<br \/>\ncomo uma das condi\u00e7\u00f5es necess\u00e1rias para a melhoria da escolariza\u00e7\u00e3o do p\u00fablico alvo da<br \/>\nEduca\u00e7\u00e3o Especial (PAEE), bem como pode se constituir em espa\u00e7o de desenvolvimento<br \/>\nprofissional do licenciando, dos professores em servi\u00e7o e demais profissionais da escola.<br \/>\nO programa de forma\u00e7\u00e3o, em formato de curso de extens\u00e3o, visa \u00e0 forma\u00e7\u00e3o continuada<br \/>\nde professores tanto da classe comum, do atendimento educacional especializado (AEE),<br \/>\nestudantes dos cursos de licenciatura do campus\/Santana e demais profissionais da escola<br \/>\n(equipe gestora da escola e coordenadores pedag\u00f3gicos), com intuito de discutir e efetivar<br \/>\nestrat\u00e9gias pedag\u00f3gicas universais, a partir de princ\u00edpios colaborativos e inclusivos<br \/>\nvisando potencializar pr\u00e1ticas pedag\u00f3gicas inclusivas e escolariza\u00e7\u00e3o de estudantes<br \/>\np\u00fablico da Educa\u00e7\u00e3o Especial no ensino regular.<\/p>\n<p style=\"text-align: left\"><strong>PALAVRAS \u2013 CHAVE<\/strong>: Educa\u00e7\u00e3o Especial; Trabalho colaborativo; forma\u00e7\u00e3o de<br \/>\nprofessores; forma\u00e7\u00e3o de profissionais da escola.<\/p>\n<p style=\"text-align: left\"><strong>COORDENA\u00c7\u00c3O GERAL DO PROJETO<\/strong>: DRA Maria do Carmo Lobato da Silva<br \/>\n(lattes: http:\/\/lattes.cnpq.br\/3475922880632267 )<\/p>\n<p style=\"text-align: left\"><strong>PROFESSORES COLABORADORES<\/strong>: Albert Alan de Sousa cordeiro, Clicia Tatiana<br \/>\nAlberto Coelho, Heloisa Baumgratz Lopes Agostinho e Francisco Orinaldo Pinto<br \/>\nSantiago<\/p>\n<p style=\"text-align: left\"><strong>ESTUDANTE BOLSISTA:<\/strong> Caroline Louise Pinheiro da Silva<br \/>\n______________________________________________<\/p>\n<p><strong>CAF\u00c9 PEDAG\u00d3GICO<\/strong><\/p>\n<p><a href=\"http:\/\/www2.unifap.br\/pedagogia-santana\/files\/2017\/11\/caf\u00e9-paulo-freire.jpg\"><img decoding=\"async\" class=\"alignnone size-medium wp-image-321\" src=\"http:\/\/www2.unifap.br\/pedagogia-santana\/files\/2017\/11\/caf\u00e9-paulo-freire-300x207.jpg\" alt=\"\" width=\"300\" height=\"207\" srcset=\"https:\/\/www2.unifap.br\/pedagogia-santana\/files\/2017\/11\/caf\u00e9-paulo-freire-300x207.jpg 300w, https:\/\/www2.unifap.br\/pedagogia-santana\/files\/2017\/11\/caf\u00e9-paulo-freire.jpg 720w\" sizes=\"(max-width: 300px) 100vw, 300px\" \/><\/a><\/p>\n<p>Link:<em>&nbsp;<a href=\"http:\/\/www2.unifap.br\/pedagogia-santana\/files\/2019\/12\/Projeto-Caf\u00e9-Pedag\u00f3gico-PJ004-2019.pdf\">Projeto Caf\u00e9 Pedag\u00f3gico PJ004-2019<\/a><\/em><\/p>\n<p>_______________________________________________________________<\/p>\n<p><strong>PEDAGOGIA NAS COMUNIDADES RIBEIRINHAS<\/strong><\/p>\n<p><a href=\"http:\/\/www2.unifap.br\/pedagogia-santana\/files\/2019\/12\/PED-RIBEIRINHA-2.png\"><img decoding=\"async\" class=\"alignnone size-medium wp-image-428\" src=\"http:\/\/www2.unifap.br\/pedagogia-santana\/files\/2019\/12\/PED-RIBEIRINHA-2-300x259.png\" alt=\"\" width=\"300\" height=\"259\" srcset=\"https:\/\/www2.unifap.br\/pedagogia-santana\/files\/2019\/12\/PED-RIBEIRINHA-2-300x259.png 300w, https:\/\/www2.unifap.br\/pedagogia-santana\/files\/2019\/12\/PED-RIBEIRINHA-2-768x662.png 768w, https:\/\/www2.unifap.br\/pedagogia-santana\/files\/2019\/12\/PED-RIBEIRINHA-2.png 812w\" sizes=\"(max-width: 300px) 100vw, 300px\" \/><\/a><\/p>\n<p>Link:&nbsp;<em><a href=\"http:\/\/www2.unifap.br\/pedagogia-santana\/files\/2019\/12\/Projeto-Pedagogia-nas-Comunidades-Ribeirnhas-PJ120-2019.pdf\">Projeto Pedagogia nas Comunidades Ribeirnhas PJ120-2019<\/a><\/em><\/p>\n<p>_______________________________________________________________<\/p>\n<p>Letramento acad\u00eamico: leitura e produ\u00e7\u00e3o textual<\/p>\n<p>_______________________________________________________________<\/p>\n<p>Educa\u00e7\u00e3o para rela\u00e7\u00f5es \u00e9tnico raciais e forma\u00e7\u00f5es de professores<\/p>\n","protected":false},"excerpt":{"rendered":"<p>PROJETO DE EXTENS\u00c3O \u2013 MOVIMENTE-SE Coordena\u00e7\u00e3o: K\u00e1ssio Leal Vilhena. Colaboradores\/docentes: Alcil\u00e9a Maria Ferreira Rocha, Carlos Adriano Dias da Costa, Maria Lobato do Carmo da Silva, Raimundo Erundino Santos Diniz. Colaboradora\/bolsista: Elane Pereira Santana. A regi\u00e3o amaz\u00f4nica possui, historicamente, caracter\u00edsticas peculiares&hellip; <\/p>\n<p><a href=\"https:\/\/www2.unifap.br\/pedagogia-santana\/projetos-de-extensao\/\" class=\"readmore-button\">Continue Reading<\/a><\/p>\n","protected":false},"author":923,"featured_media":0,"parent":0,"menu_order":2,"comment_status":"open","ping_status":"open","template":"","meta":{"inline_featured_image":false,"ngg_post_thumbnail":0,"footnotes":""},"class_list":["post-93","page","type-page","status-publish","hentry"],"_links":{"self":[{"href":"https:\/\/www2.unifap.br\/pedagogia-santana\/wp-json\/wp\/v2\/pages\/93","targetHints":{"allow":["GET"]}}],"collection":[{"href":"https:\/\/www2.unifap.br\/pedagogia-santana\/wp-json\/wp\/v2\/pages"}],"about":[{"href":"https:\/\/www2.unifap.br\/pedagogia-santana\/wp-json\/wp\/v2\/types\/page"}],"author":[{"embeddable":true,"href":"https:\/\/www2.unifap.br\/pedagogia-santana\/wp-json\/wp\/v2\/users\/923"}],"replies":[{"embeddable":true,"href":"https:\/\/www2.unifap.br\/pedagogia-santana\/wp-json\/wp\/v2\/comments?post=93"}],"version-history":[{"count":10,"href":"https:\/\/www2.unifap.br\/pedagogia-santana\/wp-json\/wp\/v2\/pages\/93\/revisions"}],"predecessor-version":[{"id":699,"href":"https:\/\/www2.unifap.br\/pedagogia-santana\/wp-json\/wp\/v2\/pages\/93\/revisions\/699"}],"wp:attachment":[{"href":"https:\/\/www2.unifap.br\/pedagogia-santana\/wp-json\/wp\/v2\/media?parent=93"}],"curies":[{"name":"wp","href":"https:\/\/api.w.org\/{rel}","templated":true}]}}