{"id":987,"date":"2023-03-04T22:51:40","date_gmt":"2023-03-04T22:51:40","guid":{"rendered":"https:\/\/www2.unifap.br\/pedagogia-santana\/?page_id=987"},"modified":"2023-09-18T18:50:30","modified_gmt":"2023-09-18T18:50:30","slug":"egressos-2","status":"publish","type":"page","link":"https:\/\/www2.unifap.br\/pedagogia-santana\/egressos-2\/","title":{"rendered":"EGRESSOS"},"content":{"rendered":"<h2><a href=\"http:\/\/www2.unifap.br\/pedagogia-santana\/files\/2023\/09\/Alem-do-diploma.png\"><img fetchpriority=\"high\" decoding=\"async\" class=\"aligncenter  wp-image-1147\" src=\"http:\/\/www2.unifap.br\/pedagogia-santana\/files\/2023\/09\/Alem-do-diploma-1024x256.png\" alt=\"\" width=\"672\" height=\"168\" srcset=\"https:\/\/www2.unifap.br\/pedagogia-santana\/files\/2023\/09\/Alem-do-diploma-1024x256.png 1024w, https:\/\/www2.unifap.br\/pedagogia-santana\/files\/2023\/09\/Alem-do-diploma-300x75.png 300w, https:\/\/www2.unifap.br\/pedagogia-santana\/files\/2023\/09\/Alem-do-diploma-768x192.png 768w, https:\/\/www2.unifap.br\/pedagogia-santana\/files\/2023\/09\/Alem-do-diploma-1536x384.png 1536w, https:\/\/www2.unifap.br\/pedagogia-santana\/files\/2023\/09\/Alem-do-diploma-2048x512.png 2048w\" sizes=\"(max-width: 672px) 100vw, 672px\" \/><\/a><\/h2>\n<h2 class=\"text-center\">O que significa EGRESSO no Ensino Superior?<\/h2>\n<p>O termo significa \u201cex-aluno\u201d \u00e9 utilizado para designar alunos concluintes do ensino superior dos cursos de gradua\u00e7\u00e3o, p\u00f3s-gradua\u00e7\u00e3o, mestrado e doutorado e demais cursos.<\/p>\n<h2 class=\"text-center\">Apoio a forma\u00e7\u00e3o continuada:&nbsp;<\/h2>\n<p>Os egressos s\u00e3o convidados a participar de palestras e atividades voltadas para sua forma\u00e7\u00e3o continuada. Este contato \u00e9 feito atrav\u00e9s de e-mail, telefone ou correspond\u00eancia. Tamb\u00e9m podem usar laborat\u00f3rios da Institui\u00e7\u00e3o durante os hor\u00e1rios livres de aula, com agendamento pr\u00e9vio.<\/p>\n<h2 class=\"text-center\">Depoimentos:&nbsp;<\/h2>\n<h4 class=\"text-center\">Turma 2015:<\/h4>\n<h4 class=\"text-center\">Turma 2016:<\/h4>\n<h4 class=\"text-center\">Turma 2017:<\/h4>\n<h2 class=\"text-center\">Pesquisa com egressos e concluintes:<\/h2>\n<p>Este formul\u00e1rio tem por objetivo agregar informa\u00e7\u00f5es an\u00f4nimas sobre voc\u00ea, o seu curso, a sua forma\u00e7\u00e3o e a seu situa\u00e7\u00e3o de empregabilidade. \u00c9 de grande import\u00e2ncia para avalia\u00e7\u00e3o institucional e para a melhoria dos servi\u00e7os educacionais\/a\u00e7\u00f5es pedag\u00f3gicas no \u00e2mbito do Curso de Licenciatura em Pedagogia da UNIFAP, campus Santana.<\/p>\n<p><strong>Acesse o formul\u00e1rio:<\/strong><\/p>\n<p>Este banco de dados ficar\u00e1 armazenado na Coordena\u00e7\u00e3o do curso.<\/p>\n","protected":false},"excerpt":{"rendered":"<p>O que significa EGRESSO no Ensino Superior? O termo significa \u201cex-aluno\u201d \u00e9 utilizado para designar alunos concluintes do ensino superior dos cursos de gradua\u00e7\u00e3o, p\u00f3s-gradua\u00e7\u00e3o, mestrado e doutorado e demais cursos. Apoio a forma\u00e7\u00e3o continuada:&nbsp; Os egressos s\u00e3o convidados a&hellip; <\/p>\n<p><a href=\"https:\/\/www2.unifap.br\/pedagogia-santana\/egressos-2\/\" class=\"readmore-button\">Continue Reading<\/a><\/p>\n","protected":false},"author":841,"featured_media":0,"parent":0,"menu_order":0,"comment_status":"closed","ping_status":"closed","template":"","meta":{"inline_featured_image":false,"ngg_post_thumbnail":0,"footnotes":""},"class_list":["post-987","page","type-page","status-publish","hentry"],"_links":{"self":[{"href":"https:\/\/www2.unifap.br\/pedagogia-santana\/wp-json\/wp\/v2\/pages\/987","targetHints":{"allow":["GET"]}}],"collection":[{"href":"https:\/\/www2.unifap.br\/pedagogia-santana\/wp-json\/wp\/v2\/pages"}],"about":[{"href":"https:\/\/www2.unifap.br\/pedagogia-santana\/wp-json\/wp\/v2\/types\/page"}],"author":[{"embeddable":true,"href":"https:\/\/www2.unifap.br\/pedagogia-santana\/wp-json\/wp\/v2\/users\/841"}],"replies":[{"embeddable":true,"href":"https:\/\/www2.unifap.br\/pedagogia-santana\/wp-json\/wp\/v2\/comments?post=987"}],"version-history":[{"count":3,"href":"https:\/\/www2.unifap.br\/pedagogia-santana\/wp-json\/wp\/v2\/pages\/987\/revisions"}],"predecessor-version":[{"id":1148,"href":"https:\/\/www2.unifap.br\/pedagogia-santana\/wp-json\/wp\/v2\/pages\/987\/revisions\/1148"}],"wp:attachment":[{"href":"https:\/\/www2.unifap.br\/pedagogia-santana\/wp-json\/wp\/v2\/media?parent=987"}],"curies":[{"name":"wp","href":"https:\/\/api.w.org\/{rel}","templated":true}]}}