{"id":21,"date":"2009-12-10T12:39:26","date_gmt":"2009-12-10T15:39:26","guid":{"rendered":"http:\/\/pororoca.unifap.br\/pedagogia\/?page_id=21"},"modified":"2019-02-13T19:57:02","modified_gmt":"2019-02-13T19:57:02","slug":"ementas","status":"publish","type":"page","link":"https:\/\/www2.unifap.br\/pedagogia\/ementas\/","title":{"rendered":"Planos de Ensino"},"content":{"rendered":"<p><strong>1\u00ba PER\u00cdODO<\/strong><\/p>\n<ul>\n<li><a href=\"http:\/\/www2.unifap.br\/pedagogia\/files\/2009\/12\/INTRODU\u00c7\u00c3O-\u00c0-PEDAGOGIA1.pdf\">INTRODU\u00c7\u00c3O \u00c0 PEDAGOGIA<\/a><\/li>\n<li><a href=\"http:\/\/www2.unifap.br\/pedagogia\/files\/2009\/12\/HIST\u00d3RIA-GERAL-DA-EDUCA\u00c7\u00c3O.pdf\">HIST\u00d3RIA GERAL DA EDUCA\u00c7\u00c3O<\/a><\/li>\n<li><a href=\"http:\/\/www2.unifap.br\/pedagogia\/files\/2009\/12\/SOCIOLOGIA-DA-EDUCA\u00c7\u00c3O-I.pdf\">SOCIOLOGIA DA EDUCA\u00c7\u00c3O I<\/a><\/li>\n<li><a href=\"http:\/\/www2.unifap.br\/pedagogia\/files\/2009\/12\/ANTROPOLOGIA-E-EDUCA\u00c7\u00c3O.pdf\">ANTROPOLOGIA E EDUCA\u00c7\u00c3O<\/a><\/li>\n<\/ul>\n<p>&nbsp;<\/p>\n<ul>\n<li><a href=\"http:\/\/www2.unifap.br\/pedagogia\/files\/2009\/12\/FILOSOFIA-DA-EDUCA\u00c7\u00c3O-I.pdf\">FILOSOFIA DA EDUCA\u00c7\u00c3O I<\/a><\/li>\n<li><a href=\"http:\/\/www2.unifap.br\/pedagogia\/files\/2009\/12\/PESQUISA-EM-EDUCA\u00c7\u00c3O-I.pdf\">PESQUISA EM EDUCA\u00c7\u00c3O I<\/a><\/li>\n<\/ul>\n<p><strong>2\u00ba PER\u00cdODO<\/strong><\/p>\n<ul>\n<li><a href=\"http:\/\/www2.unifap.br\/pedagogia\/files\/2009\/12\/PR\u00c1TICA-PEDAG\u00d3GICA-I.pdf\">PR\u00c1TICA PEDAG\u00d3GICA I<\/a><\/li>\n<li><a href=\"http:\/\/www2.unifap.br\/pedagogia\/files\/2009\/12\/HIST\u00d3RIA-DA-EDUCA\u00c7\u00c3O-BRASILEIRA.pdf\">HIST\u00d3RIA DA EDUCA\u00c7\u00c3O BRASILEIRA<\/a><\/li>\n<li><a href=\"http:\/\/www2.unifap.br\/pedagogia\/files\/2009\/12\/SOCIOLOGIA-DA-EDUCA\u00c7\u00c3O-II.pdf\">SOCIOLOGIA DA EDUCA\u00c7\u00c3O II<\/a><\/li>\n<li><a href=\"http:\/\/www2.unifap.br\/pedagogia\/files\/2009\/12\/DID\u00c1TICA-I.pdf\">DID\u00c1TICA I<\/a><\/li>\n<li><a href=\"http:\/\/www2.unifap.br\/pedagogia\/files\/2009\/12\/FILOSOFIA-DA-EDUCA\u00c7\u00c3O-II.pdf\">FILOSOFIA DA EDUCA\u00c7\u00c3O II<\/a><\/li>\n<li><a href=\"http:\/\/www2.unifap.br\/pedagogia\/files\/2009\/12\/PESQUISA-EM-EDUCA\u00c7\u00c3O-II.pdf\">PESQUISA EM EDUCA\u00c7\u00c3O II<\/a><\/li>\n<\/ul>\n<p><strong>3\u00ba PER\u00cdODO<\/strong><\/p>\n<ul>\n<li>PR\u00c1TICA PEDAGOGIA II<\/li>\n<li><a href=\"http:\/\/www2.unifap.br\/pedagogia\/files\/2009\/12\/POL\u00cdTICA-E-LEGISLA\u00c7\u00c3O-EDUCACIONAL-BRASILEIRA.pdf\">POL\u00cdTICA E LEGISLA\u00c7\u00c3O EDUCACIONAL BRASILEIRA<\/a><\/li>\n<li><a href=\"http:\/\/www2.unifap.br\/pedagogia\/files\/2009\/12\/TEORIA-E-PR\u00c1TICA-DO-ENSINO-NA-EDUCA\u00c7\u00c3O-INFANTIL.pdf\">TEORIA E PR\u00c1TICA DO ENSINO NA EDUCA\u00c7\u00c3O INFANTIL<\/a><\/li>\n<li><a href=\"http:\/\/www2.unifap.br\/pedagogia\/files\/2009\/12\/DID\u00c1TICA-II.pdf\">DID\u00c1TICA II<\/a><\/li>\n<li><a href=\"http:\/\/www2.unifap.br\/pedagogia\/files\/2009\/12\/PLANEJAMENTO-EDUCACIONAL.pdf\">PLANEJAMENTO EDUCACIONAL<\/a><\/li>\n<li><a href=\"http:\/\/www2.unifap.br\/pedagogia\/files\/2009\/12\/PSICOLOGIA-DA-EDUCA\u00c7\u00c3O-I.pdf\">PSICOLOGIA DA EDUCA\u00c7\u00c3O I<\/a><\/li>\n<li><a href=\"http:\/\/www2.unifap.br\/pedagogia\/files\/2009\/12\/SEMIN\u00c1RIO-DE-PESQUISA-I.pdf\">SEMIN\u00c1RIO DE PESQUISA I<\/a><\/li>\n<\/ul>\n<p><strong>4\u00ba PER\u00cdODO<\/strong><\/p>\n<ul>\n<li><a href=\"http:\/\/www2.unifap.br\/pedagogia\/files\/2009\/12\/PR\u00c1TICA-PEDAG\u00d3GICA-III.pdf\">PR\u00c1TICA PEDAG\u00d3GICA III<\/a><\/li>\n<li><a href=\"http:\/\/www2.unifap.br\/pedagogia\/files\/2009\/12\/EDUCA\u00c7\u00c3O-E-LUDICIDADE.pdf\">EDUCA\u00c7\u00c3O E LUDICIDADE<\/a><\/li>\n<li><a href=\"http:\/\/www2.unifap.br\/pedagogia\/files\/2009\/12\/TEORIA-E-PR\u00c1TICA-DA-ALFABETIZA\u00c7\u00c3O.pdf\">TEORIA E PR\u00c1TICA DA ALFABETIZA\u00c7\u00c3O<\/a><\/li>\n<li><a href=\"http:\/\/www2.unifap.br\/pedagogia\/files\/2009\/12\/TEORIA-E-PR\u00c1TICA-DO-ENSINO-DE-ARTES.pdf\">TEORIA E PR\u00c1TICA DO ENSINO DE ARTES<\/a><\/li>\n<li><a href=\"http:\/\/www2.unifap.br\/pedagogia\/files\/2009\/12\/EDUCA\u00c7\u00c3O-CURR\u00cdCULO-E-CULTURA.pdf\">EDUCA\u00c7\u00c3O, CURR\u00cdCULO E CULTURA<\/a><\/li>\n<li><a href=\"http:\/\/www2.unifap.br\/pedagogia\/files\/2009\/12\/PSICOLOGIA-DA-EDUCA\u00c7\u00c3O-II.pdf\">PSICOLOGIA DA EDUCA\u00c7\u00c3O II<\/a><\/li>\n<li><a href=\"http:\/\/www2.unifap.br\/pedagogia\/files\/2009\/12\/SEMIN\u00c1RIO-DE-PESQUISA-II.pdf\">SEMIN\u00c1RIO DE PESQUISA II<\/a><\/li>\n<\/ul>\n<p><strong>5\u00ba PER\u00cdODO<\/strong><\/p>\n<ul>\n<li><a href=\"http:\/\/www2.unifap.br\/pedagogia\/files\/2009\/12\/PR\u00c1TICA-PEDAG\u00d3GICA-IV.pdf\">PR\u00c1TICA PEDAG\u00d3GICA IV<\/a><\/li>\n<li><a href=\"http:\/\/www2.unifap.br\/pedagogia\/files\/2009\/12\/LITERATURA-INFANTO-JUVENIL.pdf\">LITERATURA INFANTO-JUVENIL<\/a><\/li>\n<li><a href=\"http:\/\/www2.unifap.br\/pedagogia\/files\/2009\/12\/TEORIA-E-PR\u00c1TICA-DO-ENSINO-DA-L\u00cdNGUA-PORTUGUESA.pdf\">TEORIA E PR\u00c1TICA DO ENSINO DA L\u00cdNGUA PORTUGUESA<\/a><\/li>\n<li><a href=\"http:\/\/www2.unifap.br\/pedagogia\/files\/2009\/12\/TEORIA-E-PR\u00c1TICA-DO-ENSINO-DE-MATEM\u00c1TICA.pdf\">TEORIA E PR\u00c1TICA DO ENSINO DE MATEM\u00c1TICA<\/a><\/li>\n<li><a href=\"http:\/\/www2.unifap.br\/pedagogia\/files\/2009\/12\/Avalia\u00e7\u00e3o-Educacional.pdf\">AVALIA\u00c7\u00c3O EDUCACIONAL<\/a><\/li>\n<li><a href=\"http:\/\/www2.unifap.br\/pedagogia\/files\/2009\/12\/PSICOLOGIA-DA-EDUCA\u00c7\u00c3O-III.pdf\">PSICOLOGIA DA EDUCA\u00c7\u00c3O III<\/a><\/li>\n<li><a href=\"http:\/\/www2.unifap.br\/pedagogia\/files\/2009\/12\/SEMIN\u00c1RIO-DE-PESQUISA-III.pdf\">SEMIN\u00c1RIO DE PESQUISA III<\/a><\/li>\n<\/ul>\n<p><strong>6\u00ba PER\u00cdODO<\/strong><\/p>\n<ul>\n<li>PR\u00c1TICA PEDAGOGIA V<\/li>\n<li><a href=\"http:\/\/www2.unifap.br\/pedagogia\/files\/2009\/12\/EDUCA\u00c7\u00c3O-DE-JOVENS-E-ADULTOS.pdf\">EDUCA\u00c7\u00c3O DE JOVENS E ADULTOS<\/a><\/li>\n<li><a href=\"http:\/\/www2.unifap.br\/pedagogia\/files\/2009\/12\/TEORIA-E-PR\u00c1TICA-DO-ENSINO-DE-HIST\u00d3RIA.pdf\">TEORIA E PR\u00c1TICA DO ENSINO DE HIST\u00d3RIA<\/a><\/li>\n<li><a href=\"http:\/\/www2.unifap.br\/pedagogia\/files\/2009\/12\/TEORIA-E-PR\u00c1TICA-DO-ENSINO-DE-GEOGRAFIA.pdf\">TEORIA E PR\u00c1TICA DO ENSINO DE GEOGRAFIA<\/a><\/li>\n<li><a href=\"http:\/\/www2.unifap.br\/pedagogia\/files\/2009\/12\/TEORIA-E-PR\u00c1TICA-DO-ENSINO-DE-CI\u00caNCIAS.pdf\">TEORIA E PR\u00c1TICA DO ENSINO DE CI\u00caNCIAS<\/a><\/li>\n<li>EST\u00c1GIO SUPERVISIONADO I<\/li>\n<li>SEMIN\u00c1RIO DE PESQUISA IV<\/li>\n<\/ul>\n<p><strong>7\u00ba PER\u00cdODO<\/strong><\/p>\n<ul>\n<li>PR\u00c1TICA PEDAG\u00d3GICA VI<\/li>\n<li><a href=\"http:\/\/www2.unifap.br\/pedagogia\/files\/2009\/12\/EDUCA\u00c7\u00c3O-E-TRABALHO.pdf\">EDUCA\u00c7\u00c3O E TRABALHO<\/a><\/li>\n<li><a href=\"http:\/\/www2.unifap.br\/pedagogia\/files\/2009\/12\/EDUCA\u00c7\u00c3O-INCLUSIVA-PARA-A-PNEE.pdf\">EDUCA\u00c7\u00c3O INCLUSIVA PARA A PNEE<\/a><\/li>\n<li><a href=\"http:\/\/www2.unifap.br\/pedagogia\/files\/2009\/12\/LIBRAS.pdf\">LIBRAS<\/a><\/li>\n<li><a href=\"http:\/\/www2.unifap.br\/pedagogia\/files\/2009\/12\/ORGANIZA\u00c7\u00c3O-E-GEST\u00c3O-DO-TRABALHO-PEDAG\u00d3GICO-I.pdf\">ORGANIZA\u00c7\u00c3O E GEST\u00c3O DO TRABALHO PEDAG\u00d3GICO I<\/a><\/li>\n<li><a href=\"http:\/\/www2.unifap.br\/pedagogia\/files\/2009\/12\/EST\u00c1GIO-SUPERVISIONADO-II.pdf\">EST\u00c1GIO SUPERVISIONADO II<\/a><\/li>\n<li>TCC I<\/li>\n<\/ul>\n<p><strong>8\u00ba PER\u00cdODO<\/strong><\/p>\n<ul>\n<li>PR\u00c1TICA PEDAG\u00d3GICA VII<\/li>\n<li><a href=\"http:\/\/www2.unifap.br\/pedagogia\/files\/2009\/12\/EDUCA\u00c7\u00c3O-E-RELA\u00c7\u00d5ES-\u00c9TNICO-RACIAIS.pdf\">EDUCA\u00c7\u00c3O E RELA\u00c7\u00d5ES \u00c9TNICO-RACIAIS<\/a><\/li>\n<li><a href=\"http:\/\/www2.unifap.br\/pedagogia\/files\/2009\/12\/EDUCA\u00c7\u00c3O-E-MOVIMENTOS-SOCIAIS.pdf\">EDUCA\u00c7\u00c3O E MOVIMENTOS SOCIAIS<\/a><\/li>\n<li>EDUCA\u00c7\u00c3O E TECNOLOGIA<\/li>\n<li><a href=\"http:\/\/www2.unifap.br\/pedagogia\/files\/2009\/12\/ORGANIZA\u00c7\u00c3O-E-GEST\u00c3O-DO-TRABALHO-PEDAG\u00d3GICO-II.pdf\">ORGANIZA\u00c7\u00c3O E GEST\u00c3O DO TRABALHO PEDAG\u00d3GICO II<\/a><\/li>\n<li><a href=\"http:\/\/www2.unifap.br\/pedagogia\/files\/2009\/12\/EST\u00c1GIO-SUPERVISIONADO-III.pdf\">EST\u00c1GIO SUPERVISIONADO III<\/a><\/li>\n<li>TCC II<\/li>\n<\/ul>\n<p>&nbsp;<\/p>\n<p>&nbsp;<\/p>\n<p>&nbsp;<\/p>\n<p style=\"text-align: center\"><em><strong>ANTIGOS<\/strong><\/em><\/p>\n<p><a href=\"http:\/\/www2.unifap.br\/pedagogia\/files\/2009\/12\/ANTROPOLOGIA-E-EDUCA\u00c7\u00c3O-PROFA.-F\u00c1TIMA-GUEDES.doc\">ANTROPOLOGIA E EDUCA\u00c7\u00c3O &#8211; PROFA. F\u00c1TIMA GUEDES<\/a><\/p>\n<p><a href=\"http:\/\/www2.unifap.br\/pedagogia\/files\/2009\/12\/AVALIA\u00c7\u00c3O-EDUCACIONAL-PROFA.-VALMINA.doc\">AVALIA\u00c7\u00c3O EDUCACIONAL &#8211; PROFA. VALMINA<\/a><\/p>\n<p><a href=\"http:\/\/www2.unifap.br\/pedagogia\/files\/2009\/12\/DID\u00c1TICA-I-PROFA.-ANTONIA-ANDRADE.doc\">DID\u00c1TICA I &#8211; PROFA. ANTONIA ANDRADE<\/a><\/p>\n<p><a href=\"http:\/\/www2.unifap.br\/pedagogia\/files\/2009\/12\/DID\u00c1TICA-II-PROFA.-ANTONIA-ANDRADE.doc\">DID\u00c1TICA II &#8211; PROFA. ANTONIA ANDRADE<\/a><\/p>\n<p><a href=\"http:\/\/www2.unifap.br\/pedagogia\/files\/2009\/12\/DIRETRIZES-DE-PR\u00c1TICA-PEDAG\u00d3GICA-ANO-2009.doc\">DIRETRIZES DE PR\u00c1TICA PEDAG\u00d3GICA &#8211; ANO 2009<\/a><\/p>\n<p><a href=\"http:\/\/www2.unifap.br\/pedagogia\/files\/2009\/12\/Educa\u00e7\u00e3o-e-Ludicidade-60h-M\u00e1rcio-Ribas.doc\">Educa\u00e7\u00e3o e Ludicidade &#8211; 60h &#8211; M\u00e1rcio Ribas<\/a><\/p>\n<p><a href=\"http:\/\/www2.unifap.br\/pedagogia\/files\/2009\/12\/EDUCA\u00c7\u00c3O-E-MOVIMENTOS-SOCIAIS-PROFA.-VALMINA.doc\">EDUCA\u00c7\u00c3O E MOVIMENTOS SOCIAIS &#8211; PROFA. VALMINA<\/a><\/p>\n<p><a href=\"http:\/\/www2.unifap.br\/pedagogia\/files\/2009\/12\/Educa\u00e7\u00e3o-e-Rela\u00e7\u00f5es-\u00c9tnico-Raciais-75-Almir-+-Rosalda.docx\">Educa\u00e7\u00e3o e Rela\u00e7\u00f5es \u00c9tnico-Raciais &#8211; 75 &#8211; Almir + Rosalda<\/a><\/p>\n<p><a href=\"http:\/\/www2.unifap.br\/pedagogia\/files\/2009\/12\/EDUCA\u00c7\u00c3O-E-TRABALHO-PROFA.-VALMINA.doc\">EDUCA\u00c7\u00c3O E TRABALHO &#8211; PROFA. VALMINA<\/a><\/p>\n<p><a href=\"http:\/\/www2.unifap.br\/pedagogia\/files\/2009\/12\/EDUCA\u00c7\u00c3O-INCLUSIVA-PARA-PNEE-PROFA.-LEILA-FEIO.doc\">EDUCA\u00c7\u00c3O INCLUSIVA PARA PNEE &#8211; PROFA. LEILA FEIO<\/a><\/p>\n<p><a href=\"http:\/\/www2.unifap.br\/pedagogia\/files\/2009\/12\/EDUCA\u00c7\u00c3O-CURR\u00cdCULO-E-CULTURA-PROFA.-ANA-CL\u00c1UDIA.doc\">EDUCA\u00c7\u00c3O, CURR\u00cdCULO E CULTURA &#8211; PROFA. ANA CL\u00c1UDIA<\/a><\/p>\n<p><a href=\"http:\/\/www2.unifap.br\/pedagogia\/files\/2009\/12\/EJA-PROFA.-VALMINA-PIRES.doc\">EJA &#8211; PROFA. VALMINA PIRES<\/a><\/p>\n<p><a href=\"http:\/\/www2.unifap.br\/pedagogia\/files\/2009\/12\/Est\u00e1gio-Supervisionando-III-100h-Rubi-e-S\u00e9rgio.doc\">Est\u00e1gio Supervisionando III &#8211; 100h &#8211; Rubi e S\u00e9rgio<\/a><\/p>\n<p><a href=\"http:\/\/www2.unifap.br\/pedagogia\/files\/2009\/12\/Filosofia-da-Educa\u00e7\u00e3o-I-75h-Jo\u00e3o-Borges.doc\">Filosofia da Educa\u00e7\u00e3o I &#8211; 75h &#8211; Jo\u00e3o Borges<\/a><\/p>\n<p><a href=\"http:\/\/www2.unifap.br\/pedagogia\/files\/2009\/12\/FILOSOFIA-DA-EDUCA\u00c7\u00c3O-II-PROF.-JO\u00c3O-BORGES.pdf\">FILOSOFIA DA EDUCA\u00c7\u00c3O II &#8211; PROF. JO\u00c3O BORGES<\/a><\/p>\n<p><a href=\"http:\/\/www2.unifap.br\/pedagogia\/files\/2009\/12\/HISTORIA-DA-EDUCA\u00c7\u00c3O-BRASILEIRA-PROFA.-ROSALDA-IVONE.doc\">HISTORIA DA EDUCA\u00c7\u00c3O BRASILEIRA &#8211; PROFA. ROSALDA IVONE<\/a><\/p>\n<p><a href=\"http:\/\/www2.unifap.br\/pedagogia\/files\/2009\/12\/Literatura-Infanto-Juvenil-60h-Dami\u00e3o-Francisco.doc\">INTRODU\u00c7\u00c3O \u00c0 PEDAGOGIA &#8211; PROFA. VALMINA<\/a><\/p>\n<p><a href=\"http:\/\/www2.unifap.br\/pedagogia\/files\/2009\/12\/Literatura-Infanto-Juvenil-60h-Dami\u00e3o-Francisco.doc\">Literatura Infanto-Juvenil &#8211; 60h &#8211; Dami\u00e3o Francisco<\/a><\/p>\n<p><a href=\"http:\/\/www2.unifap.br\/pedagogia\/files\/2009\/12\/Organiza\u00e7\u00e3o-e-Gest\u00e3o-do-Trabalho-Pedag\u00f3gico-I-75h-Rocio-Rubi.doc\">Organiza\u00e7\u00e3o e Gest\u00e3o do Trabalho Pedag\u00f3gico I &#8211; 75h &#8211; Rocio Rubi<\/a><\/p>\n<p><a href=\"http:\/\/www2.unifap.br\/pedagogia\/files\/2009\/12\/PESQUISA-EM-EDUCA\u00c7\u00c3O-I-PROFA.-ELDA.docx\">PESQUISA EM EDUCA\u00c7\u00c3O I &#8211; PROFA. ELDA<\/a><\/p>\n<p><a href=\"http:\/\/www2.unifap.br\/pedagogia\/files\/2009\/12\/PESQUISA-EM-EDUCA\u00c7\u00c3O-II-PROFA.-ELDA.pdf\">PESQUISA EM EDUCA\u00c7\u00c3O II &#8211; PROFA. ELDA<\/a><\/p>\n<p><a href=\"http:\/\/www2.unifap.br\/pedagogia\/files\/2009\/12\/PLANEJAMENTO-EDUCACIONAL-PROFA.-NAZAR\u00c9-GUIMAR\u00c3ES.doc\">PLANEJAMENTO EDUCACIONAL &#8211; PROFA. NAZAR\u00c9 GUIMAR\u00c3ES<\/a><\/p>\n<p><a href=\"http:\/\/www2.unifap.br\/pedagogia\/files\/2009\/12\/POLEB-K\u00c1TIA-FONS\u00caCA.doc\">POLEB &#8211; K\u00c1TIA FONS\u00caCA<\/a><\/p>\n<p><a href=\"http:\/\/www2.unifap.br\/pedagogia\/files\/2009\/12\/PR\u00c1TICA-PEDAG\u00d3GICA-I-PROFA.-ARTHANE-+-RUBI.doc\">PR\u00c1TICA PEDAG\u00d3GICA I &#8211; PROFA. ARTHANE + RUBI<\/a><\/p>\n<p><a href=\"http:\/\/www2.unifap.br\/pedagogia\/files\/2009\/12\/PR\u00c1TICA-PEDAG\u00d3GICA-III-PROFA.-ROCIO-RUBI.doc\">PR\u00c1TICA PEDAG\u00d3GICA III &#8211; PROFA. ROCIO RUBI<\/a><\/p>\n<p><a href=\"http:\/\/www2.unifap.br\/pedagogia\/files\/2009\/12\/PSICOLOGIA-DA-EDUCA\u00c7\u00c3O-I.doc\">PSICOLOGIA DA EDUCA\u00c7\u00c3O I<\/a><\/p>\n<p><a href=\"http:\/\/www2.unifap.br\/pedagogia\/files\/2009\/12\/PSICOLOGIA-DA-EDUCA\u00c7\u00c3O-II.doc\">PSICOLOGIA DA EDUCA\u00c7\u00c3O II<\/a><\/p>\n<p><a href=\"http:\/\/www2.unifap.br\/pedagogia\/files\/2009\/12\/PSICOLOGIA-DA-EDUCA\u00c7\u00c3O-III.doc\">PSICOLOGIA DA EDUCA\u00c7\u00c3O III<\/a><\/p>\n<p><a href=\"http:\/\/www2.unifap.br\/pedagogia\/files\/2009\/12\/SEMIN\u00c1RIO-DE-PESQUISA-I-PROFA.-LEILA-FEIO.doc\">SEMIN\u00c1RIO DE PESQUISA I &#8211; PROFA. LEILA FEIO<\/a><\/p>\n<p><a href=\"http:\/\/www2.unifap.br\/pedagogia\/files\/2009\/12\/SEMIN\u00c1RIO-DE-PESQUISA-II-PROFA.-LEILA-FEIO.doc\">SEMIN\u00c1RIO DE PESQUISA II &#8211; PROFA. LEILA FEIO<\/a><\/p>\n<p><a href=\"http:\/\/www2.unifap.br\/pedagogia\/files\/2009\/12\/SEMIN\u00c1RIO-DE-PESQUISA-III-PROFA.-LEILA-FEIO.doc\">SEMIN\u00c1RIO DE PESQUISA III &#8211; PROFA. LEILA FEIO<\/a><\/p>\n<p><a href=\"http:\/\/www2.unifap.br\/pedagogia\/files\/2009\/12\/TP-DA-ALFABETIZA\u00c7\u00c3O-PROFA.-DILENE-K\u00c1TIA.doc\">TP DA ALFABETIZA\u00c7\u00c3O &#8211; PROFA. DILENE K\u00c1TIA<\/a><\/p>\n<p><a href=\"http:\/\/www2.unifap.br\/pedagogia\/files\/2009\/12\/TP-DA-EDUCA\u00c7\u00c3O-INFANTIL-PROFA.-DILENE-K\u00c1TIA.doc\">TP DA EDUCA\u00c7\u00c3O INFANTIL &#8211; PROFA. DILENE K\u00c1TIA<\/a><\/p>\n<p><a href=\"http:\/\/www2.unifap.br\/pedagogia\/files\/2009\/12\/TP-do-Ensino-de-Ci\u00eancias-75h-Luis-Alexandre.docx\">TP do Ensino de Ci\u00eancias &#8211; 75h &#8211; Luis Alexandre<\/a><\/p>\n<p><a href=\"http:\/\/www2.unifap.br\/pedagogia\/files\/2009\/12\/TP-do-Ensino-de-Geografia-75h-Alexandro-Camargo.doc\">TP do Ensino de Geografia &#8211; 75h &#8211; Alexandro Camargo<\/a><\/p>\n<p><a href=\"http:\/\/www2.unifap.br\/pedagogia\/files\/2009\/12\/TP-do-Ensino-de-L\u00edngua-Portuguesa-75-Dami\u00e3o-Francisco.doc\">TP do Ensino de L\u00edngua Portuguesa &#8211; 75 &#8211; Dami\u00e3o Francisco<\/a><\/p>\n<p><a href=\"http:\/\/www2.unifap.br\/pedagogia\/files\/2009\/12\/TP-do-Ensino-de-Matem\u00e1tica-75h-Arlindo-Filho.docx\">TP do Ensino de Matem\u00e1tica &#8211; 75h &#8211; Arlindo Filho<\/a><a href=\"http:\/\/www2.unifap.br\/pedagogia\/files\/2009\/12\/FLUXOGRAMA-CURSO-158-MATRIZ-543.jpg\"><img fetchpriority=\"high\" decoding=\"async\" class=\"alignnone  wp-image-276\" alt=\"FLUXOGRAMA - CURSO 158 - MATRIZ 543\" src=\"http:\/\/www2.unifap.br\/pedagogia\/files\/2009\/12\/FLUXOGRAMA-CURSO-158-MATRIZ-543-300x212.jpg\" width=\"464\" height=\"212\" \/><\/a><\/p>\n","protected":false},"excerpt":{"rendered":"<p>1\u00ba PER\u00cdODO INTRODU\u00c7\u00c3O \u00c0 PEDAGOGIA HIST\u00d3RIA GERAL DA EDUCA\u00c7\u00c3O SOCIOLOGIA DA EDUCA\u00c7\u00c3O I ANTROPOLOGIA E EDUCA\u00c7\u00c3O &nbsp; FILOSOFIA DA EDUCA\u00c7\u00c3O I PESQUISA EM EDUCA\u00c7\u00c3O I 2\u00ba PER\u00cdODO PR\u00c1TICA PEDAG\u00d3GICA I HIST\u00d3RIA DA EDUCA\u00c7\u00c3O BRASILEIRA SOCIOLOGIA DA EDUCA\u00c7\u00c3O II DID\u00c1TICA I&hellip; <\/p>\n<p><a href=\"https:\/\/www2.unifap.br\/pedagogia\/ementas\/\" class=\"readmore-button\">Continue Reading<\/a><\/p>\n","protected":false},"author":75,"featured_media":0,"parent":0,"menu_order":2,"comment_status":"closed","ping_status":"closed","template":"","meta":{"inline_featured_image":false,"ngg_post_thumbnail":0,"footnotes":""},"class_list":["post-21","page","type-page","status-publish","hentry"],"_links":{"self":[{"href":"https:\/\/www2.unifap.br\/pedagogia\/wp-json\/wp\/v2\/pages\/21","targetHints":{"allow":["GET"]}}],"collection":[{"href":"https:\/\/www2.unifap.br\/pedagogia\/wp-json\/wp\/v2\/pages"}],"about":[{"href":"https:\/\/www2.unifap.br\/pedagogia\/wp-json\/wp\/v2\/types\/page"}],"author":[{"embeddable":true,"href":"https:\/\/www2.unifap.br\/pedagogia\/wp-json\/wp\/v2\/users\/75"}],"replies":[{"embeddable":true,"href":"https:\/\/www2.unifap.br\/pedagogia\/wp-json\/wp\/v2\/comments?post=21"}],"version-history":[{"count":18,"href":"https:\/\/www2.unifap.br\/pedagogia\/wp-json\/wp\/v2\/pages\/21\/revisions"}],"predecessor-version":[{"id":456,"href":"https:\/\/www2.unifap.br\/pedagogia\/wp-json\/wp\/v2\/pages\/21\/revisions\/456"}],"wp:attachment":[{"href":"https:\/\/www2.unifap.br\/pedagogia\/wp-json\/wp\/v2\/media?parent=21"}],"curies":[{"name":"wp","href":"https:\/\/api.w.org\/{rel}","templated":true}]}}