{"id":342,"date":"2018-05-11T16:09:45","date_gmt":"2018-05-11T16:09:45","guid":{"rendered":"http:\/\/www2.unifap.br\/pedagogia\/?page_id=342"},"modified":"2023-05-10T23:32:41","modified_gmt":"2023-05-10T23:32:41","slug":"quadro-de-docentes","status":"publish","type":"page","link":"https:\/\/www2.unifap.br\/pedagogia\/quadro-de-docentes\/","title":{"rendered":"Quadro de Docentes"},"content":{"rendered":"<p>&nbsp;<\/p>\n<p>&nbsp;<\/p>\n<table width=\"643\" cellspacing=\"0\" cellpadding=\"2\">\n<tbody>\n<tr valign=\"top\">\n<td width=\"318\">\n<h2 align=\"center\"><b>DOCENTE<\/b><\/h2>\n<\/td>\n<td width=\"314\">\n<h2 align=\"center\"><b>E-MAIL<\/b><\/h2>\n<\/td>\n<\/tr>\n<tr valign=\"top\">\n<td width=\"318\">\n<p align=\"justify\"><a href=\"http:\/\/lattes.cnpq.br\/9093782969901989\">Dr. Adalberto Carvalho Ribeiro<\/a><\/p>\n<\/td>\n<td width=\"314\">\n<p align=\"justify\"><a href=\"mailto:adalberto.cr.@gmail.com\">adalberto.cr.@gmail.com<\/a><\/p>\n<\/td>\n<\/tr>\n<tr valign=\"top\">\n<td width=\"318\">\n<p align=\"justify\"><a href=\"http:\/\/lattes.cnpq.br\/7377134509470946\">Ms. Almiro Alves Abreu<\/a><\/p>\n<\/td>\n<td width=\"314\">\n<p align=\"justify\"><a href=\"mailto:almiro.alves@bol.com.br\">almiro.alves@bol.com.br<\/a><\/p>\n<\/td>\n<\/tr>\n<tr valign=\"top\">\n<td width=\"318\">\n<p align=\"justify\"><a href=\"http:\/\/lattes.cnpq.br\/0143666843569643\">Dra. Ana Claudia Peixoto de Cristo Leite<\/a><\/p>\n<\/td>\n<td width=\"314\">\n<p align=\"justify\"><a href=\"mailto:acpcristo@yahoo.com.br\">acpcristo@yahoo.com.br<\/a><\/p>\n<\/td>\n<\/tr>\n<tr valign=\"top\">\n<td width=\"318\">\n<p align=\"justify\"><a href=\"http:\/\/lattes.cnpq.br\/7436468932855202\">Dra. Ana Olga da Silva Dias<\/a><\/p>\n<\/td>\n<td width=\"314\">\n<p align=\"justify\"><a href=\"mailto:anaolga@unifap.br\">anaolga@unifap.br<\/a><\/p>\n<\/td>\n<\/tr>\n<tr valign=\"top\">\n<td width=\"318\">\n<p align=\"justify\"><a href=\"http:\/\/lattes.cnpq.br\/7924410923493344\">Dr. Andr\u00e9 Elias Morelli Ribeiro<\/a><\/p>\n<\/td>\n<td width=\"314\">\n<p align=\"justify\"><a href=\"mailto:andre.elias.morelli@gmail.com\">andre.elias.morelli@gmail.com<\/a><\/p>\n<\/td>\n<\/tr>\n<tr valign=\"top\">\n<td width=\"318\">\n<p align=\"justify\"><a href=\"http:\/\/lattes.cnpq.br\/0146898361391391\">Dr. Andr\u00e9 Rodrigues Guimar\u00e3es<\/a><\/p>\n<\/td>\n<td width=\"314\">\n<p align=\"justify\"><a href=\"mailto:andre-unifap@yahoo.com.br\">andre-unifap@yahoo.com.br<\/a><\/p>\n<\/td>\n<\/tr>\n<tr valign=\"top\">\n<td width=\"318\">\n<p align=\"justify\"><a href=\"http:\/\/lattes.cnpq.br\/4663057745872110\">Dra. Ant\u00f4nia Costa Andrade<\/a><\/p>\n<\/td>\n<td width=\"314\">\n<p align=\"justify\"><a href=\"mailto:antoniaunifap@gmail.com\">antoniaunifap@gmail.com<\/a><\/p>\n<\/td>\n<\/tr>\n<tr valign=\"top\">\n<td width=\"318\">\n<p align=\"justify\"><a href=\"http:\/\/lattes.cnpq.br\/4712716649621181\">Dra. Arthane Menezes Figueir\u00eado<\/a><\/p>\n<\/td>\n<td width=\"314\">\n<p align=\"justify\"><a href=\"mailto:arthane@gmail.com\">arthane@gmail.com<\/a><\/p>\n<\/td>\n<\/tr>\n<tr valign=\"top\">\n<td width=\"318\"><\/td>\n<td width=\"314\"><\/td>\n<\/tr>\n<tr valign=\"top\">\n<td width=\"318\">\n<p align=\"justify\"><a href=\"http:\/\/lattes.cnpq.br\/9792094982597839\">Dra. Diana Regina dos Santos Alves Ferreira<\/a><\/p>\n<\/td>\n<td width=\"314\">\n<p align=\"justify\"><a href=\"mailto:dianaregina_w@hotmail.com\">dianaregina_w@hotmail.com<\/a><\/p>\n<\/td>\n<\/tr>\n<tr valign=\"top\">\n<td width=\"318\">\n<p align=\"justify\"><a href=\"http:\/\/lattes.cnpq.br\/6387889494536664\">Dra. Dilene K\u00e1tia Costa da Silva<\/a><\/p>\n<\/td>\n<td width=\"314\">\n<p align=\"justify\"><a href=\"mailto:dilukha@bol.com.br\">dilukha@bol.com.br<\/a><\/p>\n<p align=\"justify\"><a href=\"mailto:dilenekatia@gmail.com\">dilenekatia@gmail.com<\/a><\/p>\n<\/td>\n<\/tr>\n<tr valign=\"top\">\n<td width=\"318\">\n<p align=\"justify\"><a href=\"http:\/\/lattes.cnpq.br\/7125561923524327\">Ms. Edna Maria da Silva Oliveira<\/a><\/p>\n<\/td>\n<td width=\"314\">\n<p align=\"justify\"><a href=\"mailto:edna@unifap.br\">edna@unifap.br<\/a><\/p>\n<\/td>\n<\/tr>\n<tr valign=\"top\">\n<td width=\"318\"><a href=\"http:\/\/lattes.cnpq.br\/3477869018301030\">Esp. Luzilene Alves da Cruz<\/a><\/td>\n<td width=\"314\">\n<p align=\"justify\"><a href=\"mailto:luzilene.cruz@unifap.br\">luzilene.cruz@unifap.br<\/a><\/p>\n<\/td>\n<\/tr>\n<tr valign=\"top\">\n<td width=\"318\">\n<p align=\"justify\"><a href=\"http:\/\/lattes.cnpq.br\/9703841112682417\">Dra. Elda Gomes Ara\u00fajo<\/a><\/p>\n<\/td>\n<td width=\"314\">\n<p align=\"justify\"><a href=\"mailto:elda@unifap.br\">elda@unifap.br<\/a><\/p>\n<\/td>\n<\/tr>\n<tr valign=\"top\">\n<td width=\"318\">\n<p align=\"justify\"><a href=\"http:\/\/lattes.cnpq.br\/4609696110268688\">Dra. Eugenia da Luz Silva Foster<\/a><\/p>\n<\/td>\n<td width=\"314\">\n<p align=\"justify\"><a href=\"mailto:eugeniafoster@bol.com.br\">eugeniafoster@bol.com.br<\/a><\/p>\n<\/td>\n<\/tr>\n<tr valign=\"top\">\n<td width=\"318\">\n<p align=\"justify\"><a href=\"http:\/\/lattes.cnpq.br\/8714509231648026\">Dra. Ilma de Andrade Barleta<\/a><\/p>\n<\/td>\n<td width=\"314\">\n<p align=\"justify\"><a href=\"mailto:ilmabarleta@bol.com.br\">ilmabarleta@bol.com.br<\/a><\/p>\n<\/td>\n<\/tr>\n<tr valign=\"top\">\n<td width=\"318\">\n<p align=\"justify\"><a href=\"http:\/\/lattes.cnpq.br\/6710330472349683\">Dr. Jo\u00e3o Nascimento Borges Filho<\/a><\/p>\n<\/td>\n<td width=\"314\">\n<p align=\"justify\"><a href=\"mailto:borges.filho@unifap.br\">borges.filho@unifap.br<\/a><\/p>\n<\/td>\n<\/tr>\n<tr valign=\"top\">\n<td width=\"318\">\n<p align=\"justify\"><a href=\"http:\/\/lattes.cnpq.br\/8550073679337988\">Dr. Jo\u00e3o Paulo da Concei\u00e7\u00e3o Alves<\/a><\/p>\n<\/td>\n<td width=\"314\">\n<p align=\"justify\"><a href=\"mailto:jpaulochee@gmail.com\">jpaulochee@gmail.com<\/a><\/p>\n<\/td>\n<\/tr>\n<tr valign=\"top\">\n<td width=\"318\">\n<p align=\"justify\"><a href=\"http:\/\/lattes.cnpq.br\/4867709817521146\">Ms. K\u00e1tia de Nazar\u00e9 Santos Fonseca<\/a><\/p>\n<\/td>\n<td width=\"314\">\n<p align=\"justify\"><a href=\"mailto:katia.fonseca@unifap.br\">katia.fonseca@unifap.br<\/a><\/p>\n<\/td>\n<\/tr>\n<tr valign=\"top\">\n<td width=\"318\">\n<p align=\"justify\"><a href=\"http:\/\/lattes.cnpq.br\/0312002933984435\">Dra. Leila do Socorro Rodrigues Feio<\/a><\/p>\n<\/td>\n<td width=\"314\">\n<p align=\"justify\"><a href=\"mailto:leila_feio@unifap.br\">leila_feio@unifap.br<\/a><\/p>\n<p align=\"justify\"><a href=\"mailto:leila_feio@yahoo.com\">leila_feio@yahoo.com<\/a><\/p>\n<\/td>\n<\/tr>\n<tr valign=\"top\">\n<td width=\"318\">\n<p align=\"justify\"><a href=\"http:\/\/lattes.cnpq.br\/1302534431656038\">Dra. M\u00e1rcia Jardim Rodrigues<\/a><\/p>\n<\/td>\n<td width=\"314\">\n<p align=\"justify\"><a href=\"mailto:marciajardim@unifap.br\">marciajardim@unifap.br<\/a><\/p>\n<\/td>\n<\/tr>\n<tr valign=\"top\">\n<td width=\"318\">\n<p align=\"justify\"><a href=\"http:\/\/lattes.cnpq.br\/5147606165815777\">Dra. Maria de Jesus Ferreira C\u00e9sar de Albuquerque<\/a><\/p>\n<\/td>\n<td width=\"314\">\n<p align=\"justify\"><a href=\"mar_alb7@unifap.br\">mar_alb7@unifap.br<\/a><\/p>\n<\/td>\n<\/tr>\n<tr valign=\"top\">\n<td width=\"318\">\n<p align=\"justify\"><a href=\"http:\/\/lattes.cnpq.br\/0064134136239008\">Dra. Margareth Guerra dos Santos<\/a><\/p>\n<\/td>\n<td width=\"314\">\n<p align=\"justify\"><a href=\"mailto:margarethguerraunifap@gmail.com\">margarethguerraunifap@gmail.com<\/a><\/p>\n<\/td>\n<\/tr>\n<tr valign=\"top\">\n<td width=\"318\">\n<p align=\"justify\"><a href=\"http:\/\/lattes.cnpq.br\/2145349887421437\">Dra. Maria L\u00facia Teixeira Borges<\/a><\/p>\n<\/td>\n<td width=\"314\">\n<p align=\"justify\"><a href=\"mailto:ltborges1@gmail.com\">ltborges1@gmail.com<\/a><\/p>\n<\/td>\n<\/tr>\n<tr valign=\"top\">\n<td width=\"318\">\n<p align=\"justify\"><a href=\"http:\/\/lattes.cnpq.br\/9131047374958003\">Dra. Maria Nazar\u00e9 do Nascimento Guimar\u00e3es<\/a><\/p>\n<\/td>\n<td width=\"314\">\n<p align=\"justify\"><a href=\"mailto:nazaguimcp@gmail.com\">nazaguimcp@gmail.com<\/a><\/p>\n<p align=\"justify\"><a href=\"mailto:nazagui@unifap.br\">nazagui@unifap.br<\/a><\/p>\n<\/td>\n<\/tr>\n<tr valign=\"top\">\n<td width=\"318\">\n<p align=\"justify\"><a href=\"http:\/\/lattes.cnpq.br\/4565640771905632\">Dra. Norma Iracema de Barros Ferreira<\/a><\/p>\n<\/td>\n<td width=\"314\">\n<p align=\"justify\"><a href=\"mailto:normairacema@unifap.br\">normairacema@unifap.br<\/a><\/p>\n<\/td>\n<\/tr>\n<tr valign=\"top\">\n<td width=\"318\">\n<p align=\"justify\"><a href=\"http:\/\/lattes.cnpq.br\/4269580489108934\">Dra. Piedade Lino Videira<\/a><\/p>\n<\/td>\n<td width=\"314\">\n<p align=\"justify\"><a href=\"mailto:piedadevideira@bol.com.br\">piedadevideira@bol.com.br<\/a><\/p>\n<p align=\"justify\"><a href=\"mailto:videira@unifap.br\">videira@unifap.br<\/a><\/p>\n<\/td>\n<\/tr>\n<tr valign=\"top\">\n<td width=\"318\">\n<p align=\"justify\"><a href=\"http:\/\/lattes.cnpq.br\/0890659572711279\">Dra. Rocio Rubi Calla Salcedo<\/a><\/p>\n<\/td>\n<td width=\"314\">\n<p align=\"justify\"><a href=\"mailto:rubi@unifap.br\">rubi@unifap.br<\/a><\/p>\n<\/td>\n<\/tr>\n<tr valign=\"top\">\n<td width=\"318\"><\/td>\n<td width=\"314\"><\/td>\n<\/tr>\n<tr valign=\"top\">\n<td width=\"318\">\n<p align=\"justify\"><a href=\"http:\/\/lattes.cnpq.br\/6767804889417887\">Dra. Sirliane da Costa Viana<\/a><\/p>\n<\/td>\n<td width=\"314\">\n<p align=\"justify\"><a href=\"mailto:sirliane1@gmail.com\">sirliane1@gmail.com<\/a><\/p>\n<\/td>\n<\/tr>\n<tr valign=\"top\">\n<td width=\"318\">\n<p align=\"justify\"><a href=\"http:\/\/lattes.cnpq.br\/0052049978453558\">Dr. Washington Luiz de Oliveira Brand\u00e3o<\/a><\/p>\n<\/td>\n<td width=\"314\">\n<p align=\"justify\">\n<\/td>\n<\/tr>\n<\/tbody>\n<\/table>\n<p>&nbsp;<\/p>\n","protected":false},"excerpt":{"rendered":"<p>&nbsp; &nbsp; DOCENTE E-MAIL Dr. Adalberto Carvalho Ribeiro adalberto.cr.@gmail.com Ms. Almiro Alves Abreu almiro.alves@bol.com.br Dra. Ana Claudia Peixoto de Cristo Leite acpcristo@yahoo.com.br Dra. Ana Olga da Silva Dias anaolga@unifap.br Dr. Andr\u00e9 Elias Morelli Ribeiro andre.elias.morelli@gmail.com Dr. Andr\u00e9 Rodrigues Guimar\u00e3es andre-unifap@yahoo.com.br&hellip; <\/p>\n<p><a href=\"https:\/\/www2.unifap.br\/pedagogia\/quadro-de-docentes\/\" class=\"readmore-button\">Continue Reading<\/a><\/p>\n","protected":false},"author":1320,"featured_media":0,"parent":0,"menu_order":0,"comment_status":"open","ping_status":"open","template":"","meta":{"inline_featured_image":false,"ngg_post_thumbnail":0,"footnotes":""},"class_list":["post-342","page","type-page","status-publish","hentry"],"_links":{"self":[{"href":"https:\/\/www2.unifap.br\/pedagogia\/wp-json\/wp\/v2\/pages\/342","targetHints":{"allow":["GET"]}}],"collection":[{"href":"https:\/\/www2.unifap.br\/pedagogia\/wp-json\/wp\/v2\/pages"}],"about":[{"href":"https:\/\/www2.unifap.br\/pedagogia\/wp-json\/wp\/v2\/types\/page"}],"author":[{"embeddable":true,"href":"https:\/\/www2.unifap.br\/pedagogia\/wp-json\/wp\/v2\/users\/1320"}],"replies":[{"embeddable":true,"href":"https:\/\/www2.unifap.br\/pedagogia\/wp-json\/wp\/v2\/comments?post=342"}],"version-history":[{"count":37,"href":"https:\/\/www2.unifap.br\/pedagogia\/wp-json\/wp\/v2\/pages\/342\/revisions"}],"predecessor-version":[{"id":815,"href":"https:\/\/www2.unifap.br\/pedagogia\/wp-json\/wp\/v2\/pages\/342\/revisions\/815"}],"wp:attachment":[{"href":"https:\/\/www2.unifap.br\/pedagogia\/wp-json\/wp\/v2\/media?parent=342"}],"curies":[{"name":"wp","href":"https:\/\/api.w.org\/{rel}","templated":true}]}}