{"id":394,"date":"2019-01-24T14:11:54","date_gmt":"2019-01-24T14:11:54","guid":{"rendered":"http:\/\/www2.unifap.br\/pedagogia\/?page_id=394"},"modified":"2019-01-24T14:23:45","modified_gmt":"2019-01-24T14:23:45","slug":"duvidas-frequentes","status":"publish","type":"page","link":"https:\/\/www2.unifap.br\/pedagogia\/duvidas-frequentes\/","title":{"rendered":"D\u00favidas Frequentes"},"content":{"rendered":"<p style=\"text-align: center\"><strong>D\u00favidas Frequentes<\/strong><\/p>\n<p>&nbsp;<\/p>\n<p><strong>O que preciso saber caso queira solicitar abono de faltas?<\/strong><\/p>\n<p><span style=\"font-family: 'Times New Roman', serif\"><span style=\"font-size: medium\">Na Educa\u00e7\u00e3o Superior n\u00e3o h\u00e1 abono de faltas exceto nos casos previstos em Lei;<\/span><\/span><\/p>\n<p><span style=\"font-family: 'Times New Roman', serif\"><span style=\"font-size: medium\">A lei ampara apenas abono de faltas nos casos de: militar reservista\u00a0que seja obrigado a faltar \u00e0s atividades civis por for\u00e7a de exerc\u00edcio ou manobra, exerc\u00edcio de apresenta\u00e7\u00e3o das reservas ou cerim\u00f4nias c\u00edvicas e o oficial ou aspirante-a-oficial da reserva, convocado para o servi\u00e7o ativo, al\u00e9m do aluno com representa\u00e7\u00e3o no CONAES.<\/span><\/span><\/p>\n<p>Legisla\u00e7\u00e3o pertinente:<\/p>\n<p><a href=\"http:\/\/www2.unifap.br\/direito\/files\/2013\/11\/Decreto-Lei-715-1969.pdf\"><span style=\"color: #dd9933\"><span style=\"font-family: 'Times New Roman', serif\"><span style=\"font-size: medium\">Abono de faltas para servi\u00e7o militar(<\/span><\/span><\/span><\/a><span style=\"font-family: 'Times New Roman', serif\"><span style=\"font-size: medium\">Decreto-Lei-715-1969);<\/span><\/span><\/p>\n<p><span style=\"font-family: 'Times New Roman', serif\"><span style=\"font-size: medium\"><a href=\"http:\/\/www2.camara.leg.br\/legin\/fed\/decret\/1980-1987\/decreto-85587-29-dezembro-1980-435139-publicacaooriginal-1-pe.html\">Decreto n\u00ba 85.587\/80<\/a>;<\/span><\/span><\/p>\n<p><span style=\"color: #dd9933\"><span style=\"font-family: 'Times New Roman', serif\"><span style=\"font-size: medium\"><a href=\"http:\/\/legislacao.planalto.gov.br\/legisla\/legislacao.nsf\/Viw_Identificacao\/lei%2010.861-2004?OpenDocument\">Lei no\u00a010.861, de 14 de Abril de 2004.<\/a><\/span><\/span><\/span><\/p>\n<p><span style=\"font-family: 'Times New Roman', serif\"><span style=\"font-size: medium\">Regimento Geral da UNIFAP, Resolu\u00e7\u00e3o n\u00ba 009\/2002, art. 140,\u00a72\u00ba<\/span><\/span><\/p>\n<p>&nbsp;<\/p>\n<p><strong>E se eu precisar de exerc\u00edcios domiciliares?<\/strong><\/p>\n<p><span style=\"font-family: 'Times New Roman', serif\"><span style=\"font-size: medium\">Nesse caso n\u00e3o h\u00e1 abono de faltas, mas uma compensa\u00e7\u00e3o da aus\u00eancia \u00e0s aulas, por meio dos exerc\u00edcios domiciliares.<\/span><\/span><\/p>\n<p><span style=\"font-family: 'Times New Roman', serif\"><span style=\"font-size: medium\">Est\u00e3o amparados os estudantes com doen\u00e7as infectocontagiosas elencadas na legisla\u00e7\u00e3o e as Gestantes a partir do 8\u00ba m\u00eas de gesta\u00e7\u00e3o.<\/span><\/span><\/p>\n<p>Legisla\u00e7\u00e3o pertinente:<\/p>\n<p><span style=\"font-family: 'Times New Roman', serif\"><span style=\"font-size: medium\">Tratamento excepcional para os alunos portadores das afec\u00e7\u00f5es que indica:\u00a0<\/span><\/span><span style=\"color: #dd9933\"><span style=\"font-family: 'Times New Roman', serif\"><span style=\"font-size: medium\"><a href=\"http:\/\/www.planalto.gov.br\/ccivil_03\/decreto-lei\/Del1044.htm\">Decreto-Lei n\u00ba 1.044, de 21 de outubro de 1969;<\/a><\/span><\/span><\/span><\/p>\n<p><span style=\"font-family: 'Times New Roman', serif\"><span style=\"font-size: medium\">Tratamento para acad\u00eamica gestante: Lei n\u00ba\u00a0<\/span><\/span><a href=\"http:\/\/www.planalto.gov.br\/ccivil_03\/Leis\/1970-1979\/L6202.htm\"><span style=\"color: #dd9933\"><span style=\"font-family: 'Times New Roman', serif\"><span style=\"font-size: medium\">\u00a06.202\/1975<\/span><\/span><\/span><\/a><span style=\"font-family: 'Times New Roman', serif\"><span style=\"font-size: medium\">,<\/span><\/span><\/p>\n<p><span style=\"font-family: 'Times New Roman', serif\"><span style=\"font-size: medium\">Regimento Geral da UNIFAP, Resolu\u00e7\u00e3o n\u00ba 009\/2002, art. 140,\u00a73\u00ba;<\/span><\/span><\/p>\n<p><a href=\"http:\/\/www2.unifap.br\/consu\/?p=609\"><span style=\"font-family: 'Times New Roman', serif\"><span style=\"font-size: medium\">Resolu\u00e7\u00e3o n\u00ba 026\/2011 CONSU<\/span><\/span><\/a><\/p>\n<p>&nbsp;<\/p>\n<p><strong>Quero solicitar revis\u00e3o de nota. O que devo fazer?<\/strong><\/p>\n<p><strong><\/strong><span style=\"font-family: 'Times New Roman', serif\"><span style=\"font-size: medium\">\u00c9 poss\u00edvel observado o disposto na <a href=\"http:\/\/www2.unifap.br\/consu\/?p=609\">Resolu\u00e7\u00e3o \u00a0n\u00ba 026\/2011 CONSU<\/a>;<\/span><\/span><\/p>\n<p><span style=\"font-family: 'Times New Roman', serif\"><span style=\"font-size: medium\">Deve ser solicitada no prazo m\u00e1ximo de 2 (dois) dias \u00fateis ap\u00f3s a divulga\u00e7\u00e3o do resultado da avalia\u00e7\u00e3o.<\/span><\/span><\/p>\n<p>&nbsp;<\/p>\n<p><strong>Perdi minha avalia\u00e7\u00e3o. O que preciso saber e fazer para pedir 2a chamada?<\/strong><\/p>\n<p>Para ter direito \u00e0 2a chamada, \u00e9 necess\u00e1rio que o discente atenda a um ou mais das seguintes situa\u00e7\u00f5es:<\/p>\n<p><span style=\"font-family: 'Times New Roman', serif\"><span style=\"font-size: medium\">1 &#8211; Esteja com doen\u00e7a comprovada com atestado m\u00e9dico com CID (<\/span><\/span><span style=\"font-family: 'Times New Roman', serif\"><span style=\"font-size: medium\"><i>Classifica\u00e7\u00e3o Internacional de Doen\u00e7a)\u00a0<\/i><\/span><\/span><span style=\"font-family: 'Times New Roman', serif\"><span style=\"font-size: medium\">devidamente preenchida pelo M\u00c9DICO;<\/span><\/span><\/p>\n<p><span style=\"font-family: 'Times New Roman', serif\"><span style=\"font-size: medium\">2 &#8211; Esteja em gozo de licen\u00e7a \u00e0 maternidade e a paternidade;<\/span><\/span><\/p>\n<p><span style=\"font-size: medium\"><span style=\"font-family: 'Times New Roman', serif\">3 &#8211; Esteja em v<\/span><\/span><span style=\"font-family: 'Times New Roman', serif\"><span style=\"font-size: medium\">iagem <em>imperiosa<\/em>, provocada por demanda particular ou de trabalho;<\/span><\/span><\/p>\n<p><span style=\"font-size: medium\"><span style=\"font-family: 'Times New Roman', serif\">4 &#8211; Esteja a<\/span><\/span><span style=\"font-family: 'Times New Roman', serif\"><span style=\"font-size: medium\">tendendo a ordens judiciais ou militares;<\/span><\/span><\/p>\n<p><span style=\"font-size: medium\"><span style=\"font-family: 'Times New Roman', serif\">5 &#8211; V\u00e1\u00a0<\/span><\/span><span style=\"font-family: 'Times New Roman', serif\"><span style=\"font-size: medium\">participar de evento acad\u00eamico, cient\u00edfico, cultural ou desportivo.<\/span><\/span><\/p>\n<p>Legisla\u00e7\u00e3o pertinente:<\/p>\n<p><a href=\"http:\/\/www2.unifap.br\/consu\/?p=609\">Resolu\u00e7\u00e3o \u00a0n\u00ba 026\/2011 CONSU<\/a><\/p>\n<p>&nbsp;<\/p>\n<p><strong>Por motivos religiosos n\u00e3o frequento determinados dias letivos. Tenho direito a abono?<\/strong><\/p>\n<p><span style=\"font-family: 'Times New Roman', serif\"><span style=\"font-size: medium\">N\u00e3o h\u00e1 amparo legal ou normativo para o abono de faltas a estudantes que se ausentarem regularmente dos hor\u00e1rios de aulas devido \u00e0 convic\u00e7\u00e3o religiosa.<\/span><\/span><\/p>\n<p>Legisla\u00e7\u00e3o pertinente:<\/p>\n<p><span style=\"font-family: 'Times New Roman', serif\"><span style=\"font-size: medium\">Parecer\u00a0<\/span><\/span><span style=\"color: #dd9933\"><span style=\"font-family: 'Times New Roman', serif\"><span style=\"font-size: medium\"><a href=\"http:\/\/portal.mec.gov.br\/cne\/arquivos\/pdf\/2000\/pces336_00.pdf\">CNE\/CES n\u00ba 336\/2000<\/a><\/span><\/span><\/span><\/p>\n<p><span style=\"font-family: 'Times New Roman', serif\"><span style=\"font-size: medium\">Parecer\u00a0<\/span><\/span><span style=\"color: #dd9933\"><span style=\"font-family: 'Times New Roman', serif\"><span style=\"font-size: medium\"><a href=\"http:\/\/portal.mec.gov.br\/cne\/arquivos\/pdf\/pces224_06.pdf\">CNE\/CES n\u00ba 224\/2006<\/a><\/span><\/span><\/span><\/p>\n<p><span style=\"font-family: 'Times New Roman', serif\"><span style=\"font-size: medium\">Regimento Geral da UNIFAP, Resolu\u00e7\u00e3o n\u00ba 009\/2002, art. 50,\u00a72\u00ba.<\/span><\/span><\/p>\n<p>&nbsp;<\/p>\n<p><strong>Quais s\u00e3o os crit\u00e9rios para que eu seja aprovado em uma disciplina?<\/strong><\/p>\n<p><span style=\"font-family: 'Times New Roman', serif\"><span style=\"font-size: medium\">Ser\u00e1 considerado aprovado na disciplina o aluno que obtiver M\u00e9dia Final igual ou superior a 5,0 (cinco) pontos, e no m\u00ednimo, 75% (setenta e cinco por cento) de frequ\u00eancia \u00e0s aulas, percentual esse que deve ser extra\u00eddo da carga hor\u00e1ria prevista para cada componente curricular.<\/span><\/span><\/p>\n<p>Legisla\u00e7\u00e3o pertinente:<\/p>\n<p><span style=\"font-family: 'Times New Roman', serif\"><span style=\"font-size: medium\"><a href=\"http:\/\/www2.unifap.br\/consu\/?p=609\">Resolu\u00e7\u00e3o \u00a0n\u00ba 026\/2011 CONSU<\/a>;<\/span><\/span><\/p>\n<p><span style=\"font-family: 'Times New Roman', serif\"><span style=\"font-size: medium\">Regimento Geral da UNIFAP, Resolu\u00e7\u00e3o n\u00ba 009\/2002, art. 140,\u00a71\u00ba<\/span><\/span><\/p>\n<p>&nbsp;<\/p>\n<p><strong>O que s\u00e3o as Atividades Complementares?<\/strong><\/p>\n<p><span style=\"font-family: 'Times New Roman', serif\"><span style=\"font-size: medium\">S\u00e3o componentes curriculares obrigat\u00f3rios da matriz dos cursos de Gradua\u00e7\u00e3o. A c<\/span><\/span><span style=\"font-family: 'Times New Roman', serif\"><span style=\"font-size: medium\">arga hor\u00e1ria m\u00ednima de 200 horas, de acordo com o Projeto Pedag\u00f3gico de cada curso.<\/span><\/span><\/p>\n<p>Legisla\u00e7\u00e3o pertinente:<\/p>\n<p><a href=\"http:\/\/www2.unifap.br\/dcp\/files\/2015\/10\/RESOLU%C3%87%C3%83O-N.-024-DE-2008-CONSU-Atividades-Curriculares-Complementar.pdf\"><span style=\"font-family: 'Times New Roman', serif\"><span style=\"font-size: medium\">Resolu\u00e7\u00e3o n\u00ba 024\/2008 CONSU<\/span><\/span><\/a><\/p>\n<p>&nbsp;<\/p>\n<p><strong>Em qual situa\u00e7\u00e3o eu perco meu v\u00ednculo institucional?<\/strong><\/p>\n<p><span style=\"font-family: 'Times New Roman', serif\"><span style=\"font-size: medium\">Perder\u00e1 o v\u00ednculo o acad\u00eamico que:<\/span><\/span><\/p>\n<p><span style=\"font-family: 'Times New Roman', serif\"><span style=\"font-size: medium\">I.\u00a0\u00a0\u00a0 For exclu\u00eddo, em virtude de a\u00e7\u00e3o disciplinar;<\/span><\/span><\/p>\n<p><span style=\"font-family: 'Times New Roman', serif\"><span style=\"font-size: medium\">II.\u00a0\u00a0\u00a0 Solicitar o desligamento;<\/span><\/span><\/p>\n<p><span style=\"font-family: 'Times New Roman', serif\"><span style=\"font-size: medium\">III.\u00a0\u00a0\u00a0 Interromper seus estudos por 4 semestres consecutivos ou 5 intercalados.<\/span><\/span><\/p>\n<p>Legisla\u00e7\u00e3o pertinente:<\/p>\n<p><span style=\"font-family: 'Times New Roman', serif\"><span style=\"font-size: medium\"><a href=\"http:\/\/www2.unifap.br\/derca\/files\/2017\/06\/Res.02-2004-Consu-unifap_perda_Vinculo.pdf\">Resolu\u00e7\u00e3o n\u00ba 002\/2004 CONSU<\/a>;<\/span><\/span><\/p>\n<p><span style=\"font-family: 'Times New Roman', serif\"><span style=\"font-size: medium\">Regimento Geral, Resolu\u00e7\u00e3o n\u00ba 009\/2002, art. 116.<\/span><\/span><\/p>\n<p>&nbsp;<\/p>\n<p><strong>O que \u00e9 e como funciona a\u00a0<span style=\"font-family: 'Times New Roman', serif\"><span style=\"font-size: medium\">Transfer\u00eancia\u00a0<\/span><\/span><span style=\"font-size: medium\"><i><span style=\"font-family: 'Times New Roman', serif\">ex officio<\/span><\/i><span style=\"font-family: 'Times New Roman', serif\">?<\/span><\/span><\/strong><\/p>\n<p><span style=\"font-family: 'Times New Roman', serif\"><span style=\"font-size: medium\">A transfer\u00eancia ser\u00e1 efetivada, entre institui\u00e7\u00f5es vinculadas a qualquer sistema de ensino, em qualquer \u00e9poca do ano e independente da exist\u00eancia de vaga, quando se tratar de servidor p\u00fablico federal civil ou militar estudante, ou seu dependente estudante, se requerida em raz\u00e3o de comprovada remo\u00e7\u00e3o ou transfer\u00eancia de of\u00edcio, que acarrete mudan\u00e7a de domic\u00edlio para o munic\u00edpio onde se situe a institui\u00e7\u00e3o recebedora, ou para localidade mais pr\u00f3xima desta.<\/span><\/span><\/p>\n<p>Legisla\u00e7\u00e3o pertinente:<\/p>\n<p><span style=\"font-family: 'Times New Roman', serif\"><span style=\"font-size: medium\"><a href=\"http:\/\/www.planalto.gov.br\/ccivil_03\/LEIS\/L9394.htm\">Lei n\u00ba 9.394\/1996<\/a>, art. 49<\/span><\/span><\/p>\n<p><a href=\"http:\/\/legislacao.planalto.gov.br\/legisla\/legislacao.nsf\/Viw_Identificacao\/lei%209.536-1997?OpenDocument\"><span style=\"color: #dd9933\"><span style=\"font-family: 'Times New Roman', serif\"><span style=\"font-size: medium\">Lei n\u00ba 9.536, de 11 de dezembro de 1997.<\/span><\/span><\/span><\/a><\/p>\n<p><span style=\"font-family: 'Times New Roman', serif\"><span style=\"font-size: medium\">Regimento Geral, Resolu\u00e7\u00e3o n\u00ba 009\/2002, art. 125-132.<\/span><\/span><\/p>\n<p>&nbsp;<\/p>\n","protected":false},"excerpt":{"rendered":"<p>D\u00favidas Frequentes &nbsp; O que preciso saber caso queira solicitar abono de faltas? Na Educa\u00e7\u00e3o Superior n\u00e3o h\u00e1 abono de faltas exceto nos casos previstos em Lei; A lei ampara apenas abono de faltas nos casos de: militar reservista\u00a0que seja&hellip; <\/p>\n<p><a href=\"https:\/\/www2.unifap.br\/pedagogia\/duvidas-frequentes\/\" class=\"readmore-button\">Continue Reading<\/a><\/p>\n","protected":false},"author":1320,"featured_media":0,"parent":0,"menu_order":0,"comment_status":"open","ping_status":"open","template":"","meta":{"inline_featured_image":false,"ngg_post_thumbnail":0,"footnotes":""},"class_list":["post-394","page","type-page","status-publish","hentry"],"_links":{"self":[{"href":"https:\/\/www2.unifap.br\/pedagogia\/wp-json\/wp\/v2\/pages\/394","targetHints":{"allow":["GET"]}}],"collection":[{"href":"https:\/\/www2.unifap.br\/pedagogia\/wp-json\/wp\/v2\/pages"}],"about":[{"href":"https:\/\/www2.unifap.br\/pedagogia\/wp-json\/wp\/v2\/types\/page"}],"author":[{"embeddable":true,"href":"https:\/\/www2.unifap.br\/pedagogia\/wp-json\/wp\/v2\/users\/1320"}],"replies":[{"embeddable":true,"href":"https:\/\/www2.unifap.br\/pedagogia\/wp-json\/wp\/v2\/comments?post=394"}],"version-history":[{"count":3,"href":"https:\/\/www2.unifap.br\/pedagogia\/wp-json\/wp\/v2\/pages\/394\/revisions"}],"predecessor-version":[{"id":398,"href":"https:\/\/www2.unifap.br\/pedagogia\/wp-json\/wp\/v2\/pages\/394\/revisions\/398"}],"wp:attachment":[{"href":"https:\/\/www2.unifap.br\/pedagogia\/wp-json\/wp\/v2\/media?parent=394"}],"curies":[{"name":"wp","href":"https:\/\/api.w.org\/{rel}","templated":true}]}}