{"id":478,"date":"2019-02-15T12:23:46","date_gmt":"2019-02-15T12:23:46","guid":{"rendered":"http:\/\/www2.unifap.br\/pedagogia\/?page_id=478"},"modified":"2019-02-15T12:23:46","modified_gmt":"2019-02-15T12:23:46","slug":"laboratorio-de-pedagogia","status":"publish","type":"page","link":"https:\/\/www2.unifap.br\/pedagogia\/laboratorio-de-pedagogia\/","title":{"rendered":"Laborat\u00f3rio de Pedagogia"},"content":{"rendered":"<p><strong>Hor\u00e1rio de funcionamento<\/strong>: 08: 00 \u00e0s 11:00 e \u00a0das 14: 00 \u00e0s 17:00<\/p>\n<p>O LabPed conta com wifi, o Eduroam. O usu\u00e1rio e senha de acesso \u00e9 o mesmo utilizado para acesso no Sigaa. Mais informa\u00e7\u00f5es neste <a href=\"http:\/\/www2.unifap.br\/nti\/eduroam\/\">link<\/a>.<\/p>\n<p><strong>Para fazer o agendamento \u00e9 necess\u00e1rio atentar para as seguintes regras<\/strong>:<\/p>\n<p>1- conferir a disponibilidade de dias e hor\u00e1rios na <a href=\"https:\/\/docs.google.com\/document\/d\/14SaUnWlIfUtMnZtj7V_lLwOm9aIcSwZYGBaXQbqybew\/edit?usp=sharing\">Agenda LabPed<\/a>;<\/p>\n<p>2- Enviar um e-mail para <a href=\"mailto:pedagogiaunifapmz@gmail.com\">pedagogiaunifapmz@gmail.com<\/a> solicitando o agendamento ou pessoalmente no LabPed;<\/p>\n<p>2.1- O t\u00edtulo do e-mail dever\u00e1 ser [SOLICITA\u00c7\u00c3O DE AGENDAMENTO LABPED];<\/p>\n<p>2.2- O e-mail dever\u00e1 conter: o dia e o hor\u00e1rio solicitado, o nome completo, a matr\u00edcula (Unifap ou Siap), telefone e a finalidade;<\/p>\n<p>2.3- O agendamento ser\u00e1 confirmado por meio da atualiza\u00e7\u00e3o da agenda. O e-mail s\u00f3 ser\u00e1 respondido em caso de indeferimento do pedido;<\/p>\n<p>3- Discentes s\u00f3 poder\u00e3o agendar at\u00e9 duas horas por solicita\u00e7\u00e3o, e s\u00f3 poder\u00e3o solicitar uma vez por dia;<\/p>\n<p>4- Docentes poder\u00e3o agendar at\u00e9 quatro horas por solicita\u00e7\u00e3o, e s\u00f3 poder\u00e3o solicitar uma vez por dia;<\/p>\n<p>5- O agendamento dever\u00e1 ser realizado com at\u00e9 duas horas de anteced\u00eancia, e at\u00e9 dez dias antes do solicitado. N\u00e3o ser\u00e3o aceitos agendamentos para \u201cm\u00eas todo\u201d ou \u201csemestre todo\u201d, para n\u00e3o tornar o laborat\u00f3rio indispon\u00edvel por longos per\u00edodos;<\/p>\n<p>6- As reuni\u00f5es ordin\u00e1rias e extraordin\u00e1rias de Colegiado tem prefer\u00eancia no uso do laborat\u00f3rio, e podem desmarcar agendamentos j\u00e1 realizados, de acordo com os interesses da Coordena\u00e7\u00e3o do curso de Pedagogia. Caso o agendamento seja desmarcado, ser\u00e1 enviada notifica\u00e7\u00e3o por e-mail ou telefone. Este cancelamento por motivo de reuni\u00e3o do Colegiado de Pedagogia n\u00e3o implica em remarca\u00e7\u00e3o autom\u00e1tica nem qualquer tipo de prefer\u00eancia ou prioridade para outra data;<\/p>\n<p>7- S\u00f3 poder\u00e3o utilizar os computadores at\u00e9 dois alunos por vez e, em casos de grupos de TCC, tr\u00eas alunos por vez;<\/p>\n<p>8- Apenas professores com seus alunos poder\u00e3o permanecer no LabPed fora dos hor\u00e1rios indicados;<\/p>\n<p>9- Em caso de perman\u00eancia no LabPed sem a presen\u00e7a do T\u00e9cnico encarregado, deve-se seguir diretrizes espec\u00edficas, a saber:<\/p>\n<p>9.1- \u00c9 obrigat\u00f3ria a assinatura do termo de cautela;<\/p>\n<p>9.2- A chave dever\u00e1 ser devolvida \u00e0 Coordena\u00e7\u00e3o do Curso. Caso esta se encontre fechada, dever\u00e1 ser colocada por debaixo da porta da Coordena\u00e7\u00e3o do curso. Neste caso, o respons\u00e1vel dever\u00e1 notificar imediatamente a Coordena\u00e7\u00e3o do curso, seja por e-mail ou por telefone, o status da chave do LabPed;<\/p>\n<p>9.3- Fica de responsabilidade do docente que agendou o uso do LabPed o desligamento de todos os computadores da tomada, tendo em vista que n\u00e3o possuem estabilizadores ou Nobreak, bem como do ar-condicionado;<\/p>\n<p>10- Dever\u00e3o existir apenas duas c\u00f3pias da chave do LabPed. Uma delas dever\u00e1 ficar na Coordena\u00e7\u00e3o do curso de Pedagogia e a outra de posse do T\u00e9cnico de laborat\u00f3rio respons\u00e1vel;<\/p>\n<p>11- \u00c9 ESTRITAMENTE PROIBIDO fazer c\u00f3pias da chave do LabPed. Todas as vezes que forem descobertas c\u00f3pias n\u00e3o autorizadas, ser\u00e1 enviada uma notifica\u00e7\u00e3o para a entrega desta c\u00f3pia n\u00e3o autorizada. Em caso de insist\u00eancia em n\u00e3o entregar tal c\u00f3pia, ser\u00e1 providenciada a troca da fechadura do LabPed;<\/p>\n<p>12- N\u00e3o \u00e9 permitido o consumo de alimentos e bebidas no LabPed, bem como manter qualquer outro tipo de l\u00edquido perto dos computadores;<\/p>\n<p>13- \u00c9 estritamente proibido retirar qualquer acess\u00f3rio dos computadores, mesmo para uso tempor\u00e1rio. Em caso de subtra\u00e7\u00e3o de acess\u00f3rios ou quaisquer outros equipamentos e objetos do LabPed implicar\u00e1 em notifica\u00e7\u00e3o ao setor respons\u00e1vel para apura\u00e7\u00e3o<\/p>\n<p>&nbsp;<\/p>\n<p>Estas normas foram criadas e aprovadas pela Coordena\u00e7\u00e3o do Curso de Pedagogia em conjunto do T\u00e9cnico de Laborat\u00f3rio lotado no LabPed.<\/p>\n","protected":false},"excerpt":{"rendered":"<p>Hor\u00e1rio de funcionamento: 08: 00 \u00e0s 11:00 e \u00a0das 14: 00 \u00e0s 17:00 O LabPed conta com wifi, o Eduroam. O usu\u00e1rio e senha de acesso \u00e9 o mesmo utilizado para acesso no Sigaa. Mais informa\u00e7\u00f5es neste link. Para fazer&hellip; <\/p>\n<p><a href=\"https:\/\/www2.unifap.br\/pedagogia\/laboratorio-de-pedagogia\/\" class=\"readmore-button\">Continue Reading<\/a><\/p>\n","protected":false},"author":1320,"featured_media":0,"parent":0,"menu_order":0,"comment_status":"open","ping_status":"open","template":"","meta":{"inline_featured_image":false,"ngg_post_thumbnail":0,"footnotes":""},"class_list":["post-478","page","type-page","status-publish","hentry"],"_links":{"self":[{"href":"https:\/\/www2.unifap.br\/pedagogia\/wp-json\/wp\/v2\/pages\/478","targetHints":{"allow":["GET"]}}],"collection":[{"href":"https:\/\/www2.unifap.br\/pedagogia\/wp-json\/wp\/v2\/pages"}],"about":[{"href":"https:\/\/www2.unifap.br\/pedagogia\/wp-json\/wp\/v2\/types\/page"}],"author":[{"embeddable":true,"href":"https:\/\/www2.unifap.br\/pedagogia\/wp-json\/wp\/v2\/users\/1320"}],"replies":[{"embeddable":true,"href":"https:\/\/www2.unifap.br\/pedagogia\/wp-json\/wp\/v2\/comments?post=478"}],"version-history":[{"count":2,"href":"https:\/\/www2.unifap.br\/pedagogia\/wp-json\/wp\/v2\/pages\/478\/revisions"}],"predecessor-version":[{"id":596,"href":"https:\/\/www2.unifap.br\/pedagogia\/wp-json\/wp\/v2\/pages\/478\/revisions\/596"}],"wp:attachment":[{"href":"https:\/\/www2.unifap.br\/pedagogia\/wp-json\/wp\/v2\/media?parent=478"}],"curies":[{"name":"wp","href":"https:\/\/api.w.org\/{rel}","templated":true}]}}