{"id":32,"date":"2025-05-29T09:50:50","date_gmt":"2025-05-29T12:50:50","guid":{"rendered":"https:\/\/www2.unifap.br\/pgd\/?page_id=32"},"modified":"2025-08-20T11:33:04","modified_gmt":"2025-08-20T14:33:04","slug":"manuais","status":"publish","type":"page","link":"https:\/\/www2.unifap.br\/pgd\/manuais\/","title":{"rendered":"Manuais"},"content":{"rendered":"\t\t<div data-elementor-type=\"wp-page\" data-elementor-id=\"32\" class=\"elementor elementor-32\">\n\t\t\t\t<div class=\"elementor-element elementor-element-d5c8b95 e-flex e-con-boxed e-con e-parent\" data-id=\"d5c8b95\" data-element_type=\"container\" data-e-type=\"container\">\n\t\t\t\t\t<div class=\"e-con-inner\">\n\t\t\t\t<div class=\"elementor-element elementor-element-fb83b13 elementor-widget elementor-widget-text-editor\" data-id=\"fb83b13\" data-element_type=\"widget\" data-e-type=\"widget\" data-widget_type=\"text-editor.default\">\n\t\t\t\t<div class=\"elementor-widget-container\">\n\t\t\t\t\t\t\t\t\t<h2 data-sourcepos=\"1:1-1:42\">Manuais e Treinamento do Sistema PETRVS<\/h2><p data-sourcepos=\"3:1-3:366\">O <strong>Sistema PGD Petrvs<\/strong> (Plataforma Eletr\u00f4nica de Trabalho Remoto e Vis\u00e3o Sist\u00eamica) \u00e9 uma ferramenta inovadora adotada pela Universidade Federal do Amap\u00e1 para a gest\u00e3o de equipes dentro do Programa de Gest\u00e3o de Desempenho (PGD). Ele oferece uma vis\u00e3o unificada da gest\u00e3o em todos os n\u00edveis, com uma interface intuitiva e em conformidade com os normativos vigentes.<\/p><p data-sourcepos=\"5:1-5:140\">Para auxiliar os servidores da UNIFAP no aprendizado e utiliza\u00e7\u00e3o do Sistema PETRVS, disponibilizamos os seguintes materiais de treinamento:<\/p>\t\t\t\t\t\t\t\t<\/div>\n\t\t\t\t<\/div>\n\t\t\t\t\t<\/div>\n\t\t\t\t<\/div>\n\t\t<div class=\"elementor-element elementor-element-9a2042a e-flex e-con-boxed e-con e-parent\" data-id=\"9a2042a\" data-element_type=\"container\" data-e-type=\"container\">\n\t\t\t\t\t<div class=\"e-con-inner\">\n\t\t\t\t<div class=\"elementor-element elementor-element-5a87904 elementor-widget elementor-widget-toggle\" data-id=\"5a87904\" data-element_type=\"widget\" data-e-type=\"widget\" data-widget_type=\"toggle.default\">\n\t\t\t\t<div class=\"elementor-widget-container\">\n\t\t\t\t\t\t\t<div class=\"elementor-toggle\">\n\t\t\t\t\t\t\t<div class=\"elementor-toggle-item\">\n\t\t\t\t\t<div id=\"elementor-tab-title-9491\" class=\"elementor-tab-title\" data-tab=\"1\" role=\"button\" aria-controls=\"elementor-tab-content-9491\" aria-expanded=\"false\">\n\t\t\t\t\t\t\t\t\t\t\t\t<span class=\"elementor-toggle-icon elementor-toggle-icon-left\" aria-hidden=\"true\">\n\t\t\t\t\t\t\t\t\t\t\t\t\t\t\t<span class=\"elementor-toggle-icon-closed\"><svg class=\"e-font-icon-svg e-fas-caret-right\" viewBox=\"0 0 192 512\" xmlns=\"http:\/\/www.w3.org\/2000\/svg\"><path d=\"M0 384.662V127.338c0-17.818 21.543-26.741 34.142-14.142l128.662 128.662c7.81 7.81 7.81 20.474 0 28.284L34.142 398.804C21.543 411.404 0 402.48 0 384.662z\"><\/path><\/svg><\/span>\n\t\t\t\t\t\t\t\t<span class=\"elementor-toggle-icon-opened\"><svg class=\"elementor-toggle-icon-opened e-font-icon-svg e-fas-caret-up\" viewBox=\"0 0 320 512\" xmlns=\"http:\/\/www.w3.org\/2000\/svg\"><path d=\"M288.662 352H31.338c-17.818 0-26.741-21.543-14.142-34.142l128.662-128.662c7.81-7.81 20.474-7.81 28.284 0l128.662 128.662c12.6 12.599 3.676 34.142-14.142 34.142z\"><\/path><\/svg><\/span>\n\t\t\t\t\t\t\t\t\t\t\t\t\t<\/span>\n\t\t\t\t\t\t\t\t\t\t\t\t<a class=\"elementor-toggle-title\" tabindex=\"0\">Manual PGD UNIFAP<\/a>\n\t\t\t\t\t<\/div>\n\n\t\t\t\t\t<div id=\"elementor-tab-content-9491\" class=\"elementor-tab-content elementor-clearfix\" data-tab=\"1\" role=\"region\" aria-labelledby=\"elementor-tab-title-9491\"><p>Este manual abrange desde a fundamenta\u00e7\u00e3o legal e o ciclo completo do PGD at\u00e9 o uso pr\u00e1tico do sistema PETRVS, buscando garantir a uniformidade na implanta\u00e7\u00e3o nas unidades da Universidade Federal do Amap\u00e1 &#8211; UNIFAP. Seu objetivo \u00e9 fornecer informa\u00e7\u00f5es pr\u00e1ticas sobre cada etapa do processo, auxiliando os servidores na utiliza\u00e7\u00e3o plena do PGD e contribuindo para o sucesso de seu desenvolvimento na UNIFAP.<\/p><p><a href=\"http:\/\/www2.unifap.br\/pgd\/files\/2025\/05\/MANUAL-DE-IMPLEMENTACAO-PGD-UNIFAP.pdf\" target=\"_blank\" rel=\"noopener\">MANUAL-DE-IMPLEMENTACAO-PGD-UNIFAP<\/a><\/p><\/div>\n\t\t\t\t<\/div>\n\t\t\t\t\t\t\t<div class=\"elementor-toggle-item\">\n\t\t\t\t\t<div id=\"elementor-tab-title-9492\" class=\"elementor-tab-title\" data-tab=\"2\" role=\"button\" aria-controls=\"elementor-tab-content-9492\" aria-expanded=\"false\">\n\t\t\t\t\t\t\t\t\t\t\t\t<span class=\"elementor-toggle-icon elementor-toggle-icon-left\" aria-hidden=\"true\">\n\t\t\t\t\t\t\t\t\t\t\t\t\t\t\t<span class=\"elementor-toggle-icon-closed\"><svg class=\"e-font-icon-svg e-fas-caret-right\" viewBox=\"0 0 192 512\" xmlns=\"http:\/\/www.w3.org\/2000\/svg\"><path d=\"M0 384.662V127.338c0-17.818 21.543-26.741 34.142-14.142l128.662 128.662c7.81 7.81 7.81 20.474 0 28.284L34.142 398.804C21.543 411.404 0 402.48 0 384.662z\"><\/path><\/svg><\/span>\n\t\t\t\t\t\t\t\t<span class=\"elementor-toggle-icon-opened\"><svg class=\"elementor-toggle-icon-opened e-font-icon-svg e-fas-caret-up\" viewBox=\"0 0 320 512\" xmlns=\"http:\/\/www.w3.org\/2000\/svg\"><path d=\"M288.662 352H31.338c-17.818 0-26.741-21.543-14.142-34.142l128.662-128.662c7.81-7.81 20.474-7.81 28.284 0l128.662 128.662c12.6 12.599 3.676 34.142-14.142 34.142z\"><\/path><\/svg><\/span>\n\t\t\t\t\t\t\t\t\t\t\t\t\t<\/span>\n\t\t\t\t\t\t\t\t\t\t\t\t<a class=\"elementor-toggle-title\" tabindex=\"0\">Tutoriais PETRVS UNIFAP<\/a>\n\t\t\t\t\t<\/div>\n\n\t\t\t\t\t<div id=\"elementor-tab-content-9492\" class=\"elementor-tab-content elementor-clearfix\" data-tab=\"2\" role=\"region\" aria-labelledby=\"elementor-tab-title-9492\"><p><img decoding=\"async\" class=\"alignnone size-full wp-image-17\" src=\"http:\/\/www2.unifap.br\/pgd\/files\/2025\/05\/apple_touch_icon.png\" alt=\"\" width=\"150\" height=\"180\" \/><\/p><p><span class=\"TextRun SCXW154169376 BCX8\" data-contrast=\"auto\"><span class=\"NormalTextRun SCXW154169376 BCX8\">O\u00a0<strong>sistema PGD\u00a0<\/strong><\/span><strong><span class=\"NormalTextRun SpellingErrorV2Themed SCXW154169376 BCX8\">Petrvs<\/span><\/strong><span class=\"NormalTextRun SCXW154169376 BCX8\">\u00a0\u00e9 uma\u00a0<strong>ferramenta inovadora<\/strong>\u00a0na gest\u00e3o de equipes, que oferece uma vis\u00e3o unificada em todos os n\u00edveis de gest\u00e3o, com uma interface intuitiva e de acordo com\u00a0<\/span><span class=\"NormalTextRun SCXW154169376 BCX8\">os normativos vigentes.\u00a0<\/span><\/span><span class=\"TextRun SCXW154169376 BCX8\" data-contrast=\"auto\"><span class=\"NormalTextRun SCXW154169376 BCX8\">A\u00a0<strong>sigla\u00a0<\/strong><\/span><strong><span class=\"NormalTextRun SpellingErrorV2Themed SCXW154169376 BCX8\">Petrvs<\/span><\/strong><span class=\"NormalTextRun SCXW154169376 BCX8\">\u00a0vem de \u2018<\/span><\/span><span class=\"TextRun SCXW154169376 BCX8\" data-contrast=\"auto\">Plataforma Eletr\u00f4nica de Trabalho Remoto e Vis\u00e3o Sist\u00eamica<\/span><span class=\"TextRun SCXW154169376 BCX8\" data-contrast=\"auto\">\u2019.<\/span><\/p><p><a href=\"https:\/\/drive.google.com\/drive\/folders\/1XqcRQ3AZhyoh0GkMWb9tyVXScqPok6RU?usp=drive_link\" target=\"_blank\" rel=\"noopener\">Tutorias Petrvs<\/a><a href=\"https:\/\/drive.google.com\/drive\/folders\/1XqcRQ3AZhyoh0GkMWb9tyVXScqPok6RU?usp=drive_link\" target=\"_blank\" rel=\"noopener\"><img decoding=\"async\" class=\"alignnone wp-image-91 size-thumbnail\" src=\"http:\/\/www2.unifap.br\/pgd\/files\/2025\/05\/pngtree-vector-left-arrow-icon-png-image_956431-removebg-preview-150x150.png\" alt=\"\" width=\"150\" height=\"150\" srcset=\"https:\/\/www2.unifap.br\/pgd\/files\/2025\/05\/pngtree-vector-left-arrow-icon-png-image_956431-removebg-preview-150x150.png 150w, https:\/\/www2.unifap.br\/pgd\/files\/2025\/05\/pngtree-vector-left-arrow-icon-png-image_956431-removebg-preview-300x300.png 300w, https:\/\/www2.unifap.br\/pgd\/files\/2025\/05\/pngtree-vector-left-arrow-icon-png-image_956431-removebg-preview.png 360w\" sizes=\"(max-width: 150px) 100vw, 150px\" \/><\/a><\/p><\/div>\n\t\t\t\t<\/div>\n\t\t\t\t\t\t\t<div class=\"elementor-toggle-item\">\n\t\t\t\t\t<div id=\"elementor-tab-title-9493\" class=\"elementor-tab-title\" data-tab=\"3\" role=\"button\" aria-controls=\"elementor-tab-content-9493\" aria-expanded=\"false\">\n\t\t\t\t\t\t\t\t\t\t\t\t<span class=\"elementor-toggle-icon elementor-toggle-icon-left\" aria-hidden=\"true\">\n\t\t\t\t\t\t\t\t\t\t\t\t\t\t\t<span class=\"elementor-toggle-icon-closed\"><svg class=\"e-font-icon-svg e-fas-caret-right\" viewBox=\"0 0 192 512\" xmlns=\"http:\/\/www.w3.org\/2000\/svg\"><path d=\"M0 384.662V127.338c0-17.818 21.543-26.741 34.142-14.142l128.662 128.662c7.81 7.81 7.81 20.474 0 28.284L34.142 398.804C21.543 411.404 0 402.48 0 384.662z\"><\/path><\/svg><\/span>\n\t\t\t\t\t\t\t\t<span class=\"elementor-toggle-icon-opened\"><svg class=\"elementor-toggle-icon-opened e-font-icon-svg e-fas-caret-up\" viewBox=\"0 0 320 512\" xmlns=\"http:\/\/www.w3.org\/2000\/svg\"><path d=\"M288.662 352H31.338c-17.818 0-26.741-21.543-14.142-34.142l128.662-128.662c7.81-7.81 20.474-7.81 28.284 0l128.662 128.662c12.6 12.599 3.676 34.142-14.142 34.142z\"><\/path><\/svg><\/span>\n\t\t\t\t\t\t\t\t\t\t\t\t\t<\/span>\n\t\t\t\t\t\t\t\t\t\t\t\t<a class=\"elementor-toggle-title\" tabindex=\"0\">Fundamentos do Programa de Gest\u00e3o e Desempenho (PGD)<\/a>\n\t\t\t\t\t<\/div>\n\n\t\t\t\t\t<div id=\"elementor-tab-content-9493\" class=\"elementor-tab-content elementor-clearfix\" data-tab=\"3\" role=\"region\" aria-labelledby=\"elementor-tab-title-9493\"><h4><b>1. Fundamentos do Programa de Gest\u00e3o e Desempenho (PGD)<\/b><\/h4><p>\u00a0<\/p><p>Ideal para quem est\u00e1 come\u00e7ando ou deseja consolidar seus conhecimentos, este curso introdut\u00f3rio \u00e9 o ponto de partida. Ele aborda a base conceitual e normativa do PGD, desmistificando mitos e apresentando as condi\u00e7\u00f5es necess\u00e1rias para sua implementa\u00e7\u00e3o.<\/p><ul><li><p><b>Foco do Curso:<\/b> Apresentar os fundamentos do PGD, suas bases legais, os desafios de implementa\u00e7\u00e3o e o impacto do programa na gera\u00e7\u00e3o de valor para a sociedade.<\/p><\/li><li><p><b>P\u00fablico-alvo:<\/b> Servidores, gestores p\u00fablicos e cidad\u00e3os interessados no tema.<\/p><\/li><li><p><b>Link para Inscri\u00e7\u00e3o:<\/b> <a class=\"ng-star-inserted\" href=\"https:\/\/www.escolavirtual.gov.br\/curso\/1327\" target=\"_blank\" rel=\"noopener\">Fundamentos do PGD<\/a><\/p><\/li><\/ul><\/div>\n\t\t\t\t<\/div>\n\t\t\t\t\t\t\t<div class=\"elementor-toggle-item\">\n\t\t\t\t\t<div id=\"elementor-tab-title-9494\" class=\"elementor-tab-title\" data-tab=\"4\" role=\"button\" aria-controls=\"elementor-tab-content-9494\" aria-expanded=\"false\">\n\t\t\t\t\t\t\t\t\t\t\t\t<span class=\"elementor-toggle-icon elementor-toggle-icon-left\" aria-hidden=\"true\">\n\t\t\t\t\t\t\t\t\t\t\t\t\t\t\t<span class=\"elementor-toggle-icon-closed\"><svg class=\"e-font-icon-svg e-fas-caret-right\" viewBox=\"0 0 192 512\" xmlns=\"http:\/\/www.w3.org\/2000\/svg\"><path d=\"M0 384.662V127.338c0-17.818 21.543-26.741 34.142-14.142l128.662 128.662c7.81 7.81 7.81 20.474 0 28.284L34.142 398.804C21.543 411.404 0 402.48 0 384.662z\"><\/path><\/svg><\/span>\n\t\t\t\t\t\t\t\t<span class=\"elementor-toggle-icon-opened\"><svg class=\"elementor-toggle-icon-opened e-font-icon-svg e-fas-caret-up\" viewBox=\"0 0 320 512\" xmlns=\"http:\/\/www.w3.org\/2000\/svg\"><path d=\"M288.662 352H31.338c-17.818 0-26.741-21.543-14.142-34.142l128.662-128.662c7.81-7.81 20.474-7.81 28.284 0l128.662 128.662c12.6 12.599 3.676 34.142-14.142 34.142z\"><\/path><\/svg><\/span>\n\t\t\t\t\t\t\t\t\t\t\t\t\t<\/span>\n\t\t\t\t\t\t\t\t\t\t\t\t<a class=\"elementor-toggle-title\" tabindex=\"0\">Elabora\u00e7\u00e3o de Planos de Entregas e de Trabalho do PGD<\/a>\n\t\t\t\t\t<\/div>\n\n\t\t\t\t\t<div id=\"elementor-tab-content-9494\" class=\"elementor-tab-content elementor-clearfix\" data-tab=\"4\" role=\"region\" aria-labelledby=\"elementor-tab-title-9494\"><p>Com foco na parte pr\u00e1tica do planejamento, este curso ensina a elaborar planos de entregas para a unidade e a pactuar planos de trabalho individuais com os membros da equipe. Aprenda as melhores t\u00e9cnicas para organizar as atividades, definir metas claras e alcan\u00e7ar os resultados esperados dentro do PGD, garantindo alinhamento e efici\u00eancia.<\/p><ul><li><p><b>Link para inscri\u00e7\u00e3o:<\/b> <a class=\"ng-star-inserted\" href=\"https:\/\/www.escolavirtual.gov.br\/curso\/1344\" target=\"_blank\" rel=\"noopener\">https:\/\/www.escolavirtual.gov.br\/curso\/1344<\/a><\/p><\/li><\/ul><\/div>\n\t\t\t\t<\/div>\n\t\t\t\t\t\t\t<div class=\"elementor-toggle-item\">\n\t\t\t\t\t<div id=\"elementor-tab-title-9495\" class=\"elementor-tab-title\" data-tab=\"5\" role=\"button\" aria-controls=\"elementor-tab-content-9495\" aria-expanded=\"false\">\n\t\t\t\t\t\t\t\t\t\t\t\t<span class=\"elementor-toggle-icon elementor-toggle-icon-left\" aria-hidden=\"true\">\n\t\t\t\t\t\t\t\t\t\t\t\t\t\t\t<span class=\"elementor-toggle-icon-closed\"><svg class=\"e-font-icon-svg e-fas-caret-right\" viewBox=\"0 0 192 512\" xmlns=\"http:\/\/www.w3.org\/2000\/svg\"><path d=\"M0 384.662V127.338c0-17.818 21.543-26.741 34.142-14.142l128.662 128.662c7.81 7.81 7.81 20.474 0 28.284L34.142 398.804C21.543 411.404 0 402.48 0 384.662z\"><\/path><\/svg><\/span>\n\t\t\t\t\t\t\t\t<span class=\"elementor-toggle-icon-opened\"><svg class=\"elementor-toggle-icon-opened e-font-icon-svg e-fas-caret-up\" viewBox=\"0 0 320 512\" xmlns=\"http:\/\/www.w3.org\/2000\/svg\"><path d=\"M288.662 352H31.338c-17.818 0-26.741-21.543-14.142-34.142l128.662-128.662c7.81-7.81 20.474-7.81 28.284 0l128.662 128.662c12.6 12.599 3.676 34.142-14.142 34.142z\"><\/path><\/svg><\/span>\n\t\t\t\t\t\t\t\t\t\t\t\t\t<\/span>\n\t\t\t\t\t\t\t\t\t\t\t\t<a class=\"elementor-toggle-title\" tabindex=\"0\">Execu\u00e7\u00e3o e Avalia\u00e7\u00e3o dos Planos de Entrega e de Trabalho do PGD<\/a>\n\t\t\t\t\t<\/div>\n\n\t\t\t\t\t<div id=\"elementor-tab-content-9495\" class=\"elementor-tab-content elementor-clearfix\" data-tab=\"5\" role=\"region\" aria-labelledby=\"elementor-tab-title-9495\"><p>Ap\u00f3s o planejamento, a execu\u00e7\u00e3o e a avalia\u00e7\u00e3o s\u00e3o cruciais. Este curso apresenta as principais ferramentas para acompanhar e avaliar o andamento dos planos de entrega e de trabalho. \u00c9 destinado a todos os servidores e gestores que atuam no PGD em diferentes \u00f3rg\u00e3os da administra\u00e7\u00e3o p\u00fablica federal e buscam garantir que os resultados planejados sejam efetivamente alcan\u00e7ados.<\/p><ul><li><p><b>Link para inscri\u00e7\u00e3o:<\/b> <a class=\"ng-star-inserted\" href=\"https:\/\/www.escolavirtual.gov.br\/curso\/1401\" target=\"_blank\" rel=\"noopener\">https:\/\/www.escolavirtual.gov.br\/curso\/1401<\/a><\/p><\/li><\/ul><\/div>\n\t\t\t\t<\/div>\n\t\t\t\t\t\t\t\t<\/div>\n\t\t\t\t\t\t<\/div>\n\t\t\t\t<\/div>\n\t\t\t\t\t<\/div>\n\t\t\t\t<\/div>\n\t\t<div class=\"elementor-element elementor-element-7bbaad6 e-flex e-con-boxed e-con e-parent\" data-id=\"7bbaad6\" data-element_type=\"container\" data-e-type=\"container\">\n\t\t\t\t\t<div class=\"e-con-inner\">\n\t\t\t\t<div class=\"elementor-element elementor-element-3404025 elementor-widget elementor-widget-heading\" data-id=\"3404025\" data-element_type=\"widget\" data-e-type=\"widget\" data-widget_type=\"heading.default\">\n\t\t\t\t<div class=\"elementor-widget-container\">\n\t\t\t\t\t<h2 class=\"elementor-heading-title elementor-size-default\">V\u00eddeos<\/h2>\t\t\t\t<\/div>\n\t\t\t\t<\/div>\n\t\t\t\t\t<\/div>\n\t\t\t\t<\/div>\n\t\t<div class=\"elementor-element elementor-element-c9a3c5e e-flex e-con-boxed e-con e-parent\" data-id=\"c9a3c5e\" data-element_type=\"container\" data-e-type=\"container\">\n\t\t\t\t\t<div class=\"e-con-inner\">\n\t\t<div class=\"elementor-element elementor-element-05f11e3 e-con-full e-flex e-con e-child\" data-id=\"05f11e3\" data-element_type=\"container\" data-e-type=\"container\">\n\t\t\t\t<div class=\"elementor-element elementor-element-4576cdc elementor-widget elementor-widget-video\" data-id=\"4576cdc\" data-element_type=\"widget\" data-e-type=\"widget\" data-settings=\"{&quot;youtube_url&quot;:&quot;https:\\\/\\\/youtu.be\\\/txs6mlFYsOc&quot;,&quot;video_type&quot;:&quot;youtube&quot;,&quot;controls&quot;:&quot;yes&quot;}\" data-widget_type=\"video.default\">\n\t\t\t\t<div class=\"elementor-widget-container\">\n\t\t\t\t\t\t\t<div class=\"elementor-wrapper elementor-open-inline\">\n\t\t\t<div class=\"elementor-video\"><\/div>\t\t<\/div>\n\t\t\t\t\t\t<\/div>\n\t\t\t\t<\/div>\n\t\t\t\t<\/div>\n\t\t<div class=\"elementor-element elementor-element-fe54cc6 e-con-full e-flex e-con e-child\" data-id=\"fe54cc6\" data-element_type=\"container\" data-e-type=\"container\">\n\t\t\t\t<div class=\"elementor-element elementor-element-b664aeb elementor-widget elementor-widget-video\" data-id=\"b664aeb\" data-element_type=\"widget\" data-e-type=\"widget\" data-settings=\"{&quot;youtube_url&quot;:&quot;https:\\\/\\\/youtu.be\\\/w22uFp3HbNQ&quot;,&quot;video_type&quot;:&quot;youtube&quot;,&quot;controls&quot;:&quot;yes&quot;}\" data-widget_type=\"video.default\">\n\t\t\t\t<div class=\"elementor-widget-container\">\n\t\t\t\t\t\t\t<div class=\"elementor-wrapper elementor-open-inline\">\n\t\t\t<div class=\"elementor-video\"><\/div>\t\t<\/div>\n\t\t\t\t\t\t<\/div>\n\t\t\t\t<\/div>\n\t\t\t\t<\/div>\n\t\t\t\t\t<\/div>\n\t\t\t\t<\/div>\n\t\t<div class=\"elementor-element elementor-element-d30faa2 e-flex e-con-boxed e-con e-parent\" data-id=\"d30faa2\" data-element_type=\"container\" data-e-type=\"container\">\n\t\t\t\t\t<div class=\"e-con-inner\">\n\t\t<div class=\"elementor-element elementor-element-eb8922c e-con-full e-flex e-con e-child\" data-id=\"eb8922c\" data-element_type=\"container\" data-e-type=\"container\">\n\t\t\t\t<div class=\"elementor-element elementor-element-3d27928 elementor-widget elementor-widget-video\" data-id=\"3d27928\" data-element_type=\"widget\" data-e-type=\"widget\" data-settings=\"{&quot;youtube_url&quot;:&quot;https:\\\/\\\/youtu.be\\\/wVX7zAOoiEQ&quot;,&quot;video_type&quot;:&quot;youtube&quot;,&quot;controls&quot;:&quot;yes&quot;}\" data-widget_type=\"video.default\">\n\t\t\t\t<div class=\"elementor-widget-container\">\n\t\t\t\t\t\t\t<div class=\"elementor-wrapper elementor-open-inline\">\n\t\t\t<div class=\"elementor-video\"><\/div>\t\t<\/div>\n\t\t\t\t\t\t<\/div>\n\t\t\t\t<\/div>\n\t\t\t\t<\/div>\n\t\t<div class=\"elementor-element elementor-element-df1cd83 e-con-full e-flex e-con e-child\" data-id=\"df1cd83\" data-element_type=\"container\" data-e-type=\"container\">\n\t\t\t\t<div class=\"elementor-element elementor-element-ed603c1 elementor-widget elementor-widget-video\" data-id=\"ed603c1\" data-element_type=\"widget\" data-e-type=\"widget\" data-settings=\"{&quot;youtube_url&quot;:&quot;https:\\\/\\\/youtu.be\\\/4yLBvG7lQlg&quot;,&quot;video_type&quot;:&quot;youtube&quot;,&quot;controls&quot;:&quot;yes&quot;}\" data-widget_type=\"video.default\">\n\t\t\t\t<div class=\"elementor-widget-container\">\n\t\t\t\t\t\t\t<div class=\"elementor-wrapper elementor-open-inline\">\n\t\t\t<div class=\"elementor-video\"><\/div>\t\t<\/div>\n\t\t\t\t\t\t<\/div>\n\t\t\t\t<\/div>\n\t\t\t\t<\/div>\n\t\t\t\t\t<\/div>\n\t\t\t\t<\/div>\n\t\t<div class=\"elementor-element elementor-element-a98d934 e-flex e-con-boxed e-con e-parent\" data-id=\"a98d934\" data-element_type=\"container\" data-e-type=\"container\">\n\t\t\t\t\t<div class=\"e-con-inner\">\n\t\t<div class=\"elementor-element elementor-element-e1edff5 e-con-full e-flex e-con e-child\" data-id=\"e1edff5\" data-element_type=\"container\" data-e-type=\"container\">\n\t\t\t\t<div class=\"elementor-element elementor-element-0bdc128 elementor-widget elementor-widget-video\" data-id=\"0bdc128\" data-element_type=\"widget\" data-e-type=\"widget\" data-settings=\"{&quot;youtube_url&quot;:&quot;https:\\\/\\\/youtu.be\\\/zLOq-TCIOh0&quot;,&quot;video_type&quot;:&quot;youtube&quot;,&quot;controls&quot;:&quot;yes&quot;}\" data-widget_type=\"video.default\">\n\t\t\t\t<div class=\"elementor-widget-container\">\n\t\t\t\t\t\t\t<div class=\"elementor-wrapper elementor-open-inline\">\n\t\t\t<div class=\"elementor-video\"><\/div>\t\t<\/div>\n\t\t\t\t\t\t<\/div>\n\t\t\t\t<\/div>\n\t\t\t\t<\/div>\n\t\t<div class=\"elementor-element elementor-element-f75c683 e-con-full e-flex e-con e-child\" data-id=\"f75c683\" data-element_type=\"container\" data-e-type=\"container\">\n\t\t\t\t<div class=\"elementor-element elementor-element-228c13b elementor-widget elementor-widget-video\" data-id=\"228c13b\" data-element_type=\"widget\" data-e-type=\"widget\" data-settings=\"{&quot;youtube_url&quot;:&quot;https:\\\/\\\/youtu.be\\\/K45851vROWc&quot;,&quot;video_type&quot;:&quot;youtube&quot;,&quot;controls&quot;:&quot;yes&quot;}\" data-widget_type=\"video.default\">\n\t\t\t\t<div class=\"elementor-widget-container\">\n\t\t\t\t\t\t\t<div class=\"elementor-wrapper elementor-open-inline\">\n\t\t\t<div class=\"elementor-video\"><\/div>\t\t<\/div>\n\t\t\t\t\t\t<\/div>\n\t\t\t\t<\/div>\n\t\t\t\t<\/div>\n\t\t\t\t\t<\/div>\n\t\t\t\t<\/div>\n\t\t<div class=\"elementor-element elementor-element-97c503c e-flex e-con-boxed e-con e-parent\" data-id=\"97c503c\" data-element_type=\"container\" data-e-type=\"container\">\n\t\t\t\t\t<div class=\"e-con-inner\">\n\t\t<div class=\"elementor-element elementor-element-59aa1f3 e-con-full e-flex e-con e-child\" data-id=\"59aa1f3\" data-element_type=\"container\" data-e-type=\"container\">\n\t\t\t\t<div class=\"elementor-element elementor-element-2982dbc elementor-widget elementor-widget-video\" data-id=\"2982dbc\" data-element_type=\"widget\" data-e-type=\"widget\" data-settings=\"{&quot;youtube_url&quot;:&quot;https:\\\/\\\/youtu.be\\\/bernhBrb4R0&quot;,&quot;video_type&quot;:&quot;youtube&quot;,&quot;controls&quot;:&quot;yes&quot;}\" data-widget_type=\"video.default\">\n\t\t\t\t<div class=\"elementor-widget-container\">\n\t\t\t\t\t\t\t<div class=\"elementor-wrapper elementor-open-inline\">\n\t\t\t<div class=\"elementor-video\"><\/div>\t\t<\/div>\n\t\t\t\t\t\t<\/div>\n\t\t\t\t<\/div>\n\t\t\t\t<\/div>\n\t\t<div class=\"elementor-element elementor-element-08416ef e-con-full e-flex e-con e-child\" data-id=\"08416ef\" data-element_type=\"container\" data-e-type=\"container\">\n\t\t\t\t<div class=\"elementor-element elementor-element-bd694d3 elementor-widget elementor-widget-video\" data-id=\"bd694d3\" data-element_type=\"widget\" data-e-type=\"widget\" data-settings=\"{&quot;youtube_url&quot;:&quot;https:\\\/\\\/youtu.be\\\/AtFZnbCSDDY&quot;,&quot;video_type&quot;:&quot;youtube&quot;,&quot;controls&quot;:&quot;yes&quot;}\" data-widget_type=\"video.default\">\n\t\t\t\t<div class=\"elementor-widget-container\">\n\t\t\t\t\t\t\t<div class=\"elementor-wrapper elementor-open-inline\">\n\t\t\t<div class=\"elementor-video\"><\/div>\t\t<\/div>\n\t\t\t\t\t\t<\/div>\n\t\t\t\t<\/div>\n\t\t\t\t<\/div>\n\t\t\t\t\t<\/div>\n\t\t\t\t<\/div>\n\t\t\t\t<\/div>\n\t\t","protected":false},"excerpt":{"rendered":"<p>Manuais e Treinamento do Sistema PETRVS O Sistema PGD Petrvs (Plataforma Eletr\u00f4nica de Trabalho Remoto e Vis\u00e3o Sist\u00eamica) \u00e9 uma&#8230;<\/p>\n","protected":false},"author":527,"featured_media":0,"parent":0,"menu_order":0,"comment_status":"closed","ping_status":"closed","template":"","meta":{"inline_featured_image":false,"site-sidebar-layout":"no-sidebar","site-content-layout":"","ast-site-content-layout":"full-width-container","site-content-style":"default","site-sidebar-style":"default","ast-global-header-display":"","ast-banner-title-visibility":"","ast-main-header-display":"","ast-hfb-above-header-display":"","ast-hfb-below-header-display":"","ast-hfb-mobile-header-display":"","site-post-title":"disabled","ast-breadcrumbs-content":"","ast-featured-img":"disabled","footer-sml-layout":"","theme-transparent-header-meta":"default","adv-header-id-meta":"","stick-header-meta":"","header-above-stick-meta":"","header-main-stick-meta":"","header-below-stick-meta":"","astra-migrate-meta-layouts":"set","ast-page-background-enabled":"default","ast-page-background-meta":{"desktop":{"background-color":"var(--ast-global-color-4)","background-image":"","background-repeat":"repeat","background-position":"center center","background-size":"auto","background-attachment":"scroll","background-type":"","background-media":"","overlay-type":"","overlay-color":"","overlay-opacity":"","overlay-gradient":""},"tablet":{"background-color":"","background-image":"","background-repeat":"repeat","background-position":"center center","background-size":"auto","background-attachment":"scroll","background-type":"","background-media":"","overlay-type":"","overlay-color":"","overlay-opacity":"","overlay-gradient":""},"mobile":{"background-color":"","background-image":"","background-repeat":"repeat","background-position":"center center","background-size":"auto","background-attachment":"scroll","background-type":"","background-media":"","overlay-type":"","overlay-color":"","overlay-opacity":"","overlay-gradient":""}},"ast-content-background-meta":{"desktop":{"background-color":"var(--ast-global-color-5)","background-image":"","background-repeat":"repeat","background-position":"center center","background-size":"auto","background-attachment":"scroll","background-type":"","background-media":"","overlay-type":"","overlay-color":"","overlay-opacity":"","overlay-gradient":""},"tablet":{"background-color":"var(--ast-global-color-5)","background-image":"","background-repeat":"repeat","background-position":"center center","background-size":"auto","background-attachment":"scroll","background-type":"","background-media":"","overlay-type":"","overlay-color":"","overlay-opacity":"","overlay-gradient":""},"mobile":{"background-color":"var(--ast-global-color-5)","background-image":"","background-repeat":"repeat","background-position":"center center","background-size":"auto","background-attachment":"scroll","background-type":"","background-media":"","overlay-type":"","overlay-color":"","overlay-opacity":"","overlay-gradient":""}},"footnotes":""},"class_list":["post-32","page","type-page","status-publish","hentry"],"_links":{"self":[{"href":"https:\/\/www2.unifap.br\/pgd\/wp-json\/wp\/v2\/pages\/32","targetHints":{"allow":["GET"]}}],"collection":[{"href":"https:\/\/www2.unifap.br\/pgd\/wp-json\/wp\/v2\/pages"}],"about":[{"href":"https:\/\/www2.unifap.br\/pgd\/wp-json\/wp\/v2\/types\/page"}],"author":[{"embeddable":true,"href":"https:\/\/www2.unifap.br\/pgd\/wp-json\/wp\/v2\/users\/527"}],"replies":[{"embeddable":true,"href":"https:\/\/www2.unifap.br\/pgd\/wp-json\/wp\/v2\/comments?post=32"}],"version-history":[{"count":37,"href":"https:\/\/www2.unifap.br\/pgd\/wp-json\/wp\/v2\/pages\/32\/revisions"}],"predecessor-version":[{"id":222,"href":"https:\/\/www2.unifap.br\/pgd\/wp-json\/wp\/v2\/pages\/32\/revisions\/222"}],"wp:attachment":[{"href":"https:\/\/www2.unifap.br\/pgd\/wp-json\/wp\/v2\/media?parent=32"}],"curies":[{"name":"wp","href":"https:\/\/api.w.org\/{rel}","templated":true}]}}