{"id":129,"date":"2023-06-07T13:25:21","date_gmt":"2023-06-07T16:25:21","guid":{"rendered":"https:\/\/www2.unifap.br\/pibidledocmzg\/?page_id=129"},"modified":"2023-06-08T14:02:35","modified_gmt":"2023-06-08T17:02:35","slug":"caminhos-no-campo-e-na-cidade-experiencias-do-pronera-no-ensino-pesquisa-e-extensao","status":"publish","type":"page","link":"https:\/\/www2.unifap.br\/pibidledocmzg\/caminhos-no-campo-e-na-cidade-experiencias-do-pronera-no-ensino-pesquisa-e-extensao\/","title":{"rendered":"Caminhos no campo e na cidade: experi\u00eancias do PRONERA no ensino, pesquisa e extens\u00e3o"},"content":{"rendered":"<h6 style=\"text-align: right\"><strong><img decoding=\"async\" class=\"wp-image-152 alignright\" src=\"http:\/\/www2.unifap.br\/pibidledocmzg\/files\/2023\/06\/WhatsApp-Image-2023-06-07-at-19.23.41-300x300.jpeg\" alt=\"\" width=\"94\" height=\"94\" srcset=\"https:\/\/www2.unifap.br\/pibidledocmzg\/files\/2023\/06\/WhatsApp-Image-2023-06-07-at-19.23.41-300x300.jpeg 300w, https:\/\/www2.unifap.br\/pibidledocmzg\/files\/2023\/06\/WhatsApp-Image-2023-06-07-at-19.23.41-1024x1024.jpeg 1024w, https:\/\/www2.unifap.br\/pibidledocmzg\/files\/2023\/06\/WhatsApp-Image-2023-06-07-at-19.23.41-150x150.jpeg 150w, https:\/\/www2.unifap.br\/pibidledocmzg\/files\/2023\/06\/WhatsApp-Image-2023-06-07-at-19.23.41-768x768.jpeg 768w, https:\/\/www2.unifap.br\/pibidledocmzg\/files\/2023\/06\/WhatsApp-Image-2023-06-07-at-19.23.41-70x70.jpeg 70w, https:\/\/www2.unifap.br\/pibidledocmzg\/files\/2023\/06\/WhatsApp-Image-2023-06-07-at-19.23.41.jpeg 1280w\" sizes=\"(max-width: 94px) 100vw, 94px\" \/>Escrito por Claudiana da Cruz<\/strong><\/h6>\n<h6 style=\"text-align: right\">Acad\u00eamica da LEdoC e PIBIDiana<\/h6>\n<p>&nbsp;<\/p>\n<p>O livro \u201cCAMINHOS NO CAMPO E NA CIDADE: EXPERI\u00caNCIAS DO PRONERA NO ENSINO, PESQUISA E EXTENS\u00c3O\u201d foi desenvolvido pela Universidade Federal do Par\u00e1 (UFPA) e Instituto Nacional de Coloniza\u00e7\u00e3o e Reforma Agr\u00e1ria entre o per\u00edodo de 2018 a 2021. Neste, s\u00e3o abordados diversos temas ligados aos espa\u00e7os rural e urbano e tem como foco principal a realidade territorial da Amaz\u00f4nia.<\/p>\n<p>A obra est\u00e1 organizada e dividida em cap\u00edtulos e tem como autores os pr\u00f3prios alunos do curso de Geotecnologias Aplicadas ao Planejamento Ambiental e Desenvolvimento Territorial Rural da UFPA. Deste modo cada informa\u00e7\u00e3o obtida veio do conhecimento de cada aluno envolvido na pesquisa, buscando refer\u00eancias em suas respectivas comunidades. A realiza\u00e7\u00e3o dessas pesquisas n\u00e3o teve como principal objetivo apenas as Geotecnologias em si, mas a pr\u00e1tica, buscando mostrar a realidade do territ\u00f3rio de cada aluno participante, de acordo com a sua comunidade de origem.<\/p>\n<p>Os autores buscam analisar e refletir sobre a necessidade de a sociedade atentar \u00e0 discuss\u00e3o sobre os problemas e dificuldades enfrentados pelos ribeirinhos da Amaz\u00f4nia, quanto a garantir sua posi\u00e7\u00e3o social, mediante a expans\u00e3o das ideologias e dos modos de produ\u00e7\u00e3o e de organiza\u00e7\u00e3o social impostos pelo modelo capitalista. Al\u00e9m disso, esperam contribuir com os conhecimentos adquiridos atrav\u00e9s da pesquisa, para que a realidade possa vir a ter melhoras quanto \u00e0 qualidade de vida, para uma gera\u00e7\u00e3o bem pr\u00f3xima. O livro est\u00e1 dispon\u00edvel em formato PDF e voc\u00ea poder\u00e1 ter acesso na seguinte p\u00e1gina eletr\u00f4nica: <a href=\"https:\/\/livroaberto.ufpa.br\/jspui\/handle\/prefix\/945\">https:\/\/livroaberto.ufpa.br\/jspui\/handle\/prefix\/945<\/a><\/p>\n<p><img fetchpriority=\"high\" decoding=\"async\" class=\"aligncenter size-medium wp-image-133\" src=\"http:\/\/www2.unifap.br\/pibidledocmzg\/files\/2023\/06\/2-214x300.jpg\" alt=\"\" width=\"214\" height=\"300\" srcset=\"https:\/\/www2.unifap.br\/pibidledocmzg\/files\/2023\/06\/2-214x300.jpg 214w, https:\/\/www2.unifap.br\/pibidledocmzg\/files\/2023\/06\/2.jpg 720w\" sizes=\"(max-width: 214px) 100vw, 214px\" \/><\/p>\n","protected":false},"excerpt":{"rendered":"<p>Escrito por Claudiana da Cruz Acad\u00eamica da LEdoC e PIBIDiana &nbsp; O livro \u201cCAMINHOS NO CAMPO E NA CIDADE: EXPERI\u00caNCIAS DO PRONERA NO ENSINO, PESQUISA E EXTENS\u00c3O\u201d foi desenvolvido pela Universidade Federal do Par\u00e1 (UFPA) e Instituto Nacional de Coloniza\u00e7\u00e3o&hellip; <\/p>\n<p><a href=\"https:\/\/www2.unifap.br\/pibidledocmzg\/caminhos-no-campo-e-na-cidade-experiencias-do-pronera-no-ensino-pesquisa-e-extensao\/\" class=\"readmore-button\">Continue Reading<\/a><\/p>\n","protected":false},"author":2426,"featured_media":0,"parent":0,"menu_order":0,"comment_status":"closed","ping_status":"closed","template":"","meta":{"inline_featured_image":false,"footnotes":""},"class_list":["post-129","page","type-page","status-publish","hentry"],"_links":{"self":[{"href":"https:\/\/www2.unifap.br\/pibidledocmzg\/wp-json\/wp\/v2\/pages\/129","targetHints":{"allow":["GET"]}}],"collection":[{"href":"https:\/\/www2.unifap.br\/pibidledocmzg\/wp-json\/wp\/v2\/pages"}],"about":[{"href":"https:\/\/www2.unifap.br\/pibidledocmzg\/wp-json\/wp\/v2\/types\/page"}],"author":[{"embeddable":true,"href":"https:\/\/www2.unifap.br\/pibidledocmzg\/wp-json\/wp\/v2\/users\/2426"}],"replies":[{"embeddable":true,"href":"https:\/\/www2.unifap.br\/pibidledocmzg\/wp-json\/wp\/v2\/comments?post=129"}],"version-history":[{"count":6,"href":"https:\/\/www2.unifap.br\/pibidledocmzg\/wp-json\/wp\/v2\/pages\/129\/revisions"}],"predecessor-version":[{"id":154,"href":"https:\/\/www2.unifap.br\/pibidledocmzg\/wp-json\/wp\/v2\/pages\/129\/revisions\/154"}],"wp:attachment":[{"href":"https:\/\/www2.unifap.br\/pibidledocmzg\/wp-json\/wp\/v2\/media?parent=129"}],"curies":[{"name":"wp","href":"https:\/\/api.w.org\/{rel}","templated":true}]}}