{"id":136,"date":"2023-07-05T12:45:12","date_gmt":"2023-07-05T15:45:12","guid":{"rendered":"https:\/\/www2.unifap.br\/pibidledocmzg\/?page_id=136"},"modified":"2023-07-05T16:51:06","modified_gmt":"2023-07-05T19:51:06","slug":"a-origem-das-especies","status":"publish","type":"page","link":"https:\/\/www2.unifap.br\/pibidledocmzg\/a-origem-das-especies\/","title":{"rendered":"A Origem das Esp\u00e9cies"},"content":{"rendered":"<h6 style=\"text-align: right\"><strong>Escrito por Arinelson da Silva<\/strong><\/h6>\n<h6 style=\"text-align: right\">Acad\u00eamico da LEdoC e PIBIDiano<\/h6>\n<p>&nbsp;<\/p>\n<p><span style=\"font-family: Times New Roman, serif\"><span style=\"font-size: medium\">O livro \u201c<\/span><\/span><span style=\"font-family: Times New Roman, serif\"><span style=\"font-size: medium\"><i>A Origem das Esp\u00e9cies&#8221;<\/i><\/span><\/span><span style=\"color: #202122\"><span style=\"font-family: Times New Roman, serif\"><span style=\"font-size: medium\"> \u00e9 uma obra de literatura cient\u00edfica escrita por\u00a0<\/span><\/span><\/span><span style=\"font-family: Times New Roman, serif\"><span style=\"font-size: medium\">Charles Darwin<\/span><\/span><span style=\"color: #202122\"><span style=\"font-family: Times New Roman, serif\"><span style=\"font-size: medium\">, que \u00e9 considerada a base da\u00a0<\/span><\/span><\/span><span style=\"font-family: Times New Roman, serif\"><span style=\"font-size: medium\">biologia evolutiva, tendo sido<\/span><\/span><span style=\"color: #202122\"><span style=\"font-family: Times New Roman, serif\"><span style=\"font-size: medium\"> publicado em 24 de novembro de 1859. \u00a0O livro apresentou evid\u00eancias de como diversas formas de vida resulta<\/span><\/span><\/span><span style=\"color: #202122\"><span style=\"font-family: Times New Roman, serif\"><span style=\"font-size: medium\">m<\/span><\/span><\/span><span style=\"color: #202122\"><span style=\"font-family: Times New Roman, serif\"><span style=\"font-size: medium\"> de um ancestral comum que\u00a0<\/span><\/span><\/span><span style=\"font-family: Times New Roman, serif\"><span style=\"font-size: medium\">evoluiu por meio de um padr\u00e3o ramificado,<\/span><\/span><span style=\"color: #202122\"><span style=\"font-family: Times New Roman, serif\"><span style=\"font-size: medium\"> e introduziu a\u00a0<\/span><\/span><\/span><span style=\"font-family: Times New Roman, serif\"><span style=\"font-size: medium\">teoria cient\u00edfica<\/span><\/span><span style=\"color: #202122\"><span style=\"font-family: Times New Roman, serif\"><span style=\"font-size: medium\">\u00a0de que as formas de vida\u00a0<\/span><\/span><\/span><span style=\"font-family: Times New Roman, serif\"><span style=\"font-size: medium\">evoluem<\/span><\/span><span style=\"color: #202122\"><span style=\"font-family: Times New Roman, serif\"><span style=\"font-size: medium\">\u00a0ao longo das gera\u00e7\u00f5es, por meio do processo de\u00a0<\/span><\/span><\/span><span style=\"font-family: Times New Roman, serif\"><span style=\"font-size: medium\">sele\u00e7\u00e3o natural<\/span><\/span><span style=\"color: #202122\"><span style=\"font-family: Times New Roman, serif\"><span style=\"font-size: medium\">.<\/span><\/span><\/span><\/p>\n<p><img fetchpriority=\"high\" decoding=\"async\" class=\"aligncenter size-medium wp-image-160\" src=\"http:\/\/www2.unifap.br\/pibidledocmzg\/files\/2023\/07\/Darwin-286x300.jpg\" alt=\"\" width=\"286\" height=\"300\" srcset=\"https:\/\/www2.unifap.br\/pibidledocmzg\/files\/2023\/07\/Darwin-286x300.jpg 286w, https:\/\/www2.unifap.br\/pibidledocmzg\/files\/2023\/07\/Darwin.jpg 707w\" sizes=\"(max-width: 286px) 100vw, 286px\" \/><\/p>\n<p><span style=\"color: #202122\"> <span style=\"font-family: Times New Roman, serif\"><span style=\"font-size: medium\"> Por\u00e9m, quando se fala em evolu\u00e7\u00e3o das esp\u00e9cies, n\u00e3o podemos deixar de falar sobre o primeiro cientista que despertou um s\u00e9rio estudo sobre tal assunto, Jean-Baptiste Lamark, que publicou sua <\/span><\/span><\/span><span style=\"color: #202122\"><span style=\"font-family: Times New Roman, serif\"><span style=\"font-size: medium\">teoria da evolu\u00e7\u00e3o em<\/span><\/span><\/span><span style=\"color: #202122\"><span style=\"font-family: Times New Roman, serif\"><span style=\"font-size: medium\"> 1809, <\/span><\/span><\/span><span style=\"color: #202122\"><span style=\"font-family: Times New Roman, serif\"><span style=\"font-size: medium\">em \u201c<\/span><\/span><\/span><span style=\"color: #202122\"><span style=\"font-family: Times New Roman, serif\"><span style=\"font-size: medium\"><i>Philosophie Zoologique\u201d<\/i><\/span><\/span><\/span><span style=\"color: #202122\"><span style=\"font-family: Times New Roman, serif\"><span style=\"font-size: medium\">. Para Lamark a evolu\u00e7\u00e3o das esp\u00e9cies se d\u00e1 por meio das modifica\u00e7\u00f5es que s\u00e3o impostas pelo meio em que vivem, ou seja, novas caracter\u00edsticas s\u00e3o adquiridas pelo uso ou desuso repetido de um \u00f3rg\u00e3o ou parte do corpo e tal mudan\u00e7a seria transmitida a seus descendentes. Apesar dos erros te\u00f3ricos de Lamark, este e Darwin concordaram em um ponto importante, que, com passar do tempo, a vida dos seres vivos estava mudando e eles precisavam se adaptar.<\/span><\/span><\/span><\/p>\n<p><span style=\"color: #202122\"> <span style=\"font-family: Times New Roman, serif\"><span style=\"font-size: medium\">Darwin definiu a teoria da evolu\u00e7\u00e3o por sele\u00e7\u00e3o natural como \u201cdescender com modifica\u00e7\u00f5es\u201d, com a ideia de que a<\/span><\/span><\/span><span style=\"color: #202122\"><span style=\"font-family: Times New Roman, serif\"><span style=\"font-size: medium\">s<\/span><\/span><\/span><span style=\"color: #202122\"><span style=\"font-family: Times New Roman, serif\"><span style=\"font-size: medium\"> esp\u00e9cies mudam ao longo do tempo e d\u00e3o origem a novas esp\u00e9cies, assim compartilhando<\/span><\/span><\/span> <span style=\"color: #202122\"><span style=\"font-family: Times New Roman, serif\"><span style=\"font-size: medium\">um ancestral comum.<\/span><\/span><\/span><\/p>\n<p>Para leitura, segue\u00a0 o link para acesso a um e-book de download gratuito, baseado na tradu\u00e7\u00e3o de Joaquim da Mesquita Paul, publicada em 2003 por LELLO &amp; IRM\u00c3O \u2013 EDITORES.<\/p>\n<p><a href=\"https:\/\/www.baixelivros.com.br\/biologicas-e-saude\/botanica\/a-origem-das-especies\">DARWIN, Charles. A Origem das Esp\u00e9cies, no meio da sele\u00e7\u00e3o natural ou a luta pela exist\u00eancia na natureza, 1 vol., tradu\u00e7\u00e3o do doutor Mesquita Paul.<\/a><\/p>\n","protected":false},"excerpt":{"rendered":"<p>Escrito por Arinelson da Silva Acad\u00eamico da LEdoC e PIBIDiano &nbsp; O livro \u201cA Origem das Esp\u00e9cies&#8221; \u00e9 uma obra de literatura cient\u00edfica escrita por\u00a0Charles Darwin, que \u00e9 considerada a base da\u00a0biologia evolutiva, tendo sido publicado em 24 de novembro&hellip; <\/p>\n<p><a href=\"https:\/\/www2.unifap.br\/pibidledocmzg\/a-origem-das-especies\/\" class=\"readmore-button\">Continue Reading<\/a><\/p>\n","protected":false},"author":2426,"featured_media":0,"parent":0,"menu_order":0,"comment_status":"closed","ping_status":"closed","template":"","meta":{"inline_featured_image":false,"footnotes":""},"class_list":["post-136","page","type-page","status-publish","hentry"],"_links":{"self":[{"href":"https:\/\/www2.unifap.br\/pibidledocmzg\/wp-json\/wp\/v2\/pages\/136","targetHints":{"allow":["GET"]}}],"collection":[{"href":"https:\/\/www2.unifap.br\/pibidledocmzg\/wp-json\/wp\/v2\/pages"}],"about":[{"href":"https:\/\/www2.unifap.br\/pibidledocmzg\/wp-json\/wp\/v2\/types\/page"}],"author":[{"embeddable":true,"href":"https:\/\/www2.unifap.br\/pibidledocmzg\/wp-json\/wp\/v2\/users\/2426"}],"replies":[{"embeddable":true,"href":"https:\/\/www2.unifap.br\/pibidledocmzg\/wp-json\/wp\/v2\/comments?post=136"}],"version-history":[{"count":4,"href":"https:\/\/www2.unifap.br\/pibidledocmzg\/wp-json\/wp\/v2\/pages\/136\/revisions"}],"predecessor-version":[{"id":162,"href":"https:\/\/www2.unifap.br\/pibidledocmzg\/wp-json\/wp\/v2\/pages\/136\/revisions\/162"}],"wp:attachment":[{"href":"https:\/\/www2.unifap.br\/pibidledocmzg\/wp-json\/wp\/v2\/media?parent=136"}],"curies":[{"name":"wp","href":"https:\/\/api.w.org\/{rel}","templated":true}]}}