{"id":145,"date":"2023-06-08T11:27:04","date_gmt":"2023-06-08T14:27:04","guid":{"rendered":"https:\/\/www2.unifap.br\/pibidledocmzg\/?page_id=145"},"modified":"2023-06-08T11:49:24","modified_gmt":"2023-06-08T14:49:24","slug":"nocoes-morfologicas-e-taxonomicas-para-identificacao-botanica","status":"publish","type":"page","link":"https:\/\/www2.unifap.br\/pibidledocmzg\/nocoes-morfologicas-e-taxonomicas-para-identificacao-botanica\/","title":{"rendered":"No\u00e7\u00f5es Morfol\u00f3gicas e Taxon\u00f4micas para Identifica\u00e7\u00e3o Bot\u00e2nica"},"content":{"rendered":"<h6 style=\"text-align: right\"><strong>Escrito por Lorran Monteiro<\/strong><\/h6>\n<h6 style=\"text-align: right\">Acad\u00eamico da LEdoC e PIBIDiano<\/h6>\n<p>&nbsp;<\/p>\n<p>O livro \u201cNo\u00e7\u00f5es Morfol\u00f3gicas e Taxon\u00f4micas para Identifica\u00e7\u00e3o Bot\u00e2nica\u201d, dos autores Regina C\u00e9lia Viana Martins-da-Silva, Ant\u00f4nio S\u00e9rgio Lima da Silva, Mar\u00edlia Moreira Fernandes e Luciano Ferreira Margalho, mostra conceitos fundamentais da morfologia e da taxonomia de plantas, al\u00e9m de t\u00e9cnicas de identifica\u00e7\u00e3o bot\u00e2nica.<\/p>\n<p>O livro est\u00e1 dividido em duas partes. A primeira exp\u00f5e os aspectos morfol\u00f3gicos das plantas, tais como a estrutura das ra\u00edzes, caules, folhas, flores e frutos, e a rela\u00e7\u00e3o destas com a classifica\u00e7\u00e3o taxon\u00f4mica. J\u00e1 a segunda parte da obra, exibe as principais t\u00e9cnicas de coleta e identifica\u00e7\u00e3o bot\u00e2nica, contendo a identifica\u00e7\u00e3o de plantas por meio de chaves dicot\u00f4micas, literatura espec\u00edfica e a descri\u00e7\u00e3o de caracteres morfol\u00f3gicos.<\/p>\n<p>O livro em si \u00e9 uma \u00f3tima fonte de refer\u00eancia para estudantes e profissionais que trabalham com ecologia, agronomia e biologia vegetal. Ele oferece uma vis\u00e3o ampla e detalhada dos principais conceitos e t\u00e9cnicas de identifica\u00e7\u00e3o bot\u00e2nica, apresentando uma base s\u00f3lida para o estudo e a pesquisa na \u00e1rea.<\/p>\n<p><a href=\"https:\/\/www.embrapa.br\/busca-de-publicacoes\/-\/publicacao\/992543\/nocoes-morfologicas-e-taxonomicas-para-identificacao-botanica\">Link de acesso<\/a><\/p>\n<p><img fetchpriority=\"high\" decoding=\"async\" class=\"aligncenter size-medium wp-image-150\" src=\"http:\/\/www2.unifap.br\/pibidledocmzg\/files\/2023\/06\/2-1-213x300.jpg\" alt=\"\" width=\"213\" height=\"300\" srcset=\"https:\/\/www2.unifap.br\/pibidledocmzg\/files\/2023\/06\/2-1-213x300.jpg 213w, https:\/\/www2.unifap.br\/pibidledocmzg\/files\/2023\/06\/2-1-728x1024.jpg 728w, https:\/\/www2.unifap.br\/pibidledocmzg\/files\/2023\/06\/2-1-768x1080.jpg 768w, https:\/\/www2.unifap.br\/pibidledocmzg\/files\/2023\/06\/2-1.jpg 998w\" sizes=\"(max-width: 213px) 100vw, 213px\" \/><\/p>\n","protected":false},"excerpt":{"rendered":"<p>Escrito por Lorran Monteiro Acad\u00eamico da LEdoC e PIBIDiano &nbsp; O livro \u201cNo\u00e7\u00f5es Morfol\u00f3gicas e Taxon\u00f4micas para Identifica\u00e7\u00e3o Bot\u00e2nica\u201d, dos autores Regina C\u00e9lia Viana Martins-da-Silva, Ant\u00f4nio S\u00e9rgio Lima da Silva, Mar\u00edlia Moreira Fernandes e Luciano Ferreira Margalho, mostra conceitos fundamentais&hellip; <\/p>\n<p><a href=\"https:\/\/www2.unifap.br\/pibidledocmzg\/nocoes-morfologicas-e-taxonomicas-para-identificacao-botanica\/\" class=\"readmore-button\">Continue Reading<\/a><\/p>\n","protected":false},"author":2426,"featured_media":0,"parent":0,"menu_order":0,"comment_status":"closed","ping_status":"closed","template":"","meta":{"inline_featured_image":false,"footnotes":""},"class_list":["post-145","page","type-page","status-publish","hentry"],"_links":{"self":[{"href":"https:\/\/www2.unifap.br\/pibidledocmzg\/wp-json\/wp\/v2\/pages\/145","targetHints":{"allow":["GET"]}}],"collection":[{"href":"https:\/\/www2.unifap.br\/pibidledocmzg\/wp-json\/wp\/v2\/pages"}],"about":[{"href":"https:\/\/www2.unifap.br\/pibidledocmzg\/wp-json\/wp\/v2\/types\/page"}],"author":[{"embeddable":true,"href":"https:\/\/www2.unifap.br\/pibidledocmzg\/wp-json\/wp\/v2\/users\/2426"}],"replies":[{"embeddable":true,"href":"https:\/\/www2.unifap.br\/pibidledocmzg\/wp-json\/wp\/v2\/comments?post=145"}],"version-history":[{"count":4,"href":"https:\/\/www2.unifap.br\/pibidledocmzg\/wp-json\/wp\/v2\/pages\/145\/revisions"}],"predecessor-version":[{"id":151,"href":"https:\/\/www2.unifap.br\/pibidledocmzg\/wp-json\/wp\/v2\/pages\/145\/revisions\/151"}],"wp:attachment":[{"href":"https:\/\/www2.unifap.br\/pibidledocmzg\/wp-json\/wp\/v2\/media?parent=145"}],"curies":[{"name":"wp","href":"https:\/\/api.w.org\/{rel}","templated":true}]}}