{"id":170,"date":"2023-08-10T17:16:14","date_gmt":"2023-08-10T20:16:14","guid":{"rendered":"https:\/\/www2.unifap.br\/pibidledocmzg\/?page_id=170"},"modified":"2023-08-10T17:28:01","modified_gmt":"2023-08-10T20:28:01","slug":"botanica-aplicada-2","status":"publish","type":"page","link":"https:\/\/www2.unifap.br\/pibidledocmzg\/botanica-aplicada-2\/","title":{"rendered":"Bot\u00e2nica Aplicada 2"},"content":{"rendered":"<p><img decoding=\"async\" class=\"wp-image-172 alignright\" src=\"http:\/\/www2.unifap.br\/pibidledocmzg\/files\/2023\/08\/674fbf70-1c7b-4e2f-a29d-affc9be72d1f-1-246x300.jpg\" alt=\"\" width=\"66\" height=\"80\" srcset=\"https:\/\/www2.unifap.br\/pibidledocmzg\/files\/2023\/08\/674fbf70-1c7b-4e2f-a29d-affc9be72d1f-1-246x300.jpg 246w, https:\/\/www2.unifap.br\/pibidledocmzg\/files\/2023\/08\/674fbf70-1c7b-4e2f-a29d-affc9be72d1f-1.jpg 699w\" sizes=\"(max-width: 66px) 100vw, 66px\" \/><\/p>\n<h6 class=\"western\" style=\"text-align: right\"><strong>Escrito por Micheli Vilhena<\/strong><\/h6>\n<h6 class=\"western\" style=\"text-align: right;padding-left: 80px\">Acad\u00eamica da LEdoC e PIBIDiana<\/h6>\n<p>&nbsp;<\/p>\n<p>O livro \u201cBot\u00e2nica Aplicada 2\u201d, organizado por Andr\u00e9 Luiz Oliveira de Francisco, tem como conte\u00fado v\u00e1rios trabalhos sobre pesquisas cient\u00edficas inovadoras, que demostram como a bot\u00e2nica pode ser aplicada em diversas \u00e1reas.<\/p>\n<p>A obra \u00e9 dividida em quatro \u00e1reas tem\u00e1ticas: (1) Avalia\u00e7\u00e3o da produ\u00e7\u00e3o e desenvolvimento de plantas;(2) Estudos taxon\u00f4micos das plantas; (3) Avalia\u00e7\u00e3o bot\u00e2nica para estudo dos ambientes; e (4) Bot\u00e2nica aplicada aos estudos socioecon\u00f4micos do ambiente, de importante relev\u00e2ncia para quem tem interesse em adquirir conhecimentos sobre a \u00e1rea da bot\u00e2nica aplicada. Esses temas t\u00eam como<br \/>\nabrang\u00eancia a aplica\u00e7\u00e3o, a recupera\u00e7\u00e3o e a preserva\u00e7\u00e3o, n\u00e3o se limitando apenas a isso, mas tamb\u00e9m a conhecimentos sobre a fisiologia e a intera\u00e7\u00e3o entre as plantas.<\/p>\n<p>O organizador destaca a relev\u00e2ncia da leitura deste livro para amplia\u00e7\u00e3o de conhecimentos bot\u00e2nicos e aprofundamento do estudo de esp\u00e9cies vegetais pouco exploradas. Com a leitura desta obra o leitor abrir\u00e1 novos horizontes para a mente, descobrindo informa\u00e7\u00f5es e expandindo seu entendimento e vis\u00e3o de mundo.<\/p>\n<p>REFER\u00caNCIA<br \/>\n<a href=\"https:\/\/www.infolivros.org\/pdfview\/5342-botanica-aplicada-2-andre-luiz-oliveira-de-francisco\/\">Botanica Aplicada 2 | InfoLivros.org<\/a><\/p>\n<p><img fetchpriority=\"high\" decoding=\"async\" class=\"aligncenter size-medium wp-image-177\" src=\"http:\/\/www2.unifap.br\/pibidledocmzg\/files\/2023\/08\/livro-224x300.png\" alt=\"\" width=\"224\" height=\"300\" srcset=\"https:\/\/www2.unifap.br\/pibidledocmzg\/files\/2023\/08\/livro-224x300.png 224w, https:\/\/www2.unifap.br\/pibidledocmzg\/files\/2023\/08\/livro.png 556w\" sizes=\"(max-width: 224px) 100vw, 224px\" \/><\/p>\n","protected":false},"excerpt":{"rendered":"<p>Escrito por Micheli Vilhena Acad\u00eamica da LEdoC e PIBIDiana &nbsp; O livro \u201cBot\u00e2nica Aplicada 2\u201d, organizado por Andr\u00e9 Luiz Oliveira de Francisco, tem como conte\u00fado v\u00e1rios trabalhos sobre pesquisas cient\u00edficas inovadoras, que demostram como a bot\u00e2nica pode ser aplicada em&hellip; <\/p>\n<p><a href=\"https:\/\/www2.unifap.br\/pibidledocmzg\/botanica-aplicada-2\/\" class=\"readmore-button\">Continue Reading<\/a><\/p>\n","protected":false},"author":2426,"featured_media":0,"parent":0,"menu_order":0,"comment_status":"closed","ping_status":"closed","template":"","meta":{"inline_featured_image":false,"footnotes":""},"class_list":["post-170","page","type-page","status-publish","hentry"],"_links":{"self":[{"href":"https:\/\/www2.unifap.br\/pibidledocmzg\/wp-json\/wp\/v2\/pages\/170","targetHints":{"allow":["GET"]}}],"collection":[{"href":"https:\/\/www2.unifap.br\/pibidledocmzg\/wp-json\/wp\/v2\/pages"}],"about":[{"href":"https:\/\/www2.unifap.br\/pibidledocmzg\/wp-json\/wp\/v2\/types\/page"}],"author":[{"embeddable":true,"href":"https:\/\/www2.unifap.br\/pibidledocmzg\/wp-json\/wp\/v2\/users\/2426"}],"replies":[{"embeddable":true,"href":"https:\/\/www2.unifap.br\/pibidledocmzg\/wp-json\/wp\/v2\/comments?post=170"}],"version-history":[{"count":3,"href":"https:\/\/www2.unifap.br\/pibidledocmzg\/wp-json\/wp\/v2\/pages\/170\/revisions"}],"predecessor-version":[{"id":176,"href":"https:\/\/www2.unifap.br\/pibidledocmzg\/wp-json\/wp\/v2\/pages\/170\/revisions\/176"}],"wp:attachment":[{"href":"https:\/\/www2.unifap.br\/pibidledocmzg\/wp-json\/wp\/v2\/media?parent=170"}],"curies":[{"name":"wp","href":"https:\/\/api.w.org\/{rel}","templated":true}]}}