{"id":179,"date":"2023-08-10T17:44:08","date_gmt":"2023-08-10T20:44:08","guid":{"rendered":"https:\/\/www2.unifap.br\/pibidledocmzg\/?page_id=179"},"modified":"2023-08-10T17:44:47","modified_gmt":"2023-08-10T20:44:47","slug":"ensinar-e-aprender-biologia-em-tempos-de-pandemia","status":"publish","type":"page","link":"https:\/\/www2.unifap.br\/pibidledocmzg\/ensinar-e-aprender-biologia-em-tempos-de-pandemia\/","title":{"rendered":"Ensinar e aprender biologia em tempos de pandemia"},"content":{"rendered":"<h6 style=\"text-align: right\"><strong><img decoding=\"async\" class=\" wp-image-180 alignright\" src=\"http:\/\/www2.unifap.br\/pibidledocmzg\/files\/2023\/08\/FB_IMG_1666648959782-251x300.jpg\" alt=\"\" width=\"78\" height=\"94\" srcset=\"https:\/\/www2.unifap.br\/pibidledocmzg\/files\/2023\/08\/FB_IMG_1666648959782-251x300.jpg 251w, https:\/\/www2.unifap.br\/pibidledocmzg\/files\/2023\/08\/FB_IMG_1666648959782.jpg 370w\" sizes=\"(max-width: 78px) 100vw, 78px\" \/>Escrito por Guilherme A. Dalmacio<\/strong><br \/>\nAcad\u00eamico da LEdoC e PIBIDiano.<\/h6>\n<p>&nbsp;<\/p>\n<p>&nbsp;<\/p>\n<p>O livro digital &#8220;Ensinar e aprender biologia em tempos de pandemia&#8221; faz ouvir a voz de professores com o objetivo de contar hist\u00f3rias sobre o per\u00edodo da pandemia de COVID-19, compartilhando as experi\u00eancias de quem viveu a situa\u00e7\u00e3o atrav\u00e9s do v\u00edrus Sars-CoV-2. O livro enfoca os desafios que incluem a educa\u00e7\u00e3o inclusiva (EI) e a forma\u00e7\u00e3o inicial de professores, a obra \u00e9 a reflex\u00e3o do aluno da educa\u00e7\u00e3o e das ci\u00eancias biol\u00f3gicas.<\/p>\n<p>Os autores apontam a mudan\u00e7a promovida pela experi\u00eancia de ensino a dist\u00e2ncia para EI em doen\u00e7as infecciosas, como uma barreira para enfrentar os desafios de problemas de sa\u00fade causados \u200b\u200bpor v\u00edrus, destacando diferen\u00e7as sociais e de riqueza, que fizeram com que todas as pessoas mudassem seus h\u00e1bitos de viver e de conviver.<\/p>\n<p><a href=\"https:\/\/www.pimentacultural.com\/livro\/ensinar-biologia\"><img fetchpriority=\"high\" decoding=\"async\" class=\"aligncenter size-medium wp-image-181\" src=\"http:\/\/www2.unifap.br\/pibidledocmzg\/files\/2023\/08\/livro-1-300x300.png\" alt=\"\" width=\"300\" height=\"300\" srcset=\"https:\/\/www2.unifap.br\/pibidledocmzg\/files\/2023\/08\/livro-1-300x300.png 300w, https:\/\/www2.unifap.br\/pibidledocmzg\/files\/2023\/08\/livro-1-150x150.png 150w, https:\/\/www2.unifap.br\/pibidledocmzg\/files\/2023\/08\/livro-1-70x70.png 70w, https:\/\/www2.unifap.br\/pibidledocmzg\/files\/2023\/08\/livro-1.png 420w\" sizes=\"(max-width: 300px) 100vw, 300px\" \/><\/a><\/p>\n","protected":false},"excerpt":{"rendered":"<p>Escrito por Guilherme A. Dalmacio Acad\u00eamico da LEdoC e PIBIDiano. &nbsp; &nbsp; O livro digital &#8220;Ensinar e aprender biologia em tempos de pandemia&#8221; faz ouvir a voz de professores com o objetivo de contar hist\u00f3rias sobre o per\u00edodo da pandemia&hellip; <\/p>\n<p><a href=\"https:\/\/www2.unifap.br\/pibidledocmzg\/ensinar-e-aprender-biologia-em-tempos-de-pandemia\/\" class=\"readmore-button\">Continue Reading<\/a><\/p>\n","protected":false},"author":2426,"featured_media":0,"parent":0,"menu_order":0,"comment_status":"closed","ping_status":"closed","template":"","meta":{"inline_featured_image":false,"footnotes":""},"class_list":["post-179","page","type-page","status-publish","hentry"],"_links":{"self":[{"href":"https:\/\/www2.unifap.br\/pibidledocmzg\/wp-json\/wp\/v2\/pages\/179","targetHints":{"allow":["GET"]}}],"collection":[{"href":"https:\/\/www2.unifap.br\/pibidledocmzg\/wp-json\/wp\/v2\/pages"}],"about":[{"href":"https:\/\/www2.unifap.br\/pibidledocmzg\/wp-json\/wp\/v2\/types\/page"}],"author":[{"embeddable":true,"href":"https:\/\/www2.unifap.br\/pibidledocmzg\/wp-json\/wp\/v2\/users\/2426"}],"replies":[{"embeddable":true,"href":"https:\/\/www2.unifap.br\/pibidledocmzg\/wp-json\/wp\/v2\/comments?post=179"}],"version-history":[{"count":3,"href":"https:\/\/www2.unifap.br\/pibidledocmzg\/wp-json\/wp\/v2\/pages\/179\/revisions"}],"predecessor-version":[{"id":184,"href":"https:\/\/www2.unifap.br\/pibidledocmzg\/wp-json\/wp\/v2\/pages\/179\/revisions\/184"}],"wp:attachment":[{"href":"https:\/\/www2.unifap.br\/pibidledocmzg\/wp-json\/wp\/v2\/media?parent=179"}],"curies":[{"name":"wp","href":"https:\/\/api.w.org\/{rel}","templated":true}]}}