{"id":190,"date":"2023-08-10T20:52:08","date_gmt":"2023-08-10T23:52:08","guid":{"rendered":"https:\/\/www2.unifap.br\/pibidledocmzg\/?page_id=190"},"modified":"2023-08-24T00:20:04","modified_gmt":"2023-08-24T03:20:04","slug":"posso-criar-abelha-mae","status":"publish","type":"page","link":"https:\/\/www2.unifap.br\/pibidledocmzg\/posso-criar-abelha-mae\/","title":{"rendered":"Posso criar abelha, m\u00e3e?"},"content":{"rendered":"<p style=\"text-align: right\"><strong><img decoding=\"async\" class=\" wp-image-121 alignright\" src=\"http:\/\/www2.unifap.br\/pibidledocmzg\/files\/2023\/05\/WhatsApp-Image-2023-05-17-at-08.41.41-169x300.jpeg\" alt=\"\" width=\"65\" height=\"115\" srcset=\"https:\/\/www2.unifap.br\/pibidledocmzg\/files\/2023\/05\/WhatsApp-Image-2023-05-17-at-08.41.41-169x300.jpeg 169w, https:\/\/www2.unifap.br\/pibidledocmzg\/files\/2023\/05\/WhatsApp-Image-2023-05-17-at-08.41.41-576x1024.jpeg 576w, https:\/\/www2.unifap.br\/pibidledocmzg\/files\/2023\/05\/WhatsApp-Image-2023-05-17-at-08.41.41.jpeg 720w\" sizes=\"(max-width: 65px) 100vw, 65px\" \/>Escrito por Nat\u00e1lia Amoras<\/strong><br \/>\nAcad\u00eamica da LEdoC e PIBIDiana<\/p>\n<p>&nbsp;<\/p>\n<p>&nbsp;<\/p>\n<p>O livro &#8220;Posso criar abelha, m\u00e3e?&#8221; foi elaborado por membros do Laborat\u00f3rio de Biologia Floral e Reprodutiva da UNIFAP\/<em>Campus <\/em>Mazag\u00e3o (FLOREM), e contou com a parceria do N\u00facleo de Estudo em Agroecologia e Produ\u00e7\u00e3o Org\u00e2nica da UNIFAP\/<em>Campus<\/em> Mazag\u00e3o (NEA-UNIFAP\/MZG), integrando uma a\u00e7\u00e3o do projeto de extens\u00e3o &#8220;Melipon\u00e1rio NEA-UNIFAP\/MZG: da universidade para as escolas do campo&#8221;. Este projeto foi cadastrado no Departamento de Extens\u00e3o da UNIFAP e contou com o apoio do Programa Institucional de Bolsas de Extens\u00e3o (PIBEX).<br \/>\nE olha que legal! Tendo em vista o fortalecimento da conscientiza\u00e7\u00e3o em prol da conserva\u00e7\u00e3o do meio ambiente e de seus recursos naturais, e diante da dimens\u00e3o e import\u00e2ncia ecol\u00f3gica e econ\u00f4mica das abelhas, este projeto buscou a divulga\u00e7\u00e3o de conhecimentos cient\u00edficos sobre as mesmas, especificamente das abelhas-sem-ferr\u00e3o, incentivando sua cria\u00e7\u00e3o racional. O p\u00fablico-alvo do projeto foram estudantes de escolas do campo do estado do Amap\u00e1, cursando o Ensino Fundamental I. Por isso o livro possui conte\u00fado regional e adaptado \u00e0 realidade desses estudantes, e foi elaborado por acad\u00eamicos do Curso de Licenciatura em Educa\u00e7\u00e3o do Campo, da UNIFAP\/<em>Campus<\/em> Mazag\u00e3o, promovendo melhor qualifica\u00e7\u00e3o profissional destes.<br \/>\nCurtiu essa indica\u00e7\u00e3o? Ent\u00e3o n\u00e3o perde tempo! Fa\u00e7a download gratuito do livro direto no site da editora, atrav\u00e9s do <a href=\"https:\/\/edicoes.uerr.edu.br\/index.php\/inicio\/catalog\/book\/61\">link<\/a>, e boa leitura!<\/p>\n<p>&nbsp;<\/p>\n<p><a href=\"https:\/\/edicoes.uerr.edu.br\/index.php\/inicio\/catalog\/book\/61\"><img fetchpriority=\"high\" decoding=\"async\" class=\"aligncenter  wp-image-192\" src=\"http:\/\/www2.unifap.br\/pibidledocmzg\/files\/2023\/08\/f-210x300.png\" alt=\"\" width=\"269\" height=\"385\" srcset=\"https:\/\/www2.unifap.br\/pibidledocmzg\/files\/2023\/08\/f-210x300.png 210w, https:\/\/www2.unifap.br\/pibidledocmzg\/files\/2023\/08\/f-717x1024.png 717w, https:\/\/www2.unifap.br\/pibidledocmzg\/files\/2023\/08\/f.png 756w\" sizes=\"(max-width: 269px) 100vw, 269px\" \/><\/a><\/p>\n","protected":false},"excerpt":{"rendered":"<p>Escrito por Nat\u00e1lia Amoras Acad\u00eamica da LEdoC e PIBIDiana &nbsp; &nbsp; O livro &#8220;Posso criar abelha, m\u00e3e?&#8221; foi elaborado por membros do Laborat\u00f3rio de Biologia Floral e Reprodutiva da UNIFAP\/Campus Mazag\u00e3o (FLOREM), e contou com a parceria do N\u00facleo de&hellip; <\/p>\n<p><a href=\"https:\/\/www2.unifap.br\/pibidledocmzg\/posso-criar-abelha-mae\/\" class=\"readmore-button\">Continue Reading<\/a><\/p>\n","protected":false},"author":2426,"featured_media":0,"parent":0,"menu_order":0,"comment_status":"closed","ping_status":"closed","template":"","meta":{"inline_featured_image":false,"footnotes":""},"class_list":["post-190","page","type-page","status-publish","hentry"],"_links":{"self":[{"href":"https:\/\/www2.unifap.br\/pibidledocmzg\/wp-json\/wp\/v2\/pages\/190","targetHints":{"allow":["GET"]}}],"collection":[{"href":"https:\/\/www2.unifap.br\/pibidledocmzg\/wp-json\/wp\/v2\/pages"}],"about":[{"href":"https:\/\/www2.unifap.br\/pibidledocmzg\/wp-json\/wp\/v2\/types\/page"}],"author":[{"embeddable":true,"href":"https:\/\/www2.unifap.br\/pibidledocmzg\/wp-json\/wp\/v2\/users\/2426"}],"replies":[{"embeddable":true,"href":"https:\/\/www2.unifap.br\/pibidledocmzg\/wp-json\/wp\/v2\/comments?post=190"}],"version-history":[{"count":6,"href":"https:\/\/www2.unifap.br\/pibidledocmzg\/wp-json\/wp\/v2\/pages\/190\/revisions"}],"predecessor-version":[{"id":241,"href":"https:\/\/www2.unifap.br\/pibidledocmzg\/wp-json\/wp\/v2\/pages\/190\/revisions\/241"}],"wp:attachment":[{"href":"https:\/\/www2.unifap.br\/pibidledocmzg\/wp-json\/wp\/v2\/media?parent=190"}],"curies":[{"name":"wp","href":"https:\/\/api.w.org\/{rel}","templated":true}]}}