{"id":232,"date":"2023-08-20T16:36:45","date_gmt":"2023-08-20T19:36:45","guid":{"rendered":"https:\/\/www2.unifap.br\/pibidledocmzg\/?page_id=232"},"modified":"2023-08-20T16:36:45","modified_gmt":"2023-08-20T19:36:45","slug":"dicionario-da-educacao-do-campo","status":"publish","type":"page","link":"https:\/\/www2.unifap.br\/pibidledocmzg\/dicionario-da-educacao-do-campo\/","title":{"rendered":"Dicion\u00e1rio da Educa\u00e7\u00e3o do Campo"},"content":{"rendered":"<h6 style=\"text-align: right\"><strong>Escrito por Lorran Monteiro<\/strong><\/h6>\n<h6 style=\"text-align: right\">Acad\u00eamico da LEdoC e PIBIDiano<\/h6>\n<p style=\"text-align: right\">\n<p align=\"justify\">O livro \u201cDicion\u00e1rio da Educa\u00e7\u00e3o do Campo\u201d, escrito pelos autores Roseli Salete Caldart, Isabel Brasil Pereira, Paulo Alentejano e Gaud\u00eancio Frigott, mostra alguns dos principais temas de debates que envolvem uma \u00e1rea espec\u00edfica da educa\u00e7\u00e3o. Al\u00e9m disso, abordam sobre teorias, pr\u00e1ticas e conceitos que estejam relacionados \u00e0 Educa\u00e7\u00e3o do Campo.<\/p>\n<p align=\"justify\">Os autores relatam que a Educa\u00e7\u00e3o do Campo deve ser voltada para a necessidade e realidades das \u00e1reas rurais. Assim, o livro apresenta temas como: agricultura familiar, assentamentos rurais, educa\u00e7\u00e3o popular, g\u00eanero, juventude rural, movimentos sociais do campo, pol\u00edticas p\u00fablicas e dentre outros. O prop\u00f3sito dessa obra \u00e9 fazer com que os leitores possam ter uma profunda compreens\u00e3o sobre os desafios que a Educa\u00e7\u00e3o do Campo apresenta e possibilidades dessa \u00e1rea.<\/p>\n<p align=\"justify\">Assim, o livro \u00e9 uma refer\u00eancia valiosa para os estudantes, educadores das escolas do campo, pesquisadores da \u00e1rea da educa\u00e7\u00e3o e outras pessoas que tenham o interesse de saber sobre esse tema e sobre essas lutas da Educa\u00e7\u00e3o do Campo. Devemos ter o m\u00e9rito olhar<!-- \n\nO que isso significa?\n\nProfessora, estar relacionado aos valores que as pessoas do Campo adquirem ao longo de suas vidas como conhecimentos e experi\u00eancias por exemplo. Assim estava fazendo refer\u00eancia para temos um m\u00e9ritor olhar para essas pessoas que abitam essas \u00e1reas do Campo, para que assim eles n\u00e3o percam sua indentidade e origem  --> que a Educa\u00e7\u00e3o do Campo tenha uma educa\u00e7\u00e3o voltada para a realidade do campo, para que essas pessoas que moram nessas \u00e1reas n\u00e3o percam seus conhecimentos e hist\u00f3rias.<\/p>\n<p align=\"justify\"><a href=\"https:\/\/www.epsjv.fiocruz.br\/sites\/default\/files\/l191.pdf\"><img fetchpriority=\"high\" decoding=\"async\" class=\"aligncenter  wp-image-233\" src=\"http:\/\/www2.unifap.br\/pibidledocmzg\/files\/2023\/08\/f-1.jpg\" alt=\"\" width=\"274\" height=\"392\" srcset=\"https:\/\/www2.unifap.br\/pibidledocmzg\/files\/2023\/08\/f-1.jpg 1080w, https:\/\/www2.unifap.br\/pibidledocmzg\/files\/2023\/08\/f-1-210x300.jpg 210w, https:\/\/www2.unifap.br\/pibidledocmzg\/files\/2023\/08\/f-1-717x1024.jpg 717w, https:\/\/www2.unifap.br\/pibidledocmzg\/files\/2023\/08\/f-1-768x1097.jpg 768w, https:\/\/www2.unifap.br\/pibidledocmzg\/files\/2023\/08\/f-1-1076x1536.jpg 1076w\" sizes=\"(max-width: 274px) 100vw, 274px\" \/><\/a><\/p>\n<p>&nbsp;<\/p>\n","protected":false},"excerpt":{"rendered":"<p>Escrito por Lorran Monteiro Acad\u00eamico da LEdoC e PIBIDiano O livro \u201cDicion\u00e1rio da Educa\u00e7\u00e3o do Campo\u201d, escrito pelos autores Roseli Salete Caldart, Isabel Brasil Pereira, Paulo Alentejano e Gaud\u00eancio Frigott, mostra alguns dos principais temas de debates que envolvem uma&hellip; <\/p>\n<p><a href=\"https:\/\/www2.unifap.br\/pibidledocmzg\/dicionario-da-educacao-do-campo\/\" class=\"readmore-button\">Continue Reading<\/a><\/p>\n","protected":false},"author":2426,"featured_media":0,"parent":0,"menu_order":0,"comment_status":"closed","ping_status":"closed","template":"","meta":{"inline_featured_image":false,"footnotes":""},"class_list":["post-232","page","type-page","status-publish","hentry"],"_links":{"self":[{"href":"https:\/\/www2.unifap.br\/pibidledocmzg\/wp-json\/wp\/v2\/pages\/232","targetHints":{"allow":["GET"]}}],"collection":[{"href":"https:\/\/www2.unifap.br\/pibidledocmzg\/wp-json\/wp\/v2\/pages"}],"about":[{"href":"https:\/\/www2.unifap.br\/pibidledocmzg\/wp-json\/wp\/v2\/types\/page"}],"author":[{"embeddable":true,"href":"https:\/\/www2.unifap.br\/pibidledocmzg\/wp-json\/wp\/v2\/users\/2426"}],"replies":[{"embeddable":true,"href":"https:\/\/www2.unifap.br\/pibidledocmzg\/wp-json\/wp\/v2\/comments?post=232"}],"version-history":[{"count":1,"href":"https:\/\/www2.unifap.br\/pibidledocmzg\/wp-json\/wp\/v2\/pages\/232\/revisions"}],"predecessor-version":[{"id":234,"href":"https:\/\/www2.unifap.br\/pibidledocmzg\/wp-json\/wp\/v2\/pages\/232\/revisions\/234"}],"wp:attachment":[{"href":"https:\/\/www2.unifap.br\/pibidledocmzg\/wp-json\/wp\/v2\/media?parent=232"}],"curies":[{"name":"wp","href":"https:\/\/api.w.org\/{rel}","templated":true}]}}