{"id":248,"date":"2023-09-16T18:42:09","date_gmt":"2023-09-16T21:42:09","guid":{"rendered":"https:\/\/www2.unifap.br\/pibidledocmzg\/?page_id=248"},"modified":"2023-11-21T17:33:26","modified_gmt":"2023-11-21T20:33:26","slug":"evento-junho-verde","status":"publish","type":"page","link":"https:\/\/www2.unifap.br\/pibidledocmzg\/evento-junho-verde\/","title":{"rendered":"Evento Junho Verde"},"content":{"rendered":"<p>&nbsp;<\/p>\n<p style=\"text-align: left\">Mazag\u00e3o, 20 de junho de 2023.<\/p>\n<p>&nbsp;<\/p>\n<p>Neste dia, o Instituto Municipal de Meio Ambiente de Mazag\u00e3o-IMMAM, juntamente com a prefeitura de Mazag\u00e3o, realizou um evento com o intuito de conscientizar sobre a preserva\u00e7\u00e3o do meio ambiente. A programa\u00e7\u00e3o ocorreu na Pra\u00e7a 15 de Novembro, iniciando \u00e0s 9:30h com palestra sobre educa\u00e7\u00e3o ambiental e a import\u00e2ncia do Junho Verde. Seguidamente, houve doa\u00e7\u00e3o de mudas de \u00e1rvores e distribui\u00e7\u00e3o de brindes, al\u00e9m do lan\u00e7amento do projeto de Arboriza\u00e7\u00e3o Urbana, criado pela empresa TUXTU \u2013 Conectividade ambiental.<br \/>\nA referida empresa tem a miss\u00e3o de agregar conhecimento, ensinando e dando voz a pessoas, a\u00e7\u00f5es e empreendimentos, sejam urbanos ou rurais, que busquem conhecer o meio ambiente. Vale destacar que os PIBIDianos 2022 da UNIFAP <em>Campus<\/em> Mazag\u00e3o fizeram-se presentes e contribu\u00edram com o evento realizando exposi\u00e7\u00f5es de alguns materiais produzidos pelos mesmos e mostrando, atrav\u00e9s da lente de estereomicrosc\u00f3pio, bri\u00f3fitas.<br \/>\nMencionou-se no evento que a sensibiliza\u00e7\u00e3o e conscientiza\u00e7\u00e3o caminham lado a lado, haja vista que, para um indiv\u00edduo tornar-se c\u00f4nscio ele precisa, primeiramente, se sensibilizar para que automaticamente ele tenha conscientiza\u00e7\u00e3o e cuide do meio ambiente. Portanto, \u00e9 poss\u00edvel considerar que a a\u00e7\u00e3o\u00a0foi de suma import\u00e2ncia e agregou muitos conhecimentos a todos que estavam presentes. Ao final da programa\u00e7\u00e3o houve a distribui\u00e7\u00e3o das mudas de \u00e1rvores para as pessoas interessadas em plantar, e assim<br \/>\nencerrando o evento.<\/p>\n<h6 style=\"text-align: left\">Texto de Ataiula Freitas<\/h6>\n<p>&nbsp;<\/p>\n<div style=\"width: 640px;\" class=\"wp-video\"><!--[if lt IE 9]><script>document.createElement('video');<\/script><![endif]-->\n<video class=\"wp-video-shortcode\" id=\"video-248-1\" width=\"640\" height=\"360\" preload=\"metadata\" controls=\"controls\"><source type=\"video\/mp4\" src=\"http:\/\/www2.unifap.br\/pibidledocmzg\/files\/2023\/11\/Campanha-Junho-Verde.mp4?_=1\" \/><a href=\"http:\/\/www2.unifap.br\/pibidledocmzg\/files\/2023\/11\/Campanha-Junho-Verde.mp4\">http:\/\/www2.unifap.br\/pibidledocmzg\/files\/2023\/11\/Campanha-Junho-Verde.mp4<\/a><\/video><\/div>\n<h6 style=\"text-align: left\">V\u00eddeo de Nat\u00e1lia Amoras<\/h6>\n","protected":false},"excerpt":{"rendered":"<p>&nbsp; Mazag\u00e3o, 20 de junho de 2023. &nbsp; Neste dia, o Instituto Municipal de Meio Ambiente de Mazag\u00e3o-IMMAM, juntamente com a prefeitura de Mazag\u00e3o, realizou um evento com o intuito de conscientizar sobre a preserva\u00e7\u00e3o do meio ambiente. A programa\u00e7\u00e3o&hellip; <\/p>\n<p><a href=\"https:\/\/www2.unifap.br\/pibidledocmzg\/evento-junho-verde\/\" class=\"readmore-button\">Continue Reading<\/a><\/p>\n","protected":false},"author":2426,"featured_media":0,"parent":0,"menu_order":0,"comment_status":"closed","ping_status":"closed","template":"","meta":{"inline_featured_image":false,"footnotes":""},"class_list":["post-248","page","type-page","status-publish","hentry"],"_links":{"self":[{"href":"https:\/\/www2.unifap.br\/pibidledocmzg\/wp-json\/wp\/v2\/pages\/248","targetHints":{"allow":["GET"]}}],"collection":[{"href":"https:\/\/www2.unifap.br\/pibidledocmzg\/wp-json\/wp\/v2\/pages"}],"about":[{"href":"https:\/\/www2.unifap.br\/pibidledocmzg\/wp-json\/wp\/v2\/types\/page"}],"author":[{"embeddable":true,"href":"https:\/\/www2.unifap.br\/pibidledocmzg\/wp-json\/wp\/v2\/users\/2426"}],"replies":[{"embeddable":true,"href":"https:\/\/www2.unifap.br\/pibidledocmzg\/wp-json\/wp\/v2\/comments?post=248"}],"version-history":[{"count":6,"href":"https:\/\/www2.unifap.br\/pibidledocmzg\/wp-json\/wp\/v2\/pages\/248\/revisions"}],"predecessor-version":[{"id":267,"href":"https:\/\/www2.unifap.br\/pibidledocmzg\/wp-json\/wp\/v2\/pages\/248\/revisions\/267"}],"wp:attachment":[{"href":"https:\/\/www2.unifap.br\/pibidledocmzg\/wp-json\/wp\/v2\/media?parent=248"}],"curies":[{"name":"wp","href":"https:\/\/api.w.org\/{rel}","templated":true}]}}