{"id":253,"date":"2023-10-11T16:23:26","date_gmt":"2023-10-11T19:23:26","guid":{"rendered":"https:\/\/www2.unifap.br\/pibidledocmzg\/?page_id=253"},"modified":"2024-02-27T20:51:15","modified_gmt":"2024-02-27T23:51:15","slug":"evento-sipitec","status":"publish","type":"page","link":"https:\/\/www2.unifap.br\/pibidledocmzg\/evento-sipitec\/","title":{"rendered":"Evento SIPITEC"},"content":{"rendered":"<p>Nos dia 16, 17 e 18 de agosto de 2023, na UNIFAP\/<em>Campus<\/em> Mazag\u00e3o, ocorreu o I Semin\u00e1rio de Integra\u00e7\u00e3o de Pesquisa, Inova\u00e7\u00e3o e Tecnologia (SIPITEC). No evento, ocorreram palestras, rodas de conversas, mesas redondas, apresenta\u00e7\u00f5es culturais e a\u00e7\u00e3o na Escola Estadual Dom Pedro I.<\/p>\n<h5><strong>Est\u00edmulo \u00e0 escrita e \u00e0 produ\u00e7\u00e3o audiovisual<\/strong><\/h5>\n<p>Relato de experi\u00eancia &#8211; <a href=\"http:\/\/www2.unifap.br\/pibidledocmzg\/files\/2024\/02\/experiencia-pibid.-corregido.docx\">Claudiana Cruz<\/a><\/p>\n<p>Relato de experi\u00eancia &#8211; <a href=\"http:\/\/www2.unifap.br\/pibidledocmzg\/files\/2024\/02\/Andreia_sipitec-corrigido.pdf\">Andreia Correa<\/a><\/p>\n<p>Relato de experi\u00eancia &#8211; Marco<\/p>\n<div style=\"width: 640px;\" class=\"wp-video\"><!--[if lt IE 9]><script>document.createElement('video');<\/script><![endif]-->\n<video class=\"wp-video-shortcode\" id=\"video-253-1\" width=\"640\" height=\"1138\" poster=\"http:\/\/www2.unifap.br\/pibidledocmzg\/files\/2023\/08\/WhatsApp-Image-2023-08-18-at-18.21.09.jpeg\" preload=\"metadata\" controls=\"controls\"><source type=\"video\/mp4\" src=\"http:\/\/www2.unifap.br\/pibidledocmzg\/files\/2023\/10\/f9a71405-eb9c-4b92-a3f6-d8e54dc093d3.mp4?_=1\" \/><a href=\"http:\/\/www2.unifap.br\/pibidledocmzg\/files\/2023\/10\/f9a71405-eb9c-4b92-a3f6-d8e54dc093d3.mp4\">http:\/\/www2.unifap.br\/pibidledocmzg\/files\/2023\/10\/f9a71405-eb9c-4b92-a3f6-d8e54dc093d3.mp4<\/a><\/video><\/div>\n","protected":false},"excerpt":{"rendered":"<p>Nos dia 16, 17 e 18 de agosto de 2023, na UNIFAP\/Campus Mazag\u00e3o, ocorreu o I Semin\u00e1rio de Integra\u00e7\u00e3o de Pesquisa, Inova\u00e7\u00e3o e Tecnologia (SIPITEC). No evento, ocorreram palestras, rodas de conversas, mesas redondas, apresenta\u00e7\u00f5es culturais e a\u00e7\u00e3o na Escola&hellip; <\/p>\n<p><a href=\"https:\/\/www2.unifap.br\/pibidledocmzg\/evento-sipitec\/\" class=\"readmore-button\">Continue Reading<\/a><\/p>\n","protected":false},"author":2426,"featured_media":0,"parent":0,"menu_order":0,"comment_status":"closed","ping_status":"closed","template":"","meta":{"inline_featured_image":false,"footnotes":""},"class_list":["post-253","page","type-page","status-publish","hentry"],"_links":{"self":[{"href":"https:\/\/www2.unifap.br\/pibidledocmzg\/wp-json\/wp\/v2\/pages\/253","targetHints":{"allow":["GET"]}}],"collection":[{"href":"https:\/\/www2.unifap.br\/pibidledocmzg\/wp-json\/wp\/v2\/pages"}],"about":[{"href":"https:\/\/www2.unifap.br\/pibidledocmzg\/wp-json\/wp\/v2\/types\/page"}],"author":[{"embeddable":true,"href":"https:\/\/www2.unifap.br\/pibidledocmzg\/wp-json\/wp\/v2\/users\/2426"}],"replies":[{"embeddable":true,"href":"https:\/\/www2.unifap.br\/pibidledocmzg\/wp-json\/wp\/v2\/comments?post=253"}],"version-history":[{"count":5,"href":"https:\/\/www2.unifap.br\/pibidledocmzg\/wp-json\/wp\/v2\/pages\/253\/revisions"}],"predecessor-version":[{"id":309,"href":"https:\/\/www2.unifap.br\/pibidledocmzg\/wp-json\/wp\/v2\/pages\/253\/revisions\/309"}],"wp:attachment":[{"href":"https:\/\/www2.unifap.br\/pibidledocmzg\/wp-json\/wp\/v2\/media?parent=253"}],"curies":[{"name":"wp","href":"https:\/\/api.w.org\/{rel}","templated":true}]}}