{"id":270,"date":"2023-11-21T18:24:04","date_gmt":"2023-11-21T21:24:04","guid":{"rendered":"https:\/\/www2.unifap.br\/pibidledocmzg\/?page_id=270"},"modified":"2023-11-21T18:24:33","modified_gmt":"2023-11-21T21:24:33","slug":"270-2","status":"publish","type":"page","link":"https:\/\/www2.unifap.br\/pibidledocmzg\/270-2\/","title":{"rendered":"Biodiversidade e Sistemas Alimentares"},"content":{"rendered":"<h6 style=\"text-align: right\">Escrito por Laurrane da Silva<\/h6>\n<h6 style=\"text-align: right\">Acad\u00eamica da LEdoC e PIBIDiana<\/h6>\n<p>O livro &#8220;Biodiversidade e Sistemas Alimentares: a contribui\u00e7\u00e3o (in)vis\u00edvel das abelhas sem ferr\u00e3o&#8221; foi escrito por profissionais, pesquisadoras e estudantes de gradua\u00e7\u00e3o da Universidade de S\u00e3o Paulo (USP), de diferentes \u00e1reas do conhecimento, entre elas: nutri\u00e7\u00e3o, geografia, gastronomia, biologia, medicina, sa\u00fade p\u00fablica e sa\u00fade global e sustentabilidade.<\/p>\n<p>A obra, publicada no ano de 2023, traz uma ideia bem clara sobre as abelhas sem ferr\u00e3o, alimenta\u00e7\u00e3o, biodiversidade e sustentabilidade. \u00c9 um livro bastante informativo para quem deseja conhecer mais sobre a import\u00e2ncia das abelhas sem ferr\u00e3o, os riscos e oportunidades de conserva\u00e7\u00e3o dos polinizadores. Al\u00e9m disso, destaca os benef\u00edcios para nossa alimenta\u00e7\u00e3o e para a poliniza\u00e7\u00e3o de diversas culturas agr\u00edcolas, assegurando a seguran\u00e7a alimentar de toda a humanidade.<\/p>\n<p>Clique na imagem e tenha acesso gratuito ao livro.<\/p>\n<p><a href=\"https:\/\/www.livrosabertos.sibi.usp.br\/portaldelivrosUSP\/catalog\/view\/1096\/1001\/3704\"><img fetchpriority=\"high\" decoding=\"async\" class=\"aligncenter size-medium wp-image-271\" src=\"http:\/\/www2.unifap.br\/pibidledocmzg\/files\/2023\/11\/Captura-de-tela-2023-11-21-181954-213x300.png\" alt=\"\" width=\"213\" height=\"300\" srcset=\"https:\/\/www2.unifap.br\/pibidledocmzg\/files\/2023\/11\/Captura-de-tela-2023-11-21-181954-213x300.png 213w, https:\/\/www2.unifap.br\/pibidledocmzg\/files\/2023\/11\/Captura-de-tela-2023-11-21-181954.png 562w\" sizes=\"(max-width: 213px) 100vw, 213px\" \/><\/a><\/p>\n<p>&nbsp;<\/p>\n","protected":false},"excerpt":{"rendered":"<p>Escrito por Laurrane da Silva Acad\u00eamica da LEdoC e PIBIDiana O livro &#8220;Biodiversidade e Sistemas Alimentares: a contribui\u00e7\u00e3o (in)vis\u00edvel das abelhas sem ferr\u00e3o&#8221; foi escrito por profissionais, pesquisadoras e estudantes de gradua\u00e7\u00e3o da Universidade de S\u00e3o Paulo (USP), de diferentes&hellip; <\/p>\n<p><a href=\"https:\/\/www2.unifap.br\/pibidledocmzg\/270-2\/\" class=\"readmore-button\">Continue Reading<\/a><\/p>\n","protected":false},"author":2426,"featured_media":0,"parent":0,"menu_order":0,"comment_status":"closed","ping_status":"closed","template":"","meta":{"inline_featured_image":false,"footnotes":""},"class_list":["post-270","page","type-page","status-publish","hentry"],"_links":{"self":[{"href":"https:\/\/www2.unifap.br\/pibidledocmzg\/wp-json\/wp\/v2\/pages\/270","targetHints":{"allow":["GET"]}}],"collection":[{"href":"https:\/\/www2.unifap.br\/pibidledocmzg\/wp-json\/wp\/v2\/pages"}],"about":[{"href":"https:\/\/www2.unifap.br\/pibidledocmzg\/wp-json\/wp\/v2\/types\/page"}],"author":[{"embeddable":true,"href":"https:\/\/www2.unifap.br\/pibidledocmzg\/wp-json\/wp\/v2\/users\/2426"}],"replies":[{"embeddable":true,"href":"https:\/\/www2.unifap.br\/pibidledocmzg\/wp-json\/wp\/v2\/comments?post=270"}],"version-history":[{"count":2,"href":"https:\/\/www2.unifap.br\/pibidledocmzg\/wp-json\/wp\/v2\/pages\/270\/revisions"}],"predecessor-version":[{"id":273,"href":"https:\/\/www2.unifap.br\/pibidledocmzg\/wp-json\/wp\/v2\/pages\/270\/revisions\/273"}],"wp:attachment":[{"href":"https:\/\/www2.unifap.br\/pibidledocmzg\/wp-json\/wp\/v2\/media?parent=270"}],"curies":[{"name":"wp","href":"https:\/\/api.w.org\/{rel}","templated":true}]}}