{"id":276,"date":"2023-11-21T20:16:18","date_gmt":"2023-11-21T23:16:18","guid":{"rendered":"https:\/\/www2.unifap.br\/pibidledocmzg\/?page_id=276"},"modified":"2023-11-21T20:16:18","modified_gmt":"2023-11-21T23:16:18","slug":"a-importancia-da-utilizacao-de-diferentes-recursos-didaticos-no-ensino-de-ciencias-e-biologia","status":"publish","type":"page","link":"https:\/\/www2.unifap.br\/pibidledocmzg\/a-importancia-da-utilizacao-de-diferentes-recursos-didaticos-no-ensino-de-ciencias-e-biologia\/","title":{"rendered":"A import\u00e2ncia da utiliza\u00e7\u00e3o de diferentes recursos did\u00e1ticos no Ensino de Ci\u00eancias e Biologia"},"content":{"rendered":"<h6 style=\"text-align: right\">Escrito por Laurrane da Silva<\/h6>\n<h6 style=\"text-align: right\">Acad\u00eamica da LEdoC e PIBIDiana<\/h6>\n<p>&nbsp;<\/p>\n<p>O artigo &#8220;A import\u00e2ncia da utiliza\u00e7\u00e3o de diferentes recursos did\u00e1ticos no Ensino de Ci\u00eancias e Biologia&#8221;, de autoria de J\u00e9ssica Anese Nicola e Catiane Mazocco Paniz, publicado no ano de 2016, relata uma entrevista feita com professores de Ci\u00eancias e Biologia de escolas p\u00fablicas. A an\u00e1lise foi realizada \u00e0 luz da An\u00e1lise Textual Discursiva (ATD), com o principal objetivo de saber se esses profissionais adotam os recursos did\u00e1ticos. A partir dessa an\u00e1lise, chegou-se a duas categorias: a utiliza\u00e7\u00e3o de metodologias diferentes, como possibilidade de melhorar o ensino; e os desafios na utiliza\u00e7\u00e3o de metodologias diferenciadas.<\/p>\n<p>A educa\u00e7\u00e3o em muitas escolas ainda segue m\u00e9todos de ensino tradicionais, onde n\u00e3o se busca ou n\u00e3o se tem tempo para adaptar m\u00e9todos de aprendizagem mais din\u00e2micos para sair daquela rotina. Al\u00e9m disso, as disciplinas de Ci\u00eancias e Biologia s\u00e3o complexas, sendo um \u00f3timo recurso para evitar que as aulas se tornem mon\u00f3tonas. Existem v\u00e1rias atividades, como sa\u00eddas de campo, jogos, filmes e outros, que podem despertar o interesse dos alunos e promover uma melhor compreens\u00e3o e fixa\u00e7\u00e3o dos conte\u00fados abordados.<\/p>\n<p>Para mais informa\u00e7\u00f5es, segue o link para download do artigo:<\/p>\n<p><a href=\"https:\/\/ojs.ead.unesp.br\/index.php\/nead\/article\/view\/InFor2120167\/pdf\">A import\u00e2ncia da utiliza\u00e7\u00e3o de diferentes recursos did\u00e1ticos no Ensino de Ci\u00eancias e Biologia | Anese Nicola | InFor (unesp.br)<\/a><\/p>\n","protected":false},"excerpt":{"rendered":"<p>Escrito por Laurrane da Silva Acad\u00eamica da LEdoC e PIBIDiana &nbsp; O artigo &#8220;A import\u00e2ncia da utiliza\u00e7\u00e3o de diferentes recursos did\u00e1ticos no Ensino de Ci\u00eancias e Biologia&#8221;, de autoria de J\u00e9ssica Anese Nicola e Catiane Mazocco Paniz, publicado no ano&hellip; <\/p>\n<p><a href=\"https:\/\/www2.unifap.br\/pibidledocmzg\/a-importancia-da-utilizacao-de-diferentes-recursos-didaticos-no-ensino-de-ciencias-e-biologia\/\" class=\"readmore-button\">Continue Reading<\/a><\/p>\n","protected":false},"author":2426,"featured_media":0,"parent":0,"menu_order":0,"comment_status":"closed","ping_status":"closed","template":"","meta":{"inline_featured_image":false,"footnotes":""},"class_list":["post-276","page","type-page","status-publish","hentry"],"_links":{"self":[{"href":"https:\/\/www2.unifap.br\/pibidledocmzg\/wp-json\/wp\/v2\/pages\/276","targetHints":{"allow":["GET"]}}],"collection":[{"href":"https:\/\/www2.unifap.br\/pibidledocmzg\/wp-json\/wp\/v2\/pages"}],"about":[{"href":"https:\/\/www2.unifap.br\/pibidledocmzg\/wp-json\/wp\/v2\/types\/page"}],"author":[{"embeddable":true,"href":"https:\/\/www2.unifap.br\/pibidledocmzg\/wp-json\/wp\/v2\/users\/2426"}],"replies":[{"embeddable":true,"href":"https:\/\/www2.unifap.br\/pibidledocmzg\/wp-json\/wp\/v2\/comments?post=276"}],"version-history":[{"count":1,"href":"https:\/\/www2.unifap.br\/pibidledocmzg\/wp-json\/wp\/v2\/pages\/276\/revisions"}],"predecessor-version":[{"id":277,"href":"https:\/\/www2.unifap.br\/pibidledocmzg\/wp-json\/wp\/v2\/pages\/276\/revisions\/277"}],"wp:attachment":[{"href":"https:\/\/www2.unifap.br\/pibidledocmzg\/wp-json\/wp\/v2\/media?parent=276"}],"curies":[{"name":"wp","href":"https:\/\/api.w.org\/{rel}","templated":true}]}}