{"id":279,"date":"2023-11-21T20:32:15","date_gmt":"2023-11-21T23:32:15","guid":{"rendered":"https:\/\/www2.unifap.br\/pibidledocmzg\/?page_id=279"},"modified":"2023-11-21T20:32:15","modified_gmt":"2023-11-21T23:32:15","slug":"curso-criacao-de-abelhas-sem-ferrao","status":"publish","type":"page","link":"https:\/\/www2.unifap.br\/pibidledocmzg\/curso-criacao-de-abelhas-sem-ferrao\/","title":{"rendered":"CURSO &#8211; Cria\u00e7\u00e3o de abelhas-sem-ferr\u00e3o"},"content":{"rendered":"<h6><\/h6>\n<h6 style=\"text-align: right\"><\/h6>\n<h6 style=\"text-align: right\"><img decoding=\"async\" class=\" wp-image-121 alignright\" src=\"http:\/\/www2.unifap.br\/pibidledocmzg\/files\/2023\/05\/WhatsApp-Image-2023-05-17-at-08.41.41-169x300.jpeg\" alt=\"\" width=\"69\" height=\"122\" srcset=\"https:\/\/www2.unifap.br\/pibidledocmzg\/files\/2023\/05\/WhatsApp-Image-2023-05-17-at-08.41.41-169x300.jpeg 169w, https:\/\/www2.unifap.br\/pibidledocmzg\/files\/2023\/05\/WhatsApp-Image-2023-05-17-at-08.41.41-576x1024.jpeg 576w, https:\/\/www2.unifap.br\/pibidledocmzg\/files\/2023\/05\/WhatsApp-Image-2023-05-17-at-08.41.41.jpeg 720w\" sizes=\"(max-width: 69px) 100vw, 69px\" \/><\/h6>\n<h6 style=\"text-align: right\">Escrito por Nat\u00e1lia Amoras<\/h6>\n<h6 style=\"text-align: right\">Acad\u00eamica da LEdoC e PIBIDiana<\/h6>\n<p>&nbsp;<\/p>\n<p>\u00c9 sempre dif\u00edcil achar um curso sobre meliponicultura, n\u00e3o \u00e9 mesmo? Mas olha s\u00f3, a Embrapa\/A.B.E.L.H.A tem um dispon\u00edvel para voc\u00ea, de forma online e gratuita!<br \/>\nO curso \u00e9 ofertado de forma remota e divide-se em quatro m\u00f3dulos, onde voc\u00ea ir\u00e1 aprender sobre as abelhas-sem-ferr\u00e3o e t\u00e9cnicas de manejo, totalizando uma carga hor\u00e1ria de 12 horas, al\u00e9m de estar capacitado para iniciar sua pr\u00f3pria cria\u00e7\u00e3o.<br \/>\nO pesquisador da Embrapa Meio Ambiente e membro do comit\u00ea cient\u00edfico da A.B.E.L.H.A, Cristiano Menezes, \u00e9 quem ministra o curso. Segundo ele, &#8220;al\u00e9m de capacitar pessoas para a inicia\u00e7\u00e3o \u00e0 meliponicultura, o material tamb\u00e9m pretende aprimorar as t\u00e9cnicas de quem j\u00e1 \u00e9 criador&#8221;.<br \/>\nN\u00e3o perca tempo e fa\u00e7a sua inscri\u00e7\u00e3o no <a href=\"https:\/\/www.embrapa.br\/en\/e-campo\/meliponicultura?p_p_id=56_INSTANCE_gFlURsnoq4MA&amp;amp;p_p_lifecycle=0&amp;amp;p_p_state=normal&amp;amp;p_p_mode=view&amp;amp;p_p_col_id=column-3&amp;amp;p_p_col_count=2\">link<\/a>.<\/p>\n<p>Acesse nossa p\u00e1gina na Internet e tenha acesso a outras indica\u00e7\u00f5es. Bons estudos!<\/p>\n<p><a href=\"https:\/\/www.embrapa.br\/en\/e-campo\/meliponicultura?p_p_id=56_INSTANCE_gFlURsnoq4MA&amp;amp;p_p_lifecycle=0&amp;amp;p_p_state=normal&amp;amp;p_p_mode=view&amp;amp;p_p_col_id=column-3&amp;amp;p_p_col_count=2\"><img fetchpriority=\"high\" decoding=\"async\" class=\"aligncenter size-medium wp-image-280\" src=\"http:\/\/www2.unifap.br\/pibidledocmzg\/files\/2023\/11\/IMG-20231030-WA0082-300x291.jpg\" alt=\"\" width=\"300\" height=\"291\" srcset=\"https:\/\/www2.unifap.br\/pibidledocmzg\/files\/2023\/11\/IMG-20231030-WA0082-300x291.jpg 300w, https:\/\/www2.unifap.br\/pibidledocmzg\/files\/2023\/11\/IMG-20231030-WA0082.jpg 720w\" sizes=\"(max-width: 300px) 100vw, 300px\" \/><\/a><\/p>\n","protected":false},"excerpt":{"rendered":"<p>Escrito por Nat\u00e1lia Amoras Acad\u00eamica da LEdoC e PIBIDiana &nbsp; \u00c9 sempre dif\u00edcil achar um curso sobre meliponicultura, n\u00e3o \u00e9 mesmo? Mas olha s\u00f3, a Embrapa\/A.B.E.L.H.A tem um dispon\u00edvel para voc\u00ea, de forma online e gratuita! O curso \u00e9 ofertado&hellip; <\/p>\n<p><a href=\"https:\/\/www2.unifap.br\/pibidledocmzg\/curso-criacao-de-abelhas-sem-ferrao\/\" class=\"readmore-button\">Continue Reading<\/a><\/p>\n","protected":false},"author":2426,"featured_media":0,"parent":0,"menu_order":0,"comment_status":"closed","ping_status":"closed","template":"","meta":{"inline_featured_image":false,"footnotes":""},"class_list":["post-279","page","type-page","status-publish","hentry"],"_links":{"self":[{"href":"https:\/\/www2.unifap.br\/pibidledocmzg\/wp-json\/wp\/v2\/pages\/279","targetHints":{"allow":["GET"]}}],"collection":[{"href":"https:\/\/www2.unifap.br\/pibidledocmzg\/wp-json\/wp\/v2\/pages"}],"about":[{"href":"https:\/\/www2.unifap.br\/pibidledocmzg\/wp-json\/wp\/v2\/types\/page"}],"author":[{"embeddable":true,"href":"https:\/\/www2.unifap.br\/pibidledocmzg\/wp-json\/wp\/v2\/users\/2426"}],"replies":[{"embeddable":true,"href":"https:\/\/www2.unifap.br\/pibidledocmzg\/wp-json\/wp\/v2\/comments?post=279"}],"version-history":[{"count":1,"href":"https:\/\/www2.unifap.br\/pibidledocmzg\/wp-json\/wp\/v2\/pages\/279\/revisions"}],"predecessor-version":[{"id":281,"href":"https:\/\/www2.unifap.br\/pibidledocmzg\/wp-json\/wp\/v2\/pages\/279\/revisions\/281"}],"wp:attachment":[{"href":"https:\/\/www2.unifap.br\/pibidledocmzg\/wp-json\/wp\/v2\/media?parent=279"}],"curies":[{"name":"wp","href":"https:\/\/api.w.org\/{rel}","templated":true}]}}