{"id":284,"date":"2023-11-21T20:53:28","date_gmt":"2023-11-21T23:53:28","guid":{"rendered":"https:\/\/www2.unifap.br\/pibidledocmzg\/?page_id=284"},"modified":"2023-11-21T20:53:28","modified_gmt":"2023-11-21T23:53:28","slug":"inovacoes-na-implementacao-da-base-nacional-comum-curricular-uma-analise-sobre-o-bioparque-da-amazonia","status":"publish","type":"page","link":"https:\/\/www2.unifap.br\/pibidledocmzg\/inovacoes-na-implementacao-da-base-nacional-comum-curricular-uma-analise-sobre-o-bioparque-da-amazonia\/","title":{"rendered":"Inova\u00e7\u00f5es na implementa\u00e7\u00e3o da Base Nacional Comum Curricular: uma an\u00e1lise sobre o Bioparque da Amaz\u00f4nia"},"content":{"rendered":"<h6 style=\"text-align: right\"><img decoding=\"async\" class=\" wp-image-121 alignright\" src=\"http:\/\/www2.unifap.br\/pibidledocmzg\/files\/2023\/05\/WhatsApp-Image-2023-05-17-at-08.41.41-169x300.jpeg\" alt=\"\" width=\"62\" height=\"110\" srcset=\"https:\/\/www2.unifap.br\/pibidledocmzg\/files\/2023\/05\/WhatsApp-Image-2023-05-17-at-08.41.41-169x300.jpeg 169w, https:\/\/www2.unifap.br\/pibidledocmzg\/files\/2023\/05\/WhatsApp-Image-2023-05-17-at-08.41.41-576x1024.jpeg 576w, https:\/\/www2.unifap.br\/pibidledocmzg\/files\/2023\/05\/WhatsApp-Image-2023-05-17-at-08.41.41.jpeg 720w\" sizes=\"(max-width: 62px) 100vw, 62px\" \/>Escrito por Nat\u00e1lia Amoras<\/h6>\n<h6 style=\"text-align: right\">Acad\u00eamica da LEdoC e PIBIDiana<\/h6>\n<p>&nbsp;<\/p>\n<p>&nbsp;<\/p>\n<p>O Bioparque da Amaz\u00f4nia localiza-se na Rodovia Juscelino Kubistchek, Cidade de Macap\u00e1, Estado do Amap\u00e1. Possui \u00e1rea territorial correspondente a 107 hectares, com diversos atrativos \u00e0 comunidade, al\u00e9m de apresentar potencial para pesquisas educacionais e<br \/>\ncient\u00edficas, essenciais para o desenvolvimento da Educa\u00e7\u00e3o Ambiental.<\/p>\n<p>A utiliza\u00e7\u00e3o deste espa\u00e7o para a pr\u00e1tica da Educa\u00e7\u00e3o b\u00e1sica, aliada \u00e0s compet\u00eancias e habilidades da Base Nacional Comum Curricular nas \u00e1reas de ci\u00eancias da Natureza e suas tecnologias, em n\u00edveis Fundamental e M\u00e9dio, foi o objetivo deste trabalho, onde buscou-se a identifica\u00e7\u00e3o destas habilidades para serem desenvolvidas no ambiente do Bioparque. A pesquisa mostrou-se positiva, onde quase 80% destas foram contempladas.<\/p>\n<p>A educa\u00e7\u00e3o ambiental e a forma\u00e7\u00e3o de cidad\u00e3os conscientizados com a preserva\u00e7\u00e3o e cuidado do meio \u00e9 de extrema import\u00e2ncia e a utiliza\u00e7\u00e3o destes espa\u00e7os valoriza a biodiversidade local, bem como a perspectiva dos alunos sobre.<\/p>\n<p>Gostou dessa indica\u00e7\u00e3o? Vamos pratic\u00e1-la em sala de aula? Adote essa ideia!<br \/>\nPara mais informa\u00e7\u00f5es sobre o artigo, fazer download em:<a href=\"https:\/\/periodicos.unifesp.br\/index.php\/revbea\/article\/view\/10220\"> https:\/\/periodicos.unifesp.br\/index.php\/revbea\/article\/view\/10220<\/a><br \/>\nAcesse nossa p\u00e1gina na Internet e tenha acesso a outras indica\u00e7\u00f5es. Bons estudos!<\/p>\n","protected":false},"excerpt":{"rendered":"<p>Escrito por Nat\u00e1lia Amoras Acad\u00eamica da LEdoC e PIBIDiana &nbsp; &nbsp; O Bioparque da Amaz\u00f4nia localiza-se na Rodovia Juscelino Kubistchek, Cidade de Macap\u00e1, Estado do Amap\u00e1. Possui \u00e1rea territorial correspondente a 107 hectares, com diversos atrativos \u00e0 comunidade, al\u00e9m de&hellip; <\/p>\n<p><a href=\"https:\/\/www2.unifap.br\/pibidledocmzg\/inovacoes-na-implementacao-da-base-nacional-comum-curricular-uma-analise-sobre-o-bioparque-da-amazonia\/\" class=\"readmore-button\">Continue Reading<\/a><\/p>\n","protected":false},"author":2426,"featured_media":0,"parent":0,"menu_order":0,"comment_status":"closed","ping_status":"closed","template":"","meta":{"inline_featured_image":false,"footnotes":""},"class_list":["post-284","page","type-page","status-publish","hentry"],"_links":{"self":[{"href":"https:\/\/www2.unifap.br\/pibidledocmzg\/wp-json\/wp\/v2\/pages\/284","targetHints":{"allow":["GET"]}}],"collection":[{"href":"https:\/\/www2.unifap.br\/pibidledocmzg\/wp-json\/wp\/v2\/pages"}],"about":[{"href":"https:\/\/www2.unifap.br\/pibidledocmzg\/wp-json\/wp\/v2\/types\/page"}],"author":[{"embeddable":true,"href":"https:\/\/www2.unifap.br\/pibidledocmzg\/wp-json\/wp\/v2\/users\/2426"}],"replies":[{"embeddable":true,"href":"https:\/\/www2.unifap.br\/pibidledocmzg\/wp-json\/wp\/v2\/comments?post=284"}],"version-history":[{"count":1,"href":"https:\/\/www2.unifap.br\/pibidledocmzg\/wp-json\/wp\/v2\/pages\/284\/revisions"}],"predecessor-version":[{"id":285,"href":"https:\/\/www2.unifap.br\/pibidledocmzg\/wp-json\/wp\/v2\/pages\/284\/revisions\/285"}],"wp:attachment":[{"href":"https:\/\/www2.unifap.br\/pibidledocmzg\/wp-json\/wp\/v2\/media?parent=284"}],"curies":[{"name":"wp","href":"https:\/\/api.w.org\/{rel}","templated":true}]}}