{"id":295,"date":"2024-02-27T20:05:28","date_gmt":"2024-02-27T23:05:28","guid":{"rendered":"https:\/\/www2.unifap.br\/pibidledocmzg\/?page_id=295"},"modified":"2024-02-27T20:10:05","modified_gmt":"2024-02-27T23:10:05","slug":"feira-de-ciencias","status":"publish","type":"page","link":"https:\/\/www2.unifap.br\/pibidledocmzg\/feira-de-ciencias\/","title":{"rendered":"Feira de Ci\u00eancias"},"content":{"rendered":"<p><span class=\"OYPEnA text-decoration-none text-strikethrough-none\"><img fetchpriority=\"high\" decoding=\"async\" class=\"size-medium wp-image-296 alignright\" src=\"http:\/\/www2.unifap.br\/pibidledocmzg\/files\/2024\/02\/FEIRA-DE-CIENCIAS-169x300.png\" alt=\"\" width=\"169\" height=\"300\" srcset=\"https:\/\/www2.unifap.br\/pibidledocmzg\/files\/2024\/02\/FEIRA-DE-CIENCIAS-169x300.png 169w, https:\/\/www2.unifap.br\/pibidledocmzg\/files\/2024\/02\/FEIRA-DE-CIENCIAS-576x1024.png 576w, https:\/\/www2.unifap.br\/pibidledocmzg\/files\/2024\/02\/FEIRA-DE-CIENCIAS-768x1365.png 768w, https:\/\/www2.unifap.br\/pibidledocmzg\/files\/2024\/02\/FEIRA-DE-CIENCIAS-864x1536.png 864w, https:\/\/www2.unifap.br\/pibidledocmzg\/files\/2024\/02\/FEIRA-DE-CIENCIAS.png 1080w\" sizes=\"(max-width: 169px) 100vw, 169px\" \/>Em alus\u00e3o ao m\u00eas da 20\u00aa Semana Nacional de Ci\u00eancia e Tecnologia, o PIBID LEdoC\/MZG realizou Feira de Ci\u00eancias, na Escola Estadual Dom Pedro I, em Mazag\u00e3o, Amap\u00e1.<\/span><\/p>\n<p>A a\u00e7\u00e3o, que foi realizada em dois turnos da escola, contou tamb\u00e9m com a participa\u00e7\u00e3o das turmas de Fundamentos de Qu\u00edmica e Fundamentos de F\u00edsica, do Professor Daniel Santos, da LEdoC UNIFAP\/MZG.<\/p>\n<h5><strong>Est\u00edmulo \u00e0 escrita e \u00e0 produ\u00e7\u00e3o audiovisual<\/strong><\/h5>\n<p>Relato de experi\u00eancia &#8211; <a href=\"http:\/\/www2.unifap.br\/pibidledocmzg\/files\/2024\/02\/FEIRA-DE-CIENCIAS-MICHELI-PIBID_MS.pdf\">Micheli Vilhena<\/a><\/p>\n<p>Relato de experi\u00eancia &#8211; <a href=\"http:\/\/www2.unifap.br\/pibidledocmzg\/files\/2024\/02\/ata-da-feira-de-ciencias-COM-CORRECOES-FEITAS.pdf\">Suzana da Luz<\/a><\/p>\n<p>Relato de experi\u00eancia &#8211; <a href=\"http:\/\/www2.unifap.br\/pibidledocmzg\/files\/2024\/02\/RELATO-DE-EXPERIENCIA-Carlos-Eduardo-modificado.pdf\">Carlos Chucre<\/a><\/p>\n<div style=\"width: 478px;\" class=\"wp-video\"><!--[if lt IE 9]><script>document.createElement('video');<\/script><![endif]-->\n<video class=\"wp-video-shortcode\" id=\"video-295-1\" width=\"478\" height=\"850\" preload=\"metadata\" controls=\"controls\"><source type=\"video\/mp4\" src=\"http:\/\/www2.unifap.br\/pibidledocmzg\/files\/2024\/02\/feira-de-ciencias_VgKpqsD9.mp4?_=1\" \/><a href=\"http:\/\/www2.unifap.br\/pibidledocmzg\/files\/2024\/02\/feira-de-ciencias_VgKpqsD9.mp4\">http:\/\/www2.unifap.br\/pibidledocmzg\/files\/2024\/02\/feira-de-ciencias_VgKpqsD9.mp4<\/a><\/video><\/div>\n","protected":false},"excerpt":{"rendered":"<p>Em alus\u00e3o ao m\u00eas da 20\u00aa Semana Nacional de Ci\u00eancia e Tecnologia, o PIBID LEdoC\/MZG realizou Feira de Ci\u00eancias, na Escola Estadual Dom Pedro I, em Mazag\u00e3o, Amap\u00e1. A a\u00e7\u00e3o, que foi realizada em dois turnos da escola, contou tamb\u00e9m&hellip; <\/p>\n<p><a href=\"https:\/\/www2.unifap.br\/pibidledocmzg\/feira-de-ciencias\/\" class=\"readmore-button\">Continue Reading<\/a><\/p>\n","protected":false},"author":2426,"featured_media":0,"parent":0,"menu_order":0,"comment_status":"closed","ping_status":"closed","template":"","meta":{"inline_featured_image":false,"footnotes":""},"class_list":["post-295","page","type-page","status-publish","hentry"],"_links":{"self":[{"href":"https:\/\/www2.unifap.br\/pibidledocmzg\/wp-json\/wp\/v2\/pages\/295","targetHints":{"allow":["GET"]}}],"collection":[{"href":"https:\/\/www2.unifap.br\/pibidledocmzg\/wp-json\/wp\/v2\/pages"}],"about":[{"href":"https:\/\/www2.unifap.br\/pibidledocmzg\/wp-json\/wp\/v2\/types\/page"}],"author":[{"embeddable":true,"href":"https:\/\/www2.unifap.br\/pibidledocmzg\/wp-json\/wp\/v2\/users\/2426"}],"replies":[{"embeddable":true,"href":"https:\/\/www2.unifap.br\/pibidledocmzg\/wp-json\/wp\/v2\/comments?post=295"}],"version-history":[{"count":5,"href":"https:\/\/www2.unifap.br\/pibidledocmzg\/wp-json\/wp\/v2\/pages\/295\/revisions"}],"predecessor-version":[{"id":305,"href":"https:\/\/www2.unifap.br\/pibidledocmzg\/wp-json\/wp\/v2\/pages\/295\/revisions\/305"}],"wp:attachment":[{"href":"https:\/\/www2.unifap.br\/pibidledocmzg\/wp-json\/wp\/v2\/media?parent=295"}],"curies":[{"name":"wp","href":"https:\/\/api.w.org\/{rel}","templated":true}]}}