{"id":76,"date":"2023-05-03T19:59:49","date_gmt":"2023-05-03T22:59:49","guid":{"rendered":"https:\/\/www2.unifap.br\/pibidledocmzg\/?page_id=76"},"modified":"2023-11-21T21:16:49","modified_gmt":"2023-11-22T00:16:49","slug":"pibidica","status":"publish","type":"page","link":"https:\/\/www2.unifap.br\/pibidledocmzg\/pibidica\/","title":{"rendered":"PIBIDicas"},"content":{"rendered":"<h4>Com a ideia de divulgar conte\u00fados interessantes ligados \u00e0 Educa\u00e7\u00e3o do Campo, Ci\u00eancias, Biologia e ao ensino destas, surgi o <strong>PIBIDicas<\/strong>. Aqui voc\u00ea ter\u00e1 acesso a indica\u00e7\u00f5es de leituras, PDFs e <em>sites<\/em>. <strong>Siga as dicas!<\/strong><\/h4>\n<p>&nbsp;<\/p>\n<p><a href=\"https:\/\/www2.unifap.br\/pibidledocmzg\/ensino-pesquisa-e-extensao-na-reserva-extrativista-do-rio-cajari\/\">Ensino, pesquisa e extens\u00e3o na Reserva Extrativista do Rio Cajari<\/a> &#8211; Por Nat\u00e1lia Amoras<\/p>\n<p><a href=\"https:\/\/www2.unifap.br\/pibidledocmzg\/politicas-publicas-e-educacao-do-campo-no-municipio-de-dianopolis-to\/\">Pol\u00edticas P\u00fablicas e Educa\u00e7\u00e3o do Campo no Munic\u00edpio de Dian\u00f3polis\/TO<\/a> &#8211; Por Sara Carvalho<\/p>\n<p><a href=\"https:\/\/www2.unifap.br\/pibidledocmzg\/caminhos-no-campo-e-na-cidade-experiencias-do-pronera-no-ensino-pesquisa-e-extensao\/\">Caminhos no campo e na cidade: experi\u00eancias do PRONERA no ensino, pesquisa e extens\u00e3o<\/a> &#8211; Por Claudiana da Cruz<\/p>\n<p><a href=\"https:\/\/www2.unifap.br\/pibidledocmzg\/?page_id=136&amp;preview=true\">A origem das esp\u00e9cies<\/a> &#8211; Por Arinelson da Silva<\/p>\n<p><a href=\"https:\/\/www2.unifap.br\/pibidledocmzg\/ensinar-e-aprender-biologia-em-tempos-de-pandemia\/\">Ensinar e aprender biologia em tempos de pandemia<\/a> &#8211; Por Guilherme Dalmacio<\/p>\n<p><a href=\"https:\/\/www2.unifap.br\/pibidledocmzg\/botanica-aplicada-2\/\">Bot\u00e2nica Aplicada 2<\/a> &#8211; Por Micheli Vilhena<\/p>\n<p>Macr\u00f3fitas aqu\u00e1ticas &#8211; Por Ra\u00edla dos Santos<\/p>\n<p><a href=\"https:\/\/www2.unifap.br\/pibidledocmzg\/nocoes-morfologicas-e-taxonomicas-para-identificacao-botanica\/\">No\u00e7\u00f5es Morfol\u00f3gicas e Taxon\u00f4micas para Identifica\u00e7\u00e3o Bot\u00e2nica<\/a> &#8211; Por Lorran Monteiro<\/p>\n<p>Educa\u00e7\u00e3o, tecnocracia e democratiza\u00e7\u00e3o &#8211; Por Adria Loureiro<\/p>\n<p>Alfabetiza\u00e7\u00e3o cient\u00edfica, ensino por investiga\u00e7\u00e3o e argumenta\u00e7\u00e3o: rela\u00e7\u00f5es entre ci\u00eancias da natureza e escola &#8211; Por Suzana da Luz<\/p>\n<p><a href=\"https:\/\/www2.unifap.br\/pibidledocmzg\/270-2\/\">Biodiversidade e sistemas alimentares: a contribui\u00e7\u00e3o (in)vis\u00edvel das abelhas sem ferr\u00e3o<\/a> &#8211; Por Laurrane da Silva<\/p>\n<p><a href=\"https:\/\/www2.unifap.br\/pibidledocmzg\/posso-criar-abelha-mae\/\">Posso criar abelha, m\u00e3e?<\/a> &#8211; Por Nat\u00e1lia Amoras<\/p>\n<p>As frutas na medicina dom\u00e9stica &#8211; Por Sara Carvalho<\/p>\n<p>Etnobot\u00e2nica das plantas aliment\u00edcias e di\u00e1logo intercultural no ensino de biologia &#8211; Por Claudiana da Cruz<\/p>\n<p>Educa\u00e7\u00e3o do Campo: sujeitos, saberes e reflex\u00f5es &#8211; Por Lorran Monteiro<\/p>\n<p><a href=\"https:\/\/www2.unifap.br\/pibidledocmzg\/ciencia-tecnologia-e-inovacao-para-a-amazonia\/\">Ci\u00eancia, tecnologia e inova\u00e7\u00e3o para a Amaz\u00f4nia<\/a> &#8211; Por Adria Loureiro<\/p>\n<p>O ensino de Ci\u00eancias e Biologia nas turmas de EJA: experi\u00eancias no munic\u00edpio de Sorriso-MT &#8211; Por Suzana da Luz<\/p>\n<p><a href=\"https:\/\/www2.unifap.br\/pibidledocmzg\/a-importancia-da-utilizacao-de-diferentes-recursos-didaticos-no-ensino-de-ciencias-e-biologia\/\">A import\u00e2ncia da utiliza\u00e7\u00e3o de diferentes recursos did\u00e1ticos no Ensino de Ci\u00eancias e Biologia<\/a> &#8211; Por Laurrane da Silva<\/p>\n<p><a href=\"https:\/\/www2.unifap.br\/pibidledocmzg\/dicionario-da-educacao-do-campo\/\">Dicion\u00e1rio da Educa\u00e7\u00e3o do Campo<\/a> &#8211; Por Lorran Monteiro<\/p>\n<p>A educa\u00e7\u00e3o do campo e seus desafios &#8211; Por Suzana da Luz<\/p>\n<p class=\"page_title\"><a href=\"https:\/\/www2.unifap.br\/pibidledocmzg\/inovacoes-na-implementacao-da-base-nacional-comum-curricular-uma-analise-sobre-o-bioparque-da-amazonia\/\">Inova\u00e7\u00f5es na implementa\u00e7\u00e3o da Base Nacional Comum Curricular<\/a> &#8211; Por Nat\u00e1lia Amoras<\/p>\n<p>A paleontologia na escola &#8211; Por Suzana da Luz<\/p>\n<p><a href=\"https:\/\/www2.unifap.br\/pibidledocmzg\/curso-criacao-de-abelhas-sem-ferrao\/\">CURSO &#8211; Cria\u00e7\u00e3o de abelhas-sem-ferr\u00e3o<\/a> &#8211; Por Nat\u00e1lia Amoras<\/p>\n","protected":false},"excerpt":{"rendered":"<p>Com a ideia de divulgar conte\u00fados interessantes ligados \u00e0 Educa\u00e7\u00e3o do Campo, Ci\u00eancias, Biologia e ao ensino destas, surgi o PIBIDicas. Aqui voc\u00ea ter\u00e1 acesso a indica\u00e7\u00f5es de leituras, PDFs e sites. Siga as dicas! &nbsp; Ensino, pesquisa e extens\u00e3o&hellip; <\/p>\n<p><a href=\"https:\/\/www2.unifap.br\/pibidledocmzg\/pibidica\/\" class=\"readmore-button\">Continue Reading<\/a><\/p>\n","protected":false},"author":2426,"featured_media":0,"parent":0,"menu_order":0,"comment_status":"closed","ping_status":"closed","template":"","meta":{"inline_featured_image":false,"footnotes":""},"class_list":["post-76","page","type-page","status-publish","hentry"],"_links":{"self":[{"href":"https:\/\/www2.unifap.br\/pibidledocmzg\/wp-json\/wp\/v2\/pages\/76","targetHints":{"allow":["GET"]}}],"collection":[{"href":"https:\/\/www2.unifap.br\/pibidledocmzg\/wp-json\/wp\/v2\/pages"}],"about":[{"href":"https:\/\/www2.unifap.br\/pibidledocmzg\/wp-json\/wp\/v2\/types\/page"}],"author":[{"embeddable":true,"href":"https:\/\/www2.unifap.br\/pibidledocmzg\/wp-json\/wp\/v2\/users\/2426"}],"replies":[{"embeddable":true,"href":"https:\/\/www2.unifap.br\/pibidledocmzg\/wp-json\/wp\/v2\/comments?post=76"}],"version-history":[{"count":46,"href":"https:\/\/www2.unifap.br\/pibidledocmzg\/wp-json\/wp\/v2\/pages\/76\/revisions"}],"predecessor-version":[{"id":287,"href":"https:\/\/www2.unifap.br\/pibidledocmzg\/wp-json\/wp\/v2\/pages\/76\/revisions\/287"}],"wp:attachment":[{"href":"https:\/\/www2.unifap.br\/pibidledocmzg\/wp-json\/wp\/v2\/media?parent=76"}],"curies":[{"name":"wp","href":"https:\/\/api.w.org\/{rel}","templated":true}]}}