{"id":96,"date":"2023-05-07T17:35:34","date_gmt":"2023-05-07T20:35:34","guid":{"rendered":"https:\/\/www2.unifap.br\/pibidledocmzg\/?page_id=96"},"modified":"2023-05-16T21:24:31","modified_gmt":"2023-05-17T00:24:31","slug":"politicas-publicas-e-educacao-do-campo-no-municipio-de-dianopolis-to","status":"publish","type":"page","link":"https:\/\/www2.unifap.br\/pibidledocmzg\/politicas-publicas-e-educacao-do-campo-no-municipio-de-dianopolis-to\/","title":{"rendered":"Pol\u00edticas P\u00fablicas e Educa\u00e7\u00e3o do Campo no Munic\u00edpio de Dian\u00f3polis\/TO"},"content":{"rendered":"<h5 style=\"text-align: right\"><strong><img decoding=\"async\" class=\"wp-image-114 alignright\" src=\"http:\/\/www2.unifap.br\/pibidledocmzg\/files\/2023\/05\/WhatsApp-Image-2023-05-16-at-19.32.58-225x300.jpeg\" alt=\"\" width=\"60\" height=\"80\" srcset=\"https:\/\/www2.unifap.br\/pibidledocmzg\/files\/2023\/05\/WhatsApp-Image-2023-05-16-at-19.32.58-225x300.jpeg 225w, https:\/\/www2.unifap.br\/pibidledocmzg\/files\/2023\/05\/WhatsApp-Image-2023-05-16-at-19.32.58.jpeg 619w\" sizes=\"(max-width: 60px) 100vw, 60px\" \/>Escrito por Sara Carvalho<\/strong><br \/>\nAcad\u00eamica da LEdoC e PIBIDiana<\/h5>\n<p>&nbsp;<\/p>\n<p>&nbsp;<\/p>\n<p>O livro \u201cPol\u00edticas P\u00fablicas e Educa\u00e7\u00e3o do Campo no Munic\u00edpio de Dian\u00f3polis\/TO: uma an\u00e1lise das escolas multisseriadas\u201d, dos autores Luzani Cardoso Barros, Flavio Moreira e Marcus Vinicius Alves Finco, apresenta uma an\u00e1lise da situa\u00e7\u00e3o da educa\u00e7\u00e3o do campo no munic\u00edpio de Dian\u00f3polis, localizado no estado do Tocantins. A pesquisa buscou identificar as pol\u00edticas p\u00fablicas existentes, bem como a realidade das escolas multisseriadas do campo no munic\u00edpio. Para isso, foram realizadas entrevistas com gestores e professores das escolas multisseriadas.<\/p>\n<p>Os autores destacam a import\u00e2ncia da educa\u00e7\u00e3o do campo como um direito social e uma forma de valoriza\u00e7\u00e3o da cultura e da identidade dos povos do campo. Entretanto, eles relatam a respeito das escolas multisseriadas com d\u00e9ficit de recursos e baixo investimento em forma\u00e7\u00e3o de professores, demonstrando um cen\u00e1rio preocupante. A publica\u00e7\u00e3o tamb\u00e9m evidencia a falta de um plano estrat\u00e9gico para a educa\u00e7\u00e3o do campo, com pol\u00edticas p\u00fablicas espec\u00edficas, o que \u00e9 apontado como um fator que dificulta a implementa\u00e7\u00e3o da educa\u00e7\u00e3o do campo no munic\u00edpio.<\/p>\n<p>Por fim, os autores frisam a necessidade de a\u00e7\u00f5es direcionadas para o fortalecimento da educa\u00e7\u00e3o do campo, como a amplia\u00e7\u00e3o da oferta de forma\u00e7\u00e3o continuada para os professores e o investimento em infraestrutura e recursos para as escolas multisseriadas. Em suma, o trabalho traz \u00e0 tona a problem\u00e1tica da educa\u00e7\u00e3o do campo no munic\u00edpio de Dian\u00f3polis, ressaltando a import\u00e2ncia da implementa\u00e7\u00e3o de pol\u00edticas p\u00fablicas efetivas para a promo\u00e7\u00e3o de uma educa\u00e7\u00e3o de qualidade e valoriza\u00e7\u00e3o da cultura dos povos do campo.<\/p>\n<p>&nbsp;<\/p>\n<p><img fetchpriority=\"high\" decoding=\"async\" class=\"aligncenter\" src=\"https:\/\/ww2.uft.edu.br\/images\/minihomes\/EdUFT\/Polticas-Pblicas-e-Educao-do-Campo-no-Municpio-de-Dianpolis--TO-Uma-Anlise-das-Escolas-Multisseriadas.jpg\" alt=\"Pol\u00edticas P\u00fablicas e Educa\u00e7\u00e3o do Campo no Munic\u00edpio de Dian\u00f3polis\/TO: uma an\u00e1lise das escolas multisseriadas\" width=\"213\" height=\"313\" \/><\/p>\n","protected":false},"excerpt":{"rendered":"<p>Escrito por Sara Carvalho Acad\u00eamica da LEdoC e PIBIDiana &nbsp; &nbsp; O livro \u201cPol\u00edticas P\u00fablicas e Educa\u00e7\u00e3o do Campo no Munic\u00edpio de Dian\u00f3polis\/TO: uma an\u00e1lise das escolas multisseriadas\u201d, dos autores Luzani Cardoso Barros, Flavio Moreira e Marcus Vinicius Alves Finco,&hellip; <\/p>\n<p><a href=\"https:\/\/www2.unifap.br\/pibidledocmzg\/politicas-publicas-e-educacao-do-campo-no-municipio-de-dianopolis-to\/\" class=\"readmore-button\">Continue Reading<\/a><\/p>\n","protected":false},"author":2426,"featured_media":0,"parent":0,"menu_order":0,"comment_status":"closed","ping_status":"closed","template":"","meta":{"inline_featured_image":false,"footnotes":""},"class_list":["post-96","page","type-page","status-publish","hentry"],"_links":{"self":[{"href":"https:\/\/www2.unifap.br\/pibidledocmzg\/wp-json\/wp\/v2\/pages\/96","targetHints":{"allow":["GET"]}}],"collection":[{"href":"https:\/\/www2.unifap.br\/pibidledocmzg\/wp-json\/wp\/v2\/pages"}],"about":[{"href":"https:\/\/www2.unifap.br\/pibidledocmzg\/wp-json\/wp\/v2\/types\/page"}],"author":[{"embeddable":true,"href":"https:\/\/www2.unifap.br\/pibidledocmzg\/wp-json\/wp\/v2\/users\/2426"}],"replies":[{"embeddable":true,"href":"https:\/\/www2.unifap.br\/pibidledocmzg\/wp-json\/wp\/v2\/comments?post=96"}],"version-history":[{"count":4,"href":"https:\/\/www2.unifap.br\/pibidledocmzg\/wp-json\/wp\/v2\/pages\/96\/revisions"}],"predecessor-version":[{"id":115,"href":"https:\/\/www2.unifap.br\/pibidledocmzg\/wp-json\/wp\/v2\/pages\/96\/revisions\/115"}],"wp:attachment":[{"href":"https:\/\/www2.unifap.br\/pibidledocmzg\/wp-json\/wp\/v2\/media?parent=96"}],"curies":[{"name":"wp","href":"https:\/\/api.w.org\/{rel}","templated":true}]}}