{"id":11,"date":"2017-08-23T20:09:31","date_gmt":"2017-08-23T20:09:31","guid":{"rendered":"http:\/\/www2.unifap.br\/poscult\/?page_id=11"},"modified":"2021-04-20T22:39:32","modified_gmt":"2021-04-20T22:39:32","slug":"curso","status":"publish","type":"page","link":"https:\/\/www2.unifap.br\/poscult\/curso\/","title":{"rendered":"Curso"},"content":{"rendered":"<p>O <b>Curso de Especializa\u00e7\u00e3o em Estudos Culturais e Pol\u00edticas P\u00fablicas<\/b> concentra estudos de fen\u00f4menos sociais, tomando o campo dos Estudos Culturais como refer\u00eancia para observar a sociabilidade contempor\u00e2nea.<\/p>\n<p>O curso interdisciplinar ser\u00e1 ofertado para profissionais formados em todas as \u00e1reas de conhecimento, especialmente das \u00e1reas de ci\u00eancias humanas e sociais, com foco na forma\u00e7\u00e3o de pesquisadores capazes de diagnosticar, planejar e executar demandas voltadas a produ\u00e7\u00e3o de conhecimento sobre a realidade local, a partir do campo de estudos da cultura, suas interfaces e sob a \u00f3tica do pensamento decolonial e de conhecimentos dissidentes.<\/p>\n<p><b>Dura\u00e7\u00e3o<\/b>\u2013 18 meses<b><\/b><\/p>\n<p><b>Carga-Hor\u00e1ria: <\/b>390 horas\/a<\/p>\n<p><b>&nbsp;<\/b><\/p>\n","protected":false},"excerpt":{"rendered":"<p>O Curso de Especializa\u00e7\u00e3o em Estudos Culturais e Pol\u00edticas P\u00fablicas concentra estudos de fen\u00f4menos sociais, tomando o campo dos Estudos Culturais como refer\u00eancia para observar a sociabilidade contempor\u00e2nea. O curso interdisciplinar ser\u00e1 ofertado para profissionais formados em todas as \u00e1reas&hellip; <\/p>\n<p><a href=\"https:\/\/www2.unifap.br\/poscult\/curso\/\" class=\"readmore-button\">Continue Reading<\/a><\/p>\n","protected":false},"author":1844,"featured_media":0,"parent":0,"menu_order":0,"comment_status":"open","ping_status":"open","template":"","meta":{"inline_featured_image":false,"ngg_post_thumbnail":0,"footnotes":""},"class_list":["post-11","page","type-page","status-publish","hentry"],"_links":{"self":[{"href":"https:\/\/www2.unifap.br\/poscult\/wp-json\/wp\/v2\/pages\/11","targetHints":{"allow":["GET"]}}],"collection":[{"href":"https:\/\/www2.unifap.br\/poscult\/wp-json\/wp\/v2\/pages"}],"about":[{"href":"https:\/\/www2.unifap.br\/poscult\/wp-json\/wp\/v2\/types\/page"}],"author":[{"embeddable":true,"href":"https:\/\/www2.unifap.br\/poscult\/wp-json\/wp\/v2\/users\/1844"}],"replies":[{"embeddable":true,"href":"https:\/\/www2.unifap.br\/poscult\/wp-json\/wp\/v2\/comments?post=11"}],"version-history":[{"count":7,"href":"https:\/\/www2.unifap.br\/poscult\/wp-json\/wp\/v2\/pages\/11\/revisions"}],"predecessor-version":[{"id":492,"href":"https:\/\/www2.unifap.br\/poscult\/wp-json\/wp\/v2\/pages\/11\/revisions\/492"}],"wp:attachment":[{"href":"https:\/\/www2.unifap.br\/poscult\/wp-json\/wp\/v2\/media?parent=11"}],"curies":[{"name":"wp","href":"https:\/\/api.w.org\/{rel}","templated":true}]}}