{"id":13,"date":"2017-08-23T20:10:18","date_gmt":"2017-08-23T20:10:18","guid":{"rendered":"http:\/\/www2.unifap.br\/poscult\/?page_id=13"},"modified":"2023-07-07T20:24:27","modified_gmt":"2023-07-07T20:24:27","slug":"publicacoes","status":"publish","type":"page","link":"https:\/\/www2.unifap.br\/poscult\/publicacoes\/","title":{"rendered":"Publica\u00e7\u00f5es"},"content":{"rendered":"<p>Acesso completo a publica\u00e7\u00f5es do Curso e a outros conte\u00fados da \u00e1rea de Estudos de Cultura e Pol\u00edticas P\u00fablicas na<strong><a href=\"http:\/\/observatoriodh.com.br\/?page_id=168\"> BIBLIOTECA DO OBSERVAT\u00d3RIO DA DEMOCRACIA, DIREITOS HUMANOS E POL\u00cdTICAS P\u00daBLICAS&nbsp;<\/a><\/strong><br \/>\n<strong><a href=\"http:\/\/observatoriodh.com.br\/?page_id=168\">http:\/\/observatoriodh.com.br\/<\/a><\/strong><\/p>\n<hr>\n<p><strong>Livro Pesquisa em Estudos Culturais&nbsp; &#8211; VOLUME 2<br \/>\n<\/strong>Apresenta resultados dos&nbsp;trabalhos defendidos no Curso de Especializa\u00e7\u00e3o em Estudos &nbsp;Culturais e Pol\u00edticas P\u00fablicas da Universidade Federal do&nbsp;Amap\u00e1.<br \/>\n<strong>BAIXE AQUI <a href=\"http:\/\/www2.unifap.br\/poscult\/files\/2023\/07\/PESQUISA-EM-ESTUDOS-CULTURAIS-E-POLITICAS-PUBLICAS_VOL-2.pdf\">PESQUISA EM ESTUDOS CULTURAIS E POL\u00cdTICAS P\u00daBLICAS_VOL 2<\/a><\/strong><\/p>\n<p><strong>Livro Pesquisa em Estudos Culturais&nbsp; &#8211; VOLUME 1<\/strong><br \/>\nApresenta resultados dos&nbsp;trabalhos defendidos no Curso de Especializa\u00e7\u00e3o em Estudos &nbsp;Culturais e Pol\u00edticas P\u00fablicas da Universidade Federal do&nbsp;Amap\u00e1.<br \/>\n<strong>BAIXE AQUI<\/strong> &#8211;<strong> <a href=\"http:\/\/www2.unifap.br\/poscult\/files\/2023\/06\/PESQUISA-EM-ESTUDOS-CULTURAIS.pdf\">PESQUISA EM ESTUDOS CULTURAIS<\/a><\/strong><\/p>\n<p><strong>Livro Decolonialidade, Comunica\u00e7\u00e3o e Cultura\/Decolonialidad, Comunicaci\u00f3n y Cultura<\/strong><br \/>\nA proposta da obra, a partir da contribui\u00e7\u00e3o de pesquisadores&nbsp; latino-americanos convidados, \u00e9 apresentar temas e quest\u00f5es te\u00f3ricas\/epistemol\u00f3gicas ligadas ao campo interdisciplinar de estudos da cultura e comunica\u00e7\u00e3o.&nbsp;<br \/>\n<strong>BAIXE AQUI &#8211; <a href=\"http:\/\/www2.unifap.br\/poscult\/files\/2022\/08\/decolonialidade-comunicacao-e-cultura.pdf\">decolonialidade-comunicacao-e-cultura<\/a><\/strong><\/p>\n<p><strong>Livro Ensino de Hist\u00f3ria e Educa\u00e7\u00e3o em Direitos Humanos: sujeitos, agendas e perspectivas de pesquisas&nbsp;<br \/>\n<\/strong>A proposta da obra \u00e9 apresentar leituras te\u00f3ricas envolvendo a agenda de pesquisa sobre Ensino de Hist\u00f3ria e Educa\u00e7\u00e3o em Direitos Humanos.&nbsp;<br \/>\n<strong>BAIXE AQUI &#8211; <a href=\"http:\/\/www2.unifap.br\/poscult\/files\/2022\/07\/ensino-de-historia-e-educacao-em-direitos-humanos.pdf\">ensino-de-historia-e-educacao-em-direitos-humanos<\/a><\/strong><\/p>\n<p><strong>Livro Pol\u00edtica, delibera\u00e7\u00e3o p\u00fablica e organiza\u00e7\u00f5es sociais na contemporaneidade<\/strong><br \/>\nA proposta da obra \u00e9 discutir contribui\u00e7\u00f5es resultantes de processos de investiga\u00e7\u00e3o conclu\u00eddos ou em andamento, capazes de problematizar a a\u00e7\u00e3o pol\u00edtica e materializadas em sentidos, representa\u00e7\u00f5es e outras pr\u00e1ticas sociais atravessadas pelo campo da cultura e protagonizadas por sujeitos, organiza\u00e7\u00f5es e movimentos sociais.<br \/>\n<strong>BAIXE AQUI<\/strong> &#8211; <strong><a href=\"http:\/\/www2.unifap.br\/poscult\/files\/2022\/02\/Pol\u00edtica-Delibera\u00e7\u00e3o-P\u00fablica-e-Organiza\u00e7\u00f5es-Sociais-na-Contemporaneidade-com-ISBN-1.pdf\">Pol\u00edtica, Delibera\u00e7\u00e3o P\u00fablica e Organiza\u00e7\u00f5es Sociais na Contemporaneidade<\/a><\/strong><\/p>\n<p><strong>Livro Cultura, Imagem e Contextos: processos de pensamento e pesquisa na Antropologia, Sociologia e Artes Visuais<\/strong><br \/>\nA proposta \u00e9 reunir ideias e saberes de pesquisas em tr\u00eas \u00e1reas distintas: Antropologia, Sociologia e Artes Visuais, tangenciadas por reflex\u00f5es instigantes com tr\u00eas perspectivas: Cultura, Imagem e contextos<br \/>\nde produ\u00e7\u00e3o<strong><br \/>\n<\/strong><strong>BAIXE AQUI<\/strong> &#8211; <strong><a href=\"http:\/\/www2.unifap.br\/poscult\/files\/2021\/07\/cultura-imagem-e-contextos.pdf\">Cultura, Imagem-e-contextos<\/a><\/strong><\/p>\n<p><strong>Livro Estudos de Cultura: Abordagens e perspectivas<br \/>\n<\/strong>A proposta da publica\u00e7\u00e3o foi conectar perspectivas, abordagens, preocupa\u00e7\u00f5es e vis\u00f5es de mundo que permeiam as investiga\u00e7\u00f5es no campo de estudos de cultura. O processo de curadoria do livro acentua dois caminhos: a forma\u00e7\u00e3o e consolida\u00e7\u00e3o de parcerias com pesquisadores em universidades brasileiras e a amplia\u00e7\u00e3o de possibilidades de coopera\u00e7\u00e3o e investiga\u00e7\u00e3o com pesquisadores da Amaz\u00f4nia Caribenha<strong><br \/>\nBAIXE AQUI &#8211; <a href=\"http:\/\/www2.unifap.br\/poscult\/files\/2021\/02\/estudos-de-cultura.pdf\">Estudos-de-cultura<\/a><\/strong><\/p>\n<p><strong>Livro&nbsp;Di\u00e1logos entre Movimentos Sociais, Minist\u00e9rio P\u00fablico e Universidade: a experi\u00eancia de constru\u00e7\u00e3o de uma agenda de atua\u00e7\u00e3o em pol\u00edticas p\u00fablicas e direitos humanos na Amaz\u00f4nia<br \/>\n<\/strong>A obra apresenta os principais resultados do I Encontro do Minist\u00e9rio P\u00fablico do Estado do Amap\u00e1 com os Movimentos Sociais, realizado em novembro de 2018, em Macap\u00e1, com o apoio do Curso de Especializa\u00e7\u00e3o em Estudos Culturais e Pol\u00edticas P\u00fablicas e o Observat\u00f3rio da Democracia, Direitos Humanos e Pol\u00edticas P\u00fablicas.<br \/>\n<strong>BAIXE AQUI<\/strong> &#8211; <strong><a href=\"http:\/\/observatoriodh.com.br\/?p=2694\">Di\u00e1logos Movimentos Sociais, Minist\u00e9rio P\u00fablico e Universidades<\/a><\/strong><\/p>\n<p><strong>Livro Pesquisa em G\u00eanero e Sexualidade &#8211; perspectivas e experi\u00eancias a partir da Amaz\u00f4nia<br \/>\n<\/strong>A obra apresenta resultados de pesquisas na \u00e1rea de g\u00eanero e sexualidade produzidas no Amap\u00e1, al\u00e9m de reflex\u00f5es de pesquisadores sobre corpo, cultura e pol\u00edtica na interface com marcadores sociais de diferen\u00e7a, desigualdade e direitos humanos.&nbsp;&nbsp;<br \/>\n<strong>BAIXE AQUI &#8211;&nbsp;<a href=\"http:\/\/observatoriodh.com.br\/?p=1690\">LIVRO PESQUISA EM G\u00caNERO E SEXUALIDADE<\/a><\/strong><\/p>\n<p><strong><br \/>\nLivro D<\/strong><b>iversidade e o Campo da Educa\u00e7\u00e3o: (re) leituras e abordagens contempor\u00e2neas<br \/>\n<\/b>&nbsp;Acesso ao livro&nbsp;<strong>D<\/strong><b>iversidade e o Campo da Educa\u00e7\u00e3o: (re) leituras e abordagens contempor\u00e2neas<\/b>, obra editada pela Editora da UNIFAP, conta com a colabora\u00e7\u00e3o de pesquisadores do Curso de Especializa\u00e7\u00e3o em G\u00eanero e Diversidade e de professores pesquisadores&nbsp; de outras universidades federais do pa\u00eds.<br \/>\n<strong>BAIXE AQUI &#8211;&nbsp;<a href=\"http:\/\/observatoriodh.com.br\/?p=1712\">LIVRO DIVERSIDADE E O CAMPO DA EDUCA\u00c7\u00c3O &#8211; (RE) LEITURAS E ABORDAGENS CONTEMPOR\u00c2NEAS<\/a><\/strong><\/p>\n<p><strong><br \/>\nLivro Diversidade e o Campo da Educa\u00e7\u00e3o: di\u00e1logos sobre (in) toler\u00e2ncia religiosa<br \/>\n<\/strong>A obra apresenta reflex\u00f5es sobre diversidade, religi\u00e3o e educa\u00e7\u00e3o.<br \/>\n<strong>BAIXE AQUI &#8211;&nbsp;<a href=\"http:\/\/observatoriodh.com.br\/?p=1721\">LIVRO DIVERSIDADE E O CAMPO DA EDUCA\u00c7\u00c3O &#8211; DI\u00c1LOGO SOBRE (IN) TOLER\u00c2NCIA RELIGIOSA<\/a><\/strong><\/p>\n<p><strong>Livro Diversidade e o Campo da Educa\u00e7\u00e3o: relatos de pesquisa<br \/>\n<\/strong>Apresenta resultado das principais pesquisas desenvolvidas como trabalho de conclus\u00e3o do Curso de Especializa\u00e7\u00e3o em G\u00eanero e Diversidade na Escola, ofertado pela Universidade Federal do Amap\u00e1.<br \/>\n<strong>BAIXE AQUI &#8211;&nbsp;<a href=\"http:\/\/observatoriodh.com.br\/?p=1728\">LIVRO DIVERSIDADE E O CAMPO DA EDUCA\u00c7\u00c3O RELATOS DE PESQUISA<\/a><\/strong><\/p>\n<p><b>Livro Pol\u00edticas e Direitos: pol\u00edticas p\u00fablicas de forma\u00e7\u00e3o docente em direitos humanos, g\u00eanero e diversidade na escola no Brasil (2006-2016)<br \/>\n<\/b>Publica\u00e7\u00e3o nacional que sistematiza as experi\u00eancias dos Cursos de G\u00eanero e Diversidade na Escola traz artigo que relata como foi a experi\u00eancia que executamos no Amap\u00e1, no curso implementado pela Universidade Federal do Amap\u00e1.<br \/>\n<strong>BAIXE AQUI &#8211;&nbsp;<\/strong><b><a href=\"https:\/\/drive.google.com\/file\/d\/0ByZ8_5AA1sIUVldjNHRDNExrVVE\/view\">https:\/\/drive.google.com\/file\/d\/0ByZ8_5AA1sIUVldjNHRDNExrVVE\/view<\/a><\/b><\/p>\n","protected":false},"excerpt":{"rendered":"<p>Acesso completo a publica\u00e7\u00f5es do Curso e a outros conte\u00fados da \u00e1rea de Estudos de Cultura e Pol\u00edticas P\u00fablicas na BIBLIOTECA DO OBSERVAT\u00d3RIO DA DEMOCRACIA, DIREITOS HUMANOS E POL\u00cdTICAS P\u00daBLICAS&nbsp; http:\/\/observatoriodh.com.br\/ Livro Pesquisa em Estudos Culturais&nbsp; &#8211; VOLUME 2 Apresenta&hellip; <\/p>\n<p><a href=\"https:\/\/www2.unifap.br\/poscult\/publicacoes\/\" class=\"readmore-button\">Continue Reading<\/a><\/p>\n","protected":false},"author":1844,"featured_media":0,"parent":0,"menu_order":0,"comment_status":"open","ping_status":"open","template":"","meta":{"inline_featured_image":false,"ngg_post_thumbnail":0,"footnotes":""},"class_list":["post-13","page","type-page","status-publish","hentry"],"_links":{"self":[{"href":"https:\/\/www2.unifap.br\/poscult\/wp-json\/wp\/v2\/pages\/13","targetHints":{"allow":["GET"]}}],"collection":[{"href":"https:\/\/www2.unifap.br\/poscult\/wp-json\/wp\/v2\/pages"}],"about":[{"href":"https:\/\/www2.unifap.br\/poscult\/wp-json\/wp\/v2\/types\/page"}],"author":[{"embeddable":true,"href":"https:\/\/www2.unifap.br\/poscult\/wp-json\/wp\/v2\/users\/1844"}],"replies":[{"embeddable":true,"href":"https:\/\/www2.unifap.br\/poscult\/wp-json\/wp\/v2\/comments?post=13"}],"version-history":[{"count":31,"href":"https:\/\/www2.unifap.br\/poscult\/wp-json\/wp\/v2\/pages\/13\/revisions"}],"predecessor-version":[{"id":621,"href":"https:\/\/www2.unifap.br\/poscult\/wp-json\/wp\/v2\/pages\/13\/revisions\/621"}],"wp:attachment":[{"href":"https:\/\/www2.unifap.br\/poscult\/wp-json\/wp\/v2\/media?parent=13"}],"curies":[{"name":"wp","href":"https:\/\/api.w.org\/{rel}","templated":true}]}}