{"id":17,"date":"2017-08-23T20:12:07","date_gmt":"2017-08-23T20:12:07","guid":{"rendered":"http:\/\/www2.unifap.br\/poscult\/?page_id=17"},"modified":"2020-04-25T17:37:27","modified_gmt":"2020-04-25T17:37:27","slug":"grupo-de-pesquisa","status":"publish","type":"page","link":"https:\/\/www2.unifap.br\/poscult\/grupo-de-pesquisa\/","title":{"rendered":"Grupo de Pesquisa"},"content":{"rendered":"<p><b><span style=\"text-decoration: underline\">GRUPO DE PESQUISA \u2013 Estudos Interdisciplinares em Cultura e Pol\u00edticas P\u00fablicas (CNPq\/Unifap)<\/span><\/b><\/p>\n<p><b>&nbsp;<\/b><b>Objetivo<\/b><\/p>\n<p>O objetivo central do Grupo \u00e9 compreender a sociabilidade contempor\u00e2nea na perspectiva dos estudos culturais. A proposta \u00e9 observar a produ\u00e7\u00e3o e constitui\u00e7\u00e3o e interfaces de processos sociais e pol\u00edticos, envolvendo as disputas e reconhecimento de sentidos permeados pela produ\u00e7\u00e3o simb\u00f3lica que integra as pr\u00e1ticas pol\u00edticas e sociais nas dimens\u00f5es institucionais, esferas p\u00fablicas e nos espa\u00e7os sociais, investigando fen\u00f4menos midi\u00e1ticos, religiosos, educacionais, lingu\u00edsticos e pol\u00edticos na interface com o campo cultural. O interesse est\u00e1 na compreens\u00e3o da tessitura de processos socioculturais envolvendo identidades, representa\u00e7\u00f5es, mem\u00f3rias e imagin\u00e1rios que permeiam processos de reconhecimento pol\u00edtico e as rela\u00e7\u00f5es de poder, envolvendo grupos marcados pelos marcadores de g\u00eanero, sexualidade, ra\u00e7a-etnia, religi\u00e3o e territ\u00f3rios, a partir da apropria\u00e7\u00e3o\/rela\u00e7\u00e3o\/interface entre os distintos campos sociais, pol\u00edtico, midi\u00e1tico,&nbsp; religioso, art\u00edstico, liter\u00e1rio.<\/p>\n<p><b>Linhas de Pesquisa:<\/b><\/p>\n<p><strong>1- <\/strong><b>Cultura, Identidade e Linguagem<\/b>: Compreende a investiga\u00e7\u00e3o de fen\u00f4menos sociais perpassados pelos processos de constitui\u00e7\u00e3o das identidades e na a\u00e7\u00e3o pol\u00edtico-cultural de sujeitos, grupos e movimentos sociais, com \u00eanfase na apropria\u00e7\u00e3o de dispositivos e artefatos tecnol\u00f3gicos e comunicacionais, da arte e da literatura nas suas mais diversas linguagens para produ\u00e7\u00e3o, circula\u00e7\u00e3o e reconhecimento de sentidos para representa\u00e7\u00e3o das identidades na esfera p\u00fablica, esfera pol\u00edtica e nos demais espa\u00e7os sociais.<\/p>\n<p>S\u00e3o temas de interesse desta linha investiga\u00e7\u00f5es sobre Cultura e Religi\u00e3o; Pol\u00edticas P\u00fablicas Culturais e de Comunica\u00e7\u00e3o; M\u00eddia, Mem\u00f3ria e representa\u00e7\u00f5es da identidade; Linguagem e Identidade; Linguagens, est\u00e9ticas, g\u00eaneros e formatos de produtos culturais e liter\u00e1rios&nbsp;nas respectivas interfaces com identidades e marcadores sociais de diferen\u00e7a.<\/p>\n<p><b>2- Cultura, Diferen\u00e7a e Pol\u00edtica P\u00fablica<\/b>: Compreende a investiga\u00e7\u00e3o de processos sociais permeados pela a\u00e7\u00e3o de sujeitos, grupos e movimentos sociais na produ\u00e7\u00e3o\/afirma\u00e7\u00e3o das identidades pol\u00edticas ligadas ao g\u00eanero, sexualidade, ra\u00e7a\/etnia, com \u00eanfase na compreens\u00e3o dos processos socioculturais de produ\u00e7\u00e3o das diferen\u00e7as e das demandas por reconhecimento na rela\u00e7\u00e3o com o Estado, observando a formula\u00e7\u00e3o, execu\u00e7\u00e3o e avalia\u00e7\u00e3o de pol\u00edticas p\u00fablicas nos \u00e2mbitos local, nacional e internacional.<\/p>\n<p>S\u00e3o temas de interesse da linha investiga\u00e7\u00f5es sobre G\u00eanero, Feminismo e Pol\u00edticas P\u00fablicas; Sexualidade, Corpo e Pol\u00edticas P\u00fablicas; Pol\u00edticas Sexuais e Reprodutivas; Ativismo, Movimentos Sociais Feministas, de Mulheres e LGBT; Quest\u00f5es \u00e9tnico-raciais e pol\u00edticas p\u00fablicas; Direitos Humanos e Pol\u00edtica Internacional,&nbsp;nas respectivas interfaces com o processo de formula\u00e7\u00e3o, execu\u00e7\u00e3o e avalia\u00e7\u00e3o de pol\u00edticas p\u00fablicas.<\/p>\n<p><b>Acesso ao diret\u00f3rio CNPq:<\/b><\/p>\n<p><a href=\"http:\/\/dgp.cnpq.br\/dgp\/espelhogrupo\/2867450170852175\">http:\/\/dgp.cnpq.br\/dgp\/espelhogrupo\/2867450170852175<\/a><\/p>\n<p>&nbsp;<\/p>\n<p>&nbsp;<\/p>\n","protected":false},"excerpt":{"rendered":"<p>GRUPO DE PESQUISA \u2013 Estudos Interdisciplinares em Cultura e Pol\u00edticas P\u00fablicas (CNPq\/Unifap) &nbsp;Objetivo O objetivo central do Grupo \u00e9 compreender a sociabilidade contempor\u00e2nea na perspectiva dos estudos culturais. A proposta \u00e9 observar a produ\u00e7\u00e3o e constitui\u00e7\u00e3o e interfaces de processos&hellip; <\/p>\n<p><a href=\"https:\/\/www2.unifap.br\/poscult\/grupo-de-pesquisa\/\" class=\"readmore-button\">Continue Reading<\/a><\/p>\n","protected":false},"author":1844,"featured_media":0,"parent":0,"menu_order":0,"comment_status":"open","ping_status":"open","template":"","meta":{"inline_featured_image":false,"ngg_post_thumbnail":0,"footnotes":""},"class_list":["post-17","page","type-page","status-publish","hentry"],"_links":{"self":[{"href":"https:\/\/www2.unifap.br\/poscult\/wp-json\/wp\/v2\/pages\/17","targetHints":{"allow":["GET"]}}],"collection":[{"href":"https:\/\/www2.unifap.br\/poscult\/wp-json\/wp\/v2\/pages"}],"about":[{"href":"https:\/\/www2.unifap.br\/poscult\/wp-json\/wp\/v2\/types\/page"}],"author":[{"embeddable":true,"href":"https:\/\/www2.unifap.br\/poscult\/wp-json\/wp\/v2\/users\/1844"}],"replies":[{"embeddable":true,"href":"https:\/\/www2.unifap.br\/poscult\/wp-json\/wp\/v2\/comments?post=17"}],"version-history":[{"count":16,"href":"https:\/\/www2.unifap.br\/poscult\/wp-json\/wp\/v2\/pages\/17\/revisions"}],"predecessor-version":[{"id":412,"href":"https:\/\/www2.unifap.br\/poscult\/wp-json\/wp\/v2\/pages\/17\/revisions\/412"}],"wp:attachment":[{"href":"https:\/\/www2.unifap.br\/poscult\/wp-json\/wp\/v2\/media?parent=17"}],"curies":[{"name":"wp","href":"https:\/\/api.w.org\/{rel}","templated":true}]}}