{"id":205,"date":"2019-01-16T19:47:57","date_gmt":"2019-01-16T19:47:57","guid":{"rendered":"http:\/\/www2.unifap.br\/poscult\/?page_id=205"},"modified":"2021-07-16T19:30:04","modified_gmt":"2021-07-16T19:30:04","slug":"processo-seletivo","status":"publish","type":"page","link":"https:\/\/www2.unifap.br\/poscult\/processo-seletivo\/","title":{"rendered":"PROCESSO SELETIVO"},"content":{"rendered":"<p><strong>PROCESSO SELETIVO &#8211; 2021\/01 &#8211; (FINALIZADO!)&nbsp;<br \/>\nInforma\u00e7\u00f5es &#8211; pospcult@gmail.com (atendimento di\u00e1rio)<br \/>\nEndere\u00e7o para realizar inscri\u00e7\u00f5es &#8211; <a href=\"https:\/\/depsec.unifap.br\/concursos\/processos\/6060d0c252981d18908c61e6\">https:\/\/depsec.unifap.br\/concursos\/processos\/6060d0c252981d18908c61e6<\/a><br \/>\n<\/strong><\/p>\n<p><strong>PROCESSO SELETIVO&nbsp; PARA O CURSO DE ESPECIALIZA\u00c7\u00c3O EM ESTUDOS CULTURAIS E POL\u00cdTICAS P\u00daBLICAS\/Campus Marco Zero (2021\/01)<\/strong><\/p>\n<p><strong>1- <a href=\"http:\/\/www2.unifap.br\/poscult\/files\/2021\/04\/EDITAL-VERSAO-FINAL-2021.1.pdf\">EDITAL VERSAO FINAL 2021.1<\/a><br \/>\n<\/strong><strong><a href=\"http:\/\/www2.unifap.br\/poscult\/files\/2021\/04\/RETIFICA\u00c7\u00c3O-1-NOVO-CRONOGRAMA-_PROCESSO-SELETIVO.pdf\">2 &#8211; RETIFICA\u00c7\u00c3O 1 &#8211; NOVO CRONOGRAMA _PROCESSO SELETIVO<\/a>&nbsp; (NOVOS PRAZOS!)<\/strong><\/p>\n<p><strong>3 &#8211; <a href=\"http:\/\/www2.unifap.br\/poscult\/files\/2021\/06\/INSCRI\u00c7\u00d5ES-HOMOLOGADAS.pdf\">INSCRI\u00c7\u00d5ES HOMOLOGADAS (01\/06)<\/a><\/strong><\/p>\n<p><strong>4- <a href=\"http:\/\/www2.unifap.br\/poscult\/files\/2021\/06\/RETIFICA\u00c7\u00c3O_Pontua\u00e7\u00e3o-PROJETOS.pdf\">RETIFICA\u00c7\u00c3O_Pontua\u00e7\u00e3o PROJETOS<\/a><\/strong><\/p>\n<p><strong>5- <a href=\"http:\/\/www2.unifap.br\/poscult\/files\/2021\/06\/RESULTADO_NOTA-PROJETO-DE-PESQUISA.pdf\">RESULTADO_NOTA PROJETO DE PESQUISA (19\/06)<\/a><\/strong><\/p>\n<p><strong>6- <a href=\"http:\/\/www2.unifap.br\/poscult\/files\/2021\/06\/COMUNICADO.pdf\">COMUNICADO<\/a><\/strong><\/p>\n<p><strong>7- <a href=\"http:\/\/www2.unifap.br\/poscult\/files\/2021\/06\/Hor\u00e1rio-TURMA-2021.02.pdf\">Hor\u00e1rio TURMA 2021.02<\/a><\/strong><\/p>\n<p><strong>8- <a href=\"http:\/\/www2.unifap.br\/poscult\/files\/2021\/06\/RESULTADO-PARCIAL_.pdf\">RESULTADO PARCIAL_(23\/06)<\/a><\/strong><\/p>\n<p><strong>9- <a href=\"http:\/\/www2.unifap.br\/poscult\/files\/2021\/06\/RESULTADO-FINAL.pdf\">RESULTADO FINAL (25\/06)<\/a><\/strong><\/p>\n<p><strong>10 &#8211; <a href=\"http:\/\/www2.unifap.br\/poscult\/files\/2021\/06\/COMUNICADO-ACESSO-AO-GRUPO-DA-TURMA-NO-APLICATIVO-WHATSAPP-1.pdf\">COMUNICADO &#8211; ACESSO AO GRUPO DA TURMA NO APLICATIVO WHATSAPP<\/a><\/strong><\/p>\n<p><strong>11 &#8211; <a href=\"http:\/\/www2.unifap.br\/poscult\/files\/2021\/07\/CONVOCA\u00c7\u00c3O-PARA-MATR\u00cdCULA.pdf\">CONVOCA\u00c7\u00c3O PARA MATR\u00cdCULA<\/a><\/strong><\/p>\n<p><strong>12- <a href=\"http:\/\/www2.unifap.br\/poscult\/files\/2021\/07\/ANEXO-II-_Formul\u00e1rio.docx\">ANEXO II _Formul\u00e1rio<\/a><\/strong><\/p>\n","protected":false},"excerpt":{"rendered":"<p>PROCESSO SELETIVO &#8211; 2021\/01 &#8211; (FINALIZADO!)&nbsp; Informa\u00e7\u00f5es &#8211; pospcult@gmail.com (atendimento di\u00e1rio) Endere\u00e7o para realizar inscri\u00e7\u00f5es &#8211; https:\/\/depsec.unifap.br\/concursos\/processos\/6060d0c252981d18908c61e6 PROCESSO SELETIVO&nbsp; PARA O CURSO DE ESPECIALIZA\u00c7\u00c3O EM ESTUDOS CULTURAIS E POL\u00cdTICAS P\u00daBLICAS\/Campus Marco Zero (2021\/01) 1- EDITAL VERSAO FINAL 2021.1 2 &#8211;&hellip; <\/p>\n<p><a href=\"https:\/\/www2.unifap.br\/poscult\/processo-seletivo\/\" class=\"readmore-button\">Continue Reading<\/a><\/p>\n","protected":false},"author":1844,"featured_media":0,"parent":0,"menu_order":0,"comment_status":"open","ping_status":"open","template":"","meta":{"inline_featured_image":false,"ngg_post_thumbnail":0,"footnotes":""},"class_list":["post-205","page","type-page","status-publish","hentry"],"_links":{"self":[{"href":"https:\/\/www2.unifap.br\/poscult\/wp-json\/wp\/v2\/pages\/205","targetHints":{"allow":["GET"]}}],"collection":[{"href":"https:\/\/www2.unifap.br\/poscult\/wp-json\/wp\/v2\/pages"}],"about":[{"href":"https:\/\/www2.unifap.br\/poscult\/wp-json\/wp\/v2\/types\/page"}],"author":[{"embeddable":true,"href":"https:\/\/www2.unifap.br\/poscult\/wp-json\/wp\/v2\/users\/1844"}],"replies":[{"embeddable":true,"href":"https:\/\/www2.unifap.br\/poscult\/wp-json\/wp\/v2\/comments?post=205"}],"version-history":[{"count":70,"href":"https:\/\/www2.unifap.br\/poscult\/wp-json\/wp\/v2\/pages\/205\/revisions"}],"predecessor-version":[{"id":531,"href":"https:\/\/www2.unifap.br\/poscult\/wp-json\/wp\/v2\/pages\/205\/revisions\/531"}],"wp:attachment":[{"href":"https:\/\/www2.unifap.br\/poscult\/wp-json\/wp\/v2\/media?parent=205"}],"curies":[{"name":"wp","href":"https:\/\/api.w.org\/{rel}","templated":true}]}}