{"id":312,"date":"2019-10-24T18:50:11","date_gmt":"2019-10-24T18:50:11","guid":{"rendered":"http:\/\/www2.unifap.br\/poscult\/?page_id=312"},"modified":"2021-04-02T00:29:16","modified_gmt":"2021-04-02T00:29:16","slug":"processos-seletivos-finalizados","status":"publish","type":"page","link":"https:\/\/www2.unifap.br\/poscult\/processos-seletivos-finalizados\/","title":{"rendered":"PROCESSOS SELETIVOS FINALIZADOS"},"content":{"rendered":"<p><strong>PROCESSO SELETIVO &#8211; 2020\/01 &#8211; (ENCERRADO)&nbsp;<\/strong><\/p>\n<p>&nbsp;<\/p>\n<ul>\n<li><strong>PROCESSO SELETIVO&nbsp; PARA O CURSO DE ESPECIALIZA\u00c7\u00c3O EM ESTUDOS CULTURAIS E POL\u00cdTICAS P\u00daBLICAS\/ALUNOS IND\u00cdGENAS E QUILOMBOLAS<\/strong>&nbsp;&#8211; <strong>OIAPOQUE<\/strong> &#8211;&nbsp;<strong><a href=\"http:\/\/www2.unifap.br\/poscult\/files\/2019\/10\/EDITAL-01-2020.pdf\">EDITAL 01 2020<\/a><\/strong><\/li>\n<\/ul>\n<p>&nbsp;<\/p>\n<ul>\n<li><strong>PROCESSO SELETIVO PARA O CURSO DE ESPECIALIZA\u00c7\u00c3O EM ESTUDOS CULTURAIS E POL\u00cdTICAS P\u00daBLICAS OIAPOQUE- DEMANDA GERAL<\/strong> &#8211;<strong>&nbsp;<a href=\"http:\/\/www2.unifap.br\/poscult\/files\/2019\/10\/EDITAL-02-2020.pdf\">EDITAL 02 2020<\/a><\/strong><\/li>\n<\/ul>\n<p>&nbsp;<\/p>\n<p><strong>DATA 02\/12\/2019<\/strong><\/p>\n<p><strong><a href=\"http:\/\/www2.unifap.br\/poscult\/files\/2019\/12\/COMUNICADO-PRORROGA\u00c7\u00c3O-DE-INSCRI\u00c7\u00c3O-EDITAL-01-E-EDITAL-02-DE-2020-1.pdf\">COMUNICADO &#8211; PRORROGA\u00c7\u00c3O DE INSCRI\u00c7\u00c3O EDITAL 01 E EDITAL 02 DE 2020<\/a><\/strong><\/p>\n<p><strong><a href=\"http:\/\/www2.unifap.br\/poscult\/files\/2019\/12\/ORIENTA\u00c7\u00d5ES-PARA-CANDIDATOS-QUE-OPTAREM-PELA-INSCRI\u00c7\u00c3O-PRESENCIAL-1.pdf\">ORIENTA\u00c7\u00d5ES PARA CANDIDATOS QUE OPTAREM PELA INSCRI\u00c7\u00c3O PRESENCIAL<\/a><\/strong><\/p>\n<p><strong><a href=\"http:\/\/www2.unifap.br\/poscult\/files\/2019\/12\/CRONOGRAMA-ATUALIZADO-DO-PROCESSO-SELETIVO-AP\u00d3S-PRORROGA\u00c7\u00c3O.pdf\">CRONOGRAMA ATUALIZADO DO PROCESSO SELETIVO &#8211; AP\u00d3S PRORROGA\u00c7\u00c3O<\/a><\/strong><\/p>\n<p><strong>DATA 11\/01\/2020<\/strong><\/p>\n<p><strong><a href=\"http:\/\/www2.unifap.br\/poscult\/files\/2020\/01\/INSCRI\u00c7\u00d5ES-HOMOLOGADAS-1.pdf\">INSCRI\u00c7\u00d5ES HOMOLOGADAS<\/a><\/strong><\/p>\n<p><strong>DATA 16\/11\/2020<\/strong><\/p>\n<p><strong><a href=\"http:\/\/www2.unifap.br\/poscult\/files\/2020\/01\/RESULTADOS-_NOTAS-PROJETO-E-MEMORIAL.pdf\">RESULTADOS _NOTAS PROJETO E MEMORIAL<\/a><\/strong><\/p>\n<p><strong><a href=\"http:\/\/www2.unifap.br\/poscult\/files\/2020\/01\/COMUNICADO-_RECURSOS.pdf\">COMUNICADO _RECURSOS<\/a><\/strong><\/p>\n<p><strong><br \/>\nData 17\/01\/2020<\/strong><\/p>\n<p><strong><a href=\"http:\/\/www2.unifap.br\/poscult\/files\/2020\/01\/HOR\u00c1RIOS-E-LOCAIS-ENTREVISTAS-1.pdf\">HOR\u00c1RIOS E LOCAIS ENTREVISTAS<\/a><\/strong><\/p>\n<p><strong>Data 24\/01\/2020<\/strong><\/p>\n<p><a href=\"http:\/\/www2.unifap.br\/poscult\/files\/2020\/01\/NOTAS-_ENTREVISTAS.pdf\"><strong>NOTAS _ENTREVISTAS<\/strong><\/a><\/p>\n<p><strong><a href=\"http:\/\/www2.unifap.br\/poscult\/files\/2020\/01\/COMUNICADO-RECURSOS-ENTREVISTAS.pdf\">COMUNICADO RECURSOS ENTREVISTAS<\/a><\/strong><\/p>\n<p><strong>Data 25\/01\/2020<\/strong><\/p>\n<p><strong><a href=\"http:\/\/www2.unifap.br\/poscult\/files\/2020\/01\/RESULTADO-PARCIAL_-1.pdf\">RESULTADO PARCIAL_<\/a><\/strong><\/p>\n<p><strong><a href=\"http:\/\/www2.unifap.br\/poscult\/files\/2020\/01\/COMUNICADO-RECURSOS-RESULTADO-PARCIAL-1.pdf\">COMUNICADO RECURSOS RESULTADO PARCIAL<\/a><\/strong><\/p>\n<p><strong>27\/01\/2020<\/strong><\/p>\n<p><strong><a href=\"http:\/\/www2.unifap.br\/poscult\/files\/2020\/01\/RESULTADO-FINAL.pdf\">RESULTADO FINAL<\/a><\/strong><\/p>\n<p><strong><a href=\"http:\/\/www2.unifap.br\/poscult\/files\/2020\/01\/COMUNICADO-IN\u00cdCIO-DAS-AULAS.pdf\">COMUNICADO IN\u00cdCIO DAS AULAS<\/a><\/strong><\/p>\n<p><a href=\"http:\/\/www2.unifap.br\/poscult\/files\/2020\/02\/CONVOCA\u00c7\u00c3O-PARA-A-MATR\u00cdCULA-DOS-CANDIDATOS-APROVADOS-NO-CURSO-ESPECIALIZA\u00c7\u00c3O-EM-ESTUDOS-CULTURAIS-E-POL\u00cdTICAS-P\u00daBLICAS.pdf\"><strong>CONVOCA\u00c7\u00c3O PARA A MATR\u00cdCULA DOS CANDIDATOS APROVADOS NO CURSO ESPECIALIZA\u00c7\u00c3O EM ESTUDOS CULTURAIS E POL\u00cdTICAS P\u00daBLICAS<\/strong><\/a><\/p>\n<p><strong><br \/>\n&#8212;&#8212;&#8212;&#8212;&#8212;&#8212;&#8212;&#8212;&#8212;&#8212;&#8212;&#8212;&#8212;&#8212;&#8212;&#8212;&#8212;&#8212;&#8212;&#8212;&#8212;&#8212;&#8212;&#8212;-<br \/>\nPROCESSO SELETIVO &#8211; 2019\/02 (ENCERRADO)<\/strong><\/p>\n<p><strong>1- Link para inscri\u00e7\u00e3o:&nbsp;<a href=\"https:\/\/depsec.unifap.br\/index.php?c=ppgecpp192\">https:\/\/depsec.unifap.br\/index.php?c=ppgecpp192<\/a><br \/>\n<\/strong><\/p>\n<p><strong>2- Acesso ao edital&nbsp;<a href=\"http:\/\/www2.unifap.br\/poscult\/files\/2019\/06\/EDITAL-VERSAO-FINAL-2019.2.pdf\">EDITAL VERSAO FINAL 2019.2<\/a><\/strong><\/p>\n<p><strong>3- Documento com rela\u00e7\u00e3o dos inscritos &#8211;&nbsp;<a href=\"http:\/\/www2.unifap.br\/poscult\/files\/2019\/07\/RELA\u00c7\u00c3O-DE-INSCRITOS.pdf\">RELA\u00c7\u00c3O DE INSCRITOS<\/a><\/strong><\/p>\n<p><strong>4- Documento com inscri\u00e7\u00f5es homologadas<\/strong> &#8211;&nbsp;<strong><a href=\"http:\/\/www2.unifap.br\/poscult\/files\/2019\/07\/RELA\u00c7\u00c3O-DAS-INSCRI\u00c7\u00d5ES-HOMOLOGADAS.pdf\">RELA\u00c7\u00c3O DAS INSCRI\u00c7\u00d5ES HOMOLOGADAS<\/a><\/strong><\/p>\n<p><strong>5- RESULTADO AVALIA\u00c7\u00c3O&nbsp; Projetos de Pesquisa<\/strong> &#8211;&nbsp;<strong><a href=\"http:\/\/www2.unifap.br\/poscult\/files\/2019\/08\/NOTAS-PROJETOS-DE-PESQUISA.pdf\">NOTAS PROJETOS DE PESQUISA<\/a><\/strong><\/p>\n<p><strong>6- <a href=\"http:\/\/www2.unifap.br\/poscult\/files\/2019\/08\/CONVOCA\u00c7\u00c3O-PARA-ENTREVISTA-_DATAS-E-LOCAIS.pdf\">CONVOCA\u00c7\u00c3O PARA ENTREVISTA _DATAS E LOCAIS<\/a><\/strong><\/p>\n<p><strong>7-<a href=\"http:\/\/www2.unifap.br\/poscult\/files\/2019\/08\/NOTAS-ENTREVISTAS-1.pdf\">NOTAS ENTREVISTAS<\/a><\/strong><\/p>\n<p><strong>8 &#8211;&nbsp;<a href=\"http:\/\/www2.unifap.br\/poscult\/files\/2019\/08\/RESULTADO-PARCIAL.pdf\">RESULTADO PARCIAL<\/a><\/strong><\/p>\n<p><strong>9 &#8211;&nbsp;<a href=\"http:\/\/www2.unifap.br\/poscult\/files\/2019\/08\/RESULTADO-FINAL.pdf\">RESULTADO FINAL<\/a><\/strong><\/p>\n<p><strong>10 &#8211; CONVOCA\u00c7\u00c3O PARA MATR\u00cdCULA &#8211;&nbsp;&nbsp;<a href=\"http:\/\/www2.unifap.br\/poscult\/files\/2019\/08\/EDITAL-MATR\u00cdCULA.pdf\">EDITAL MATR\u00cdCULA<\/a><\/strong><\/p>\n<p>&nbsp;<\/p>\n<p>______<\/p>\n<p><strong>2019\/01 (ENCERRADO)<br \/>\n<b><a href=\"https:\/\/depsec.unifap.br\/index.php?c=ppgecpp19\">https:\/\/depsec.unifap.br\/index.php?c=ppgecpp19<\/a><\/b><\/strong><\/p>\n<p><strong> 2018\/02 (ENCERRADO)<br \/>\n<\/strong><a href=\"http:\/\/www.unifap.br\/public\/index\/view\/id\/10005\">http:\/\/www.unifap.br\/public\/index\/view\/id\/10005<\/a><\/p>\n<p><strong>&nbsp;2018\/01 (ENCERRADO)<br \/>\n<\/strong><a href=\"http:\/\/www.unifap.br\/public\/index\/view\/id\/9303\">http:\/\/www.unifap.br\/public\/index\/view\/id\/9303<\/a><\/p>\n<p>&nbsp;<\/p>\n<p>&nbsp;<\/p>\n<p><strong>&nbsp;<\/strong><\/p>\n<p>&nbsp;<\/p>\n","protected":false},"excerpt":{"rendered":"<p>PROCESSO SELETIVO &#8211; 2020\/01 &#8211; (ENCERRADO)&nbsp; &nbsp; PROCESSO SELETIVO&nbsp; PARA O CURSO DE ESPECIALIZA\u00c7\u00c3O EM ESTUDOS CULTURAIS E POL\u00cdTICAS P\u00daBLICAS\/ALUNOS IND\u00cdGENAS E QUILOMBOLAS&nbsp;&#8211; OIAPOQUE &#8211;&nbsp;EDITAL 01 2020 &nbsp; PROCESSO SELETIVO PARA O CURSO DE ESPECIALIZA\u00c7\u00c3O EM ESTUDOS CULTURAIS E POL\u00cdTICAS&hellip; <\/p>\n<p><a href=\"https:\/\/www2.unifap.br\/poscult\/processos-seletivos-finalizados\/\" class=\"readmore-button\">Continue Reading<\/a><\/p>\n","protected":false},"author":1844,"featured_media":0,"parent":0,"menu_order":0,"comment_status":"closed","ping_status":"closed","template":"","meta":{"inline_featured_image":false,"ngg_post_thumbnail":0,"footnotes":""},"class_list":["post-312","page","type-page","status-publish","hentry"],"_links":{"self":[{"href":"https:\/\/www2.unifap.br\/poscult\/wp-json\/wp\/v2\/pages\/312","targetHints":{"allow":["GET"]}}],"collection":[{"href":"https:\/\/www2.unifap.br\/poscult\/wp-json\/wp\/v2\/pages"}],"about":[{"href":"https:\/\/www2.unifap.br\/poscult\/wp-json\/wp\/v2\/types\/page"}],"author":[{"embeddable":true,"href":"https:\/\/www2.unifap.br\/poscult\/wp-json\/wp\/v2\/users\/1844"}],"replies":[{"embeddable":true,"href":"https:\/\/www2.unifap.br\/poscult\/wp-json\/wp\/v2\/comments?post=312"}],"version-history":[{"count":2,"href":"https:\/\/www2.unifap.br\/poscult\/wp-json\/wp\/v2\/pages\/312\/revisions"}],"predecessor-version":[{"id":475,"href":"https:\/\/www2.unifap.br\/poscult\/wp-json\/wp\/v2\/pages\/312\/revisions\/475"}],"wp:attachment":[{"href":"https:\/\/www2.unifap.br\/poscult\/wp-json\/wp\/v2\/media?parent=312"}],"curies":[{"name":"wp","href":"https:\/\/api.w.org\/{rel}","templated":true}]}}