{"id":467,"date":"2021-03-14T18:19:17","date_gmt":"2021-03-14T18:19:17","guid":{"rendered":"http:\/\/www2.unifap.br\/poscult\/?page_id=467"},"modified":"2021-03-14T18:19:17","modified_gmt":"2021-03-14T18:19:17","slug":"observatorio-da-democracia-dh-e-politicas-publicas","status":"publish","type":"page","link":"https:\/\/www2.unifap.br\/poscult\/observatorio-da-democracia-dh-e-politicas-publicas\/","title":{"rendered":"OBSERVAT\u00d3RIO DA DEMOCRACIA, DH E POL\u00cdTICAS P\u00daBLICAS"},"content":{"rendered":"<p>Conhe\u00e7a o <strong>Observat\u00f3rio da Democracia, Direitos Humanos e Pol\u00edticas P\u00fablicas<\/strong>, espa\u00e7o vinculado ao <strong>Curso de Especializa\u00e7\u00e3o em Estudos Culturais e Pol\u00edticas P\u00fablica<\/strong>s da Unifap e ao <strong>Grupo de Pesquisa Estudos Interdisciplinares em Cultura e Pol\u00edticas P\u00fablicas<\/strong>.&nbsp;<\/p>\n<p><strong><a href=\"http:\/\/observatoriodh.com.br\/\"> http:\/\/observatoriodh.com.br\/<\/a><\/strong><\/p>\n","protected":false},"excerpt":{"rendered":"<p>Conhe\u00e7a o Observat\u00f3rio da Democracia, Direitos Humanos e Pol\u00edticas P\u00fablicas, espa\u00e7o vinculado ao Curso de Especializa\u00e7\u00e3o em Estudos Culturais e Pol\u00edticas P\u00fablicas da Unifap e ao Grupo de Pesquisa Estudos Interdisciplinares em Cultura e Pol\u00edticas P\u00fablicas.&nbsp; http:\/\/observatoriodh.com.br\/<\/p>\n","protected":false},"author":1844,"featured_media":0,"parent":0,"menu_order":0,"comment_status":"closed","ping_status":"closed","template":"","meta":{"inline_featured_image":false,"ngg_post_thumbnail":0,"footnotes":""},"class_list":["post-467","page","type-page","status-publish","hentry"],"_links":{"self":[{"href":"https:\/\/www2.unifap.br\/poscult\/wp-json\/wp\/v2\/pages\/467","targetHints":{"allow":["GET"]}}],"collection":[{"href":"https:\/\/www2.unifap.br\/poscult\/wp-json\/wp\/v2\/pages"}],"about":[{"href":"https:\/\/www2.unifap.br\/poscult\/wp-json\/wp\/v2\/types\/page"}],"author":[{"embeddable":true,"href":"https:\/\/www2.unifap.br\/poscult\/wp-json\/wp\/v2\/users\/1844"}],"replies":[{"embeddable":true,"href":"https:\/\/www2.unifap.br\/poscult\/wp-json\/wp\/v2\/comments?post=467"}],"version-history":[{"count":1,"href":"https:\/\/www2.unifap.br\/poscult\/wp-json\/wp\/v2\/pages\/467\/revisions"}],"predecessor-version":[{"id":468,"href":"https:\/\/www2.unifap.br\/poscult\/wp-json\/wp\/v2\/pages\/467\/revisions\/468"}],"wp:attachment":[{"href":"https:\/\/www2.unifap.br\/poscult\/wp-json\/wp\/v2\/media?parent=467"}],"curies":[{"name":"wp","href":"https:\/\/api.w.org\/{rel}","templated":true}]}}