{"id":56,"date":"2017-09-08T22:51:06","date_gmt":"2017-09-08T22:51:06","guid":{"rendered":"http:\/\/www2.unifap.br\/poscult\/?page_id=56"},"modified":"2017-11-07T14:53:51","modified_gmt":"2017-11-07T14:53:51","slug":"documentos","status":"publish","type":"page","link":"https:\/\/www2.unifap.br\/poscult\/documentos\/","title":{"rendered":"Documentos"},"content":{"rendered":"<p><strong><a href=\"http:\/\/www2.unifap.br\/poscult\/files\/2017\/09\/Resolu\u00e7\u00e3o-de-Cria\u00e7\u00e3o-do-Curso-e-Portaria-de-designa\u00e7\u00e3o-de-coordena\u00e7\u00e3o.pdf\">Resolu\u00e7\u00e3o de Cria\u00e7\u00e3o do Curso e Portaria de designa\u00e7\u00e3o de coordena\u00e7\u00e3o<\/a>\u00a0interino<\/strong><\/p>\n<p><strong><a href=\"http:\/\/www2.unifap.br\/poscult\/files\/2017\/09\/portaria-8.pdf\">portaria<\/a>\u00a0de designa\u00e7\u00e3o do Coordenador Geral\u00a0<\/strong><\/p>\n","protected":false},"excerpt":{"rendered":"<p>Resolu\u00e7\u00e3o de Cria\u00e7\u00e3o do Curso e Portaria de designa\u00e7\u00e3o de coordena\u00e7\u00e3o\u00a0interino portaria\u00a0de designa\u00e7\u00e3o do Coordenador Geral\u00a0<\/p>\n","protected":false},"author":1844,"featured_media":0,"parent":0,"menu_order":0,"comment_status":"open","ping_status":"open","template":"","meta":{"inline_featured_image":false,"ngg_post_thumbnail":0,"footnotes":""},"class_list":["post-56","page","type-page","status-publish","hentry"],"_links":{"self":[{"href":"https:\/\/www2.unifap.br\/poscult\/wp-json\/wp\/v2\/pages\/56","targetHints":{"allow":["GET"]}}],"collection":[{"href":"https:\/\/www2.unifap.br\/poscult\/wp-json\/wp\/v2\/pages"}],"about":[{"href":"https:\/\/www2.unifap.br\/poscult\/wp-json\/wp\/v2\/types\/page"}],"author":[{"embeddable":true,"href":"https:\/\/www2.unifap.br\/poscult\/wp-json\/wp\/v2\/users\/1844"}],"replies":[{"embeddable":true,"href":"https:\/\/www2.unifap.br\/poscult\/wp-json\/wp\/v2\/comments?post=56"}],"version-history":[{"count":3,"href":"https:\/\/www2.unifap.br\/poscult\/wp-json\/wp\/v2\/pages\/56\/revisions"}],"predecessor-version":[{"id":75,"href":"https:\/\/www2.unifap.br\/poscult\/wp-json\/wp\/v2\/pages\/56\/revisions\/75"}],"wp:attachment":[{"href":"https:\/\/www2.unifap.br\/poscult\/wp-json\/wp\/v2\/media?parent=56"}],"curies":[{"name":"wp","href":"https:\/\/api.w.org\/{rel}","templated":true}]}}