{"id":6,"date":"2017-08-23T20:04:31","date_gmt":"2017-08-23T20:04:31","guid":{"rendered":"http:\/\/www2.unifap.br\/poscult\/?page_id=6"},"modified":"2023-02-24T14:20:36","modified_gmt":"2023-02-24T14:20:36","slug":"gestao","status":"publish","type":"page","link":"https:\/\/www2.unifap.br\/poscult\/gestao\/","title":{"rendered":"Gest\u00e3o\/contatos"},"content":{"rendered":"<p><b>Gest\u00e3o (2023-2025)<\/b><\/p>\n<p><strong>Coordena\u00e7\u00e3o geral<\/strong> &#8211; Profa Dra Patr\u00edcia Rocha Chaves (PORTARIA N\u00ba 0074\/2023)<br \/>\n<b>Contatos<br \/>\n<\/b><b>Email<\/b>: <a href=\"mailto:pospcult@gmail.com\">pospcult@gmail.com<\/a><\/p>\n<p><strong>ATENDIMENTO EXCLUSIVAMENTE REMOTO PELO EMAIL DA COORDENA\u00c7\u00c3O<\/strong><\/p>\n<p>&#8212;&#8212;&#8212;&#8212;&#8212;&#8212;&#8212;-<\/p>\n<p><strong>Gest\u00f5es anteriores&nbsp;<\/strong><\/p>\n<p><strong>Prof Dr Antonio Sardinha<\/strong><br \/>\nFundador do curso e Coordenador Geral <strong>(2017 a 2021)<\/strong><\/p>\n<p><strong>Profa Dra Ana Cristina Mau\u00e9s<br \/>\n<\/strong>Vice-coordenadora adjunta &#8211; Campus Marco Zero (<strong>2017 a 2021<\/strong>)<br \/>\nCoordenadora geral (<strong>2021 a 2022<\/strong>)<\/p>\n<p><strong>Professora Dra Elissandra Barros<br \/>\n<\/strong>Vice-coordenadora adjunta Campus Oiaopoque (<strong>2020 a 2022<\/strong>)<\/p>\n","protected":false},"excerpt":{"rendered":"<p>Gest\u00e3o (2023-2025) Coordena\u00e7\u00e3o geral &#8211; Profa Dra Patr\u00edcia Rocha Chaves (PORTARIA N\u00ba 0074\/2023) Contatos Email: pospcult@gmail.com ATENDIMENTO EXCLUSIVAMENTE REMOTO PELO EMAIL DA COORDENA\u00c7\u00c3O &#8212;&#8212;&#8212;&#8212;&#8212;&#8212;&#8212;- Gest\u00f5es anteriores&nbsp; Prof Dr Antonio Sardinha Fundador do curso e Coordenador Geral (2017 a 2021) Profa&hellip; <\/p>\n<p><a href=\"https:\/\/www2.unifap.br\/poscult\/gestao\/\" class=\"readmore-button\">Continue Reading<\/a><\/p>\n","protected":false},"author":1844,"featured_media":0,"parent":0,"menu_order":0,"comment_status":"open","ping_status":"open","template":"","meta":{"inline_featured_image":false,"ngg_post_thumbnail":0,"footnotes":""},"class_list":["post-6","page","type-page","status-publish","hentry"],"_links":{"self":[{"href":"https:\/\/www2.unifap.br\/poscult\/wp-json\/wp\/v2\/pages\/6","targetHints":{"allow":["GET"]}}],"collection":[{"href":"https:\/\/www2.unifap.br\/poscult\/wp-json\/wp\/v2\/pages"}],"about":[{"href":"https:\/\/www2.unifap.br\/poscult\/wp-json\/wp\/v2\/types\/page"}],"author":[{"embeddable":true,"href":"https:\/\/www2.unifap.br\/poscult\/wp-json\/wp\/v2\/users\/1844"}],"replies":[{"embeddable":true,"href":"https:\/\/www2.unifap.br\/poscult\/wp-json\/wp\/v2\/comments?post=6"}],"version-history":[{"count":18,"href":"https:\/\/www2.unifap.br\/poscult\/wp-json\/wp\/v2\/pages\/6\/revisions"}],"predecessor-version":[{"id":581,"href":"https:\/\/www2.unifap.br\/poscult\/wp-json\/wp\/v2\/pages\/6\/revisions\/581"}],"wp:attachment":[{"href":"https:\/\/www2.unifap.br\/poscult\/wp-json\/wp\/v2\/media?parent=6"}],"curies":[{"name":"wp","href":"https:\/\/api.w.org\/{rel}","templated":true}]}}