{"id":84,"date":"2018-01-22T18:35:53","date_gmt":"2018-01-22T18:35:53","guid":{"rendered":"http:\/\/www2.unifap.br\/poscult\/?page_id=84"},"modified":"2023-05-21T21:18:25","modified_gmt":"2023-05-21T21:18:25","slug":"projetos","status":"publish","type":"page","link":"https:\/\/www2.unifap.br\/poscult\/projetos\/","title":{"rendered":"Projetos"},"content":{"rendered":"<p><a href=\"http:\/\/observatoriodh.com.br\/?p=4158\"><strong>Mapeamento e caracteriza\u00e7\u00e3o da viol\u00eancia de g\u00eanero no contexto das comunidades ribeirinhas e rurais do Amap\u00e1 (Financiador Programa de Pesquisa para o SUS &#8211; Gest\u00e3o compartilhada em Sa\u00fade\/PPSUS\/FAPEAP)<\/strong><\/a><br \/>\nProjeto financiado por meio de chamada p\u00fablica n\u00ba. 003\/2020 &#8211; Programa de Pesquisa para o SUS ? Gest\u00e3o compartilhada em Sa\u00fade ? PPSUS, 5\u00aa Edi\u00e7\u00e3o no Estado do Amap\u00e1, a investiga\u00e7\u00e3o prop\u00f5e apresentar caracteriza\u00e7\u00e3o da viol\u00eancia de g\u00eanero no contexto das comunidades ribeirinhas e rurais do Amap\u00e1, identificando perfil, modalidades, especificidades, bem como apresentar percep\u00e7\u00e3o e experi\u00eancias de mulheres em situa\u00e7\u00e3o de viol\u00eancia no acesso e atendimento no \u00e2mbito dos servi\u00e7os de sa\u00fade. Espera-se apresentar diagn\u00f3stico capaz de subsidiar a constru\u00e7\u00e3o de protocolos para orientar a aten\u00e7\u00e3o integral \u00e0 sa\u00fade no \u00e2mbito da Pol\u00edtica Estadual de Sa\u00fade, bem como subsidiar a constru\u00e7\u00e3o da pol\u00edtica estadual de aten\u00e7\u00e3o integral \u00e0 sa\u00fade da mulher e a capacita\u00e7\u00e3o dos atores do SUS para o atendimento das mulheres rurais e ribeirinhas nos servi\u00e7os de sa\u00fade, al\u00e9m de contribui\u00e7\u00e3o para a\u00e7\u00f5es e diretrizes da pol\u00edtica de educa\u00e7\u00e3o permanente em sa\u00fade do Amap\u00e1, de um modo geral, e nos servi\u00e7os de refer\u00eancia na \u00e1rea de sa\u00fade, no contexto da RAM &#8211; Rede de Atendimento \u00e0 Mulher, v\u00edtima de viol\u00eancia dom\u00e9stica, familiar e sexual no Estado do Amap\u00e1, em particular..<br \/>\n<strong>Integrantes<\/strong>: Antonio Carlos Sardinha; Diln\u00e9ia Rochana Tavares do Couto; Concei\u00e7\u00e3o Cordeiro; Patricia Rocha Chaves; Nelma Nunes; David J\u00fanior de Souza Silva; Ana Cristina de Paula Mau\u00e9s Soares; Silvia Carla Marques;&nbsp; Marineide Pereira de Almeida; Lana Patr\u00edcia de Matos dos Santos ; F\u00e1tima Sueli Oliveira dos Santos; Ariely Nunes Ferreira de Almeida; Carla Isadora Barbosa Canto; Raimunda Kelly Silva Gomes &#8211; Marina Lemes Landeiro.&nbsp;<\/p>\n<p><strong>Projeto de Extens\u00e3o Curso de Forma\u00e7\u00e3o \u2013 Viol\u00eancia de G\u00eanero e pol\u00edticas p\u00fablicas em territ\u00f3rios rurais, quilombolas e ribeirinhos do Amap\u00e1<br \/>\n<\/strong>O curso tem como objetivo formar os atores da rede prote\u00e7\u00e3o \u00e0 mulher no Amap\u00e1 para compreender a viol\u00eancia de g\u00eanero, a din\u00e2mica e desafios das pol\u00edticas p\u00fablicas sob a \u00f3tica integral e transversal do atendimento e discutir quest\u00f5es peculiares envolvendo a viol\u00eancia de g\u00eanero nas comunidades rurais, quilombolas e ribeirinhas. A proposta integra a\u00e7\u00e3o de pesquisa desenvolvida pela Unifap (Pesquisa Mapeamento e caracteriza\u00e7\u00e3o da viol\u00eancia de g\u00eanero no contexto das comunidades ribeirinhas e rurais do Amap\u00e1 &#8211; Financiador Programa de Pesquisa para o SUS \u2013 Gest\u00e3o compartilhada em Sa\u00fade\/PPSUS\/Funda\u00e7\u00e3o de Amparo \u00e0 Pesquisa do Amap\u00e1), por meio do <strong>O<a href=\"https:\/\/observatoriodh.com.br\/\">bservat\u00f3rio da Democracia, Direitos Humanos e Pol\u00edticas P\u00fablicas<\/a>.&nbsp;<\/strong><br \/>\n<strong>Integrantes: <\/strong>Antonio Carlos Sardinha; Patricia Rocha Chaves; Nelma Nunes; Eliany Nazar\u00e9 Rodrigues Rodrigues,&nbsp; Ana Cristina de Paula Mau\u00e9s Soares;&nbsp; Marineide Pereira de Almeida;&nbsp; Carla Isadora Barbosa Canto.<\/p>\n<p><strong>Projeto de Pesquisa<\/strong>&nbsp;<strong>Representa\u00e7\u00f5es de G\u00eanero, Direitos Humanos e Esfera P\u00fablica na Amaz\u00f4nia<em> (FINANCIADOR &#8211; FAPEAP)&nbsp; &#8211; CONCLU\u00cdDO<br \/>\n<\/em><\/strong>O projeto prop\u00f5e observar a interface entre representa\u00e7\u00f5es de g\u00eanero na esfera midi\u00e1tica, na esfera constitu\u00edda a partir da a\u00e7\u00e3o coletiva dos movimentos sociais e a esfera pol\u00edtica especializada do parlamento estadual. O pressuposto \u00e9 ode que entender o entrela\u00e7amento entre dispositivos,pr\u00e1ticas e processos em torno da representa\u00e7\u00e3o de g\u00eanero nessas tr\u00eas esferas centrais de agendamento de quest\u00f5es ligadas aos direitos humanos das mulheres contribui para compreens\u00e3o de como tem sido pensadas as pol\u00edticas p\u00fablicas para esse grupo. Os tensionamentos,contradi\u00e7\u00f5es, silenciamentos, bem como limita\u00e7\u00f5es,constrangimentos e pr\u00e1ticas simb\u00f3licas que interferem na legitima\u00e7\u00e3o, agendamento e enquadramento das quest\u00f5es de g\u00eanero e direitos humanos s\u00e3o elementos centrais para compreender e estrategicamente orientar o processo de formula\u00e7\u00e3o de pol\u00edticas para garantia dos direitos humanos das mulheres, incluindo direitos sexuais e reprodutivos..<br \/>\n<strong>Integrantes<\/strong>: Prof Antonio Sardinha, Profa Camila Risso, Profa Ana Cristina Mau\u00e9s, Profa Patr\u00edcia Chaves, Profa Eliane Cabral, Profa C\u00e1ssia Hack<\/p>\n<p><strong>Projeto de Extens\u00e3o Programa Radiof\u00f4nico&nbsp; Observat\u00f3rio de Direitos Humanos no R\u00e1dio <em>CONCLU\u00cdDO<\/em><br \/>\n<\/strong>Programa&nbsp; veiculado na R\u00e1dio Web do Programa de Extens\u00e3o Observat\u00f3rio da Democracia, Direitos Humanos e Pol\u00edticas P\u00fablicas da Unifap.&nbsp;<br \/>\n<strong>Acesso em&nbsp;<a href=\"https:\/\/soundcloud.com\/user-425726129\">https:\/\/soundcloud.com\/user-425726129<\/a><br \/>\n<\/strong><strong>Coordena\u00e7\u00e3o<\/strong>: Profa&nbsp;Francisca de Paula, Prof Antonio Sardinha e Profa Ana Cristina Mau\u00e9s<\/p>\n<p><strong>Projeto de Extens\u00e3o Forma\u00e7\u00e3o em Pol\u00edticas P\u00fablicas, G\u00eanero e Sexualidade para movimentos sociais e conselheiros de pol\u00edticas p\u00fablicas &#8211; <em>CONCLU\u00cdDO<\/em><br \/>\nF<\/strong>orma\u00e7\u00e3o de atores da pol\u00edtica p\u00fablica e dos movimentos sociais para formula\u00e7\u00e3o, monitoramento e avalia\u00e7\u00e3o de pol\u00edticas p\u00fablicas com interface com g\u00eanero e sexualidade e assessoramento na elabora\u00e7\u00e3o do plano estadual de pol\u00edticas p\u00fablicas para popula\u00e7\u00e3o LGBT. (<em>PARCERIA COM CONSELHO ESTADUAL DE DIREITOS HUMANOS LGBTs Do AMAP\u00c1)<br \/>\n<\/em><strong>Coordena\u00e7\u00e3o: <\/strong>Prof Antonio Sardinha e Profa&nbsp;Francisca de Paula<\/p>\n<p><strong>Programa de Extens\u00e3o Observat\u00f3rio de Democracia, Direitos Humanos e Pol\u00edticas P\u00fablicas&nbsp; &#8211; <em>CONCLU\u00cdDO<\/em><br \/>\n<\/strong>O Observat\u00f3rio re\u00fane a\u00e7\u00f5es de extens\u00e3o, atreladas ao ensino e \u00e0 pesquisa, envolvendo a forma\u00e7\u00e3o, divulga\u00e7\u00e3o de conhecimento e informa\u00e7\u00e3o sobre democracia, participa\u00e7\u00e3o social, direitos humanos e pol\u00edticas p\u00fablicas. A proposta \u00e9 articular e promover a intera\u00e7\u00e3o entre professores\/as e pesquisadores\/as que atuam em a\u00e7\u00f5es e pesquisas voltadas a promover o debate, a produ\u00e7\u00e3o de saberes, a troca de experi\u00eancias e a mobiliza\u00e7\u00e3o da comunidade universit\u00e1ria e da sociedade em geral em torno do direito pol\u00edtico \u00e0 participa\u00e7\u00e3o, da defesa da democracia, dos direitos humanos.<br \/>\n<strong>Acesso em&nbsp;<a href=\"http:\/\/observatoriodh.com.br\/\">http:\/\/observatoriodh.com.br\/<br \/>\n<\/a><\/strong><strong>Integrantes<\/strong>: Profa Camila Risso, Prof Antonio Sardinha, Profa Ana Cristina Mau\u00e9s, Profa C\u00e1ssia Hack, Profa Eliane Cabral, Profa Paula Bastone<\/p>\n<p><strong>Escola de Forma\u00e7\u00e3o em Direitos Humanos e Pol\u00edticas P\u00fablicas &#8211; <em>CONCLU\u00cdDO<\/em><\/strong><br \/>\nSetor de forma\u00e7\u00e3o do Programa de Extens\u00e3o Observat\u00f3rio&nbsp;de Democracia, Direitos Humanos e Pol\u00edticas P\u00fablicas que tem a proposta de ofertar cursos de curta dura\u00e7\u00e3o nas \u00e1reas de direitos humanos e pol\u00edticas p\u00fablicas.&nbsp;<br \/>\n<b>Acesso em&nbsp;<a href=\"http:\/\/www2.unifap.br\/escoladh\">http:\/\/www2.unifap.br\/escoladh<\/a><br \/>\nCoordena\u00e7\u00e3o: <\/b>Prof Antonio Sardinha<\/p>\n","protected":false},"excerpt":{"rendered":"<p>Mapeamento e caracteriza\u00e7\u00e3o da viol\u00eancia de g\u00eanero no contexto das comunidades ribeirinhas e rurais do Amap\u00e1 (Financiador Programa de Pesquisa para o SUS &#8211; Gest\u00e3o compartilhada em Sa\u00fade\/PPSUS\/FAPEAP) Projeto financiado por meio de chamada p\u00fablica n\u00ba. 003\/2020 &#8211; Programa de&hellip; <\/p>\n<p><a href=\"https:\/\/www2.unifap.br\/poscult\/projetos\/\" class=\"readmore-button\">Continue Reading<\/a><\/p>\n","protected":false},"author":1844,"featured_media":0,"parent":0,"menu_order":0,"comment_status":"open","ping_status":"open","template":"","meta":{"inline_featured_image":false,"ngg_post_thumbnail":0,"footnotes":""},"class_list":["post-84","page","type-page","status-publish","hentry"],"_links":{"self":[{"href":"https:\/\/www2.unifap.br\/poscult\/wp-json\/wp\/v2\/pages\/84","targetHints":{"allow":["GET"]}}],"collection":[{"href":"https:\/\/www2.unifap.br\/poscult\/wp-json\/wp\/v2\/pages"}],"about":[{"href":"https:\/\/www2.unifap.br\/poscult\/wp-json\/wp\/v2\/types\/page"}],"author":[{"embeddable":true,"href":"https:\/\/www2.unifap.br\/poscult\/wp-json\/wp\/v2\/users\/1844"}],"replies":[{"embeddable":true,"href":"https:\/\/www2.unifap.br\/poscult\/wp-json\/wp\/v2\/comments?post=84"}],"version-history":[{"count":15,"href":"https:\/\/www2.unifap.br\/poscult\/wp-json\/wp\/v2\/pages\/84\/revisions"}],"predecessor-version":[{"id":605,"href":"https:\/\/www2.unifap.br\/poscult\/wp-json\/wp\/v2\/pages\/84\/revisions\/605"}],"wp:attachment":[{"href":"https:\/\/www2.unifap.br\/poscult\/wp-json\/wp\/v2\/media?parent=84"}],"curies":[{"name":"wp","href":"https:\/\/api.w.org\/{rel}","templated":true}]}}