{"id":9,"date":"2017-08-23T20:09:07","date_gmt":"2017-08-23T20:09:07","guid":{"rendered":"http:\/\/www2.unifap.br\/poscult\/?page_id=9"},"modified":"2023-04-29T11:55:30","modified_gmt":"2023-04-29T11:55:30","slug":"corpo-docente","status":"publish","type":"page","link":"https:\/\/www2.unifap.br\/poscult\/corpo-docente\/","title":{"rendered":"Corpo Docente"},"content":{"rendered":"<p><b>Linha de Pesquisa: Cultura, Identidade e Linguagem<br \/>\n<\/b>&nbsp;Compreende a investiga\u00e7\u00e3o de fen\u00f4menos sociais perpassados pelos processos de constitui\u00e7\u00e3o das identidades e na a\u00e7\u00e3o pol\u00edtico-cultural de sujeitos, grupos e movimentos sociais, com \u00eanfase na apropria\u00e7\u00e3o de dispositivos e artefatos tecnol\u00f3gicos e comunicacionais, da arte e da literatura nas suas mais diversas linguagens para produ\u00e7\u00e3o, circula\u00e7\u00e3o e reconhecimento de sentidos na representa\u00e7\u00e3o das identidades na esfera p\u00fablica, esfera pol\u00edtica e nos demais espa\u00e7os sociais.<b><br \/>\n<\/b><\/p>\n<p>S\u00e3o temas de interesse desta linha investiga\u00e7\u00f5es sobre Cultura e Religi\u00e3o; Pol\u00edticas P\u00fablicas Culturais e de Comunica\u00e7\u00e3o; M\u00eddia, Mem\u00f3ria e representa\u00e7\u00f5es da identidade; Linguagem e Identidade; Linguagens, est\u00e9ticas, g\u00eaneros e formatos de produtos culturais, midi\u00e1ticos e liter\u00e1rios nas respectivas interfaces com produ\u00e7\u00e3o de identidades e marcadores sociais de diferen\u00e7a.<\/p>\n<p><b>Professores<\/b><\/p>\n<p><strong>Dr. Antonio Sardinha<\/strong> &#8211; &nbsp;<a href=\"http:\/\/lattes.cnpq.br\/8522818562933819\">http:\/\/lattes.cnpq.br\/8522818562933819<\/a><\/p>\n<p><strong>Dr. David J\u00fanior de Souza Silva<\/strong>&nbsp;&#8211;&nbsp;<a href=\"http:\/\/lattes.cnpq.br\/4265076306351873\">http:\/\/lattes.cnpq.br\/4265076306351873<\/a><\/p>\n<p><strong>Dra D\u00e9bora Aymor\u00e9 (UEAP)<\/strong> &#8211;&nbsp;<a href=\"http:\/\/lattes.cnpq.br\/5444018172944089\">http:\/\/lattes.cnpq.br\/5444018172944089<\/a><\/p>\n<p><strong>Dra Elissandra Barros da Silva<\/strong> &#8211;&nbsp;<a href=\"http:\/\/lattes.cnpq.br\/1619329641405340\">http:\/\/lattes.cnpq.br\/1619329641405340<\/a><\/p>\n<p><strong>Dra Fab\u00edola do Socorro Figueiredo dos Reis<\/strong> &#8211;&nbsp;<a href=\"http:\/\/lattes.cnpq.br\/2099575783439005\">http:\/\/lattes.cnpq.br\/2099575783439005<\/a><\/p>\n<p><strong>Dra F\u00e1tima Guedes<\/strong> &#8211; <a href=\"http:\/\/lattes.cnpq.br\/3880745633078888\">http:\/\/lattes.cnpq.br\/3880745633078888<\/a><\/p>\n<p><strong>Dra Glaucia Tinoco<\/strong> &#8211; &nbsp;<a href=\"http:\/\/lattes.cnpq.br\/7788491889080373\">http:\/\/lattes.cnpq.br\/7788491889080373<\/a><\/p>\n<p><strong>Dra Isabel Regina Augusto<\/strong>&nbsp;\u2013 <a href=\"http:\/\/lattes.cnpq.br\/5281893988803583\">http:\/\/lattes.cnpq.br\/5281893988803583<\/a><\/p>\n<p><strong>Msc Jos\u00e9 Raphael Brito dos Santos<\/strong> &#8211; <a href=\"http:\/\/lattes.cnpq.br\/1515053383923101\">http:\/\/lattes.cnpq.br\/15150<\/a>&nbsp;<a href=\"http:\/\/lattes.cnpq.br\/1515053383923101\">53383923101<\/a><\/p>\n<p><strong>Msc Luciano Magnus de Ara\u00fajo<\/strong>&#8211;&nbsp;&nbsp;<a href=\"http:\/\/lattes.cnpq.br\/7192215216270270\">http:\/\/lattes.cnpq.br\/7192215216270270<\/a><\/p>\n<p><strong>Dr. Marcos Vinicius de Freitas Reis<\/strong> &#8211; <a href=\"http:\/\/lattes.cnpq.br\/0706355533898912\">http:\/\/lattes.cnpq.br\/0706355533898912<\/a><\/p>\n<p><strong>Dra S\u00e2mela Ramos &#8211; <a href=\"http:\/\/lattes.cnpq.br\/3021091714866840\">http:\/\/lattes.cnpq.br\/3021091714866840<\/a><\/strong><\/p>\n<p><strong>Dra Silvia Carla Marques<\/strong> &#8211;&nbsp;<a href=\"http:\/\/lattes.cnpq.br\/6038079327109593\">http:\/\/lattes.cnpq.br\/6038079327109593<\/a><\/p>\n<p><strong>Msc Tiago Varges (colaborador SEED\/UFG)<\/strong> &#8211; <a href=\"http:\/\/lattes.cnpq.br\/7602416162015287\">http:\/\/lattes.cnpq.br\/7602416162015287<\/a><\/p>\n<p><b><br \/>\nLinha de Pesquisa: &nbsp;Cultura, Diferen\u00e7a e Pol\u00edtica P\u00fablica<br \/>\n<\/b>Compreende a investiga\u00e7\u00e3o de processos sociais permeados pela a\u00e7\u00e3o de sujeitos, grupos e movimentos sociais na produ\u00e7\u00e3o\/afirma\u00e7\u00e3o das identidades pol\u00edticas ligadas ao g\u00eanero, sexualidade, ra\u00e7a\/etnia, com \u00eanfase na compreens\u00e3o dos processos socioculturais de produ\u00e7\u00e3o das diferen\u00e7as e das demandas por reconhecimento na rela\u00e7\u00e3o com o Estado, observando a formula\u00e7\u00e3o, execu\u00e7\u00e3o e avalia\u00e7\u00e3o de pol\u00edticas p\u00fablicas nos \u00e2mbitos local, nacional e internacional.<b><br \/>\n<\/b>S\u00e3o temas de interesse da linha investiga\u00e7\u00f5es sobre G\u00eanero, Feminismo ; Sexualidade, Pol\u00edticas Sexuais e Reprodutivas; Ativismo, Movimentos Sociais Feministas, de Mulheres e LGBT; Quest\u00f5es \u00e9tnico-raciais e Direitos Humanos; Direitos Humanos e Pol\u00edtica Internacional, nas respectivas interfaces com o processo de formula\u00e7\u00e3o, execu\u00e7\u00e3o e avalia\u00e7\u00e3o de pol\u00edticas p\u00fablicas.<\/p>\n<p><b>Professores <\/b><\/p>\n<p><strong>Dr Adriano Michel Helfenstein<\/strong> &#8211;&nbsp;<a href=\"http:\/\/lattes.cnpq.br\/5458945886320355\">http:\/\/lattes.cnpq.br\/5458945886320355<\/a><\/p>\n<p><strong>Dra Ana Cristina Soares<\/strong> &#8211; <a href=\"http:\/\/lattes.cnpq.br\/1995937959261670\">http:\/\/lattes.cnpq.br\/1995937959261670<\/a><\/p>\n<p><strong>Dra. Camila Lippi<\/strong> &#8211;&nbsp;<a href=\"http:\/\/lattes.cnpq.br\/2165388892104632\">http:\/\/lattes.cnpq.br\/2165388892104632<\/a><\/p>\n<p><strong>Dra Camila Risso (colaboradora &#8211; UFLA)<\/strong> &#8211;&nbsp;&nbsp;<a href=\"http:\/\/lattes.cnpq.br\/9339624719885653\">http:\/\/lattes.cnpq.br\/9339624719885653<\/a><\/p>\n<p><strong>Dra Carina Santos de Almeida<\/strong> \u2013 <a href=\"http:\/\/lattes.cnpq.br\/4662671081661224\">http:\/\/lattes.cnpq.br\/4662671081661224<\/a><\/p>\n<p><strong>Dra Diln\u00e9ia Rochana Tavares do Couto (UEAP)&nbsp; <\/strong><a href=\"http:\/\/lattes.cnpq.br\/4795329647093176\">http:\/\/lattes.cnpq.br\/4795329647093176<\/a><\/p>\n<p><strong>Msc Doralice Veiga Alves<\/strong> &#8211;&nbsp;<a href=\"http:\/\/lattes.cnpq.br\/3703227948427350\">http:\/\/lattes.cnpq.br\/3703227948427350<\/a><\/p>\n<p><strong>Dr Eduardo Margarit<\/strong> &#8211;&nbsp;<a href=\"http:\/\/lattes.cnpq.br\/9106331944059097\">http:\/\/lattes.cnpq.br\/9106331944059097<\/a><\/p>\n<p><strong>Dr Everton Maciel Puhl<\/strong> &#8211;&nbsp;<a href=\"http:\/\/lattes.cnpq.br\/5216412977817910\">http:\/\/lattes.cnpq.br\/5216412977817910<\/a><\/p>\n<p><strong>Dra Francisca de Paula de Oliveira (colaboradora &#8211; UFRN)<\/strong>&nbsp;&#8211; <a href=\"http:\/\/lattes.cnpq.br\/7461010647156851\">http:\/\/lattes.cnpq.br\/7461010647156851<\/a><\/p>\n<p><strong>Dr Jos\u00e9 Carlos Cariac\u00e1s Rom\u00e3o dos Santos<\/strong> &#8211;&nbsp;<a href=\"http:\/\/lattes.cnpq.br\/0031719315013253\">http:\/\/lattes.cnpq.br\/0031719315013253<\/a><\/p>\n<p><strong>Dra. Lourrene Mafra<\/strong> &#8211; <a href=\"http:\/\/lattes.cnpq.br\/6347888396818955\">http:\/\/lattes.cnpq.br\/6347888396818955<\/a><\/p>\n<p><strong>Dra Nelma Nunes<\/strong> &#8211; <a href=\"http:\/\/lattes.cnpq.br\/0311318815595066\">http:\/\/lattes.cnpq.br\/0311318815595066<\/a><\/p>\n<p><strong>Msc Paula Bastone<\/strong> &#8211; &nbsp;<a href=\"http:\/\/lattes.cnpq.br\/9515884438763771\">http:\/\/lattes.cnpq.br\/9515884438763771<\/a><\/p>\n<p><strong>Dra Patricia Rocha Chaves<\/strong> &#8211;&nbsp;<a href=\"http:\/\/lattes.cnpq.br\/8368656524963047\">http:\/\/lattes.cnpq.br\/8368656524963047<\/a><\/p>\n<p><strong>Dr. Raimundo Erundino Santos Diniz<\/strong> &#8211;&nbsp;&nbsp;<a href=\"http:\/\/lattes.cnpq.br\/6822592071943769\">http:\/\/lattes.cnpq.br\/6822592071943769<\/a><\/p>\n<p><strong>Dra Solange Rodrigues da Silva<\/strong> &#8211;&nbsp;<a href=\"http:\/\/lattes.cnpq.br\/6332395999705998\">http:\/\/lattes.cnpq.br\/6332395999705998<\/a><\/p>\n","protected":false},"excerpt":{"rendered":"<p>Linha de Pesquisa: Cultura, Identidade e Linguagem &nbsp;Compreende a investiga\u00e7\u00e3o de fen\u00f4menos sociais perpassados pelos processos de constitui\u00e7\u00e3o das identidades e na a\u00e7\u00e3o pol\u00edtico-cultural de sujeitos, grupos e movimentos sociais, com \u00eanfase na apropria\u00e7\u00e3o de dispositivos e artefatos tecnol\u00f3gicos e&hellip; <\/p>\n<p><a href=\"https:\/\/www2.unifap.br\/poscult\/corpo-docente\/\" class=\"readmore-button\">Continue Reading<\/a><\/p>\n","protected":false},"author":1844,"featured_media":0,"parent":0,"menu_order":0,"comment_status":"open","ping_status":"open","template":"","meta":{"inline_featured_image":false,"ngg_post_thumbnail":0,"footnotes":""},"class_list":["post-9","page","type-page","status-publish","hentry"],"_links":{"self":[{"href":"https:\/\/www2.unifap.br\/poscult\/wp-json\/wp\/v2\/pages\/9","targetHints":{"allow":["GET"]}}],"collection":[{"href":"https:\/\/www2.unifap.br\/poscult\/wp-json\/wp\/v2\/pages"}],"about":[{"href":"https:\/\/www2.unifap.br\/poscult\/wp-json\/wp\/v2\/types\/page"}],"author":[{"embeddable":true,"href":"https:\/\/www2.unifap.br\/poscult\/wp-json\/wp\/v2\/users\/1844"}],"replies":[{"embeddable":true,"href":"https:\/\/www2.unifap.br\/poscult\/wp-json\/wp\/v2\/comments?post=9"}],"version-history":[{"count":53,"href":"https:\/\/www2.unifap.br\/poscult\/wp-json\/wp\/v2\/pages\/9\/revisions"}],"predecessor-version":[{"id":601,"href":"https:\/\/www2.unifap.br\/poscult\/wp-json\/wp\/v2\/pages\/9\/revisions\/601"}],"wp:attachment":[{"href":"https:\/\/www2.unifap.br\/poscult\/wp-json\/wp\/v2\/media?parent=9"}],"curies":[{"name":"wp","href":"https:\/\/api.w.org\/{rel}","templated":true}]}}