{"id":1213,"date":"2019-02-01T18:41:31","date_gmt":"2019-02-01T18:41:31","guid":{"rendered":"http:\/\/www2.unifap.br\/ppcs\/?page_id=1213"},"modified":"2023-03-08T18:24:45","modified_gmt":"2023-03-08T21:24:45","slug":"coordenacao","status":"publish","type":"page","link":"https:\/\/www2.unifap.br\/ppcs\/apresentacao\/coordenacao\/","title":{"rendered":"Coordena\u00e7\u00e3o"},"content":{"rendered":"<p><strong>COORDENADORA<\/strong><i><\/i><\/p>\n<p><a href=\"http:\/\/www2.unifap.br\/ppcs\/files\/2022\/02\/Mechita.jpeg\"><img decoding=\"async\" src=\"http:\/\/www2.unifap.br\/ppcs\/files\/2022\/02\/Mechita.jpeg\" alt=\"\" width=\"148\" height=\"188\"><\/a><\/p>\n<p><i>Prof\u00aa . Dr\u00aa Anneli Mercedes Celis de C\u00e1rdenas&nbsp;<\/i><i><\/i><\/p>\n<p>Portar\u00eda n\u00ba 1731\/2021 PPGCS\/UNIFAP<\/p>\n<p><i>E-mail:&nbsp; celis@unifap.br<\/i><i><\/i><\/p>\n<h5><a href=\"http:\/\/lattes.cnpq.br\/5754933755242793\">CV: http:\/\/lattes.cnpq.br\/5754933755242793<\/a><\/h5>\n<p><i>Campus Universit\u00e1rio Marco Zero do Equador<\/i><i>Rod. Juscelino Kubitschek, KM-02 &#8211; Jardim Marco Zero<\/i><i>CEP 68.903-419 &#8211; Macap\u00e1 &#8211; AP &#8211; Brasil<\/i><\/p>\n<p><strong>VICE-COORDENADOR<\/strong><\/p>\n<p><a href=\"http:\/\/www2.unifap.br\/medicina\/files\/2023\/03\/perfil.png\"><img decoding=\"async\" class=\"\" src=\"http:\/\/www2.unifap.br\/medicina\/files\/2023\/03\/perfil.png\" width=\"216\" height=\"164\"><\/a><\/p>\n<p><i>Prof. Dr. Emerson Augusto Castilho Martins&nbsp;<\/i><i><\/i><\/p>\n<p>Portar\u00eda n\u00ba 1679\/2021 PPGCS\/UNIFAP<\/p>\n<p><i>E-mail: emersonmartins@unifap.br&nbsp;<\/i><i><\/i><i><\/i><\/p>\n<h5><a href=\"http:\/\/lattes.cnpq.br\/9172895295920183\">CV: http:\/\/lattes.cnpq.br\/9172895295920183<\/a><\/h5>\n<p><i>Campus Universit\u00e1rio Marco Zero do Equador<\/i><i>Rod. Juscelino Kubitschek, KM-02 &#8211; Jardim Marco Zero<\/i><i>CEP 68.903-419 &#8211; Macap\u00e1 &#8211; AP &#8211; Brasil<\/i><\/p>\n<h5>&nbsp;<\/h5>\n","protected":false},"excerpt":{"rendered":"<p>COORDENADORA Prof\u00aa . Dr\u00aa Anneli Mercedes Celis de C\u00e1rdenas&nbsp; Portar\u00eda n\u00ba 1731\/2021 PPGCS\/UNIFAP E-mail:&nbsp; celis@unifap.br CV: http:\/\/lattes.cnpq.br\/5754933755242793 Campus Universit\u00e1rio Marco Zero do EquadorRod. Juscelino Kubitschek, KM-02 &#8211; Jardim Marco ZeroCEP 68.903-419 &#8211; Macap\u00e1 &#8211; AP &#8211; Brasil VICE-COORDENADOR Prof. Dr. Emerson Augusto Castilho Martins&nbsp; Portar\u00eda n\u00ba 1679\/2021 PPGCS\/UNIFAP E-mail: emersonmartins@unifap.br&nbsp; \u2026 <a class=\"continue-reading-link\" href=\"https:\/\/www2.unifap.br\/ppcs\/apresentacao\/coordenacao\/\"> Continue Lendo <span class=\"meta-nav\">&rarr; <\/span><\/a><\/p>\n","protected":false},"author":308,"featured_media":0,"parent":39,"menu_order":1,"comment_status":"closed","ping_status":"open","template":"","meta":{"inline_featured_image":false,"ngg_post_thumbnail":0,"footnotes":""},"class_list":["post-1213","page","type-page","status-publish","hentry"],"_links":{"self":[{"href":"https:\/\/www2.unifap.br\/ppcs\/wp-json\/wp\/v2\/pages\/1213","targetHints":{"allow":["GET"]}}],"collection":[{"href":"https:\/\/www2.unifap.br\/ppcs\/wp-json\/wp\/v2\/pages"}],"about":[{"href":"https:\/\/www2.unifap.br\/ppcs\/wp-json\/wp\/v2\/types\/page"}],"author":[{"embeddable":true,"href":"https:\/\/www2.unifap.br\/ppcs\/wp-json\/wp\/v2\/users\/308"}],"replies":[{"embeddable":true,"href":"https:\/\/www2.unifap.br\/ppcs\/wp-json\/wp\/v2\/comments?post=1213"}],"version-history":[{"count":9,"href":"https:\/\/www2.unifap.br\/ppcs\/wp-json\/wp\/v2\/pages\/1213\/revisions"}],"predecessor-version":[{"id":2843,"href":"https:\/\/www2.unifap.br\/ppcs\/wp-json\/wp\/v2\/pages\/1213\/revisions\/2843"}],"up":[{"embeddable":true,"href":"https:\/\/www2.unifap.br\/ppcs\/wp-json\/wp\/v2\/pages\/39"}],"wp:attachment":[{"href":"https:\/\/www2.unifap.br\/ppcs\/wp-json\/wp\/v2\/media?parent=1213"}],"curies":[{"name":"wp","href":"https:\/\/api.w.org\/{rel}","templated":true}]}}