{"id":1224,"date":"2019-02-01T18:55:10","date_gmt":"2019-02-01T18:55:10","guid":{"rendered":"http:\/\/www2.unifap.br\/ppcs\/?page_id=1224"},"modified":"2023-03-08T17:10:55","modified_gmt":"2023-03-08T20:10:55","slug":"secretaria","status":"publish","type":"page","link":"https:\/\/www2.unifap.br\/ppcs\/apresentacao\/secretaria\/","title":{"rendered":"Secretaria"},"content":{"rendered":"<p><strong>SECRETARIA DO PROGRAMA DE P\u00d3S-GRADUA\u00c7\u00c3O <b>EM CI\u00caNCIAS DA SA\u00daDE<\/b><br \/>\n<\/strong><\/p>\n<p><span style=\"color: #ff0000\"><b>ROSA MARIA VILHENA FARIAS DIAS <\/b><\/span><\/p>\n<p>T\u00e9cnica em Assuntos Educacionais<\/p>\n<p>E-mail: ppgcs@unifap.br<\/p>\n","protected":false},"excerpt":{"rendered":"<p>SECRETARIA DO PROGRAMA DE P\u00d3S-GRADUA\u00c7\u00c3O EM CI\u00caNCIAS DA SA\u00daDE ROSA MARIA VILHENA FARIAS DIAS T\u00e9cnica em Assuntos Educacionais E-mail: ppgcs@unifap.br<\/p>\n","protected":false},"author":308,"featured_media":0,"parent":39,"menu_order":2,"comment_status":"closed","ping_status":"open","template":"","meta":{"inline_featured_image":false,"ngg_post_thumbnail":0,"footnotes":""},"class_list":["post-1224","page","type-page","status-publish","hentry"],"_links":{"self":[{"href":"https:\/\/www2.unifap.br\/ppcs\/wp-json\/wp\/v2\/pages\/1224","targetHints":{"allow":["GET"]}}],"collection":[{"href":"https:\/\/www2.unifap.br\/ppcs\/wp-json\/wp\/v2\/pages"}],"about":[{"href":"https:\/\/www2.unifap.br\/ppcs\/wp-json\/wp\/v2\/types\/page"}],"author":[{"embeddable":true,"href":"https:\/\/www2.unifap.br\/ppcs\/wp-json\/wp\/v2\/users\/308"}],"replies":[{"embeddable":true,"href":"https:\/\/www2.unifap.br\/ppcs\/wp-json\/wp\/v2\/comments?post=1224"}],"version-history":[{"count":9,"href":"https:\/\/www2.unifap.br\/ppcs\/wp-json\/wp\/v2\/pages\/1224\/revisions"}],"predecessor-version":[{"id":2333,"href":"https:\/\/www2.unifap.br\/ppcs\/wp-json\/wp\/v2\/pages\/1224\/revisions\/2333"}],"up":[{"embeddable":true,"href":"https:\/\/www2.unifap.br\/ppcs\/wp-json\/wp\/v2\/pages\/39"}],"wp:attachment":[{"href":"https:\/\/www2.unifap.br\/ppcs\/wp-json\/wp\/v2\/media?parent=1224"}],"curies":[{"name":"wp","href":"https:\/\/api.w.org\/{rel}","templated":true}]}}