{"id":1226,"date":"2019-02-01T19:01:03","date_gmt":"2019-02-01T19:01:03","guid":{"rendered":"http:\/\/www2.unifap.br\/ppcs\/?page_id=1226"},"modified":"2024-05-06T20:57:48","modified_gmt":"2024-05-06T23:57:48","slug":"pro-reitoria","status":"publish","type":"page","link":"https:\/\/www2.unifap.br\/ppcs\/apresentacao\/pro-reitoria\/","title":{"rendered":"Pr\u00f3-Reitoria"},"content":{"rendered":"<p>O Programa de P\u00f3s-Gradua\u00e7\u00e3o stricto sensu em Ci\u00eancias da Sa\u00fade (<strong>PPGCS<\/strong>) est\u00e1 subordinado \u00e0 Pr\u00f3-Reitoria de Pesquisa e P\u00f3s-Gradua\u00e7\u00e3o da Universidade Federal do Amap\u00e1 (<a href=\"http:\/\/www2.unifap.br\/propespg\/\">PROPESPG<\/a>) e Departamento de P\u00f3s-Gradua\u00e7\u00e3o (<a href=\"http:\/\/www2.unifap.br\/dpg\/\">DPG<\/a>).<\/p>\n<p>&nbsp;<\/p>\n<div><strong>Pr\u00f3-Reitor de Pesquisa e P\u00f3s-Gradua\u00e7\u00e3o<\/strong><\/p>\n<address>Prof. Dr. Carlos Eduardo Costa de Campos<\/address>\n<address>(96) 3312-1738<\/address>\n<address>ceccampos@unifap.br \/ dududueducampos@gmail.com<\/address>\n<\/div>\n<address>&nbsp;<\/address>\n<address>&nbsp;<\/address>\n<div><strong>T\u00e9cnicos Administrativos<\/strong><\/p>\n<address>Risam Costa da Luz<br \/>\n(96) 33121739<br \/>\nrisamcosta@unifap.br<\/address>\n<\/div>\n<address>&nbsp;<\/address>\n<address>Wanni Nogueira da Silva<\/address>\n<address>&nbsp;<\/address>\n<address>Cris Veronica Costa Monteiro Fraz\u00e3o<\/address>\n<div>\n<address>&nbsp;<\/address>\n<address>&nbsp;<\/address>\n<address><strong>Departamento de P\u00f3s-gradua\u00e7\u00e3o<\/strong><\/address>\n<address>&nbsp;<\/address>\n<address><strong>Diretor de P\u00f3s-gradua\u00e7\u00e3o:<\/strong><\/address>\n<address>&nbsp;<\/address>\n<address>Prof. Dr. Fernando Ant\u00f4nio de Medeiros<\/address>\n<address>&nbsp;<\/address>\n<address><strong>Secret\u00e1ria-geral da P\u00f3s-gradua\u00e7\u00e3o: <\/strong><\/address>\n<address>Luciana Souza Reis Santos<\/address>\n<address>Fone: +55 (96) 4009-2812 \/ 4009-2813<\/address>\n<\/div>\n","protected":false},"excerpt":{"rendered":"<p>O Programa de P\u00f3s-Gradua\u00e7\u00e3o stricto sensu em Ci\u00eancias da Sa\u00fade (PPGCS) est\u00e1 subordinado \u00e0 Pr\u00f3-Reitoria de Pesquisa e P\u00f3s-Gradua\u00e7\u00e3o da Universidade Federal do Amap\u00e1 (PROPESPG) e Departamento de P\u00f3s-Gradua\u00e7\u00e3o (DPG). &nbsp; Pr\u00f3-Reitor de Pesquisa e P\u00f3s-Gradua\u00e7\u00e3o Prof. Dr. Carlos Eduardo Costa de Campos (96) 3312-1738 ceccampos@unifap.br \/ dududueducampos@gmail.com &nbsp; &nbsp; \u2026 <a class=\"continue-reading-link\" href=\"https:\/\/www2.unifap.br\/ppcs\/apresentacao\/pro-reitoria\/\"> Continue Lendo <span class=\"meta-nav\">&rarr; <\/span><\/a><\/p>\n","protected":false},"author":308,"featured_media":0,"parent":39,"menu_order":1,"comment_status":"closed","ping_status":"open","template":"","meta":{"inline_featured_image":false,"ngg_post_thumbnail":0,"footnotes":""},"class_list":["post-1226","page","type-page","status-publish","hentry"],"_links":{"self":[{"href":"https:\/\/www2.unifap.br\/ppcs\/wp-json\/wp\/v2\/pages\/1226","targetHints":{"allow":["GET"]}}],"collection":[{"href":"https:\/\/www2.unifap.br\/ppcs\/wp-json\/wp\/v2\/pages"}],"about":[{"href":"https:\/\/www2.unifap.br\/ppcs\/wp-json\/wp\/v2\/types\/page"}],"author":[{"embeddable":true,"href":"https:\/\/www2.unifap.br\/ppcs\/wp-json\/wp\/v2\/users\/308"}],"replies":[{"embeddable":true,"href":"https:\/\/www2.unifap.br\/ppcs\/wp-json\/wp\/v2\/comments?post=1226"}],"version-history":[{"count":5,"href":"https:\/\/www2.unifap.br\/ppcs\/wp-json\/wp\/v2\/pages\/1226\/revisions"}],"predecessor-version":[{"id":3519,"href":"https:\/\/www2.unifap.br\/ppcs\/wp-json\/wp\/v2\/pages\/1226\/revisions\/3519"}],"up":[{"embeddable":true,"href":"https:\/\/www2.unifap.br\/ppcs\/wp-json\/wp\/v2\/pages\/39"}],"wp:attachment":[{"href":"https:\/\/www2.unifap.br\/ppcs\/wp-json\/wp\/v2\/media?parent=1226"}],"curies":[{"name":"wp","href":"https:\/\/api.w.org\/{rel}","templated":true}]}}