{"id":1238,"date":"2019-02-01T19:09:38","date_gmt":"2019-02-01T19:09:38","guid":{"rendered":"http:\/\/www2.unifap.br\/ppcs\/?page_id=1238"},"modified":"2024-05-05T00:06:33","modified_gmt":"2024-05-05T03:06:33","slug":"corpo-academico","status":"publish","type":"page","link":"https:\/\/www2.unifap.br\/ppcs\/corpo-academico\/","title":{"rendered":"ACAD\u00caMICO"},"content":{"rendered":"<p><a href=\"https:\/\/www2.unifap.br\/ppcs\/corpo-academico\/corpo-docente\/ensaios-biologicos\/\">Docentes da \u00c1rea de Ensaios Biol\u00f3gicos<\/a><\/p>\n<p><a href=\"https:\/\/www2.unifap.br\/ppcs\/corpo-academico\/corpo-docente\/saude-publica-e-epidemiologia\/\">Docentes da \u00c1rea de Sa\u00fade P\u00fablica e Epidemiologia<\/a><\/p>\n<p>&nbsp;<\/p>\n<p>DISCENTES<\/p>\n<p>&nbsp;<\/p>\n<p><a href=\"https:\/\/www2.unifap.br\/ppcs\/corpo-academico\/corpo-discente\/turma-2024\/\">TURMA 2024<\/a><\/p>\n<p><a href=\"https:\/\/www2.unifap.br\/ppcs\/corpo-academico\/corpo-discente\/turma-2023\/\">TURMA 2023<\/a><\/p>\n<p><a href=\"https:\/\/www2.unifap.br\/ppcs\/corpo-academico\/corpo-discente\/turma-2022\/\">TURMA 2022<\/a><\/p>\n<p><a href=\"https:\/\/www2.unifap.br\/ppcs\/corpo-academico\/corpo-discente\/turma-2021\/\">TURMA 2021<\/a><\/p>\n<p><a href=\"https:\/\/www2.unifap.br\/ppcs\/corpo-academico\/corpo-discente\/turma-2020\/\">TURMA 2020<\/a><\/p>\n<p><a href=\"https:\/\/www2.unifap.br\/ppcs\/corpo-academico\/corpo-discente\/turma-2019\/\">TURMA 2019<\/a><\/p>\n<p><a href=\"https:\/\/www2.unifap.br\/ppcs\/corpo-academico\/corpo-discente\/turma-2018\/\">TURMA 2018<\/a><\/p>\n<p><a href=\"https:\/\/www2.unifap.br\/ppcs\/corpo-academico\/corpo-discente\/turma-2017\/\">TURMA 2017<\/a><\/p>\n<p><a href=\"https:\/\/www2.unifap.br\/ppcs\/corpo-academico\/corpo-discente\/turma-2016\/\">TURMA 2016<\/a><\/p>\n<p><a href=\"https:\/\/www2.unifap.br\/ppcs\/corpo-academico\/corpo-discente\/turma-2015\/\">TURMA 2015<\/a><\/p>\n<p><a href=\"https:\/\/www2.unifap.br\/ppcs\/corpo-academico\/corpo-discente\/turma-2014\/\">TURMA 2014<\/a><\/p>\n<p><a href=\"https:\/\/www2.unifap.br\/ppcs\/corpo-academico\/corpo-discente\/turma-2013\/\">TURMA 2013<\/a><\/p>\n<p><a href=\"https:\/\/www2.unifap.br\/ppcs\/corpo-academico\/corpo-discente\/turma-2012\/\">TURMA 2012<\/a><\/p>\n<p><a href=\"https:\/\/www2.unifap.br\/ppcs\/corpo-academico\/corpo-discente\/turma-2011\/\">TURMA 2011<\/a><\/p>\n<p><a href=\"https:\/\/www2.unifap.br\/ppcs\/corpo-academico\/corpo-discente\/turma-2010\/\">TURMA 2010<\/a><\/p>\n<p>&nbsp;<\/p>\n","protected":false},"excerpt":{"rendered":"<p>Docentes da \u00c1rea de Ensaios Biol\u00f3gicos Docentes da \u00c1rea de Sa\u00fade P\u00fablica e Epidemiologia &nbsp; DISCENTES &nbsp; TURMA 2024 TURMA 2023 TURMA 2022 TURMA 2021 TURMA 2020 TURMA 2019 TURMA 2018 TURMA 2017 TURMA 2016 TURMA 2015 TURMA 2014 TURMA 2013 TURMA 2012 TURMA 2011 TURMA 2010 &nbsp;<\/p>\n","protected":false},"author":308,"featured_media":0,"parent":0,"menu_order":0,"comment_status":"closed","ping_status":"closed","template":"","meta":{"inline_featured_image":false,"ngg_post_thumbnail":0,"footnotes":""},"class_list":["post-1238","page","type-page","status-publish","hentry"],"_links":{"self":[{"href":"https:\/\/www2.unifap.br\/ppcs\/wp-json\/wp\/v2\/pages\/1238","targetHints":{"allow":["GET"]}}],"collection":[{"href":"https:\/\/www2.unifap.br\/ppcs\/wp-json\/wp\/v2\/pages"}],"about":[{"href":"https:\/\/www2.unifap.br\/ppcs\/wp-json\/wp\/v2\/types\/page"}],"author":[{"embeddable":true,"href":"https:\/\/www2.unifap.br\/ppcs\/wp-json\/wp\/v2\/users\/308"}],"replies":[{"embeddable":true,"href":"https:\/\/www2.unifap.br\/ppcs\/wp-json\/wp\/v2\/comments?post=1238"}],"version-history":[{"count":12,"href":"https:\/\/www2.unifap.br\/ppcs\/wp-json\/wp\/v2\/pages\/1238\/revisions"}],"predecessor-version":[{"id":3452,"href":"https:\/\/www2.unifap.br\/ppcs\/wp-json\/wp\/v2\/pages\/1238\/revisions\/3452"}],"wp:attachment":[{"href":"https:\/\/www2.unifap.br\/ppcs\/wp-json\/wp\/v2\/media?parent=1238"}],"curies":[{"name":"wp","href":"https:\/\/api.w.org\/{rel}","templated":true}]}}