{"id":1373,"date":"2019-04-10T22:00:06","date_gmt":"2019-04-10T22:00:06","guid":{"rendered":"http:\/\/www2.unifap.br\/ppcs\/?page_id=1373"},"modified":"2023-03-08T17:10:55","modified_gmt":"2023-03-08T20:10:55","slug":"ps-bolsas-capes-2019","status":"publish","type":"page","link":"https:\/\/www2.unifap.br\/ppcs\/bolsas\/ps-bolsas-capes-2019\/","title":{"rendered":"PS Bolsas Capes 2019"},"content":{"rendered":"<p>O Programa de P\u00f3s-gradua\u00e7\u00e3o em Ci\u00eancias da Sa\u00fade torna p\u00fablica a abertura de inscri\u00e7\u00f5es e estabelece as normas para o processo de sele\u00e7\u00e3o de candidatos com vista a preencher vagas para bolsas Demanda Social \u2013 CAPES<\/p>\n<p><a href=\"http:\/\/www2.unifap.br\/ppcs\/files\/2019\/04\/Edital_BOLSAS_Demanda-Social-2019-PPGCS.pdf\">Edital_BOLSAS_Demanda Social 2019 &#8211; PPGCS<\/a><\/p>\n<p><a href=\"http:\/\/www2.unifap.br\/ppcs\/files\/2019\/04\/Resultado-Provis\u00f3rio-Bolsa-Demanda-Social-2019.pdf\">Resultado Provis\u00f3rio Bolsa Demanda Social 2019<\/a><\/p>\n<p><a href=\"http:\/\/www2.unifap.br\/ppcs\/files\/2019\/04\/Resultado-Final-Bolsa-Demanda-Social-2019.pdf\">Resultado Final Bolsa Demanda Social 2019<\/a><\/p>\n<p><a href=\"http:\/\/www2.unifap.br\/ppcs\/files\/2019\/05\/2\u00aa-Convoca\u00e7\u00e3o.pdf\">2\u00aa Convoca\u00e7\u00e3o<\/a><\/p>\n<p><a href=\"http:\/\/www2.unifap.br\/ppcs\/files\/2019\/05\/Formulario-Cadastro.xls\">ANEXO 1 &#8211; Formulario Cadastro<\/a><\/p>\n<p><a href=\"http:\/\/www2.unifap.br\/ppcs\/files\/2019\/05\/Modelo-Termo-Compromisso-DS.doc\">ANEXO 2 &#8211; Modelo-Termo-Compromisso-DS<\/a><\/p>\n","protected":false},"excerpt":{"rendered":"<p>O Programa de P\u00f3s-gradua\u00e7\u00e3o em Ci\u00eancias da Sa\u00fade torna p\u00fablica a abertura de inscri\u00e7\u00f5es e estabelece as normas para o processo de sele\u00e7\u00e3o de candidatos com vista a preencher vagas para bolsas Demanda Social \u2013 CAPES Edital_BOLSAS_Demanda Social 2019 &#8211; PPGCS Resultado Provis\u00f3rio Bolsa Demanda Social 2019 Resultado Final Bolsa \u2026 <a class=\"continue-reading-link\" href=\"https:\/\/www2.unifap.br\/ppcs\/bolsas\/ps-bolsas-capes-2019\/\"> Continue Lendo <span class=\"meta-nav\">&rarr; <\/span><\/a><\/p>\n","protected":false},"author":308,"featured_media":0,"parent":947,"menu_order":3,"comment_status":"closed","ping_status":"closed","template":"","meta":{"inline_featured_image":false,"ngg_post_thumbnail":0,"footnotes":""},"class_list":["post-1373","page","type-page","status-publish","hentry"],"_links":{"self":[{"href":"https:\/\/www2.unifap.br\/ppcs\/wp-json\/wp\/v2\/pages\/1373","targetHints":{"allow":["GET"]}}],"collection":[{"href":"https:\/\/www2.unifap.br\/ppcs\/wp-json\/wp\/v2\/pages"}],"about":[{"href":"https:\/\/www2.unifap.br\/ppcs\/wp-json\/wp\/v2\/types\/page"}],"author":[{"embeddable":true,"href":"https:\/\/www2.unifap.br\/ppcs\/wp-json\/wp\/v2\/users\/308"}],"replies":[{"embeddable":true,"href":"https:\/\/www2.unifap.br\/ppcs\/wp-json\/wp\/v2\/comments?post=1373"}],"version-history":[{"count":7,"href":"https:\/\/www2.unifap.br\/ppcs\/wp-json\/wp\/v2\/pages\/1373\/revisions"}],"predecessor-version":[{"id":1444,"href":"https:\/\/www2.unifap.br\/ppcs\/wp-json\/wp\/v2\/pages\/1373\/revisions\/1444"}],"up":[{"embeddable":true,"href":"https:\/\/www2.unifap.br\/ppcs\/wp-json\/wp\/v2\/pages\/947"}],"wp:attachment":[{"href":"https:\/\/www2.unifap.br\/ppcs\/wp-json\/wp\/v2\/media?parent=1373"}],"curies":[{"name":"wp","href":"https:\/\/api.w.org\/{rel}","templated":true}]}}