{"id":1594,"date":"2020-06-17T01:54:00","date_gmt":"2020-06-17T01:54:00","guid":{"rendered":"http:\/\/www2.unifap.br\/ppcs\/?page_id=1594"},"modified":"2024-05-04T01:27:29","modified_gmt":"2024-05-04T04:27:29","slug":"turma-2020","status":"publish","type":"page","link":"https:\/\/www2.unifap.br\/ppcs\/corpo-academico\/corpo-discente\/turma-2020\/","title":{"rendered":"TURMA 2020"},"content":{"rendered":"<p>Ana Paula De Azevedo Albuquerque<\/p>\n<p>B\u00e1rbara Lu\u00edza Duarte Sales<\/p>\n<p>Beatriz Pinheiro Gra\u00e7a<\/p>\n<p>Bruna Carvalho da Rocha<\/p>\n<p>Daianne Freires Fernandes<\/p>\n<p>Darci Francisco dos Santos Junior<\/p>\n<p>Diurieny Ribeiro Itaparica Vieitas<\/p>\n<p>Erique Da Costa Fonseca<\/p>\n<p>Janaina Corr\u00eaa dos santos<\/p>\n<p>Juliana De Souza Da Silva<\/p>\n<p>Katiane Andrade Pereira<\/p>\n<p>Leidilene Pinheiro Pantoja Alves<\/p>\n<p>Luana Jandira Weber Silva<\/p>\n<p>Marcela Fabiani Silva Dias<\/p>\n<p>Moema da Silva Andrade da Costa<\/p>\n<p>Tamara Silva De Sousa<\/p>\n<p>Tarciane Miranda Pires Da Costa<\/p>\n<p>Taynara Camille Guilherme Lima<\/p>\n<p>Thais Gomes dos Santos<\/p>\n<p>Thayana Silva Gon\u00e7alves<\/p>\n<p>Tinale Barbosa Palheta Monteiro<\/p>\n<p>Victor Hugo Oliveira Brito<\/p>\n","protected":false},"excerpt":{"rendered":"<p>Ana Paula De Azevedo Albuquerque B\u00e1rbara Lu\u00edza Duarte Sales Beatriz Pinheiro Gra\u00e7a Bruna Carvalho da Rocha Daianne Freires Fernandes Darci Francisco dos Santos Junior Diurieny Ribeiro Itaparica Vieitas Erique Da Costa Fonseca Janaina Corr\u00eaa dos santos Juliana De Souza Da Silva Katiane Andrade Pereira Leidilene Pinheiro Pantoja Alves Luana Jandira \u2026 <a class=\"continue-reading-link\" href=\"https:\/\/www2.unifap.br\/ppcs\/corpo-academico\/corpo-discente\/turma-2020\/\"> Continue Lendo <span class=\"meta-nav\">&rarr; <\/span><\/a><\/p>\n","protected":false},"author":3848,"featured_media":0,"parent":676,"menu_order":11,"comment_status":"closed","ping_status":"closed","template":"","meta":{"inline_featured_image":false,"ngg_post_thumbnail":0,"footnotes":""},"class_list":["post-1594","page","type-page","status-publish","hentry"],"_links":{"self":[{"href":"https:\/\/www2.unifap.br\/ppcs\/wp-json\/wp\/v2\/pages\/1594","targetHints":{"allow":["GET"]}}],"collection":[{"href":"https:\/\/www2.unifap.br\/ppcs\/wp-json\/wp\/v2\/pages"}],"about":[{"href":"https:\/\/www2.unifap.br\/ppcs\/wp-json\/wp\/v2\/types\/page"}],"author":[{"embeddable":true,"href":"https:\/\/www2.unifap.br\/ppcs\/wp-json\/wp\/v2\/users\/3848"}],"replies":[{"embeddable":true,"href":"https:\/\/www2.unifap.br\/ppcs\/wp-json\/wp\/v2\/comments?post=1594"}],"version-history":[{"count":1,"href":"https:\/\/www2.unifap.br\/ppcs\/wp-json\/wp\/v2\/pages\/1594\/revisions"}],"predecessor-version":[{"id":1595,"href":"https:\/\/www2.unifap.br\/ppcs\/wp-json\/wp\/v2\/pages\/1594\/revisions\/1595"}],"up":[{"embeddable":true,"href":"https:\/\/www2.unifap.br\/ppcs\/wp-json\/wp\/v2\/pages\/676"}],"wp:attachment":[{"href":"https:\/\/www2.unifap.br\/ppcs\/wp-json\/wp\/v2\/media?parent=1594"}],"curies":[{"name":"wp","href":"https:\/\/api.w.org\/{rel}","templated":true}]}}